{"id":600,"date":"2025-08-14T09:41:26","date_gmt":"2025-08-14T07:41:26","guid":{"rendered":"https:\/\/semmelweis.hu\/kfipalyazat\/?page_id=600"},"modified":"2025-09-01T14:07:31","modified_gmt":"2025-09-01T12:07:31","slug":"hungarian-startup-university-program-hsup-2025","status":"publish","type":"page","link":"https:\/\/semmelweis.hu\/kfipalyazat\/palyazatok\/hazai-palyazatok\/egyeb\/hungarian-startup-university-program-hsup-2025\/","title":{"rendered":"Hungarian Startup University Program (HSUP) 2025"},"content":{"rendered":"<p><strong>P\u00e1ly\u00e1zat azonos\u00edt\u00f3ja:<\/strong> STARTUP-2025-HSUP-30<\/p>\n<p><strong>T\u00e1mogatott:<\/strong> Semmelweis Egyetem<\/p>\n<p><strong>P\u00e1ly\u00e1zat futamideje:<\/strong> 2025.02.01-2025.06.30<\/p>\n<p><strong>T\u00e1mogat\u00e1s \u00f6sszege:<\/strong> 9.500.000 Ft<\/p>\n<p><strong>P\u00e1ly\u00e1zat le\u00edr\u00e1sa:<\/strong>\u00a0<\/p>\n<p style=\"text-align: justify\">C\u00e9lunk, hogy felkelts\u00fck hallgat\u00f3ink \u00e9rdekl\u0151d\u00e9s\u00e9t az innov\u00e1ci\u00f3s \u00e9s a v\u00e1llalkoz\u00f3i tev\u00e9kenys\u00e9g ir\u00e1nt, fejlessz\u00fck az innovat\u00edv gondolkod\u00e1ssal kapcsolatos k\u00e9szs\u00e9geiket, valamint, hogy t\u00e1mogassuk \u0151ket az \u00e1ltaluk ind\u00edtott mentor\u00e1lt projektek megval\u00f3s\u00edt\u00e1s\u00e1ban.<br \/>\nEredm\u00e9nyek: 13 \u00f6szt\u00f6nd\u00edjas,3 kiemelt \u00f6szt\u00f6nd\u00edjas<\/p>\n<p style=\"text-align: justify\">A p\u00e1ly\u00e1zat f\u00f3kusz\u00e1ban az innov\u00e1ci\u00f3s szeml\u00e9letm\u00f3d elsaj\u00e1t\u00edt\u00e1sa \u00e9s az innov\u00e1ci\u00f3 ir\u00e1nti \u00e9rdekl\u0151d\u00e9s felkelt\u00e9se \u00e1ll. E c\u00e9lok mellett olyan j\u00f3 gyakorlatok ismertet\u00e9s\u00e9t is tervezz\u00fck, amelyek az orvosi- \u00e9s eg\u00e9szs\u00e9gtudom\u00e1nyi ter\u00fcletre specifikus szab\u00e1lyoz\u00f3kra vonatkozik, el\u0151seg\u00edtve a sikeres piacra vitelt. A m\u00e1sik jelent\u0151s t\u00e9ma a p\u00e9nz\u00fcgyi forr\u00e1sok megteremt\u00e9s\u00e9hez sz\u00fcks\u00e9ges gyakorlati tud\u00e1s \u00e9s k\u00e9szs\u00e9g, amely a gazdas\u00e1gos m\u0171k\u00f6dtet\u00e9s alapjait hat\u00e1rozz\u00e1k meg.<\/p>\n<p><span style=\"font-size: 12pt\">STARTUP-2025-HSUP-30 azonos\u00edt\u00f3 sz\u00e1m\u00fa projekt a Nemzeti Innov\u00e1ci\u00f3s \u00dcgyn\u00f6ks\u00e9g k\u00f6zrem\u0171k\u00f6d\u00e9s\u00e9vel, a Nemzeti Kutat\u00e1si, Fejleszt\u00e9si \u00e9s Innov\u00e1ci\u00f3s Alapb\u00f3l val\u00f3sult meg.<\/span><\/p>\n<table style=\"border-collapse: collapse;width: 100%\">\n<tbody>\n<tr>\n<td style=\"width: 33.3333%\"><img decoding=\"async\" src=\"https:\/\/semmelweis.hu\/kfipalyazat\/files\/2025\/08\/HSUP_horizontal_rgb_logo_1.png\" \/><\/td>\n<td style=\"width: 33.3333%\"><img decoding=\"async\" src=\"https:\/\/semmelweis.hu\/kfipalyazat\/files\/2025\/08\/niu-logo-HU-mono-onwhite-hor.png\" \/><\/td>\n<td style=\"width: 33.3333%\"><img loading=\"lazy\" decoding=\"async\" class=\"\" src=\"https:\/\/semmelweis.hu\/kfipalyazat\/files\/2025\/07\/NKFIA_infoblokk_kerettel_program_fekvo_2019_HU.jpg\" width=\"344\" height=\"146\" \/><\/td>\n<\/tr>\n<\/tbody>\n<\/table>\n","protected":false},"excerpt":{"rendered":"<p>P\u00e1ly\u00e1zat azonos\u00edt\u00f3ja: STARTUP-2025-HSUP-30 T\u00e1mogatott: Semmelweis Egyetem P\u00e1ly\u00e1zat futamideje: 2025.02.01-2025.06.30 T\u00e1mogat\u00e1s \u00f6sszege: 9.500.000 Ft P\u00e1ly\u00e1zat le\u00edr\u00e1sa:\u00a0 C\u00e9lunk, hogy felkelts\u00fck hallgat\u00f3ink \u00e9rdekl\u0151d\u00e9s\u00e9t az innov\u00e1ci\u00f3s \u00e9s a v\u00e1llalkoz\u00f3i tev\u00e9kenys\u00e9g ir\u00e1nt, fejlessz\u00fck az innovat\u00edv gondolkod\u00e1ssal kapcsolatos k\u00e9szs\u00e9geiket, valamint, hogy t\u00e1mogassuk \u0151ket az \u00e1ltaluk ind\u00edtott mentor\u00e1lt projektek megval\u00f3s\u00edt\u00e1s\u00e1ban. Eredm\u00e9nyek: 13 \u00f6szt\u00f6nd\u00edjas,3 kiemelt \u00f6szt\u00f6nd\u00edjas A p\u00e1ly\u00e1zat f\u00f3kusz\u00e1ban az innov\u00e1ci\u00f3s szeml\u00e9letm\u00f3d elsaj\u00e1t\u00edt\u00e1sa &hellip;<\/p>\n","protected":false},"author":102410,"featured_media":0,"parent":135,"menu_order":10,"comment_status":"closed","ping_status":"closed","template":"","meta":{"_acf_changed":false,"footnotes":""},"categories":[],"tags":[],"class_list":["post-600","page","type-page","status-publish","hentry"],"acf":[],"_links":{"self":[{"href":"https:\/\/semmelweis.hu\/kfipalyazat\/wp-json\/wp\/v2\/pages\/600","targetHints":{"allow":["GET"]}}],"collection":[{"href":"https:\/\/semmelweis.hu\/kfipalyazat\/wp-json\/wp\/v2\/pages"}],"about":[{"href":"https:\/\/semmelweis.hu\/kfipalyazat\/wp-json\/wp\/v2\/types\/page"}],"author":[{"embeddable":true,"href":"https:\/\/semmelweis.hu\/kfipalyazat\/wp-json\/wp\/v2\/users\/102410"}],"replies":[{"embeddable":true,"href":"https:\/\/semmelweis.hu\/kfipalyazat\/wp-json\/wp\/v2\/comments?post=600"}],"version-history":[{"count":3,"href":"https:\/\/semmelweis.hu\/kfipalyazat\/wp-json\/wp\/v2\/pages\/600\/revisions"}],"predecessor-version":[{"id":670,"href":"https:\/\/semmelweis.hu\/kfipalyazat\/wp-json\/wp\/v2\/pages\/600\/revisions\/670"}],"up":[{"embeddable":true,"href":"https:\/\/semmelweis.hu\/kfipalyazat\/wp-json\/wp\/v2\/pages\/135"}],"wp:attachment":[{"href":"https:\/\/semmelweis.hu\/kfipalyazat\/wp-json\/wp\/v2\/media?parent=600"}],"wp:term":[{"taxonomy":"category","embeddable":true,"href":"https:\/\/semmelweis.hu\/kfipalyazat\/wp-json\/wp\/v2\/categories?post=600"},{"taxonomy":"post_tag","embeddable":true,"href":"https:\/\/semmelweis.hu\/kfipalyazat\/wp-json\/wp\/v2\/tags?post=600"}],"curies":[{"name":"wp","href":"https:\/\/api.w.org\/{rel}","templated":true}]}}