{"id":572,"date":"2025-08-06T10:39:38","date_gmt":"2025-08-06T08:39:38","guid":{"rendered":"https:\/\/semmelweis.hu\/kfipalyazat\/?page_id=572"},"modified":"2026-05-04T10:23:52","modified_gmt":"2026-05-04T08:23:52","slug":"nemzetkozi-egyuttmukodest-tamogato-palyazatok-es-csereprogramok","status":"publish","type":"page","link":"https:\/\/semmelweis.hu\/kfipalyazat\/palyazatok\/palyazati-lehetosegek\/nemzetkozi-egyuttmukodest-tamogato-palyazatok-es-csereprogramok\/","title":{"rendered":"Nemzetk\u00f6zi egy\u00fcttm\u0171k\u00f6d\u00e9st t\u00e1mogat\u00f3 p\u00e1ly\u00e1zatok \u00e9s csereprogramok"},"content":{"rendered":"<p><strong>MTA &#8211; Felh\u00edv\u00e1s k\u00e9toldal\u00fa akad\u00e9miai egyezm\u00e9nyek alapj\u00e1n egyszeri utaz\u00e1sokhoz ny\u00fajtott 2026. \u00e9vi mobilit\u00e1si ig\u00e9nybejelent\u00e9sekhez<\/strong><\/p>\n<p>Az Akad\u00e9mia nemzetk\u00f6zi elismerts\u00e9ge \u00e9s nemzetk\u00f6zi tudom\u00e1nyos kapcsolatainak fejleszt\u00e9se \u00e9rdek\u00e9ben az MTA k\u00e9toldal\u00fa egy\u00fcttm\u0171k\u00f6d\u00e9si meg\u00e1llapod\u00e1sai keret\u00e9ben mint k\u00fcld\u0151 f\u00e9l mobilit\u00e1si p\u00e9nz\u00fcgyi t\u00e1mogat\u00e1st ny\u00fajt a k\u00f6ztest\u00fcleti tagok egyedi, a tudom\u00e1nyos egy\u00fcttm\u0171k\u00f6d\u00e9st el\u0151seg\u00edt\u0151 utaz\u00e1saihoz.<\/p>\n<p><u>T\u00e1mogat\u00e1st ig\u00e9nyl\u0151k k\u00f6re:<\/u> az MTA k\u00f6ztest\u00fclet\u00e9nek tagjai, akik rendelkeznek az MTA valamely tudom\u00e1nyos oszt\u00e1ly\u00e1nak aj\u00e1nl\u00e1s\u00e1val, illetve a partner \u00e1ltal ki\u00e1ll\u00edtott megh\u00edv\u00f3lev\u00e9llel<\/p>\n<p><u>Rendelkez\u00e9sre \u00e1ll\u00f3 teljes p\u00e9nz\u00fcgyi keret:<\/u> <em>15.000.000 Ft<\/em><\/p>\n<p><u>Beny\u00fajt\u00e1si hat\u00e1rid\u0151<\/u>: <strong>folyamatosan beadhat\u00f3 2026. okt\u00f3ber 30-ig<\/strong><\/p>\n<p><u>B\u0151vebb inform\u00e1ci\u00f3:<\/u> <a href=\"https:\/\/mta.hu\/tamogatas-egyszeri-utazasokhoz\/felhivas-ketoldalu-akademiai-egyezmenyek-alapjan-egyszeri-utazasokhoz-nyujtott-2026-evi-mobilitasi-igenybejelentesekhez-115276\" target=\"_blank\" rel=\"noopener\">https:\/\/mta.hu\/tamogatas-egyszeri-utazasokhoz\/felhivas-ketoldalu-akademiai-egyezmenyek-alapjan-egyszeri-utazasokhoz-nyujtott-2026-evi-mobilitasi-igenybejelentesekhez-115276<\/a><\/p>\n<p>&nbsp;<\/p>\n<p><strong>Osztr\u00e1k-Magyar AKCI\u00d3 Alap\u00edtv\u00e1ny p\u00e1ly\u00e1zati felh\u00edv\u00e1sa<\/strong><\/p>\n<p>Az Osztr\u00e1k-Magyar AKCI\u00d3 Alap\u00edtv\u00e1ny (OMAA) Kurat\u00f3riuma p\u00e1ly\u00e1zatot hirdet ausztriai \u00e9s magyarorsz\u00e1gi tudom\u00e1nyos kutat\u00e1si \u00e9s fels\u0151oktat\u00e1si ter\u00fcleten folytatott egy\u00fcttm\u0171k\u00f6d\u00e9sek t\u00e1mogat\u00e1s\u00e1ra \u00e9s ausztriai \u00f6szt\u00f6nd\u00edjas tart\u00f3zkod\u00e1sra.<\/p>\n<p>Az \u00f6szt\u00f6nd\u00edjas program keret\u00e9ben, kutat\u00f3i, egyetemi oktat\u00f3i, PhD-hallgat\u00f3i ausztriai \u00f6szt\u00f6nd\u00edjak p\u00e1ly\u00e1zhat\u00f3k meg n\u00e9met nyelven.<\/p>\n<p><u>P\u00e1ly\u00e1zhat\u00f3 kateg\u00f3ri\u00e1k \u00e9s beny\u00fajt\u00e1si hat\u00e1rid\u0151k: <\/u><\/p>\n<ul>\n<li>R\u00f6vid (5 napos) fels\u0151oktat\u00e1sban oktat\u00f3, kutat\u00f3i \u00f6szt\u00f6nd\u00edjak: <strong>2026-ban folyamatosan beny\u00fajthat\u00f3<\/strong><\/li>\n<li>Fels\u0151oktat\u00e1s oktat\u00f3i, kutat\u00f3i, PhD- hallgat\u00f3i 1 h\u00f3napos \u00f6szt\u00f6nd\u00edjaira: <strong> m\u00e1jus 15.<\/strong><\/li>\n<li>Osztr\u00e1k-magyar egy\u00fcttm\u0171k\u00f6d\u00e9si projektp\u00e1ly\u00e1zatok: <strong> m\u00e1jus 15.<\/strong><\/li>\n<\/ul>\n<p><u>B\u0151vebb inform\u00e1ci\u00f3 n\u00e9met nyelven:<\/u> <a href=\"http:\/\/omaa.hu\/hu\/stipendien-nach-osterreich\/\" target=\"_blank\" rel=\"noopener\">http:\/\/omaa.hu\/hu\/stipendien-nach-osterreich\/<\/a><\/p>\n<p>&nbsp;<\/p>\n<p><strong>EUniWell Seed Funding Call 10. <\/strong><\/p>\n<p>Do you have an idea that could create real impact across universities and beyond borders? The 10th EUniWell Seed Funding Call is now open &#8211; offering a unique opportunity to turn your vision into a collaborative, international project.<\/p>\n<p>With funding of <em>up to \u20ac25,000<\/em>, EUniWell supports innovative, interdisciplinary initiatives that address key challenges in areas such as health, education, social and gender equality, environmental sustainability, and cultural inclusion.<\/p>\n<p>Open to students, researchers, educators, and staff, the programme encourages collaboration across at least four EUniWell partner universities, helping you build meaningful connections while developing solutions that matter.<\/p>\n<p><u>Deadline for applications:<\/u><strong> 17 May 2026<\/strong><\/p>\n<p><u>Looking for partners?<\/u> Use EUniWell\u2019 official <a href=\"https:\/\/cloud.euniwell.eu\/index.php\/apps\/forms\/s\/zQr286dwYMNJb6cqsXdj82Ke\" target=\"_blank\" rel=\"noopener\">Matchmaking Form<\/a> to connect with like-minded collaborators from across the alliance.<\/p>\n<p>This is your chance to bring your ideas to life, expand your international network, and contribute to a healthier, more inclusive future.<\/p>\n<p><u>Interested?<\/u> <br \/>\nFind out more and apply via the <a href=\"https:\/\/www.euniwell.eu\/news-events\/article\/make-growth-happen-euniwells-10th-seed-funding-call-is-open-for-applications\" target=\"_blank\" rel=\"noopener\">EUniWell website<\/a>.<\/p>\n<p>Got any questions?<\/p>\n<p>Don\u2019t hesitate to reach out to Fanni Matyasovszki, EUniWell Institutional Coordinator at <a href=\"mailto:matyasovszki.fanni.sara@semmelweis.hu\" target=\"_blank\" rel=\"noopener\">matyasovszki.fanni.sara@semmelweis.hu<\/a>.<\/p>\n<p>&nbsp;<\/p>\n<p><strong>CEEPUS \u2013 Oktat\u00f3k mobilit\u00e1sa<\/strong><\/p>\n<p>A CEEPUS\u00a0(Central European Exchange Programme for University Studies)\u00a0program c\u00e9lja, hogy a fels\u0151oktat\u00e1s ter\u00fclet\u00e9n egy\u00fcttm\u0171k\u00f6d\u0151 partner int\u00e9zm\u00e9nyek k\u00f6z\u00f6tt lehet\u0151v\u00e9 tegye hallgat\u00f3i \u00e9s oktat\u00f3i mobilit\u00e1sok lebonyol\u00edt\u00e1s\u00e1t, speci\u00e1lis kurzusok, valamint hallgat\u00f3i kir\u00e1ndul\u00e1sok szervez\u00e9s\u00e9t, t\u00e1mogassa hossz\u00fa t\u00e1v\u00fa szakmai egy\u00fcttm\u0171k\u00f6d\u00e9sek kialakul\u00e1s\u00e1t a t\u00e9rs\u00e9gben, ezzel el\u0151seg\u00edtve K\u00f6z\u00e9p-Eur\u00f3pa strat\u00e9giai szerep\u00e9nek er\u0151s\u00f6d\u00e9s\u00e9t.<\/p>\n<p><u>T\u00e1mogat\u00e1st ig\u00e9nyl\u0151k k\u00f6re:<\/u> azon oktat\u00f3k, akik CEEPUS orsz\u00e1gbeli \u00e1llampolg\u00e1rok \u00e9s rendelkeznek egyetemi vagy f\u0151iskolai oktat\u00f3i munkaviszonnyal, \u00e9s v\u00e1llalj\u00e1k a minimum 5 munkanap alatt minimum 6 tan\u00edt\u00e1si \u00f3ra \u00e9s\/vagy szakdolgozati konzult\u00e1ci\u00f3 megtart\u00e1s\u00e1t<\/p>\n<p><u>Ig\u00e9nyelhet\u0151 t\u00e1mogat\u00e1s \u00f6sszege:<\/u> \u00f6szt\u00f6nd\u00edjat a nyertes p\u00e1ly\u00e1z\u00f3 a fogad\u00f3 orsz\u00e1gt\u00f3l kapja, ennek m\u00e9rt\u00e9ke orsz\u00e1gonk\u00e9nt elt\u00e9r\u0151<\/p>\n<p><u>Beny\u00fajt\u00e1si hat\u00e1rid\u0151:<\/u> <strong>2026. j\u00fanius 1.<\/strong><\/p>\n<p><u>B\u0151vebb inform\u00e1ci\u00f3:<\/u> <a href=\"https:\/\/ceepus.hu\/ceepus-oktatok-mobilitasa\" target=\"_blank\" rel=\"noopener\">https:\/\/ceepus.hu\/ceepus-oktatok-mobilitasa<\/a><\/p>\n<p>&nbsp;<\/p>\n<p><strong>CEEPUS &#8211; Hallgat\u00f3k mobilit\u00e1sa<\/strong><\/p>\n<p>A CEEPUS\u00a0<em>(Central European Exchange Programme for University Studies)<\/em>\u00a0program c\u00e9lja, hogy a fels\u0151oktat\u00e1s ter\u00fclet\u00e9n egy\u00fcttm\u0171k\u00f6d\u0151 partner int\u00e9zm\u00e9nyek k\u00f6z\u00f6tt lehet\u0151v\u00e9 tegye hallgat\u00f3i \u00e9s oktat\u00f3i mobilit\u00e1sok lebonyol\u00edt\u00e1s\u00e1t, speci\u00e1lis kurzusok, valamint hallgat\u00f3i kir\u00e1ndul\u00e1sok szervez\u00e9s\u00e9t, t\u00e1mogassa hossz\u00fa t\u00e1v\u00fa szakmai egy\u00fcttm\u0171k\u00f6d\u00e9sek kialakul\u00e1s\u00e1t a t\u00e9rs\u00e9gben, ezzel el\u0151seg\u00edtve K\u00f6z\u00e9p-Eur\u00f3pa strat\u00e9giai szerep\u00e9nek er\u0151s\u00f6d\u00e9s\u00e9t.<\/p>\n<p><u>T\u00e1mogat\u00e1st ig\u00e9nyl\u0151k k\u00f6re:<\/u> 2 lez\u00e1rt f\u00e9l\u00e9vvel \u00e9s akt\u00edv hallgat\u00f3i st\u00e1tusszal rendelkez\u0151 hallgat\u00f3k, akik \u00e1llampolg\u00e1rai valamely CEEPUS orsz\u00e1gnak \u00e9s a p\u00e1ly\u00e1zand\u00f3 kateg\u00f3ri\u00e1kban meghat\u00e1rozott egy\u00e9b felt\u00e9teleknek is megfelelnek<\/p>\n<p><u>Ig\u00e9nyelhet\u0151 t\u00e1mogat\u00e1s \u00f6sszege:<\/u> az \u00f6szt\u00f6nd\u00edjat a nyertes p\u00e1ly\u00e1z\u00f3 a fogad\u00f3 orsz\u00e1gt\u00f3l kapja, ennek m\u00e9rt\u00e9ke orsz\u00e1gonk\u00e9nt elt\u00e9r\u0151.<\/p>\n<p><u>Beny\u00fajt\u00e1si hat\u00e1rid\u0151:<\/u> <strong>2026. j\u00fanius 1.<\/strong><\/p>\n<p><u>B\u0151vebb inform\u00e1ci\u00f3:<\/u> <a href=\"https:\/\/ceepus.hu\/ceepus-hallgatok-mobilitasa\" target=\"_blank\" rel=\"noopener\">https:\/\/ceepus.hu\/ceepus-hallgatok-mobilitasa<\/a><\/p>\n<p><strong>\u00a0<\/strong><\/p>\n<p><strong>CEEPUS &#8211; Munkat\u00e1rsi mobilit\u00e1s<\/strong><\/p>\n<p>A CEEPUS\u00a0(Central European Exchange Programme for University Studies)\u00a0program c\u00e9lja, hogy a fels\u0151oktat\u00e1s ter\u00fclet\u00e9n egy\u00fcttm\u0171k\u00f6d\u0151 partner int\u00e9zm\u00e9nyek k\u00f6z\u00f6tt t\u00e1mogassa a hossz\u00fa t\u00e1v\u00fa szakmai egy\u00fcttm\u0171k\u00f6d\u00e9sek kialakul\u00e1s\u00e1t, ezzel el\u0151seg\u00edtve K\u00f6z\u00e9p-Eur\u00f3pa strat\u00e9giai szerep\u00e9nek er\u0151s\u00f6d\u00e9s\u00e9t.<\/p>\n<p>A munkat\u00e1rsi mobilit\u00e1s c\u00e9lja az adott h\u00e1l\u00f3zat munk\u00e1j\u00e1hoz kapcsol\u00f3d\u00f3 tapasztalatszerz\u00e9s \u00e9s\/vagy k\u00e9szs\u00e9gfejleszt\u00e9s; 1-3 napos h\u00e1l\u00f3zati tal\u00e1lkoz\u00f3n val\u00f3 r\u00e9szv\u00e9tel, illetve a mobilit\u00e1shoz t\u00e1rsulhat kutat\u00e1s \u00e9s konferenci\u00e1n val\u00f3 r\u00e9szv\u00e9tel is, de ez kiz\u00e1r\u00f3lagos c\u00e9l nem lehet!<\/p>\n<p>A munkat\u00e1rsi kiutaz\u00e1s id\u0151tartama minimum 2 \u00e9s maximum 5 munkanap. Egy munkat\u00e1rs \u00e9vente maximum 2 mobilit\u00e1sban vehet r\u00e9szt.<\/p>\n<p><u>T\u00e1mogat\u00e1st ig\u00e9nyl\u0151k k\u00f6re:<\/u> az a CEEPUS orsz\u00e1gbeli \u00e1llampolg\u00e1r, aki egyetemi vagy f\u0151iskolai munkaviszonnyal rendelkezik<\/p>\n<p><u>Ig\u00e9nyelhet\u0151 t\u00e1mogat\u00e1s \u00f6sszege:<\/u> az \u00f6szt\u00f6nd\u00edjat a nyertes p\u00e1ly\u00e1z\u00f3 a fogad\u00f3 orsz\u00e1gt\u00f3l kapja, ennek m\u00e9rt\u00e9ke orsz\u00e1gonk\u00e9nt elt\u00e9r\u0151.<\/p>\n<p><u>Beny\u00fajt\u00e1si hat\u00e1rid\u0151:<\/u> <strong>2026. j\u00fanius 1.<\/strong><\/p>\n<p><u>B\u0151vebb inform\u00e1ci\u00f3:<\/u> <a href=\"https:\/\/ceepus.hu\/ceepus-munkatarsi-mobilitas\" target=\"_blank\" rel=\"noopener\">https:\/\/ceepus.hu\/ceepus-munkatarsi-mobilitas<\/a><\/p>\n<p>&nbsp;<\/p>\n<p><strong>Visegrad Grant<\/strong><\/p>\n<p>Visegrad grants support regional partnerships among NGOs and civil society organizations, public institutions and municipalities, private companies and nonprofit organizations as well as education and research centers that contribute to cooperation in the Visegrad region.<\/p>\n<p>To apply for Visegrad Grants, your project must address one of the objectives of the grant program from the\u00a0seven focus areas\u00a0eligible for funding. Education and Capacity Bulding, Innovation, R&amp;D, Entrepreneurship and Social Development are among the seven focus areas.<\/p>\n<p><u>Eligible applicants:<\/u> organizations from at least three V4 countries<\/p>\n<p><u>Funding amount:<\/u> <em>EUR 25,000 \u2013 EUR 35,000<\/em><\/p>\n<p><u>Application deadline:<\/u> <strong>1 June 2026, 12:00<\/strong><\/p>\n<p><u>More information:<\/u> <a href=\"https:\/\/www.visegradfund.org\/visegrad-grants-apply\" target=\"_blank\" rel=\"noopener\">https:\/\/www.visegradfund.org\/visegrad-grants-apply<\/a><\/p>\n<p>&nbsp;<\/p>\n<p><strong>Visegrad Strategic Grants<\/strong><\/p>\n<p>Strategic Grants support project addressing annual strategic priorities of the Visegrad Group. Strategic priorities are announced annually by the V4 country holding the rotating presidency over the group, which from July 2025 to June 2026 is Hungary.<\/p>\n<p><u>Strategic priorities:<\/u><\/p>\n<ul>\n<li>V4@35: Generation Future<\/li>\n<li>Smart &amp; Sustainable Cities in the V4 Region<\/li>\n<li>Facilitating research and development cooperation in the region<\/li>\n<\/ul>\n<p><u>Eligible applicants:<\/u> organizations from all four V4 countries<\/p>\n<p><u>Funding amount:<\/u> <em>EUR 35,000 \u2013 EUR 45,000<\/em><\/p>\n<p><u>Application deadline:<\/u> <strong>1 June 2026, 12:00<\/strong><\/p>\n<p><u>More information:<\/u> <a href=\"https:\/\/www.visegradfund.org\/strategic-grants-apply\" target=\"_blank\" rel=\"noopener\">https:\/\/www.visegradfund.org\/strategic-grants-apply<\/a><\/p>\n<p>&nbsp;<\/p>\n","protected":false},"excerpt":{"rendered":"<p>MTA &#8211; Felh\u00edv\u00e1s k\u00e9toldal\u00fa akad\u00e9miai egyezm\u00e9nyek alapj\u00e1n egyszeri utaz\u00e1sokhoz ny\u00fajtott 2026. \u00e9vi mobilit\u00e1si ig\u00e9nybejelent\u00e9sekhez Az Akad\u00e9mia nemzetk\u00f6zi elismerts\u00e9ge \u00e9s nemzetk\u00f6zi tudom\u00e1nyos kapcsolatainak fejleszt\u00e9se \u00e9rdek\u00e9ben az MTA k\u00e9toldal\u00fa egy\u00fcttm\u0171k\u00f6d\u00e9si meg\u00e1llapod\u00e1sai keret\u00e9ben mint k\u00fcld\u0151 f\u00e9l mobilit\u00e1si p\u00e9nz\u00fcgyi t\u00e1mogat\u00e1st ny\u00fajt a k\u00f6ztest\u00fcleti tagok egyedi, a tudom\u00e1nyos egy\u00fcttm\u0171k\u00f6d\u00e9st el\u0151seg\u00edt\u0151 utaz\u00e1saihoz. T\u00e1mogat\u00e1st ig\u00e9nyl\u0151k k\u00f6re: az MTA k\u00f6ztest\u00fclet\u00e9nek tagjai, akik rendelkeznek &hellip;<\/p>\n","protected":false},"author":102410,"featured_media":0,"parent":566,"menu_order":3,"comment_status":"closed","ping_status":"closed","template":"","meta":{"_acf_changed":false,"footnotes":""},"categories":[],"tags":[],"class_list":["post-572","page","type-page","status-publish","hentry"],"acf":[],"_links":{"self":[{"href":"https:\/\/semmelweis.hu\/kfipalyazat\/wp-json\/wp\/v2\/pages\/572","targetHints":{"allow":["GET"]}}],"collection":[{"href":"https:\/\/semmelweis.hu\/kfipalyazat\/wp-json\/wp\/v2\/pages"}],"about":[{"href":"https:\/\/semmelweis.hu\/kfipalyazat\/wp-json\/wp\/v2\/types\/page"}],"author":[{"embeddable":true,"href":"https:\/\/semmelweis.hu\/kfipalyazat\/wp-json\/wp\/v2\/users\/102410"}],"replies":[{"embeddable":true,"href":"https:\/\/semmelweis.hu\/kfipalyazat\/wp-json\/wp\/v2\/comments?post=572"}],"version-history":[{"count":7,"href":"https:\/\/semmelweis.hu\/kfipalyazat\/wp-json\/wp\/v2\/pages\/572\/revisions"}],"predecessor-version":[{"id":1095,"href":"https:\/\/semmelweis.hu\/kfipalyazat\/wp-json\/wp\/v2\/pages\/572\/revisions\/1095"}],"up":[{"embeddable":true,"href":"https:\/\/semmelweis.hu\/kfipalyazat\/wp-json\/wp\/v2\/pages\/566"}],"wp:attachment":[{"href":"https:\/\/semmelweis.hu\/kfipalyazat\/wp-json\/wp\/v2\/media?parent=572"}],"wp:term":[{"taxonomy":"category","embeddable":true,"href":"https:\/\/semmelweis.hu\/kfipalyazat\/wp-json\/wp\/v2\/categories?post=572"},{"taxonomy":"post_tag","embeddable":true,"href":"https:\/\/semmelweis.hu\/kfipalyazat\/wp-json\/wp\/v2\/tags?post=572"}],"curies":[{"name":"wp","href":"https:\/\/api.w.org\/{rel}","templated":true}]}}