{"id":568,"date":"2025-08-06T10:38:11","date_gmt":"2025-08-06T08:38:11","guid":{"rendered":"https:\/\/semmelweis.hu\/kfipalyazat\/?page_id=568"},"modified":"2025-09-12T13:44:20","modified_gmt":"2025-09-12T11:44:20","slug":"palyazati-lehetosegek-kulfoldrol-hazatero-magyar-kutatok-szamara","status":"publish","type":"page","link":"https:\/\/semmelweis.hu\/kfipalyazat\/palyazatok\/palyazati-lehetosegek\/palyazati-lehetosegek-kulfoldrol-hazatero-magyar-kutatok-szamara\/","title":{"rendered":"P\u00e1ly\u00e1zati lehet\u0151s\u00e9gek k\u00fclf\u00f6ldr\u0151l hazat\u00e9r\u0151 magyar kutat\u00f3k sz\u00e1m\u00e1ra"},"content":{"rendered":"<p>Nincs aktu\u00e1lis felh\u00edv\u00e1s!<\/p>\n","protected":false},"excerpt":{"rendered":"<p>Nincs aktu\u00e1lis felh\u00edv\u00e1s!<\/p>\n","protected":false},"author":102410,"featured_media":0,"parent":566,"menu_order":1,"comment_status":"closed","ping_status":"closed","template":"","meta":{"_acf_changed":false,"footnotes":""},"categories":[],"tags":[],"class_list":["post-568","page","type-page","status-publish","hentry"],"acf":[],"_links":{"self":[{"href":"https:\/\/semmelweis.hu\/kfipalyazat\/wp-json\/wp\/v2\/pages\/568","targetHints":{"allow":["GET"]}}],"collection":[{"href":"https:\/\/semmelweis.hu\/kfipalyazat\/wp-json\/wp\/v2\/pages"}],"about":[{"href":"https:\/\/semmelweis.hu\/kfipalyazat\/wp-json\/wp\/v2\/types\/page"}],"author":[{"embeddable":true,"href":"https:\/\/semmelweis.hu\/kfipalyazat\/wp-json\/wp\/v2\/users\/102410"}],"replies":[{"embeddable":true,"href":"https:\/\/semmelweis.hu\/kfipalyazat\/wp-json\/wp\/v2\/comments?post=568"}],"version-history":[{"count":2,"href":"https:\/\/semmelweis.hu\/kfipalyazat\/wp-json\/wp\/v2\/pages\/568\/revisions"}],"predecessor-version":[{"id":766,"href":"https:\/\/semmelweis.hu\/kfipalyazat\/wp-json\/wp\/v2\/pages\/568\/revisions\/766"}],"up":[{"embeddable":true,"href":"https:\/\/semmelweis.hu\/kfipalyazat\/wp-json\/wp\/v2\/pages\/566"}],"wp:attachment":[{"href":"https:\/\/semmelweis.hu\/kfipalyazat\/wp-json\/wp\/v2\/media?parent=568"}],"wp:term":[{"taxonomy":"category","embeddable":true,"href":"https:\/\/semmelweis.hu\/kfipalyazat\/wp-json\/wp\/v2\/categories?post=568"},{"taxonomy":"post_tag","embeddable":true,"href":"https:\/\/semmelweis.hu\/kfipalyazat\/wp-json\/wp\/v2\/tags?post=568"}],"curies":[{"name":"wp","href":"https:\/\/api.w.org\/{rel}","templated":true}]}}