{"id":52,"date":"2025-05-26T13:03:50","date_gmt":"2025-05-26T11:03:50","guid":{"rendered":"https:\/\/semmelweis.hu\/kfipalyazat\/?page_id=52"},"modified":"2026-02-06T13:44:33","modified_gmt":"2026-02-06T12:44:33","slug":"hirlevel-szolgaltatas","status":"publish","type":"page","link":"https:\/\/semmelweis.hu\/kfipalyazat\/altalanos\/hirlevel-szolgaltatas\/","title":{"rendered":"H\u00edrlev\u00e9l"},"content":{"rendered":"<p style=\"text-align: justify\"><span style=\"font-size: 1rem\">A Semmelweis Egyetem P\u00e1ly\u00e1zati Menedzsment K\u00f6zpontj\u00e1nak kutat\u00e1si-fejleszt\u00e9si, innov\u00e1ci\u00f3s, tudom\u00e1nyos \u00e9s oktat\u00e1si \u00e9let\u00e9nek legfontosabb h\u00edreit tartalmaz\u00f3 \u201eP\u00e1ly\u00e1zati \u00e9s innov\u00e1ci\u00f3s friss h\u00edrek\u201d c. elektronikus h\u00edrlevele az egyetemi kutat\u00f3i, oktat\u00f3i \u00e9s hallgat\u00f3i k\u00f6z\u00f6ss\u00e9g egyik mell\u0151zhetetlen inform\u00e1ci\u00f3s csatorn\u00e1ja.<\/span><\/p>\n<p style=\"text-align: justify\">A h\u00edrlev\u00e9l hetente egyszer, a rendk\u00edv\u00fcli h\u00edrlev\u00e9l alkalomszer\u0171en ker\u00fcl kik\u00fcld\u00e9sre.<\/p>\n<p style=\"text-align: justify\">A P\u00e1ly\u00e1zati Menedzsment K\u00f6zpont a h\u00edrlev\u00e9l seg\u00edts\u00e9g\u00e9vel ad naprak\u00e9sz t\u00e1j\u00e9koztat\u00e1st az egyetemi polg\u00e1rok sz\u00e1m\u00e1ra az el\u00e9rhet\u0151 hazai, nemzetk\u00f6zi \u00e9s bels\u0151 KFI p\u00e1ly\u00e1zati lehet\u0151s\u00e9gekr\u0151l, a relev\u00e1ns szakmai rendezv\u00e9nyekr\u0151l, konferenci\u00e1kr\u00f3l \u00e9s a tudom\u00e1nyos \u00e9let Semmelweis Egyetemhez k\u00f6t\u0151d\u0151 esem\u00e9nyeir\u0151l.<\/p>\n<p style=\"text-align: justify\">A \u201eP\u00e1ly\u00e1zati \u00e9s innov\u00e1ci\u00f3s friss h\u00edrek\u201d c. h\u00edrlevelet a P\u00e1ly\u00e1zati Menedzsment K\u00f6zpont szerkeszti.<\/p>\n<p style=\"text-align: justify\"><strong>Amennyiben a h\u00edrlev\u00e9l szolg\u00e1ltat\u00e1sra fel\/leiratkozna, ig\u00e9ny\u00e9t a\u00a0<a href=\"mailto:project@semmelweis.hu\">project@semmelweis.hu<\/a>\u00a0email c\u00edmen jelezheti. A feliratkoz\u00e1shoz k\u00e9rj\u00fck, hogy a t\u00e1j\u00e9koztat\u00f3 v\u00e9g\u00e9n el\u00e9rhet\u0151 \u201ePMK h\u00edrlev\u00e9l adatkezel\u00e9si nyilatkozatot\u201d kit\u00f6ltve, al\u00e1\u00edr\u00e1s\u00e1val ell\u00e1tva, szkennelve k\u00fcldje meg a jelzett el\u00e9rhet\u0151s\u00e9gre.<\/strong><\/p>\n<p style=\"text-align: justify\">A\u00a0P\u00e1ly\u00e1zati Menedzsment K\u00f6zpont\u00a02025. szeptember 09. napj\u00e1n hat\u00e1lyba l\u00e9pett p\u00e1ly\u00e1zati- \u00e9s innov\u00e1ci\u00f3s h\u00edrlevel\u00e9re vonatkoz\u00f3 adatkezel\u00e9si t\u00e1j\u00e9koztat\u00f3ja <a href=\"https:\/\/semmelweis.hu\/kfipalyazat\/files\/2025\/09\/adatkezelesi-tajekoztato-2025-PMK_vegleges__alairt.pdf\" target=\"_blank\" rel=\"noopener\">ITT<\/a> \u00e9rhet\u0151 el.<\/p>\n<p style=\"text-align: justify\">T\u00e1j\u00e9koztatjuk a h\u00edrlev\u00e9lszolg\u00e1ltat\u00e1sra feliratkoz\u00f3kat, hogy aki a h\u00edrlev\u00e9lszolg\u00e1ltat\u00e1s ig\u00e9nybev\u00e9tele sor\u00e1n a P\u00e1ly\u00e1zati Menedzsment K\u00f6zpont \u00e1ltal kezelt szem\u00e9lyes adatainak \u2013 n\u00e9v \u00e9s e-mail c\u00edm \u2013 kezel\u00e9s\u00e9hez t\u00f6rt\u00e9n\u0151 hozz\u00e1j\u00e1rul\u00e1s\u00e1t a 2025. szeptember 09-\u00e9n hat\u00e1lyba l\u00e9pett adatkezel\u00e9si t\u00e1j\u00e9koztat\u00f3 el\u0151tt, kor\u00e1bban tett \u00edr\u00e1sbeli hozz\u00e1j\u00e1rul\u00e1s\u00e1val adta meg, annak az adatkezel\u00e9sre vonatkoz\u00f3 hozz\u00e1j\u00e1rul\u00e1s\u00e1t \u2013 annak \u00edr\u00e1sbeli visszavon\u00e1s\u00e1nak hi\u00e1ny\u00e1ban \u2013 a tov\u00e1bbiakban is megadottnak tekintj\u00fck.\u00a0\u00a0<\/p>\n<p style=\"text-align: justify\">Amennyiben a h\u00edrlev\u00e9lhez kapcsol\u00f3d\u00f3an \u00e9szrev\u00e9tele van, ig\u00e9ny\u00e9t a\u00a0<a href=\"mailto:project@semmelweis.hu\">project@semmelweis.hu<\/a> email c\u00edmen jelezheti.<\/p>\n<div class=\"fontos_div\">\n<p style=\"text-align: left\"><a href=\"https:\/\/semmelweis.hu\/kfipalyazat\/files\/2026\/02\/PMK_hirlevel_adatkezelesi_nyilatkozat_2026.docx\" target=\"_blank\" rel=\"noopener\">PMK h\u00edrlev\u00e9l adatkezel\u00e9si nyilatkozat<\/a><\/p>\n<\/div>\n<p>&nbsp;<\/p>\n<p><strong>\u00cdrjon nek\u00fcnk:<\/strong><\/p>\n<p><strong>Amennyiben \u00d6n ismer olyan honlapot\/szervezetet, amely a seg\u00edts\u00e9g\u00fcnkre lehet a p\u00e1ly\u00e1zatok figyel\u00e9s\u00e9n\u00e9l, k\u00e9rj\u00fck \u00edrjon nek\u00fcnk a <a href=\"mailto:project@semmelweis.hu\">project@semmelweis.hu<\/a> e-mail c\u00edmre.<\/strong><\/p>\n","protected":false},"excerpt":{"rendered":"<p>A Semmelweis Egyetem P\u00e1ly\u00e1zati Menedzsment K\u00f6zpontj\u00e1nak kutat\u00e1si-fejleszt\u00e9si, innov\u00e1ci\u00f3s, tudom\u00e1nyos \u00e9s oktat\u00e1si \u00e9let\u00e9nek legfontosabb h\u00edreit tartalmaz\u00f3 \u201eP\u00e1ly\u00e1zati \u00e9s innov\u00e1ci\u00f3s friss h\u00edrek\u201d c. elektronikus h\u00edrlevele az egyetemi kutat\u00f3i, oktat\u00f3i \u00e9s hallgat\u00f3i k\u00f6z\u00f6ss\u00e9g egyik mell\u0151zhetetlen inform\u00e1ci\u00f3s csatorn\u00e1ja. A h\u00edrlev\u00e9l hetente egyszer, a rendk\u00edv\u00fcli h\u00edrlev\u00e9l alkalomszer\u0171en ker\u00fcl kik\u00fcld\u00e9sre. A P\u00e1ly\u00e1zati Menedzsment K\u00f6zpont a h\u00edrlev\u00e9l seg\u00edts\u00e9g\u00e9vel ad naprak\u00e9sz t\u00e1j\u00e9koztat\u00e1st az &hellip;<\/p>\n","protected":false},"author":102410,"featured_media":0,"parent":26,"menu_order":5,"comment_status":"closed","ping_status":"closed","template":"template-fullwidth.php","meta":{"_acf_changed":false,"footnotes":""},"categories":[],"tags":[],"class_list":["post-52","page","type-page","status-publish","hentry"],"acf":[],"_links":{"self":[{"href":"https:\/\/semmelweis.hu\/kfipalyazat\/wp-json\/wp\/v2\/pages\/52","targetHints":{"allow":["GET"]}}],"collection":[{"href":"https:\/\/semmelweis.hu\/kfipalyazat\/wp-json\/wp\/v2\/pages"}],"about":[{"href":"https:\/\/semmelweis.hu\/kfipalyazat\/wp-json\/wp\/v2\/types\/page"}],"author":[{"embeddable":true,"href":"https:\/\/semmelweis.hu\/kfipalyazat\/wp-json\/wp\/v2\/users\/102410"}],"replies":[{"embeddable":true,"href":"https:\/\/semmelweis.hu\/kfipalyazat\/wp-json\/wp\/v2\/comments?post=52"}],"version-history":[{"count":10,"href":"https:\/\/semmelweis.hu\/kfipalyazat\/wp-json\/wp\/v2\/pages\/52\/revisions"}],"predecessor-version":[{"id":58,"href":"https:\/\/semmelweis.hu\/kfipalyazat\/wp-json\/wp\/v2\/pages\/52\/revisions\/58"}],"up":[{"embeddable":true,"href":"https:\/\/semmelweis.hu\/kfipalyazat\/wp-json\/wp\/v2\/pages\/26"}],"wp:attachment":[{"href":"https:\/\/semmelweis.hu\/kfipalyazat\/wp-json\/wp\/v2\/media?parent=52"}],"wp:term":[{"taxonomy":"category","embeddable":true,"href":"https:\/\/semmelweis.hu\/kfipalyazat\/wp-json\/wp\/v2\/categories?post=52"},{"taxonomy":"post_tag","embeddable":true,"href":"https:\/\/semmelweis.hu\/kfipalyazat\/wp-json\/wp\/v2\/tags?post=52"}],"curies":[{"name":"wp","href":"https:\/\/api.w.org\/{rel}","templated":true}]}}