{"id":5,"date":"2024-02-01T09:20:01","date_gmt":"2024-02-01T08:20:01","guid":{"rendered":"https:\/\/semmelweis.hu\/kfipalyazat\/?page_id=5"},"modified":"2025-09-12T08:47:55","modified_gmt":"2025-09-12T06:47:55","slug":"rolunk","status":"publish","type":"page","link":"https:\/\/semmelweis.hu\/kfipalyazat\/rolunk\/","title":{"rendered":"R\u00f3lunk"},"content":{"rendered":"<div class=\"keretes w-100\">\n<p style=\"text-align: justify\" data-start=\"289\" data-end=\"700\">A P\u00e1ly\u00e1zati Menedzsment K\u00f6zpont a Semmelweis Egyetem k\u00f6zponti szervezeti egys\u00e9gek\u00e9nt t\u00e1mogatja az innov\u00e1ci\u00f3s szeml\u00e9letm\u00f3dot \u00e9s a kutat\u00e1s-fejleszt\u00e9si tev\u00e9kenys\u00e9geket az eg\u00e9szs\u00e9gipar \u00e9s a biotechnol\u00f3gia ter\u00fclet\u00e9n. Kiemelt feladata a hazai \u00e9s nemzetk\u00f6zi p\u00e1ly\u00e1zati lehet\u0151s\u00e9gek professzion\u00e1lis menedzsel\u00e9se, az egyetemi p\u00e1ly\u00e1zati portf\u00f3li\u00f3 kezel\u00e9se, valamint a KFI tev\u00e9kenys\u00e9gek t\u00e1mogat\u00e1sa.\u00a0<\/p>\n<p style=\"text-align: justify\" data-start=\"289\" data-end=\"700\">C\u00e9lunk egy olyan egyetemi \u00e9s egyetemhez kapcsol\u00f3d\u00f3 innov\u00e1ci\u00f3s \u00f6kosziszt\u00e9ma kialak\u00edt\u00e1sa \u00e9s fenntart\u00e1sa, amely el\u0151seg\u00edti a kutat\u00f3k, oktat\u00f3k, hallgat\u00f3k \u00e9s gazdas\u00e1gi szerepl\u0151k k\u00f6z\u00f6tti hat\u00e9kony egy\u00fcttm\u0171k\u00f6d\u00e9seket.\u00a0<\/p>\n<\/div>\n","protected":false},"excerpt":{"rendered":"<p>A P\u00e1ly\u00e1zati Menedzsment K\u00f6zpont a Semmelweis Egyetem k\u00f6zponti szervezeti egys\u00e9gek\u00e9nt t\u00e1mogatja az innov\u00e1ci\u00f3s szeml\u00e9letm\u00f3dot \u00e9s a kutat\u00e1s-fejleszt\u00e9si tev\u00e9kenys\u00e9geket az eg\u00e9szs\u00e9gipar \u00e9s a biotechnol\u00f3gia ter\u00fclet\u00e9n. Kiemelt feladata a hazai \u00e9s nemzetk\u00f6zi p\u00e1ly\u00e1zati lehet\u0151s\u00e9gek professzion\u00e1lis menedzsel\u00e9se, az egyetemi p\u00e1ly\u00e1zati portf\u00f3li\u00f3 kezel\u00e9se, valamint a KFI tev\u00e9kenys\u00e9gek t\u00e1mogat\u00e1sa.<\/p>\n","protected":false},"author":12,"featured_media":6,"parent":0,"menu_order":0,"comment_status":"closed","ping_status":"closed","template":"template-fullwidth.php","meta":{"_acf_changed":false,"footnotes":""},"categories":[],"tags":[],"class_list":["post-5","page","type-page","status-publish","has-post-thumbnail","hentry"],"acf":[],"_links":{"self":[{"href":"https:\/\/semmelweis.hu\/kfipalyazat\/wp-json\/wp\/v2\/pages\/5","targetHints":{"allow":["GET"]}}],"collection":[{"href":"https:\/\/semmelweis.hu\/kfipalyazat\/wp-json\/wp\/v2\/pages"}],"about":[{"href":"https:\/\/semmelweis.hu\/kfipalyazat\/wp-json\/wp\/v2\/types\/page"}],"author":[{"embeddable":true,"href":"https:\/\/semmelweis.hu\/kfipalyazat\/wp-json\/wp\/v2\/users\/12"}],"replies":[{"embeddable":true,"href":"https:\/\/semmelweis.hu\/kfipalyazat\/wp-json\/wp\/v2\/comments?post=5"}],"version-history":[{"count":10,"href":"https:\/\/semmelweis.hu\/kfipalyazat\/wp-json\/wp\/v2\/pages\/5\/revisions"}],"predecessor-version":[{"id":752,"href":"https:\/\/semmelweis.hu\/kfipalyazat\/wp-json\/wp\/v2\/pages\/5\/revisions\/752"}],"wp:featuredmedia":[{"embeddable":true,"href":"https:\/\/semmelweis.hu\/kfipalyazat\/wp-json\/wp\/v2\/media\/6"}],"wp:attachment":[{"href":"https:\/\/semmelweis.hu\/kfipalyazat\/wp-json\/wp\/v2\/media?parent=5"}],"wp:term":[{"taxonomy":"category","embeddable":true,"href":"https:\/\/semmelweis.hu\/kfipalyazat\/wp-json\/wp\/v2\/categories?post=5"},{"taxonomy":"post_tag","embeddable":true,"href":"https:\/\/semmelweis.hu\/kfipalyazat\/wp-json\/wp\/v2\/tags?post=5"}],"curies":[{"name":"wp","href":"https:\/\/api.w.org\/{rel}","templated":true}]}}