{"id":48,"date":"2025-05-26T12:54:18","date_gmt":"2025-05-26T10:54:18","guid":{"rendered":"https:\/\/semmelweis.hu\/kfipalyazat\/?page_id=48"},"modified":"2025-09-10T13:45:02","modified_gmt":"2025-09-10T11:45:02","slug":"semmelweis-egyetem-adatai","status":"publish","type":"page","link":"https:\/\/semmelweis.hu\/kfipalyazat\/altalanos\/semmelweis-egyetem-adatai\/","title":{"rendered":"Semmelweis Egyetem adatai"},"content":{"rendered":"<h2>P\u00e1ly\u00e1zatokhoz sz\u00fcks\u00e9ges adatok<\/h2>\n\n<table id=\"tablepress-2\" class=\"tablepress tablepress-id-2\">\n<thead>\n<tr class=\"row-1\">\n\t<th class=\"column-1\"><b>N\u00e9v, c\u00edm<\/th><td class=\"column-2\"><\/td>\n<\/tr>\n<\/thead>\n<tbody class=\"row-striping row-hover\">\n<tr class=\"row-2\">\n\t<td class=\"column-1\">Hivatalos n\u00e9v: magyar\/angol<\/td><td class=\"column-2\">Semmelweis Egyetem \/ Semmelweis University<\/td>\n<\/tr>\n<tr class=\"row-3\">\n\t<td class=\"column-1\">R\u00f6vid n\u00e9v: magyar\/angol<\/td><td class=\"column-2\">SE \/ SU<\/td>\n<\/tr>\n<tr class=\"row-4\">\n\t<td class=\"column-1\">K\u00f6zponti c\u00edm<\/td><td class=\"column-2\">1085 Budapest, \u00dcll\u0151i \u00fat 26. (HRSZ:36771\/14)<\/td>\n<\/tr>\n<tr class=\"row-5\">\n\t<td class=\"column-1\">Levelez\u00e9si c\u00edm<\/td><td class=\"column-2\">1428 Budapest, Pf.2.<\/td>\n<\/tr>\n<tr class=\"row-6\">\n\t<td class=\"column-1\">Webc\u00edm<\/td><td class=\"column-2\">https:\/\/semmelweis.hu\/<\/td>\n<\/tr>\n<tr class=\"row-7\">\n\t<td class=\"column-1\"><b>Statisztikai adatok<\/td><td class=\"column-2\"><\/td>\n<\/tr>\n<tr class=\"row-8\">\n\t<td class=\"column-1\">Jogi forma<\/td><td class=\"column-2\">Egy\u00e9b alap\u00edtv\u00e1ny \u00f6n\u00e1ll\u00f3 int\u00e9zm\u00e9nye<\/td>\n<\/tr>\n<tr class=\"row-9\">\n\t<td class=\"column-1\">KSH azonos\u00edt\u00f3 (Statisztikai sz\u00e1mjel)<\/td><td class=\"column-2\">19308674 8540 563 01<\/td>\n<\/tr>\n<tr class=\"row-10\">\n\t<td class=\"column-1\">A Semmelweis Egyetem int\u00e9zm\u00e9nyi azonos\u00edt\u00f3ja<\/td><td class=\"column-2\">FI62576<\/td>\n<\/tr>\n<tr class=\"row-11\">\n\t<td class=\"column-1\">Gazd\u00e1lkod\u00e1si forma<\/td><td class=\"column-2\">563<\/td>\n<\/tr>\n<tr class=\"row-12\">\n\t<td class=\"column-1\">B\u00edr\u00f3s\u00e1gi nyilv\u00e1ntart\u00e1s<\/td><td class=\"column-2\">329804<\/td>\n<\/tr>\n<tr class=\"row-13\">\n\t<td class=\"column-1\">Alap\u00edt\u00f3 okirat \u00fcgyiratsz\u00e1ma\/Nyilv\u00e1ntart\u00e1sba v\u00e9teli okirat sz\u00e1ma<\/td><td class=\"column-2\">35907\/2017<\/td>\n<\/tr>\n<tr class=\"row-14\">\n\t<td class=\"column-1\">Nyilv\u00e1ntart\u00e1sba vev\u0151 szerv neve<\/td><td class=\"column-2\">Oktat\u00e1si Hivatal<\/td>\n<\/tr>\n<tr class=\"row-15\">\n\t<td class=\"column-1\">Alap\u00edt\u00e1s id\u0151pontja<\/td><td class=\"column-2\">1769.<\/td>\n<\/tr>\n<tr class=\"row-16\">\n\t<td class=\"column-1\">Integr\u00e1ci\u00f3 \u00e9ve<\/td><td class=\"column-2\">2000.<\/td>\n<\/tr>\n<tr class=\"row-17\">\n\t<td class=\"column-1\">Min\u0151s\u00edt\u00e9si k\u00f3d<\/td><td class=\"column-2\">7-Nonprofit szervezet \u00e1llamh\u00e1ztart\u00e1son k\u00edv\u00fcl<\/td>\n<\/tr>\n<tr class=\"row-18\">\n\t<td class=\"column-1\">TE\u00c1OR k\u00f3d<\/td><td class=\"column-2\">8540 - Fels\u0151oktat\u00e1s<\/td>\n<\/tr>\n<tr class=\"row-19\">\n\t<td class=\"column-1\">NACE k\u00f3d<\/td><td class=\"column-2\">P85.4.2<\/td>\n<\/tr>\n<tr class=\"row-20\">\n\t<td class=\"column-1\"><b>P\u00e9nz\u00fcgyi adatok<\/td><td class=\"column-2\"><\/td>\n<\/tr>\n<tr class=\"row-21\">\n\t<td class=\"column-1\">Ad\u00f3sz\u00e1m<\/td><td class=\"column-2\">19308674-4-44<\/td>\n<\/tr>\n<tr class=\"row-22\">\n\t<td class=\"column-1\">Csoportos ad\u00f3sz\u00e1m<\/td><td class=\"column-2\">17784234-5-44<\/td>\n<\/tr>\n<tr class=\"row-23\">\n\t<td class=\"column-1\">TB t\u00f6rzssz\u00e1m<\/td><td class=\"column-2\">251409112<\/td>\n<\/tr>\n<tr class=\"row-24\">\n\t<td class=\"column-1\">Sz\u00e1mlavezet\u0151 bank neve<\/td><td class=\"column-2\">OTP Bank<\/td>\n<\/tr>\n<tr class=\"row-25\">\n\t<td class=\"column-1\">Sz\u00e1mlavezet\u0151 bank c\u00edme<\/td><td class=\"column-2\">1051 Budapest, N\u00e1dor utca 16.<\/td>\n<\/tr>\n<tr class=\"row-26\">\n\t<td class=\"column-1\">Sz\u00e1mlasz\u00e1m<\/td><td class=\"column-2\">11784009-22236665 (IBAN:HU41117840092223666500000000)<\/td>\n<\/tr>\n<tr class=\"row-27\">\n\t<td class=\"column-1\">K\u00f6z\u00f6ss\u00e9gi ad\u00f3sz\u00e1m VAT<\/td><td class=\"column-2\">HU19308674<\/td>\n<\/tr>\n<tr class=\"row-28\">\n\t<td class=\"column-1\">EORI \/ VPI sz\u00e1m<\/td><td class=\"column-2\">HU0122640948<\/td>\n<\/tr>\n<tr class=\"row-29\">\n\t<td class=\"column-1\"><b>USA \u00e1llambeli Int\u00e9zm\u00e9nyi regisztr\u00e1ci\u00f3k<\/td><td class=\"column-2\"><\/td>\n<\/tr>\n<tr class=\"row-30\">\n\t<td class=\"column-1\">Int\u00e9zm\u00e9nyi IORG regisztr\u00e1ci\u00f3 sz\u00e1ma<\/td><td class=\"column-2\">IORG0001763<\/td>\n<\/tr>\n<tr class=\"row-31\">\n\t<td class=\"column-1\">Institutional Review Borad regisztr\u00e1ci\u00f3 sz\u00e1ma<\/td><td class=\"column-2\">IRB00002236<\/td>\n<\/tr>\n<tr class=\"row-32\">\n\t<td class=\"column-1\">Federalwide Assurance sz\u00e1ma<\/td><td class=\"column-2\">FWA00002527<\/td>\n<\/tr>\n<tr class=\"row-33\">\n\t<td class=\"column-1\">SWIFT<\/td><td class=\"column-2\">HUSTHUHB<\/td>\n<\/tr>\n<tr class=\"row-34\">\n\t<td class=\"column-1\">Unique Entity ID (UEI)<\/td><td class=\"column-2\">EQ91L9DX48X6<\/td>\n<\/tr>\n<tr class=\"row-35\">\n\t<td class=\"column-1\"><b>Al\u00e1\u00edr\u00e1si jogosults\u00e1g<\/td><td class=\"column-2\"><\/td>\n<\/tr>\n<tr class=\"row-36\">\n\t<td class=\"column-1\">Hivatalos jogi k\u00e9pvisel\u0151<\/td><td class=\"column-2\">Dr. Merkely B\u00e9la P\u00e9ter<\/td>\n<\/tr>\n<tr class=\"row-37\">\n\t<td class=\"column-1\">Beoszt\u00e1s<\/td><td class=\"column-2\">rektor<\/td>\n<\/tr>\n<tr class=\"row-38\">\n\t<td class=\"column-1\">Hivatalos jogi k\u00e9pvisel\u0151<\/td><td class=\"column-2\">Dr. Pavlik L\u00edvia<\/td>\n<\/tr>\n<tr class=\"row-39\">\n\t<td class=\"column-1\">Beoszt\u00e1s<\/td><td class=\"column-2\">kancell\u00e1r<\/td>\n<\/tr>\n<tr class=\"row-40\">\n\t<td class=\"column-1\">P\u00e9nz\u00fcgyi ellenjegyz\u0151<\/td><td class=\"column-2\">\u00c1d\u00e1m \u00c9va<\/td>\n<\/tr>\n<tr class=\"row-41\">\n\t<td class=\"column-1\">Beoszt\u00e1s<\/td><td class=\"column-2\">p\u00e9nz\u00fcgyi \u00e9s vagyongazd\u00e1lkod\u00e1si f\u0151igazgat\u00f3<\/td>\n<\/tr>\n<tr class=\"row-42\">\n\t<td class=\"column-1\"><b>P\u00e1ly\u00e1zatokhoz kapcsol\u00f3d\u00f3 egy\u00e9b adatok<\/td><td class=\"column-2\"><\/td>\n<\/tr>\n<tr class=\"row-43\">\n\t<td class=\"column-1\">PIC k\u00f3d (HE, H2020)<\/td><td class=\"column-2\">999860675<\/td>\n<\/tr>\n<tr class=\"row-44\">\n\t<td class=\"column-1\">LEAR (HE, H2020)<\/td><td class=\"column-2\">Kalocsai Ildik\u00f3 Katalin<\/td>\n<\/tr>\n<tr class=\"row-45\">\n\t<td class=\"column-1\">Organisation ID<\/td><td class=\"column-2\">E10208800<\/td>\n<\/tr>\n<tr class=\"row-46\">\n\t<td class=\"column-1\">Statisztikai \u00e1llom\u00e1nyi l\u00e9tsz\u00e1m (f\u0151)<\/td><td class=\"column-2\">9657<\/td>\n<\/tr>\n<tr class=\"row-47\">\n\t<td class=\"column-1\">N\u0151k sz\u00e1ma a foglalkoztatottak k\u00f6z\u00f6tt (f\u0151)<\/td><td class=\"column-2\">6662<\/td>\n<\/tr>\n<tr class=\"row-48\">\n\t<td class=\"column-1\">Nemi es\u00e9lyegyenl\u0151s\u00e9gi terv<\/td><td class=\"column-2\">van<\/td>\n<\/tr>\n<tr class=\"row-49\">\n\t<td class=\"column-1\">UDER technikai k\u00f6zponti SE sz\u00e1m<\/td><td class=\"column-2\">PE\/EA\/00232-5\/2024<\/td>\n<\/tr>\n<\/tbody>\n<\/table>\n<!-- #tablepress-2 from cache -->\n","protected":false},"excerpt":{"rendered":"<p>P\u00e1ly\u00e1zatokhoz sz\u00fcks\u00e9ges adatok<\/p>\n","protected":false},"author":102410,"featured_media":0,"parent":26,"menu_order":4,"comment_status":"closed","ping_status":"closed","template":"template-fullwidth.php","meta":{"_acf_changed":false,"footnotes":""},"categories":[],"tags":[],"class_list":["post-48","page","type-page","status-publish","hentry"],"acf":[],"_links":{"self":[{"href":"https:\/\/semmelweis.hu\/kfipalyazat\/wp-json\/wp\/v2\/pages\/48","targetHints":{"allow":["GET"]}}],"collection":[{"href":"https:\/\/semmelweis.hu\/kfipalyazat\/wp-json\/wp\/v2\/pages"}],"about":[{"href":"https:\/\/semmelweis.hu\/kfipalyazat\/wp-json\/wp\/v2\/types\/page"}],"author":[{"embeddable":true,"href":"https:\/\/semmelweis.hu\/kfipalyazat\/wp-json\/wp\/v2\/users\/102410"}],"replies":[{"embeddable":true,"href":"https:\/\/semmelweis.hu\/kfipalyazat\/wp-json\/wp\/v2\/comments?post=48"}],"version-history":[{"count":3,"href":"https:\/\/semmelweis.hu\/kfipalyazat\/wp-json\/wp\/v2\/pages\/48\/revisions"}],"predecessor-version":[{"id":733,"href":"https:\/\/semmelweis.hu\/kfipalyazat\/wp-json\/wp\/v2\/pages\/48\/revisions\/733"}],"up":[{"embeddable":true,"href":"https:\/\/semmelweis.hu\/kfipalyazat\/wp-json\/wp\/v2\/pages\/26"}],"wp:attachment":[{"href":"https:\/\/semmelweis.hu\/kfipalyazat\/wp-json\/wp\/v2\/media?parent=48"}],"wp:term":[{"taxonomy":"category","embeddable":true,"href":"https:\/\/semmelweis.hu\/kfipalyazat\/wp-json\/wp\/v2\/categories?post=48"},{"taxonomy":"post_tag","embeddable":true,"href":"https:\/\/semmelweis.hu\/kfipalyazat\/wp-json\/wp\/v2\/tags?post=48"}],"curies":[{"name":"wp","href":"https:\/\/api.w.org\/{rel}","templated":true}]}}