{"id":464,"date":"2025-07-23T15:12:16","date_gmt":"2025-07-23T13:12:16","guid":{"rendered":"https:\/\/semmelweis.hu\/kfipalyazat\/?page_id=464"},"modified":"2025-07-23T15:15:43","modified_gmt":"2025-07-23T13:15:43","slug":"online-zarorendezveny","status":"publish","type":"page","link":"https:\/\/semmelweis.hu\/kfipalyazat\/palyazatok\/tarsfinanszirozott-palyazatok\/fenntartas\/efop-3-4-3-16-2016-00007\/online-zarorendezveny\/","title":{"rendered":"EFOP-3.4.3-16-2016-00007 &#8211; ONLINE Z\u00e1r\u00f3rendezv\u00e9ny"},"content":{"rendered":"<p><a href=\"https:\/\/semmelweis.hu\/kfipalyazat\/files\/2025\/07\/Semmelweis_program_vegleges.pdf\" target=\"_blank\" rel=\"noopener\">EFOP-3.4.3-16-2016-00007\u00a0z\u00e1r\u00f3rendezv\u00e9ny ONLINE program<\/a><\/p>\n<div id=\"GroupWiseSection_1623173910000_repcsak.regina@semmelweis-univ.hu_6792DC011A000000B4706F6437386235_\" class=\"GroupWiseMessageBody active\">\n<div><a href=\"https:\/\/docs.google.com\/forms\/d\/1G1prg_mEi2jbSy0N-R9Yrg1GLP_D8e7MoPz2YX91ick\/viewform?fbclid=IwAR10yRzDS_qWXWjyj1E6tiLPAradHUVJAkV-GA_bNZx5Ea894NRc1728Y9A&amp;edit_requested=true\" target=\"_blank\" rel=\"noopener\">Regisztr\u00e1ci\u00f3s \u0171rlap<\/a><\/div>\n<\/div>\n<div>\u00a0<\/div>\n<div><a href=\"https:\/\/semmelweis.hu\/kfipalyazat\/files\/2025\/07\/Online-linkek_final.pdf\" target=\"_blank\" rel=\"noopener\">Program szekci\u00f3hoz tartoz\u00f3 online linkek<\/a><\/div>\n<div id=\"GroupWiseSection_1623173910000_repcsak.regina@semmelweis-univ.hu_6792DC011A000000B4706F6437386235_\" class=\"GroupWiseMessageBody active\">\n<div>\u00a0<\/div>\n<\/div>\n<p><strong>Tud\u00e1s. Felel\u0151ss\u00e9g. Eg\u00e9szs\u00e9g.<\/strong><\/p>\n<div>\n<p><em><b>Minden kedves \u00e9rdekl\u0151d\u0151t \u00e9s r\u00e9sztvev\u0151t t\u00e1j\u00e9koztatunk, hogy az esem\u00e9nyr\u0151l felv\u00e9tel k\u00e9sz\u00fcl.<\/b><\/em><\/p>\n<p><em><b style=\"font-size: 1rem\">A linkekkel kapcsolatos probl\u00e9ma, bel\u00e9p\u00e9si k\u00e9rd\u00e9sek eset\u00e9n a rendezv\u00e9ny ideje alatt h\u00edvhat\u00f3 az al\u00e1bbi telefonsz\u00e1m: <a href=\"tel:304135653\">30\/413-56-53<\/a>.<\/b><\/em><\/p>\n<\/div>\n<p>EFOP-3.4.3-16-2016-00007 &#8211; A Semmelweis Egyetem tanul\u00f3i b\u00e1zis\u00e1nak sz\u00e9les\u00edt\u00e9se, beker\u00fcl\u00e9st \u00e9s bennmarad\u00e1st t\u00e1mogat\u00f3 programok ind\u00edt\u00e1s\u00e1n, valamint balassagyarmati telephely\u00e9n \u00faj szolg\u00e1ltat\u00e1sok bevezet\u00e9s\u00e9n kereszt\u00fcl<\/p>\n<p><strong>Z\u00e1r\u00f3konferencia<\/strong><\/p>\n<p><span style=\"background-color: #99cc00\"><u>1.nap \u2013 2021. j\u00fanius 10.<\/u><\/span><\/p>\n<p><strong>9:00-10:00 &#8211; Plen\u00e1ris szekci\u00f3<\/strong><\/p>\n<p><iframe loading=\"lazy\" src=\"https:\/\/vimeo.com\/event\/1050076\/embed\/71511e0f0e\" width=\"640\" height=\"360\"><\/iframe><\/p>\n<div id=\"GroupWiseSection_1623145101000_repcsak.regina@semmelweis-univ.hu_6792DC011A000000B4706F6437386235_\" class=\"GroupWiseMessageBody active\">\n<div dir=\"ltr\">\n<div dir=\"ltr\">\u00a0<\/div>\n<\/div>\n<\/div>\n<p>El\u0151ad\u00f3k:<\/p>\n<ol>\n<li style=\"list-style-type: none\">\n<ol>\n<li>Moder\u00e1tori felvezet\u0151<\/li>\n<li>Dr. Ferdinandy P\u00e9ter, Tudom\u00e1nyos \u00e9s Innov\u00e1ci\u00f3s Rektorhelyettesi k\u00f6sz\u00f6nt\u0151<\/li>\n<li>Dr. Hank\u00f3 Bal\u00e1zs, \u00e1llamtitk\u00e1ri k\u00f6sz\u00f6nt\u0151<\/li>\n<li>Balla Mih\u00e1ly, orsz\u00e1ggy\u0171l\u00e9si k\u00e9pvisel\u0151, Balassagyarmat<\/li>\n<li>Csach G\u00e1bor, polg\u00e1rmester, Balassagyarmat\u00a0<\/li>\n<li>Dr. Szab\u00f3 G\u00e9za f\u0151igazgat\u00f3 f\u0151orvos, Kenessey Albert K\u00f3rh\u00e1z\u00a0<\/li>\n<\/ol>\n<\/li>\n<\/ol>\n<ol>\n<li>Sink\u00f3n\u00e9 Szrenka Anik\u00f3, igazgat\u00f3, Szent-Gy\u00f6rgyi Albert Gimn\u00e1zium, Szakgimn\u00e1zium \u00e9s Szakk\u00f6z\u00e9piskolai, Balassagyarmat\u00a0<\/li>\n<li>EFOP 3.4.3 program a Semmelweis Egyetemen &#8211; szakmai \u00f6sszefoglal\u00f3, Matiscs\u00e1k Attila<\/li>\n<\/ol>\n<p><strong>10:00-10:10 -R\u00f6vid sz\u00fcnet<\/strong><\/p>\n<p><strong>10:10-11.10 &#8211; Programbemutat\u00f3k:<\/strong><\/p>\n<ol>\n<li>\u00c1OK program\u00f6sszefoglal\u00f3<\/li>\n<\/ol>\n<p>Interakt\u00edv iskolai eg\u00e9szs\u00e9gfejleszt\u00e9s \u00e9s beker\u00fcl\u00e9st\u00e1mogat\u00e1s: Tud\u00e1s. Felel\u0151ss\u00e9g. Eg\u00e9szs\u00e9g.<\/p>\n<p>El\u0151ad\u00f3k: Dr. E\u00f6rsi D\u00e1niel, Dr. Terebessy Andr\u00e1s<\/p>\n<ol start=\"2\">\n<li>A Gy\u00f3gyszer\u00e9sztudom\u00e1nyi Kar tant\u00e1rgyi fejleszt\u00e9si eredm\u00e9nyei<\/li>\n<\/ol>\n<p>El\u0151ad\u00f3: Dr. Somogyi Orsolya<\/p>\n<ol start=\"3\">\n<li>EKK: A kihelyezett k\u00e9pz\u00e9sek eredm\u00e9nyei \u00e9s tapasztalatai<\/li>\n<\/ol>\n<p>El\u0151ad\u00f3k: Szab\u00f3 T\u00fcnde, Dr. Danis Ildik\u00f3, Dr. Pilinszki Attila, Dr. B\u00f3n\u00e9 Veronika, Dr. Pethesn\u00e9 D\u00e1vid Be\u00e1ta<\/p>\n<ol start=\"4\">\n<li>Az Eg\u00e9szs\u00e9gtudom\u00e1nyi Kar p\u00e1ly\u00e1zati eredm\u00e9nyeinek \u00e1ttekint\u0151 el\u0151ad\u00e1sa\u00a0<\/li>\n<\/ol>\n<p>El\u0151ad\u00f3: Matiscs\u00e1k Attila<\/p>\n<p><strong>12:00\u201312:45 &#8211; <\/strong>Eb\u00e9dsz\u00fcnet<\/p>\n<p><strong><u>Eg\u00e9szs\u00e9gtudom\u00e1nyi Kar (ETK) workshop szekci\u00f3:<\/u><\/strong><\/p>\n<p><span style=\"background-color: #ffff00\">SZEKCI\u00d3HOZ TARTOZ\u00d3 ZOOM LINK<\/span>: <a href=\"https:\/\/us02web.zoom.us\/j\/81443734817\">https:\/\/us02web.zoom.us\/j\/81443734817<\/a><\/p>\n<p><strong>12:45-13:30 &#8211; Hallgat\u00f3k a hallgat\u00f3k\u00e9rt:Tanuljunk egy\u00fctt!<\/strong><\/p>\n<p>A Eg\u00e9szs\u00e9gtudom\u00e1nyi Kar workshop szekci\u00f3j\u00e1ban a p\u00e1ly\u00e1zat keretei k\u00f6z\u00f6tt kidolgozott oktat\u00e1sm\u00f3dszertani fejleszt\u00e9sek eredm\u00e9nyeit mutatjuk be k\u00fcl\u00f6n\u00f6s tekintettel a Tanul\u00f3szoba mozgalom ind\u00edt\u00e1s\u00e1nak tapasztalatair\u00f3l \u00e9s fejleszt\u00e9si lehet\u0151s\u00e9geir\u0151l.<br \/>\nEl\u0151ad\u00f3:\u00a0Repcs\u00e1k Regina, Bal\u00e1zs Tamara<\/p>\n<p><strong><u>\u00c1ltal\u00e1nos Orvostudom\u00e1nyi Kar (\u00c1OK) ifj\u00fas\u00e1gi szekci\u00f3<\/u><\/strong><\/p>\n<p><span style=\"background-color: #ffff00\">SZEKCI\u00d3HOZ TARTOZ\u00d3 ZOOM LINK<\/span>:\u00a0<a href=\"https:\/\/us02web.zoom.us\/j\/81231660551\">https:\/\/us02web.zoom.us\/j\/81231660551<\/a><\/p>\n<p><strong>12:45-14:15- A Balassagyarmati Eg\u00e9szs\u00e9gfejleszt\u0151 program monitoroz\u00e1sa &#8211; Kutat\u00e1si eredm\u00e9nyeink.<\/strong><\/p>\n<p>El\u0151ad\u00f3k: dr. \u00c1rva Dorka, dr. Terebessy Andr\u00e1s, dr Major D\u00e1vid, dr. E\u00f6rsi D\u00e1niel<\/p>\n<p><strong>14:15:15:45 &#8211; Interakt\u00edv iskolai eg\u00e9szs\u00e9gfejleszt\u00e9s: Tud\u00e1s. Felel\u0151ss\u00e9g.<\/strong><\/p>\n<p>Eg\u00e9szs\u00e9g. Mit? Mikor? Hogyan? Kort\u00e1rsoktat\u00e1s, e-learning \u00e9s eg\u00e9szs\u00e9gfejleszt\u00e9s egy csokorban.<\/p>\n<p>El\u0151ad\u00f3k: dr. Major D\u00e1vid, dr. E\u00f6rsi D\u00e1niel, Tak\u00e1cs P\u00e9ter<\/p>\n<p><strong>15:45-17:15 &#8211; Egyetemi Utad program &#8211; Beker\u00fcl\u00e9st\u00e1mogat\u00e1s a 11-12.\u00e9vfolyamos Balassagyarmati di\u00e1kok sz\u00e1m\u00e1ra az \u00e9lm\u00e9nypedag\u00f3gia eszk\u00f6zeivel.<\/strong><\/p>\n<p>El\u0151ad\u00f3k: Fiam-Sz\u0171cs Katalin, dr. Van der Meer Borb\u00e1la<\/p>\n<p><strong><u>Eg\u00e9szs\u00e9g\u00fcgyi K\u00f6zszolg\u00e1lati Kar (EKK) &#8211; A kora gyermekkori lelki eg\u00e9szs\u00e9g t\u00e1mogat\u00e1sa szekci\u00f3:<\/u><\/strong><\/p>\n<p><strong>12.30-14.00 Virtu\u00e1lis tead\u00e9lut\u00e1n &#8211; z\u00e1rt interakt\u00edv workshop:<\/strong><\/p>\n<p>A kora gyermekkori lelki eg\u00e9szs\u00e9g t\u00e1mogat\u00e1s\u00e1nak lehet\u0151s\u00e9gei Balassagyarmaton \u00e9s k\u00f6rny\u00e9k\u00e9n.<\/p>\n<p>Moder\u00e1torok: Dr. Danis Ildik\u00f3 \u00e9s Dr. N\u00e9meth T\u00fcnde<\/p>\n<p>A program c\u00e9lja a 2020-2021-es tan\u00e9vben szervezett tanfolyami k\u00e9pz\u00e9seink volt hallgat\u00f3ival val\u00f3 \u00fajratal\u00e1lkoz\u00e1s. Inform\u00e1l\u00f3d\u00e1s arr\u00f3l, hogy a szakemberek hogyan tudt\u00e1k a mindennapi munk\u00e1ban hasznos\u00edtani a kora gyermekkori lelki eg\u00e9szs\u00e9g t\u00e1mogat\u00e1s\u00e1val kapcsolatos elm\u00e9leti \u00e9s gyakorlati ismereteket. A tal\u00e1lkoz\u00e1s z\u00e1rtk\u00f6r\u0171.<\/p>\n<p><strong><u>Eg\u00e9szs\u00e9g\u00fcgyi K\u00f6zszolg\u00e1lati Kar (EKK) &#8211; K\u00f6nyvbemutat\u00f3 workshop szekci\u00f3<\/u><\/strong><\/p>\n<p><strong>A kora gyermekkori lelki eg\u00e9szs\u00e9g t\u00e1mogat\u00e1s\u00e1nak elm\u00e9lete \u00e9s gyakorlata I-II. c\u00edm\u0171 szakk\u00f6nyv bemutat\u00f3ja<\/strong> (Moder\u00e1tor: Dr. Danis Ildik\u00f3):<\/p>\n<p><span style=\"background-color: #ffff00\">SZEKCI\u00d3HOZ TARTOZ\u00d3 ZOOM LINK<\/span>: <a href=\"https:\/\/us02web.zoom.us\/j\/86230640955\">https:\/\/us02web.zoom.us\/j\/86230640955<\/a><\/p>\n<p><strong>15.00-15.05\u00a0 &#8211; K\u00f6sz\u00f6nt\u0151\u00a0 <\/strong>El\u0151ad\u00f3: Dr. Pethesn\u00e9 D\u00e1vid Be\u00e1ta<\/p>\n<p><strong>15.05-15.15 &#8211; Egy k\u00e9pz\u00e9s, egy k\u00f6nyv \u00e9s a kapcsolatuk \u2013 Az ISZCSK k\u00e9pz\u00e9s mint inspir\u00e1ci\u00f3<\/strong><\/p>\n<p>El\u0151ad\u00f3k: Dr. N\u00e9meth T\u00fcnde \u00e9s Dr. H\u00e9derv\u00e1ri-Heller \u00c9va<\/p>\n<p><strong>15.15-15.25 &#8211; K\u00e9t \u00e9v t\u00f6rt\u00e9nete <\/strong>El\u0151ad\u00f3: Dr. Danis Ildik\u00f3<\/p>\n<p><strong>15.25-16.00 &#8211; Multidiszciplin\u00e1ris szem\u00fcveg \u2013 Egy szakk\u00f6nyv nyolc perspekt\u00edv\u00e1b\u00f3l<\/strong><\/p>\n<p>El\u0151ad\u00f3k: B\u00e1n\u00f3 Zs\u00f3fia, Bereczn\u00e9 Babus Eszter, Broviacn\u00e9 Stallenberger Anita, Erd\u00e9lyin\u00e9 Kedves \u00c1gota, F\u00f6ldin\u00e9 Koczka Krisztina, Magyar Edit, Dr. Tory Vera, V\u00f6r\u00f6s Andrea<\/p>\n<p><strong>16.00-16.25 &#8211; Rendszerszeml\u00e9lettel, interdiszciplin\u00e1ris \u00f6sszefog\u00e1ssal a kora gyermekkori lelki eg\u00e9szs\u00e9g\u00e9rt\u00a0 <\/strong>El\u0151ad\u00f3: Topol\u00e1nszkyn\u00e9 Zsindely Katalin<\/p>\n<p>\u00a0<strong>16.25-17.00 &#8211; Interakt\u00edv percek<\/strong><\/p>\n<p><strong><u>Eg\u00e9szs\u00e9g\u00fcgyi K\u00f6zszolg\u00e1lati Kar (EKK)- Medi\u00e1ci\u00f3 szekci\u00f3 :<\/u><\/strong><\/p>\n<p><span style=\"background-color: #ffff00\">SZEKCI\u00d3HOZ TARTOZ\u00d3 ZOOM LINK<\/span>:\u00a0 <a href=\"https:\/\/us02web.zoom.us\/j\/84220818560\">https:\/\/us02web.zoom.us\/j\/84220818560<\/a><\/p>\n<p>A medi\u00e1ci\u00f3 szekci\u00f3 el\u0151ad\u00e1sai, workshopjai a k\u00f6z\u00f6ss\u00e9gi \u00e9s csal\u00e1di medi\u00e1ci\u00f3 hazai gyakorlat\u00e1r\u00f3l \u00e9s f\u0151bb k\u00e9rd\u00e9seir\u0151l adnak t\u00e1j\u00e9koztat\u00e1st, illetve lehet\u0151s\u00e9get a r\u00e9sztvev\u0151knek az eszmecser\u00e9re. A szekci\u00f3 c\u00e9lja tov\u00e1bb\u00e1 a COVID-19 csal\u00e1dokra \u00e9s k\u00f6z\u00f6ss\u00e9gekre gyakorolt hat\u00e1sainak medi\u00e1ci\u00f3s \u00e9s resztorat\u00edv eszk\u00f6z\u00f6kkel t\u00f6rt\u00e9n\u0151 kezel\u00e9si lehet\u0151s\u00e9geinek t\u00e1rgyal\u00e1sa.<\/p>\n<p><strong>13:00-13.10 &#8211; K\u00f6sz\u00f6nt\u00e9s\u00a0 <\/strong>El\u0151ad\u00f3: Dr. Pilinszki Attila<\/p>\n<p><strong>13:10-14.30 \u2013 \u201ePosztcovid&#8221; resztorat\u00edv szeml\u00e9lettel &#8211; k\u00f6z\u00f6ss\u00e9gi kapcsolatok kezel\u00e9se \u00e9s helyre\u00e1ll\u00edt\u00e1sa.<\/strong> El\u0151ad\u00f3k: S\u00fcki-Szijj\u00e1rt\u00f3 Szilvia, Magyar Erika<\/p>\n<p><strong>\u00a014:30-14:45- Sz\u00fcnet<\/strong><\/p>\n<p><strong>\u00a014:45-16:00 &#8211; Konfliktuskezel\u00e9si mozaik\u00a0\u00a0 A k\u00e9pz\u00e9s v\u00e9gzett hallgat\u00f3i, moder\u00e1tor: <\/strong>Dr. Pilinszki Attila<\/p>\n<p><strong>\u00a016:00 -16:15 &#8211; Sz\u00fcnet<\/strong><\/p>\n<p><strong>\u00a016:15-17:30 &#8211; Home-School, Home-Office &#8211; Seg\u00edthet-e a csal\u00e1di medi\u00e1ci\u00f3?<\/strong> El\u0151ad\u00f3: Vid\u00e1n\u00e9 Ugrin Erzs\u00e9bet<\/p>\n<p><strong>\u00a017:30-18:00 K\u00f6z\u00f6s z\u00e1r\u00e1s<\/strong><\/p>\n<p>&nbsp;<\/p>\n<p><span style=\"background-color: #99cc00\"><u>2.nap \u2013 2021. j\u00fanius 11.<\/u><\/span><\/p>\n<p><strong><u>\u00c1ltal\u00e1nos Orvostudom\u00e1nyi Kar (\u00c1OK) ifj\u00fas\u00e1gi szekci\u00f3<\/u><\/strong><\/p>\n<p><strong>9:00 &#8211; 17.00<\/strong><\/p>\n<p><strong>Ifj\u00fas\u00e1gi konferencia: szakmai nap \u00e9s tov\u00e1bbk\u00e9pz\u00e9s a balassagyarmati 11-12. \u00e9vfolyamos di\u00e1kok sz\u00e1m\u00e1ra<\/strong><\/p>\n<p><strong>Z\u00e1rtk\u00f6r\u0171 rendezv\u00e9ny a balassagyarmati k\u00f6z\u00e9piskol\u00e1sok sz\u00e1m\u00e1ra<\/strong><\/p>\n<p>A program c\u00e9lja, hogy a Balassagyarmati 11-12. oszt\u00e1lyos tanul\u00f3k tiszt\u00e1ban legyenek saj\u00e1t k\u00e9pess\u00e9geikkel \u00e9s lehet\u0151s\u00e9geikkel, hogy tudatosabb, jobban \u00e1tgondolt d\u00f6nt\u00e9seket tudjanak hozni j\u00f6v\u0151j\u00fckkel \u00e9s a tov\u00e1bbi tanulm\u00e1nyaikkal kapcsolatban.<\/p>\n<p><strong><u>Eg\u00e9szs\u00e9g\u00fcgyi K\u00f6zszolg\u00e1lati Kar (EKK) &#8211; 21. sz\u00e1zadi babaszoba &#8211; Orsz\u00e1gos kutat\u00e1s a kisgyermekek lelki eg\u00e9szs\u00e9g\u00e9r\u0151l \u00e9s a csal\u00e1dok mindennapjair\u00f3l.<\/u><\/strong><\/p>\n<p><span style=\"background-color: #ffff00\">SZEKCI\u00d3HOZ TARTOZ\u00d3 ZOOM LINK<\/span>:\u00a0 <a href=\"https:\/\/us02web.zoom.us\/j\/81233668290\">https:\/\/us02web.zoom.us\/j\/81233668290<\/a><\/p>\n<p><strong>A 21.sz\u00e1zadi babaszoba kutat\u00e1s els\u0151 eredm\u00e9nyeinek bemutat\u00e1sa, a kutat\u00f3h\u00e1l\u00f3zat \u00e9s tov\u00e1bbi terveink ismertet\u00e9se<\/strong> (Moder\u00e1tor: Dr. Danis Ildik\u00f3):<\/p>\n<p><strong>9.00-9.10 &#8211; K\u00f6sz\u00f6nt\u0151\u00a0 <\/strong>\u00a0El\u0151ad\u00f3: Dr. Pethesn\u00e9 D\u00e1vid Be\u00e1ta<\/p>\n<p>\u00a0<strong>9.10-9.30 &#8211;\u00a0 Kohorsz&#8217;18 Magyar Sz\u00fclet\u00e9si Kohorszvizsg\u00e1lat &#8211; A gyermekfejl\u0151d\u00e9s multidiszciplin\u00e1ris kutat\u00e1si modellje \u00e9s els\u0151 eredm\u00e9nyei\u00a0 <\/strong>\u00a0El\u0151ad\u00f3k: Dr. Kopcs\u00f3 Krisztina, Dr. Veroszta Zsuzsanna\u00a0<\/p>\n<p>\u00a0<strong>9.30-9.50 &#8211; A 21. sz\u00e1zadi babaszoba kutat\u00e1s &#8211; T\u00e1rsadalmi indokolts\u00e1g, c\u00e9lok, elm\u00e9leti kontextus, m\u00f3dszerek<\/strong> El\u0151ad\u00f3: Dr. Danis Ildik\u00f3<\/p>\n<p><strong>9.50-10.10 &#8211; A 21. sz\u00e1zadi babaszoba kutat\u00e1s m\u00f3dszertana \u2013 Mintav\u00e9tel, adatfelv\u00e9tel \u00e9s tereptapasztalatok\u00a0 <\/strong>El\u0151ad\u00f3k: Schneider Mih\u00e1ly, R\u00e1cz Judit<\/p>\n<p><strong>10.10-10.30 &#8211; Babaszoba di\u00e1dikus megk\u00f6zel\u00edt\u00e9sben \u2013 P\u00e1rkapcsolati min\u0151s\u00e9g \u00e9s k\u00f6z\u00f6s sz\u00fcl\u0151s\u00e9g\u00a0\u00a0 <\/strong>El\u0151ad\u00f3k: Gyetvai Anna, Dr. Pilinszki Attila<\/p>\n<p><strong>10.30-10.50\u00a0 Interakt\u00edv percek<\/strong><\/p>\n<p><strong>10.50-11.10\u00a0\u00a0 SZ\u00dcNET<\/strong><\/p>\n<p><strong>11.10-11.30 &#8211; A biztons\u00e1g h\u00e9t dimenzi\u00f3s modellje gyermekv\u00e1llal\u00e1s idej\u00e9n<\/strong><\/p>\n<p>El\u0151ad\u00f3k: Dr. Pethesn\u00e9 D\u00e1vid Be\u00e1ta, Heged\u00fcs R\u00e9ka, Dr. B\u00f3n\u00e9 Veronika, Dr. Danis Ildik\u00f3<\/p>\n<p>\u00a0<strong>11.30-11.50 &#8211; A sz\u00fcl\u00e9s-sz\u00fclet\u00e9s k\u00f6r\u00fclm\u00e9nyei \u00e9s biztons\u00e1ga<\/strong><\/p>\n<p>El\u0151ad\u00f3k: Dr. L\u00e1donyi Zsuzsanna, Dr. B\u00f3n\u00e9 Veronika, Dr. Danis Ildik\u00f3<\/p>\n<p><strong>11.50-12.10 &#8211; A gyermekfejl\u0151d\u00e9s munkacsoport moduljainak bemutat\u00e1sa<\/strong><\/p>\n<p>El\u0151ad\u00f3k: Bir\u00f3 Rita, Alkonyi M\u00e1ria, Siba M\u00f3nika, F\u00f6ldin\u00e9 Koczka Kriszta, G\u00f3cz\u00e1n-Szab\u00f3 Ildik\u00f3, Pr\u00f3nay Be\u00e1ta, Stadler Judit, Ver\u00e9b-N\u00e9meth\u00a0 R\u00e9ka, Dr. Danis Idik\u00f3<\/p>\n<p><strong>12.10-12.30\u00a0 &#8211; A szoptat\u00e1s id\u0151tartam\u00e1t befoly\u00e1sol\u00f3 t\u00e9nyez\u0151k<\/strong><\/p>\n<p>El\u0151ad\u00f3k: W. Ungv\u00e1ry Ren\u00e1ta, Dr. B\u00f3n\u00e9 Veronika, Dr. T\u00f6r\u00f6k Szabolcs<\/p>\n<p><strong>12.30-12.50 &#8211; S\u00edr\u00e1s \u00e9s t\u00e1pl\u00e1lkoz\u00e1s csecsem\u0151- \u00e9s kisgyermekkorban \u2013 a regul\u00e1ci\u00f3s probl\u00e9m\u00e1k sz\u0171r\u00e9si lehet\u0151s\u00e9gei<\/strong> El\u0151ad\u00f3k: Pr\u00f3nay Be\u00e1ta, G\u00f3cz\u00e1n-Szab\u00f3 Ildik\u00f3, Dr. Danis Ildik\u00f3<\/p>\n<p><strong>12.50-13.10 &#8211; Alv\u00e1s a Babaszob\u00e1ban<\/strong>\u00a0 El\u0151ad\u00f3k: Dr. T\u00f3th Ildik\u00f3, Dr. Danis Ildik\u00f3<\/p>\n<p><strong>13.10-13.30 &#8211; Interakt\u00edv percek<\/strong><\/p>\n<p><strong>13.30-14.10 &#8211; SZ\u00dcNET<\/strong><\/p>\n<p><strong>14.10-14.30- Feln\u0151tt k\u00f6t\u0151d\u00e9s a 21. sz\u00e1zadi babaszob\u00e1ban<\/strong><\/p>\n<p>El\u0151ad\u00f3k: Dupont Kinga, Dr. Danis Ildik\u00f3, Dr. Gervai Judit, Dr. T\u00f3th Ildik\u00f3, Koren R\u00e9ka, Dr. T\u00f6r\u00f6k Szabolcs<\/p>\n<p><strong>14.30-14.50 &#8211; Kisgyermekes sz\u00fcl\u0151k pszich\u00e9s j\u00f3ll\u00e9t mutat\u00f3i a Babaszoba kutat\u00e1sban<\/strong><\/p>\n<p>El\u0151ad\u00f3k: Dr. Danis Ildik\u00f3, Dr. T\u00f3th Ildik\u00f3<\/p>\n<p>\u00a0<strong>14.50-15.10 &#8211; Kisgyermeket nevel\u0151 roma csal\u00e1dok \u00e9letk\u00f6r\u00fclm\u00e9nyei \u00e9s j\u00f3ll\u00e9te<\/strong><\/p>\n<p>El\u0151ad\u00f3k: Szab\u00f3 T\u00fcnde, Dr. Danis Ildik\u00f3<\/p>\n<p><strong>15.10-15.30 &#8211; Kisgyermekes any\u00e1k t\u00e1rsadalmi helyzet\u00e9nek \u00e9s hangulat\u00e1nak \u00f6sszef\u00fcgg\u00e9se gyermek\u00fck viselked\u00e9s\u00e9nek percepci\u00f3j\u00e1val.<\/strong><\/p>\n<p>El\u0151ad\u00f3k: Dr. Gervai Judit, John M. Oates PhD, Dr. T\u00f3th Ildik\u00f3, Dr. Lakatos Krisztina, Dr. Danis Ildik\u00f3<\/p>\n<p>\u00a0<strong>15.30-15.50\u00a0 Sz\u00fcl\u0151k a babaszob\u00e1ban &#8211; a sz\u00fcl\u0151i reziliencia, mint v\u00e9d\u0151faktor<\/strong><\/p>\n<p>El\u0151ad\u00f3k: Dr. Cs. Ferenczi Szilvia, Dr. Danis Ildik\u00f3<\/p>\n<p>\u00a0<strong>15.50-16.10 A p\u00e1rkapcsolati megk\u00fczd\u00e9s szerepe a kisgyermekes sz\u00fcl\u0151k j\u00f3ll\u00e9t\u00e9ben<\/strong><\/p>\n<p>El\u0151ad\u00f3k: Z\u00e1mbori Petra, Dr. Martos Tam\u00e1s, Dr. Sallay Viola, Dr. Danis Ildik\u00f3<\/p>\n<p><strong>\u00a016.10-16.30 &#8211; Interakt\u00edv percek, z\u00e1r\u00e1s<\/strong><\/p>\n<p><strong><u>Eg\u00e9szs\u00e9g\u00fcgyi K\u00f6zszolg\u00e1lati Kar (EKK) &#8211; Id\u0151s\u00fcgyi interakt\u00edv \u00e9let\u00fat &#8211; tan\u00e1csad\u00f3 szekci\u00f3<\/u><\/strong><\/p>\n<p><span style=\"background-color: #ffff00\">SZEKCI\u00d3HOZ TARTOZ\u00d3 ZOOM LINK<\/span>:\u00a0 <a href=\"https:\/\/us02web.zoom.us\/j\/88623390284\">https:\/\/us02web.zoom.us\/j\/88623390284<\/a><\/p>\n<p><strong>10.00-10.10\u00a0 Bevezet\u0151 gondolatok az id\u0151s\u00fcgyi t\u00e9m\u00e1hoz \u00e9s az Id\u0151s\u00fcgyi interakt\u00edv-\u00e9let\u00fat- tan\u00e1csad\u00f3 k\u00e9pz\u00e9shez <\/strong>El\u0151ad\u00f3: Prof. Dr. Sz\u00e9man Zsuzsa<\/p>\n<p><strong>10.10-10.30\u00a0 Id\u0151s\u00f6d\u00e9s, k\u00f6rnyezet, infokommunik\u00e1ci\u00f3 oktat\u00e1si lehet\u0151s\u00e9gei a blended-learning t\u00edpus\u00fa tananyagban <\/strong>El\u0151ad\u00f3: Prof. Dr. Sz\u00e9man Zsuzsa<\/p>\n<p><strong>10.30-10.45\u00a0 Ment\u00e1lhigi\u00e9n\u00e9s tud\u00e1s \u00e9s attit\u0171d \u00e1tad\u00e1s \u00fatjai a blended-learning rendszer\u0171 Id\u0151s\u00fcgyi Interakt\u00edv \u00c9let\u00fat Tan\u00e1csad\u00f3 (II\u00c9T) szakir\u00e1ny\u00fa tov\u00e1bbk\u00e9pz\u00e9sen <\/strong>El\u0151ad\u00f3k: Dr. Asztalos Bernadett &#8211; Dr. Tr\u00f3bert Anett M\u00e1ria<\/p>\n<p><strong>10.45-11.05\u00a0 Az id\u0151s\u00f6d\u00e9s t\u00e9mak\u00f6r\u00e9hez kapcsol\u00f3d\u00f3 szakpolitik\u00e1k oktat\u00e1s\u00e1nak jelent\u0151s\u00e9ge \u00e9s lehet\u0151s\u00e9gei. <\/strong>El\u0151ad\u00f3: Dr. Paty\u00e1n L\u00e1szl\u00f3<\/p>\n<p><strong>11.05-11.30\u00a0 Als\u00f3mocsol\u00e1d \u00fatja az id\u0151sbar\u00e1t telep\u00fcl\u00e9sig <\/strong>El\u0151ad\u00f3: Dics\u0151 L\u00e1szl\u00f3<\/p>\n<p><strong>11.30-12.00 R\u00e9sztvev\u0151k hozz\u00e1sz\u00f3l\u00e1sai, k\u00e9rd\u00e9sei<\/strong><\/p>\n<p><strong><u>Gy\u00f3gyszer\u00e9sztudom\u00e1nyi Kar (GYTK) &#8211; Workshop szekci\u00f3<\/u><\/strong><\/p>\n<p><span style=\"background-color: #ffff00\">SZEKCI\u00d3HOZ TARTOZ\u00d3 ZOOM LINK<\/span>:\u00a0 <a href=\"https:\/\/us02web.zoom.us\/j\/84697225961\">https:\/\/us02web.zoom.us\/j\/84697225961<\/a><\/p>\n<p>\u00a0A Gy\u00f3gyszer\u00e9sztudom\u00e1nyi Kar workshop szekci\u00f3j\u00e1ban a p\u00e1ly\u00e1zat keretei k\u00f6z\u00f6tt el\u00e9rt oktat\u00e1sm\u00f3dszertani fejleszt\u00e9sek eredm\u00e9nyeit mutatjuk be. Interakt\u00edv konzult\u00e1ci\u00f3 keret\u00e9ben lehet\u0151s\u00e9g ny\u00edlik tov\u00e1bbi fejleszt\u00e9si \u00e9s fenntarthat\u00f3s\u00e1gi k\u00e9rd\u00e9sek megvitat\u00e1s\u00e1ra egy\u00fcttm\u0171k\u00f6d\u00e9sben a hallgat\u00f3kkal, egyetemi oktat\u00f3kkal \u00e9s szakmai szervezetekkel.<\/p>\n<p><strong>10.00-11.00 Maradj az egyetemen!<\/strong><\/p>\n<p>Alapoz\u00f3 tant\u00e1rgyak lemorzsol\u00f3d\u00e1s\u00e1t cs\u00f6kkent\u0151 felk\u00e9sz\u00edt\u0151 konzult\u00e1ci\u00f3k \u00e9s a szakmai angol nyelvismeret b\u0151v\u00edt\u00e9se\u00a0<\/p>\n<p>El\u0151ad\u00f3k \u00e9s koordin\u00e1torok: Dr. Deme Ruth, Dr. Farag\u00f3 Zolt\u00e1n, Dr. Major Enik\u0151, Dr. P\u00e1l \u00c9va, Sirokm\u00e1ny Vikt\u00f3ria<\/p>\n<p><strong>11.00-12.00 Sikeres p\u00e1lyakezd\u00e9s k\u00f6zvetlen\u00fcl a diploma \u00e1tv\u00e9tel\u00e9t k\u00f6vet\u0151en, avagy a z\u00e1r\u00f3vizsga el\u0151tti k\u00f6telez\u0151 szakmai gyakorlati program meg\u00faj\u00edt\u00e1s\u00e1nak l\u00e9tjogosults\u00e1ga<\/strong><\/p>\n<p>P\u00e1lyakezd\u0151 fiatal gy\u00f3gyszer\u00e9szek kompetencia-fejleszt\u00e9se egy\u00fcttm\u0171k\u00f6d\u00e9sben a gy\u00f3gyszert\u00e1rakban dolgoz\u00f3 oktat\u00f3 gy\u00f3gyszer\u00e9szekkel<\/p>\n<p>El\u0151ad\u00f3k \u00e9s koordin\u00e1torok: Dr. Palcs\u00f3 Barnab\u00e1s, Dr. Somogyi Orsolya, Dr. Szilvay Andr\u00e1s<\/p>\n<div>\u00a0<\/div>\n<p><img loading=\"lazy\" decoding=\"async\" class=\"alignright\" src=\"https:\/\/semmelweis.hu\/kfipalyazat\/files\/2025\/07\/esza.jpg\" width=\"472\" height=\"337\" \/><\/p>\n","protected":false},"excerpt":{"rendered":"<p><a href=\"https:\/\/semmelweis.hu\/kfipalyazat\/files\/2025\/07\/Semmelweis_program_vegleges.pdf\" target=\"_blank\" rel=\"noopener\">EFOP-3.4.3-16-2016-00007\u00a0z\u00e1r\u00f3rendezv\u00e9ny ONLINE program<\/a> <a href=\"https:\/\/docs.google.com\/forms\/d\/1G1prg_mEi2jbSy0N-R9Yrg1GLP_D8e7MoPz2YX91ick\/viewform?fbclid=IwAR10yRzDS_qWXWjyj1E6tiLPAradHUVJAkV-GA_bNZx5Ea894NRc1728Y9A&amp;edit_requested=true\" target=\"_blank\" rel=\"noopener\">Regisztr\u00e1ci\u00f3s \u0171rlap<\/a> \u00a0 <a href=\"https:\/\/semmelweis.hu\/kfipalyazat\/files\/2025\/07\/Online-linkek_final.pdf\" target=\"_blank\" rel=\"noopener\">Program szekci\u00f3hoz tartoz\u00f3 online linkek<\/a> \u00a0 Tud\u00e1s. Felel\u0151ss\u00e9g. Eg\u00e9szs\u00e9g. Minden kedves \u00e9rdekl\u0151d\u0151t \u00e9s r\u00e9sztvev\u0151t t\u00e1j\u00e9koztatunk, hogy az esem\u00e9nyr\u0151l felv\u00e9tel k\u00e9sz\u00fcl. A linkekkel kapcsolatos probl\u00e9ma, bel\u00e9p\u00e9si k\u00e9rd\u00e9sek eset\u00e9n a rendezv\u00e9ny ideje alatt h\u00edvhat\u00f3 az al\u00e1bbi telefonsz\u00e1m: <a href=\"tel:304135653\">30\/413-56-53<\/a> . EFOP-3.4.3-16-2016-00007 &#8211; A Semmelweis Egyetem tanul\u00f3i b\u00e1zis\u00e1nak sz\u00e9les\u00edt\u00e9se, beker\u00fcl\u00e9st \u00e9s bennmarad\u00e1st t\u00e1mogat\u00f3 programok ind\u00edt\u00e1s\u00e1n, valamint balassagyarmati telephely\u00e9n \u00faj szolg\u00e1ltat\u00e1sok bevezet\u00e9s\u00e9n kereszt\u00fcl Z\u00e1r\u00f3konferencia 1.nap &hellip;<\/p>\n","protected":false},"author":102410,"featured_media":0,"parent":390,"menu_order":1,"comment_status":"closed","ping_status":"closed","template":"","meta":{"_acf_changed":false,"footnotes":""},"categories":[],"tags":[],"class_list":["post-464","page","type-page","status-publish","hentry"],"acf":[],"_links":{"self":[{"href":"https:\/\/semmelweis.hu\/kfipalyazat\/wp-json\/wp\/v2\/pages\/464","targetHints":{"allow":["GET"]}}],"collection":[{"href":"https:\/\/semmelweis.hu\/kfipalyazat\/wp-json\/wp\/v2\/pages"}],"about":[{"href":"https:\/\/semmelweis.hu\/kfipalyazat\/wp-json\/wp\/v2\/types\/page"}],"author":[{"embeddable":true,"href":"https:\/\/semmelweis.hu\/kfipalyazat\/wp-json\/wp\/v2\/users\/102410"}],"replies":[{"embeddable":true,"href":"https:\/\/semmelweis.hu\/kfipalyazat\/wp-json\/wp\/v2\/comments?post=464"}],"version-history":[{"count":4,"href":"https:\/\/semmelweis.hu\/kfipalyazat\/wp-json\/wp\/v2\/pages\/464\/revisions"}],"predecessor-version":[{"id":470,"href":"https:\/\/semmelweis.hu\/kfipalyazat\/wp-json\/wp\/v2\/pages\/464\/revisions\/470"}],"up":[{"embeddable":true,"href":"https:\/\/semmelweis.hu\/kfipalyazat\/wp-json\/wp\/v2\/pages\/390"}],"wp:attachment":[{"href":"https:\/\/semmelweis.hu\/kfipalyazat\/wp-json\/wp\/v2\/media?parent=464"}],"wp:term":[{"taxonomy":"category","embeddable":true,"href":"https:\/\/semmelweis.hu\/kfipalyazat\/wp-json\/wp\/v2\/categories?post=464"},{"taxonomy":"post_tag","embeddable":true,"href":"https:\/\/semmelweis.hu\/kfipalyazat\/wp-json\/wp\/v2\/tags?post=464"}],"curies":[{"name":"wp","href":"https:\/\/api.w.org\/{rel}","templated":true}]}}