{"id":458,"date":"2025-07-23T14:55:50","date_gmt":"2025-07-23T12:55:50","guid":{"rendered":"https:\/\/semmelweis.hu\/kfipalyazat\/?page_id=458"},"modified":"2025-08-14T10:11:35","modified_gmt":"2025-08-14T08:11:35","slug":"nemzeti-szivprogram","status":"publish","type":"page","link":"https:\/\/semmelweis.hu\/kfipalyazat\/palyazatok\/hazai-palyazatok\/fenntartas\/nemzeti-szivprogram\/","title":{"rendered":"Nemzeti Sz\u00edvprogram"},"content":{"rendered":"<p style=\"text-align: justify\"><strong>Projektazonos\u00edt\u00f3:<\/strong> NVKP_16-1-2016-0017<\/p>\n<p style=\"text-align: justify\"><strong>Projekt c\u00edme:<\/strong> Nemzeti Sz\u00edvprogram: Kutat\u00e1s \u00e9s innov\u00e1ci\u00f3 az iszk\u00e9mi\u00e1s sz\u00edvbetegs\u00e9g \u00e9s sz\u00edvel\u00e9gtelens\u00e9g diagnosztik\u00e1j\u00e1ban \u00e9s ter\u00e1pi\u00e1j\u00e1ban<\/p>\n<p style=\"text-align: justify\"><strong>R\u00e9sztvev\u0151 partnerek:<\/strong><\/p>\n<ol style=\"text-align: justify\">\n<li>Semmelweis Egyetem (konzorciumvezet\u0151)<\/li>\n<\/ol>\n<ul style=\"text-align: justify\">\n<li style=\"list-style-type: none\">\n<ul>\n<li>V\u00e1rosmajori Sz\u00edv- \u00e9s \u00c9rgy\u00f3gy\u00e1szati Klinika<\/li>\n<li>Farmakol\u00f3giai \u00e9s Farmakoter\u00e1pi\u00e1s Int\u00e9zet<\/li>\n<li>Biofizikai \u00e9s Sug\u00e1rbiol\u00f3giai Int\u00e9zet<\/li>\n<li>Genetikai, Sejt \u00e9s Immunbiol\u00f3giai Int\u00e9zet<\/li>\n<\/ul>\n<\/li>\n<\/ul>\n<ol style=\"text-align: justify\" start=\"2\">\n<li>Twinmed Orvosi Rendszerek Kft.<\/li>\n<li>MEDISO Medical Imaging Systems Kft.<\/li>\n<li>PHARMAHUNGARY 2000 K\u00eds\u00e9rletes \u00e9s Klinikai Kutat\u00e1sfejleszt\u00e9si Kft.<\/li>\n<li>Neumann Projekt \u00e9s Szervez\u00e9si kft.<\/li>\n<\/ol>\n<p style=\"text-align: justify\"><strong>Projektvezet\u0151:<\/strong> Prof. Merkely B\u00e9la<\/p>\n<p style=\"text-align: justify\"><strong>Szakmai vezet\u0151:<\/strong> Prof. Ferdinandy P\u00e9ter<\/p>\n<p style=\"text-align: justify\"><strong>T\u00e1mogat\u00e1s \u00f6sszege:<\/strong><\/p>\n<ul style=\"text-align: justify\">\n<li>Teljes: 3.299.426.997 Ft,<\/li>\n<li>Semmelweis Egyetem: 2.611.854.181 Ft<\/li>\n<\/ul>\n<p style=\"text-align: justify\"><strong>Megval\u00f3s\u00edt\u00e1s id\u0151tartama:<\/strong> 2016.12.01-2020.11.30<\/p>\n<p style=\"text-align: justify\"><strong>T\u00e1mogat\u00e1si intenzit\u00e1s:<\/strong> 90,5%<\/p>\n<p style=\"text-align: justify\">\u00a0<\/p>\n<p style=\"text-align: justify\"><strong>Projekt honlapja:<\/strong>\u00a0<a href=\"https:\/\/semmelweis.hu\/varosmajor\/kutatas\/kardiologia\/projektek\/\">https:\/\/semmelweis.hu\/varosmajor\/kutatas\/kardiologia\/projektek\/<\/a><\/p>\n<p style=\"text-align: justify\">\u00a0<\/p>\n<p style=\"text-align: justify\"><strong>Projekt le\u00edr\u00e1sa:<\/strong><\/p>\n<p style=\"text-align: justify\">A sz\u00e9les k\u00f6rben el\u00e9rhet\u0151 gy\u00f3gyszeres \u00e9s eszk\u00f6z\u00f6s ter\u00e1pi\u00e1s lehet\u0151s\u00e9gek ellen\u00e9re az iszk\u00e9mi\u00e1s sz\u00edvbetegs\u00e9g \u00e9s sz\u00edvel\u00e9gtelens\u00e9g haz\u00e1nkban \u00e9s az Eur\u00f3pai Uni\u00f3ban is az egyik leggyakoribb hal\u00e1lok. Ezen eg\u00e9szs\u00e9g\u00fcgyi mutat\u00f3k jav\u00edt\u00e1sa els\u0151sorban a megel\u0151z\u00e9s hat\u00e9konys\u00e1g\u00e1nak jav\u00edt\u00e1s\u00e1n kereszt\u00fcl \u00e9rhet\u0151 el. A Nemzeti Sz\u00edvprogram c\u00e9lja a sz\u00edv- \u00e9s \u00e9rrendszeri megbeteged\u00e9sek \u00e1ltal okozott hal\u00e1loz\u00e1s cs\u00f6kkent\u00e9se innovat\u00edv, j\u00f6v\u0151be mutat\u00f3 diagnosztikai \u00e9s ter\u00e1pi\u00e1s m\u00f3dszereken, szolg\u00e1ltat\u00e1sokon, fejleszt\u00e9seken kereszt\u00fcl. Ennek sor\u00e1n interdiszciplin\u00e1ris (orvostudom\u00e1ny, informatika, fizika), szorosan integr\u00e1lt transzl\u00e1ci\u00f3s (az alapkutat\u00e1st\u00f3l az epidemiol\u00f3gia kutat\u00e1sig terjed\u0151) kutat\u00e1s-fejleszt\u00e9si platformot hozunk l\u00e9tre a Semmelweis Egyetem \u00e9s n\u00e9gy kiv\u00e1l\u00f3 magyar v\u00e1llalkoz\u00e1s (Mediso Kft, TwinMed Kft, Neumann Projekt Kft, Pharmahungary 2000 Kft) r\u00e9szv\u00e9tel\u00e9vel. A kutat\u00e1saink v\u00e9gpontja a klinikai gyakorlatban is hasznos\u00edthat\u00f3, \u00faj szem\u00e9lyre szabott megel\u0151z\u00e9st \u00e9s gy\u00f3gy\u00edt\u00e1st seg\u00edt\u0151 technol\u00f3gia megalkot\u00e1sa.<\/p>\n<p style=\"text-align: justify\">A Nemzeti Sz\u00edvprogram h\u00e1rom pill\u00e9r\u00e9t az \u00fajonnan l\u00e9trej\u00f6v\u0151 kutat\u00e1si infrastrukt\u00fara, kutat\u00e1si projektek \u00e9s a piacon hasznos\u00edthat\u00f3 term\u00e9kek \u00e9s szolg\u00e1ltat\u00e1sok k\u00e9pezik. A Semmelweis Egyetemen m\u0171k\u00f6d\u0151 vezet\u0151 kardiovaszkul\u00e1ris kutat\u00f3csoportok egy\u00fcttm\u0171k\u00f6d\u00e9s\u00e9vel \u0151ssejtes diagnosztikai \u00e9s ter\u00e1pi\u00e1s elj\u00e1r\u00e1sok, \u201emultiomikus\u201d szem\u00e9lyre szabott kardiovaszkul\u00e1ris rizik\u00f3becsl\u00e9s \u00e9s diagnosztika, \u00faj t\u00edpus\u00fa eszk\u00f6z\u00f6s sz\u00edvel\u00e9gtelens\u00e9g-ter\u00e1pi\u00e1k kidolgoz\u00e1sa \u00e9s \u00faj gy\u00f3gyszer-targetek azonos\u00edt\u00e1sa val\u00f3sul meg. Az \u00faj ter\u00e1pi\u00e1s (sz\u00edvkat\u00e9ter), diagnosztikus (\u00faj PET\/CT technol\u00f3gia), szolg\u00e1ltat\u00e1s (mesters\u00e9ges intelligenci\u00e1n alapul\u00f3 \u00faj kardiol\u00f3giai \u00e9s radiol\u00f3giai leletez\u0151 platform) protot\u00edpust fejleszt\u00fcnk.<\/p>\n<p>&nbsp;<\/p>\n<p><img loading=\"lazy\" decoding=\"async\" class=\"alignright\" src=\"https:\/\/semmelweis.hu\/kfipalyazat\/files\/2025\/07\/NKFIA_infoblokk_kerettel_program_fekvo_2019_HU.jpg\" width=\"550\" height=\"233\" \/><\/p>\n","protected":false},"excerpt":{"rendered":"<p>Projektazonos\u00edt\u00f3: NVKP_16-1-2016-0017 Projekt c\u00edme: Nemzeti Sz\u00edvprogram: Kutat\u00e1s \u00e9s innov\u00e1ci\u00f3 az iszk\u00e9mi\u00e1s sz\u00edvbetegs\u00e9g \u00e9s sz\u00edvel\u00e9gtelens\u00e9g diagnosztik\u00e1j\u00e1ban \u00e9s ter\u00e1pi\u00e1j\u00e1ban R\u00e9sztvev\u0151 partnerek: Semmelweis Egyetem (konzorciumvezet\u0151) V\u00e1rosmajori Sz\u00edv- \u00e9s \u00c9rgy\u00f3gy\u00e1szati Klinika Farmakol\u00f3giai \u00e9s Farmakoter\u00e1pi\u00e1s Int\u00e9zet Biofizikai \u00e9s Sug\u00e1rbiol\u00f3giai Int\u00e9zet Genetikai, Sejt \u00e9s Immunbiol\u00f3giai Int\u00e9zet Twinmed Orvosi Rendszerek Kft. MEDISO Medical Imaging Systems Kft. PHARMAHUNGARY 2000 K\u00eds\u00e9rletes \u00e9s Klinikai Kutat\u00e1sfejleszt\u00e9si &hellip;<\/p>\n","protected":false},"author":102410,"featured_media":0,"parent":137,"menu_order":2,"comment_status":"closed","ping_status":"closed","template":"","meta":{"_acf_changed":false,"footnotes":""},"categories":[],"tags":[],"class_list":["post-458","page","type-page","status-publish","hentry"],"acf":[],"_links":{"self":[{"href":"https:\/\/semmelweis.hu\/kfipalyazat\/wp-json\/wp\/v2\/pages\/458","targetHints":{"allow":["GET"]}}],"collection":[{"href":"https:\/\/semmelweis.hu\/kfipalyazat\/wp-json\/wp\/v2\/pages"}],"about":[{"href":"https:\/\/semmelweis.hu\/kfipalyazat\/wp-json\/wp\/v2\/types\/page"}],"author":[{"embeddable":true,"href":"https:\/\/semmelweis.hu\/kfipalyazat\/wp-json\/wp\/v2\/users\/102410"}],"replies":[{"embeddable":true,"href":"https:\/\/semmelweis.hu\/kfipalyazat\/wp-json\/wp\/v2\/comments?post=458"}],"version-history":[{"count":4,"href":"https:\/\/semmelweis.hu\/kfipalyazat\/wp-json\/wp\/v2\/pages\/458\/revisions"}],"predecessor-version":[{"id":668,"href":"https:\/\/semmelweis.hu\/kfipalyazat\/wp-json\/wp\/v2\/pages\/458\/revisions\/668"}],"up":[{"embeddable":true,"href":"https:\/\/semmelweis.hu\/kfipalyazat\/wp-json\/wp\/v2\/pages\/137"}],"wp:attachment":[{"href":"https:\/\/semmelweis.hu\/kfipalyazat\/wp-json\/wp\/v2\/media?parent=458"}],"wp:term":[{"taxonomy":"category","embeddable":true,"href":"https:\/\/semmelweis.hu\/kfipalyazat\/wp-json\/wp\/v2\/categories?post=458"},{"taxonomy":"post_tag","embeddable":true,"href":"https:\/\/semmelweis.hu\/kfipalyazat\/wp-json\/wp\/v2\/tags?post=458"}],"curies":[{"name":"wp","href":"https:\/\/api.w.org\/{rel}","templated":true}]}}