{"id":455,"date":"2025-07-23T14:54:26","date_gmt":"2025-07-23T12:54:26","guid":{"rendered":"https:\/\/semmelweis.hu\/kfipalyazat\/?page_id=455"},"modified":"2025-08-14T10:09:49","modified_gmt":"2025-08-14T08:09:49","slug":"nemzeti-bionika-program","status":"publish","type":"page","link":"https:\/\/semmelweis.hu\/kfipalyazat\/palyazatok\/hazai-palyazatok\/fenntartas\/nemzeti-bionika-program\/","title":{"rendered":"Nemzeti Bionika Program"},"content":{"rendered":"<p style=\"text-align: justify\"><strong>Projekt azonos\u00edt\u00f3 sz\u00e1ma: ED_17-1-2017-0009<\/strong><\/p>\n<p><strong>Projektr\u0151l:<\/strong><\/p>\n<p style=\"text-align: justify\">A P\u00e1zm\u00e1ny P\u00e9ter Katolikus Egyetem (PPKE) \u00e9s a Semmelweis Egyetem (SE), valamint a Bionikai Innov\u00e1ci\u00f3s K\u00f6zpont (BIK) konzorciumot k\u00edv\u00e1n l\u00e9trehozni Nemzeti Bionikai Program (Program) n\u00e9ven, amelynek els\u0151dleges c\u00e9lja a bionikai kutat\u00e1sok t\u00e1mogat\u00e1sa, a szakter\u00fclet h\u00e1l\u00f3zatosod\u00e1s\u00e1nak elind\u00edt\u00e1sa, kezdem\u00e9nyez\u00e9se \u00e9s a l\u00e9trej\u00f6v\u0151 eredm\u00e9nyek ipari hasznos\u00edt\u00e1s\u00e1nak biztos\u00edt\u00e1sa. A Program t\u00e1maszkodik a BIK keret\u00e9ben l\u00e9trej\u00f6tt kutat\u00e1si eredm\u00e9nyekre, megval\u00f3sult innovat\u00edv technol\u00f3giai megold\u00e1sokra, illetve erny\u0151k\u00e9nt fogja \u00f6ssze a hazai bionikai kutat\u00e1sokat, lehet\u0151s\u00e9get teremtve a szakter\u00fclet kiemelked\u0151 fejl\u0151d\u00e9s\u00e9re, ipari szempontb\u00f3l hasznos\u00edthat\u00f3 alkalmazott kutat\u00e1sokra.<\/p>\n<p style=\"text-align: justify\">A konzorciumban kutat\u00e1si \u00e9s innov\u00e1ci\u00f3s tev\u00e9kenys\u00e9g az egyetemi tagokn\u00e1l \u00f6sszpontosul, m\u00edg az ipari hasznos\u00edt\u00e1s lehet\u0151s\u00e9geinek, illetve az ipari szolg\u00e1ltat\u00e1si ig\u00e9nyek k\u00f6zvet\u00edt\u00e9se a Program sz\u00e1m\u00e1ra a BIK feladati k\u00f6z\u00f6tt ker\u00fcl megval\u00f3s\u00edt\u00e1sra.<\/p>\n<p style=\"text-align: justify\">A Programban megval\u00f3s\u00edtani k\u00edv\u00e1nt kutat\u00e1sok szakmai ellen\u0151rz\u00e9s\u00e9t az egyetemi Tudom\u00e1nyos Tan\u00e1csok tagjaib\u00f3l, illetve k\u00fcls\u0151, bionikai ter\u00fcleten m\u0171k\u00f6d\u0151 ipari, valamint bionik\u00e1val foglalkoz\u00f3 int\u00e9zm\u00e9nyek szak\u00e9rt\u0151ib\u0151l \u00e1ll\u00f3 Tudom\u00e1nyos Ir\u00e1ny\u00edt\u00f3 Test\u00fclet l\u00e1tja el. Az eml\u00edtett Tudom\u00e1nyos Ir\u00e1ny\u00edt\u00f3 Test\u00fclet d\u00f6nt projektek ind\u00edt\u00e1s\u00e1r\u00f3l, k\u00f6lts\u00e9gvet\u00e9s\u00e9nek keret\u00f6sszeg\u00e9r\u0151l \u00e9pp\u00fagy, mint adott esetben le\u00e1ll\u00edt\u00e1sukr\u00f3l.<\/p>\n<p style=\"text-align: justify\">A Nemzeti Bionikai Program keret\u00e9ben tervezett kutat\u00e1soknak a konzorciumban l\u00e9v\u0151 egyetemi laborat\u00f3riumok adnak helyet az egyetemekn\u00e9l \u00e9s a BIK Kft.-n\u00e9l megl\u00e9v\u0151 eszk\u00f6zpark haszn\u00e1lat\u00e1val, illetve azoknak a szakmai c\u00e9lokhoz, projektekhez igazod\u00f3 c\u00e9lzott fejleszt\u00e9s\u00e9vel. A jelenlegi kutat\u00e1sok, illetve a bionikai h\u00e1l\u00f3zat fejl\u0151d\u00e9s\u00e9vel \u00faj indul\u00f3 projektek kapcs\u00e1n jelentkez\u0151 laborig\u00e9nyeket a konzorcium tagjai kezelik, ugyanakkor az adotts\u00e1gokt\u00f3l elt\u00e9r\u0151 laborat\u00f3riumi ig\u00e9nyek jelentkez\u00e9s\u00e9vel \u00e9rt\u00e9kelik a lehets\u00e9ges tov\u00e1bbl\u00e9p\u00e9si ir\u00e1nyokat \u00e9s javaslatot fogalmaznak meg a T\u00e1mogat\u00f3 r\u00e9sz\u00e9re.<\/p>\n<p style=\"text-align: justify\">A program k\u00f6lts\u00e9gvet\u00e9s\u00e9t r\u00e9szben a jelenleg fut\u00f3 projektek \u00e9s a j\u00f6v\u0151ben a hazai bionikai h\u00e1l\u00f3zatb\u00f3l bej\u00f6v\u0151 \u00e9s a Tudom\u00e1nyos Ir\u00e1ny\u00edt\u00f3 Test\u00fclet \u00e1ltal befogadott projektek finansz\u00edroz\u00e1s\u00e1ra k\u00edv\u00e1njuk felhaszn\u00e1lni. Tekintettel a konzorciumi m\u0171k\u00f6d\u00e9sre, a konzorciumvezet\u0151n\u00e9l helyezz\u00fck el projektmenedzsment funkci\u00f3kat. E funkci\u00f3 ell\u00e1t\u00e1s\u00e1hoz elsz\u00e1molhat\u00f3 koordin\u00e1ci\u00f3s k\u00f6lts\u00e9gvet\u00e9st rendel\u00fcnk a program keretein bel\u00fcl, mellyel p\u00e1rhuzamosan a BIK partnern\u00e9l ugyanakkor kiz\u00e1r\u00f3lag a technol\u00f3giai transzfer \u00e9s \u00fczletfejleszt\u00e9s tev\u00e9kenys\u00e9gekre ker\u00fcl meghat\u00e1roz\u00e1sra m\u0171k\u00f6d\u00e9si k\u00f6lts\u00e9gkeret.<\/p>\n<p style=\"text-align: justify\">Nemzeti Bionikai Program tervezett megval\u00f3s\u00edt\u00e1sa sor\u00e1n a konzorciumi partnerek egy\u00fcttm\u0171k\u00f6d\u00e9se seg\u00edts\u00e9g\u00e9vel olyan tudom\u00e1nyos \u00e9s szolg\u00e1ltat\u00f3 egys\u00e9gb\u0151l \u00e1ll\u00f3 h\u00e1l\u00f3zat \u00e9p\u00fcl ki, amely k\u00e9pes az ipari ig\u00e9nyek k\u00f6zvet\u00edt\u00e9s\u00e9vel az alkalmazott kutat\u00e1si c\u00e9lok ment\u00e9n l\u00e9trej\u00f6v\u0151 innovat\u00edv eredm\u00e9nyeket k\u00f6zvetlen\u00fcl eljuttatni az ipari szerepl\u0151kh\u00f6z. A Nemzeti Bionikai Program h\u00e1l\u00f3zatba szervezi a szakter\u00fcleti kutat\u00e1sokat \u00e9s hidat k\u00e9pez a kutat\u00e1si, int\u00e9zm\u00e9nyi, valamint alkalmaz\u00e1si, ipari szerepl\u0151k k\u00f6z\u00f6tt.<\/p>\n<p><img loading=\"lazy\" decoding=\"async\" class=\"alignright\" src=\"https:\/\/semmelweis.hu\/kfipalyazat\/files\/2025\/07\/NKFIA_infoblokk_kerettel_program_fekvo_2019_HU.jpg\" width=\"550\" height=\"233\" \/><\/p>\n","protected":false},"excerpt":{"rendered":"<p>Projekt azonos\u00edt\u00f3 sz\u00e1ma: ED_17-1-2017-0009 Projektr\u0151l: A P\u00e1zm\u00e1ny P\u00e9ter Katolikus Egyetem (PPKE) \u00e9s a Semmelweis Egyetem (SE), valamint a Bionikai Innov\u00e1ci\u00f3s K\u00f6zpont (BIK) konzorciumot k\u00edv\u00e1n l\u00e9trehozni Nemzeti Bionikai Program (Program) n\u00e9ven, amelynek els\u0151dleges c\u00e9lja a bionikai kutat\u00e1sok t\u00e1mogat\u00e1sa, a szakter\u00fclet h\u00e1l\u00f3zatosod\u00e1s\u00e1nak elind\u00edt\u00e1sa, kezdem\u00e9nyez\u00e9se \u00e9s a l\u00e9trej\u00f6v\u0151 eredm\u00e9nyek ipari hasznos\u00edt\u00e1s\u00e1nak biztos\u00edt\u00e1sa. A Program t\u00e1maszkodik a BIK keret\u00e9ben &hellip;<\/p>\n","protected":false},"author":102410,"featured_media":0,"parent":137,"menu_order":1,"comment_status":"closed","ping_status":"closed","template":"","meta":{"_acf_changed":false,"footnotes":""},"categories":[],"tags":[],"class_list":["post-455","page","type-page","status-publish","hentry"],"acf":[],"_links":{"self":[{"href":"https:\/\/semmelweis.hu\/kfipalyazat\/wp-json\/wp\/v2\/pages\/455","targetHints":{"allow":["GET"]}}],"collection":[{"href":"https:\/\/semmelweis.hu\/kfipalyazat\/wp-json\/wp\/v2\/pages"}],"about":[{"href":"https:\/\/semmelweis.hu\/kfipalyazat\/wp-json\/wp\/v2\/types\/page"}],"author":[{"embeddable":true,"href":"https:\/\/semmelweis.hu\/kfipalyazat\/wp-json\/wp\/v2\/users\/102410"}],"replies":[{"embeddable":true,"href":"https:\/\/semmelweis.hu\/kfipalyazat\/wp-json\/wp\/v2\/comments?post=455"}],"version-history":[{"count":2,"href":"https:\/\/semmelweis.hu\/kfipalyazat\/wp-json\/wp\/v2\/pages\/455\/revisions"}],"predecessor-version":[{"id":667,"href":"https:\/\/semmelweis.hu\/kfipalyazat\/wp-json\/wp\/v2\/pages\/455\/revisions\/667"}],"up":[{"embeddable":true,"href":"https:\/\/semmelweis.hu\/kfipalyazat\/wp-json\/wp\/v2\/pages\/137"}],"wp:attachment":[{"href":"https:\/\/semmelweis.hu\/kfipalyazat\/wp-json\/wp\/v2\/media?parent=455"}],"wp:term":[{"taxonomy":"category","embeddable":true,"href":"https:\/\/semmelweis.hu\/kfipalyazat\/wp-json\/wp\/v2\/categories?post=455"},{"taxonomy":"post_tag","embeddable":true,"href":"https:\/\/semmelweis.hu\/kfipalyazat\/wp-json\/wp\/v2\/tags?post=455"}],"curies":[{"name":"wp","href":"https:\/\/api.w.org\/{rel}","templated":true}]}}