{"id":446,"date":"2025-07-22T15:17:46","date_gmt":"2025-07-22T13:17:46","guid":{"rendered":"https:\/\/semmelweis.hu\/kfipalyazat\/?page_id=446"},"modified":"2025-11-28T22:19:08","modified_gmt":"2025-11-28T21:19:08","slug":"adatkezeles-adatvedelem","status":"publish","type":"page","link":"https:\/\/semmelweis.hu\/kfipalyazat\/altalanos\/adatkezeles-adatvedelem\/","title":{"rendered":"Adatkezel\u00e9s, adatv\u00e9delem"},"content":{"rendered":"<p><a href=\"https:\/\/semmelweis.hu\/kfipalyazat\/files\/2025\/09\/adatkezelesi-tajekoztato-2025-PMK_vegleges__alairt.pdf\" target=\"_blank\" rel=\"noopener\">A P\u00e1ly\u00e1zati Menedzsment K\u00f6zpont \u00e1ltal\u00e1nos adatkezel\u00e9si t\u00e1j\u00e9koztat\u00f3ja<\/a><\/p>\n<p><a href=\"https:\/\/semmelweis.hu\/kfipalyazat\/files\/2025\/09\/Adatkezelesi-nyilvantartas_SE-PALYAZATI-MENEDZSMENT-KP_final_2025_.xlsx\" target=\"_blank\" rel=\"noopener\">Adatkezel\u00e9si t\u00e1j\u00e9koztat\u00f3 a szem\u00e9lyes adatok kezel\u00e9s\u00e9r\u0151l a P\u00e1ly\u00e1zati Menedzsment K\u00f6zpont titk\u00e1rs\u00e1gi, munka\u00fcgyi \u00fcgyvitel\u00e9hez, valamint p\u00e1ly\u00e1zat- \u00e9s projektmenedzsment tev\u00e9kenys\u00e9g\u00e9hez kapcsol\u00f3d\u00f3an<\/a><\/p>\n","protected":false},"excerpt":{"rendered":"<p><a href=\"https:\/\/semmelweis.hu\/kfipalyazat\/files\/2025\/09\/adatkezelesi-tajekoztato-2025-PMK_vegleges__alairt.pdf\" target=\"_blank\" rel=\"noopener\">A P\u00e1ly\u00e1zati Menedzsment K\u00f6zpont \u00e1ltal\u00e1nos adatkezel\u00e9si t\u00e1j\u00e9koztat\u00f3ja<\/a><br \/>\n<a href=\"https:\/\/semmelweis.hu\/kfipalyazat\/files\/2025\/09\/Adatkezelesi-nyilvantartas_SE-PALYAZATI-MENEDZSMENT-KP_final_2025_.xlsx\" target=\"_blank\" rel=\"noopener\">Adatkezel\u00e9si t\u00e1j\u00e9koztat\u00f3 a szem\u00e9lyes adatok kezel\u00e9s\u00e9r\u0151l a P\u00e1ly\u00e1zati Menedzsment K\u00f6zpont titk\u00e1rs\u00e1gi, munka\u00fcgyi \u00fcgyvitel\u00e9hez, valamint p\u00e1ly\u00e1zat- \u00e9s projektmenedzsment tev\u00e9kenys\u00e9g\u00e9hez kapcsol\u00f3d\u00f3an<\/a><\/p>\n","protected":false},"author":102410,"featured_media":0,"parent":26,"menu_order":2,"comment_status":"closed","ping_status":"closed","template":"template-fullwidth.php","meta":{"_acf_changed":false,"footnotes":""},"categories":[],"tags":[],"class_list":["post-446","page","type-page","status-publish","hentry"],"acf":[],"_links":{"self":[{"href":"https:\/\/semmelweis.hu\/kfipalyazat\/wp-json\/wp\/v2\/pages\/446","targetHints":{"allow":["GET"]}}],"collection":[{"href":"https:\/\/semmelweis.hu\/kfipalyazat\/wp-json\/wp\/v2\/pages"}],"about":[{"href":"https:\/\/semmelweis.hu\/kfipalyazat\/wp-json\/wp\/v2\/types\/page"}],"author":[{"embeddable":true,"href":"https:\/\/semmelweis.hu\/kfipalyazat\/wp-json\/wp\/v2\/users\/102410"}],"replies":[{"embeddable":true,"href":"https:\/\/semmelweis.hu\/kfipalyazat\/wp-json\/wp\/v2\/comments?post=446"}],"version-history":[{"count":5,"href":"https:\/\/semmelweis.hu\/kfipalyazat\/wp-json\/wp\/v2\/pages\/446\/revisions"}],"predecessor-version":[{"id":727,"href":"https:\/\/semmelweis.hu\/kfipalyazat\/wp-json\/wp\/v2\/pages\/446\/revisions\/727"}],"up":[{"embeddable":true,"href":"https:\/\/semmelweis.hu\/kfipalyazat\/wp-json\/wp\/v2\/pages\/26"}],"wp:attachment":[{"href":"https:\/\/semmelweis.hu\/kfipalyazat\/wp-json\/wp\/v2\/media?parent=446"}],"wp:term":[{"taxonomy":"category","embeddable":true,"href":"https:\/\/semmelweis.hu\/kfipalyazat\/wp-json\/wp\/v2\/categories?post=446"},{"taxonomy":"post_tag","embeddable":true,"href":"https:\/\/semmelweis.hu\/kfipalyazat\/wp-json\/wp\/v2\/tags?post=446"}],"curies":[{"name":"wp","href":"https:\/\/api.w.org\/{rel}","templated":true}]}}