{"id":44,"date":"2025-05-26T12:52:52","date_gmt":"2025-05-26T10:52:52","guid":{"rendered":"https:\/\/semmelweis.hu\/kfipalyazat\/?page_id=44"},"modified":"2025-09-12T11:03:54","modified_gmt":"2025-09-12T09:03:54","slug":"palyazat-nyilvantarto-rendszer-pnyr","status":"publish","type":"page","link":"https:\/\/semmelweis.hu\/kfipalyazat\/altalanos\/palyazat-nyilvantarto-rendszer-pnyr\/","title":{"rendered":"P\u00e1ly\u00e1zat Nyilv\u00e1ntart\u00f3 Rendszer (PNYR)"},"content":{"rendered":"<div class=\"keretes w-100\">\n<p style=\"text-align: justify;\">A Semmelweis Egyetem p\u00e1ly\u00e1zati tev\u00e9kenys\u00e9g\u00e9t t\u00e1mogat\u00f3 P\u00e1ly\u00e1zat Nyilv\u00e1ntart\u00f3 Rendszer (PNYR) a tov\u00e1bbiakban is online fel\u00fcleten biztos\u00edtja a p\u00e1ly\u00e1zatokkal kapcsolatos \u00fcgyint\u00e9z\u00e9s lehet\u0151s\u00e9g\u00e9t. A rendszer c\u00e9lja a beny\u00fajt\u00e1si folyamat egyszer\u0171s\u00edt\u00e9se \u00e9s \u00e1tl\u00e1that\u00f3bb\u00e1 t\u00e9tele, melynek k\u00f6sz\u00f6nhet\u0151en a pap\u00edralap\u00fa adminisztr\u00e1ci\u00f3t teljes m\u00e9rt\u00e9kben az elektronikus \u00fcgyint\u00e9z\u00e9s v\u00e1ltja fel.<\/p>\n<\/div>\n<h5 style=\"text-align: justify;\">A p\u00e1ly\u00e1zati sz\u00e1nd\u00e9k jelz\u00e9s\u00e9nek folyamata h\u00e1rom l\u00e9p\u00e9sb\u0151l \u00e1ll:<\/h5>\n<ol style=\"text-align: justify;\">\n<li>\n<p data-start=\"689\" data-end=\"816\">A p\u00e1ly\u00e1zat r\u00f6gz\u00edt\u00e9s\u00e9\u00e9rt felel\u0151s szem\u00e9ly kit\u00f6lti az online p\u00e1ly\u00e1zati adatlapot, amely szakmai \u00e9s p\u00e9nz\u00fcgyi adatokat is tartalmaz.<\/p>\n<\/li>\n<li>\n<p data-start=\"820\" data-end=\"1049\">Ezt k\u00f6vet\u0151en a p\u00e1ly\u00e1z\u00f3 szervezeti egys\u00e9g\u00e9nek vezet\u0151je, valamint a vezet\u0151 p\u00e9nz\u00fcgyi koordin\u00e1tor automatikus \u00e9rtes\u00edt\u00e9st kapnak e-mailben. A lev\u00e9lben szerepl\u0151 linken kereszt\u00fcl j\u00f3v\u00e1hagyhatj\u00e1k a beny\u00fajtott szakmai \u00e9s p\u00e9nz\u00fcgyi adatokat.<\/p>\n<\/li>\n<li>\n<p>A vezet\u0151i j\u00f3v\u00e1hagy\u00e1st k\u00f6vet\u0151en a p\u00e1ly\u00e1zat r\u00f6gz\u00edt\u0151je online bek\u00fcldi a p\u00e1ly\u00e1zati k\u00e9relmet a P\u00e1ly\u00e1zati Menedzsment K\u00f6zpont r\u00e9sz\u00e9re.<\/p>\n<\/li>\n<\/ol>\n<p style=\"text-align: justify;\">A rendszerben a PNYR adatlap \u00e9s a P\u00e1ly\u00e1zati Fel\u00fcgyel\u0151bizotts\u00e1gi k\u00e9relem egy k\u00f6z\u00f6s \u0171rlapon szerepel, ezzel is el\u0151seg\u00edtve az egys\u00e9ges adatkezel\u00e9st \u00e9s a gyorsabb \u00fcgyint\u00e9z\u00e9st.<\/p>\n<p style=\"text-align: justify;\"><a class=\"btn btn-secondary\" href=\"http:\/\/pnyr.semmelweis.hu\/\" target=\"_blank\" rel=\"noopener\">pnyr.semmelweis.hu<\/a><\/p>\n<p style=\"text-align: justify;\">\u00a0<\/p>\n<div class=\"keretes w-100\" style=\"text-align: justify;\">\n<h5>Bemutat\u00f3 vide\u00f3 \u00e9s el\u0151ad\u00e1s:<\/h5>\n<p><a href=\"https:\/\/semmelweis.hu\/kfipalyazat\/files\/2025\/07\/PNYR-2.0-bemutato-2020.09.14.pptx\">PNYR bemutat\u00f3 diasor &#8211; 2020.09.14.<\/a><\/p>\n<p><iframe loading=\"lazy\" id=\"kaltura_player\" src=\"https:\/\/cdnapisec.kaltura.com\/p\/2714041\/sp\/271404100\/embedIframeJs\/uiconf_id\/45220391\/partner_id\/2714041?iframeembed=true&amp;playerId=kaltura_player&amp;entry_id=1_9d6zd4l8&amp;flashvars[streamerType]=auto&amp;flashvars[localizationCode]=en&amp;flashvars[sideBarContainer.plugin]=true&amp;flashvars[sideBarContainer.position]=left&amp;flashvars[sideBarContainer.clickToClose]=true&amp;flashvars[chapters.plugin]=true&amp;flashvars[chapters.layout]=vertical&amp;flashvars[chapters.thumbnailRotator]=false&amp;flashvars[streamSelector.plugin]=true&amp;flashvars[EmbedPlayer.SpinnerTarget]=videoHolder&amp;flashvars[dualScreen.plugin]=true&amp;flashvars[hotspots.plugin]=1&amp;flashvars[Kaltura.addCrossoriginToIframe]=true&amp;&amp;wid=1_80ea333h\" width=\"608\" height=\"402\"><\/iframe><\/p>\n<\/div>\n<h5 style=\"text-align: justify;\">\u00a0<\/h5>\n<h5 style=\"text-align: justify;\">Gyakran ism\u00e9telt k\u00e9rd\u00e9sek:<\/h5>\n<ul>\n<li style=\"text-align: justify;\"><strong>Olyan p\u00e1ly\u00e1zatra szeretn\u00e9k jelentkezni, amely nincs a PNYR-ben a p\u00e1ly\u00e1zati aj\u00e1nl\u00f3k k\u00f6z\u00f6tt, mit tegyek?<\/strong>Amennyiben b\u00e1rmely szervezeti egys\u00e9g, gazdas\u00e1gi t\u00e1rsas\u00e1g, egyetemi dolgoz\u00f3, hallgat\u00f3 olyan felh\u00edv\u00e1sra, t\u00e1mogat\u00e1si programra szeretne p\u00e1ly\u00e1zni, amelyet a PNYR nem tartalmaz, akkor ezt jelzi a P\u00e1ly\u00e1zati Menedzsment K\u00f6zpont (PMKP) sz\u00e1m\u00e1ra a <a href=\"mailto:project@semmelweis.hu\" target=\"_blank\" rel=\"noopener noreferrer\">project@semmelweis.hu<\/a> email-c\u00edmen. A javasolt felh\u00edv\u00e1s p\u00e1ly\u00e1zhat\u00f3s\u00e1g\u00e1t a PMKP ellen\u0151rzi \u00e9s felt\u00f6lti a rendszerbe.\n<\/li>\n<li style=\"text-align: justify;\"><strong>Sz\u00fcks\u00e9ges-e a H2020-as p\u00e1ly\u00e1zatomat regisztr\u00e1lni a PNYR-ben?<br \/>\n<\/strong>Igen, a H2020-as p\u00e1ly\u00e1zatokat is regisztr\u00e1lni kell a PNYR-ben.\u00a0<\/p>\n<\/li>\n<li style=\"text-align: justify;\"><strong>\u00a0<\/strong><strong>Hogyan tudok p\u00e1ly\u00e1zatot r\u00f6gz\u00edteni \/ jelentkezni p\u00e1ly\u00e1zati felh\u00edv\u00e1sra?<br \/>\n<\/strong>A \u201eP\u00e1ly\u00e1zati aj\u00e1nl\u00f3k list\u00e1ja\u201d men\u00fcpontban tal\u00e1lja a felhaszn\u00e1l\u00f3 az aktu\u00e1lis p\u00e1ly\u00e1zati aj\u00e1nl\u00f3kat, amelyek k\u00f6z\u00fcl egyre kattintva, kezdheti meg p\u00e1lyam\u0171v\u00e9nek felt\u00f6lt\u00e9s\u00e9t.\u00a0<\/p>\n<\/li>\n<li style=\"text-align: justify;\"><strong>M\u00e1r regisztr\u00e1ltam a rendszerben, de nem tudok bel\u00e9pni, mit tegyek?<br \/>\n<\/strong>A regisztr\u00e1ci\u00f3t k\u00f6vet\u0151en a PMKP munkat\u00e1rs\u00e1nak j\u00f3v\u00e1 kell hagynia a regisztr\u00e1ci\u00f3t. A j\u00f3v\u00e1hagy\u00e1sr\u00f3l k\u00fcl\u00f6n \u00e9rtes\u00edt\u00e9st kap a p\u00e1ly\u00e1z\u00f3. A megadott e-mail c\u00edm \u00e9s jelsz\u00f3 seg\u00edts\u00e9g\u00e9vel be tud l\u00e9pni a rendszerbe. <br \/>\nAmennyiben m\u00e9gsem siker\u00fcl a bel\u00e9p\u00e9s, k\u00e9rj\u00fck, vegye fel a kapcsolatot a PMKP munkat\u00e1rsaival.<\/li>\n<\/ul>\n","protected":false},"excerpt":{"rendered":"<p>A Semmelweis Egyetem p\u00e1ly\u00e1zati tev\u00e9kenys\u00e9g\u00e9t t\u00e1mogat\u00f3 P\u00e1ly\u00e1zat Nyilv\u00e1ntart\u00f3 Rendszer (PNYR) a tov\u00e1bbiakban is online fel\u00fcleten biztos\u00edtja a p\u00e1ly\u00e1zatokkal kapcsolatos \u00fcgyint\u00e9z\u00e9s lehet\u0151s\u00e9g\u00e9t. A rendszer c\u00e9lja a beny\u00fajt\u00e1si folyamat egyszer\u0171s\u00edt\u00e9se \u00e9s \u00e1tl\u00e1that\u00f3bb\u00e1 t\u00e9tele, melynek k\u00f6sz\u00f6nhet\u0151en a pap\u00edralap\u00fa adminisztr\u00e1ci\u00f3t teljes m\u00e9rt\u00e9kben az elektronikus \u00fcgyint\u00e9z\u00e9s v\u00e1ltja fel. A p\u00e1ly\u00e1zati sz\u00e1nd\u00e9k jelz\u00e9s\u00e9nek folyamata h\u00e1rom l\u00e9p\u00e9sb\u0151l \u00e1ll: A p\u00e1ly\u00e1zat r\u00f6gz\u00edt\u00e9s\u00e9\u00e9rt felel\u0151s &hellip;<\/p>\n","protected":false},"author":102410,"featured_media":0,"parent":26,"menu_order":3,"comment_status":"closed","ping_status":"closed","template":"template-fullwidth.php","meta":{"_acf_changed":false,"footnotes":""},"categories":[],"tags":[],"class_list":["post-44","page","type-page","status-publish","hentry"],"acf":[],"_links":{"self":[{"href":"https:\/\/semmelweis.hu\/kfipalyazat\/wp-json\/wp\/v2\/pages\/44","targetHints":{"allow":["GET"]}}],"collection":[{"href":"https:\/\/semmelweis.hu\/kfipalyazat\/wp-json\/wp\/v2\/pages"}],"about":[{"href":"https:\/\/semmelweis.hu\/kfipalyazat\/wp-json\/wp\/v2\/types\/page"}],"author":[{"embeddable":true,"href":"https:\/\/semmelweis.hu\/kfipalyazat\/wp-json\/wp\/v2\/users\/102410"}],"replies":[{"embeddable":true,"href":"https:\/\/semmelweis.hu\/kfipalyazat\/wp-json\/wp\/v2\/comments?post=44"}],"version-history":[{"count":11,"href":"https:\/\/semmelweis.hu\/kfipalyazat\/wp-json\/wp\/v2\/pages\/44\/revisions"}],"predecessor-version":[{"id":765,"href":"https:\/\/semmelweis.hu\/kfipalyazat\/wp-json\/wp\/v2\/pages\/44\/revisions\/765"}],"up":[{"embeddable":true,"href":"https:\/\/semmelweis.hu\/kfipalyazat\/wp-json\/wp\/v2\/pages\/26"}],"wp:attachment":[{"href":"https:\/\/semmelweis.hu\/kfipalyazat\/wp-json\/wp\/v2\/media?parent=44"}],"wp:term":[{"taxonomy":"category","embeddable":true,"href":"https:\/\/semmelweis.hu\/kfipalyazat\/wp-json\/wp\/v2\/categories?post=44"},{"taxonomy":"post_tag","embeddable":true,"href":"https:\/\/semmelweis.hu\/kfipalyazat\/wp-json\/wp\/v2\/tags?post=44"}],"curies":[{"name":"wp","href":"https:\/\/api.w.org\/{rel}","templated":true}]}}