{"id":426,"date":"2025-07-22T09:24:07","date_gmt":"2025-07-22T07:24:07","guid":{"rendered":"https:\/\/semmelweis.hu\/kfipalyazat\/?page_id=426"},"modified":"2025-09-12T10:57:32","modified_gmt":"2025-09-12T08:57:32","slug":"nemzeti-laboratoriumok","status":"publish","type":"page","link":"https:\/\/semmelweis.hu\/kfipalyazat\/palyazatok\/tarsfinanszirozott-palyazatok\/rrf\/nemzeti-laboratoriumok\/","title":{"rendered":"Nemzeti Laborat\u00f3riumok"},"content":{"rendered":"<div><strong>RRF-2.3.1-2021 Nemzeti Laborat\u00f3rium l\u00e9trehoz\u00e1sa, komplex fejleszt\u00e9se<\/strong><\/div>\n<div>\u00a0<\/div>\n<div>\n<p style=\"text-align: justify\">A nemzeti laborat\u00f3riumok a tud\u00e1s \u00e1tad\u00e1s \u00e9s a tud\u00e1s csere olyan fel\u00e9rt\u00e9kel\u0151d\u0151 forr\u00e1s\u00e1t k\u00e9pez\u0151 tud\u00e1sk\u00f6zpontok, melyek &#8211; a Nemzeti Kutat\u00e1si, Fejleszt\u00e9si \u00e9s Innov\u00e1ci\u00f3s Hivatal \u00e9s az Innov\u00e1ci\u00f3s \u00e9s Technol\u00f3giai Miniszt\u00e9rium szakpolitikai t\u00e1mogat\u00e1s\u00e1val- olyan h\u00e1l\u00f3zatokat k\u00e9peznek, melyek c\u00e9lja, hogy az egyes, a nemzetgazdas\u00e1g sz\u00e1m\u00e1ra fontos szakter\u00fcleteken kiemelked\u0151 tudom\u00e1nyos csom\u00f3pontokk\u00e1 v\u00e1ljanak.<\/p>\n<p style=\"text-align: justify\">A Nemzeti Laborat\u00f3riumok Program ( <a href=\"https:\/\/nkfih.gov.hu\/palyazoknak\/innovacios-okoszisztema\/nemzeti-laboratoriumok\">https:\/\/nkfih.gov.hu\/palyazoknak\/innovacios-okoszisztema\/nemzeti-laboratoriumok<\/a>) emellett a felfedez\u0151 \u00e9s a k\u00eds\u00e9rleti megk\u00f6zel\u00edt\u00e9s\u0171 kutat\u00e1soknak \u00faj, nemzetk\u00f6zi dimenzi\u00f3j\u00e1t nyit\u00f3, egy\u00fcttm\u0171k\u00f6d\u00e9sen alapul\u00f3, int\u00e9zm\u00e9nyes\u00fcl\u0151, dinamikus sz\u00ednterei is a kutat\u00e1si eredm\u00e9nyek t\u00e1rsadalmi, gazdas\u00e1gi, k\u00f6rnyezeti hasznos\u00edt\u00e1s\u00e1nak (tud\u00e1stranszfer).<\/p>\n<p style=\"text-align: justify\">A Semmelweis Egyetem konzorciumvezet\u0151k\u00e9nt 1, konzorciumi tagk\u00e9nt pedig 4 Nemzeti Laborat\u00f3rium megval\u00f3s\u00edt\u00e1s\u00e1ban vesz r\u00e9szt.<\/p>\n<ol>\n<li><strong><u>Nemzeti Kardiovaszkul\u00e1ris Laborat\u00f3rium<\/u><\/strong> <br \/>\n(konzorciumvezet\u0151: Semmelweis Egyetem)<\/li>\n<\/ol>\n<p style=\"text-align: justify\">A Nemzeti Sz\u00edvprogram (<a href=\"https:\/\/semmelweis.hu\/kfipalyazat\/palyazatok\/hazai-palyazatok\/fenntartas\/nemzeti-szivprogram\/\" target=\"_blank\" rel=\"noopener\">https:\/\/semmelweis.hu\/kfipalyazat\/palyazatok\/hazai-palyazatok\/fenntartas\/nemzeti-szivprogram\/<\/a>) k\u00f6zvetlen folytat\u00e1sak\u00e9nt megval\u00f3sul\u00f3 Nemzeti Kardiovaszkul\u00e1ris Laborat\u00f3rium projekt 3 kutat\u00e1si pill\u00e9rre \u00e9p\u00fcl, melyek mindegyike ahhoz j\u00e1rul hozz\u00e1, hogy haz\u00e1nk lakoss\u00e1ga a sz\u00edv \u00e9s \u00e9rrendszeri megbeteged\u00e9sek sz\u00e1m\u00e1nak cs\u00f6kkent\u00e9s\u00e9n kereszt\u00fcl hosszabb, id\u0151s korban is eg\u00e9szs\u00e9ges \u2013min\u0151s\u00e9gi-\u00a0 \u00e9letet \u00e9lhessen. A projekt v\u00e1rhat\u00f3 eredm\u00e9nyek\u00e9nt \u00faj kardiovaszkul\u00e1ris eg\u00e9szs\u00e9gfejleszt\u00e9si- \u00e9s betegs\u00e9gmegel\u0151z\u00e9si programok ker\u00fcljenek majd kidolgoz\u00e1sra.<\/p>\n<ol start=\"2\">\n<li><strong><u>Transzl\u00e1ci\u00f3s Idegtudom\u00e1nyi Nemzeti Laborat\u00f3rium<\/u><\/strong> <br \/>\n(konzorciumvezet\u0151: P\u00e9csi Tudom\u00e1nyegyetem)<\/li>\n<\/ol>\n<p style=\"text-align: justify\">A\u00a0Transzl\u00e1ci\u00f3s Idegtudom\u00e1nyi Nemzeti Laborat\u00f3rium\u00a0k\u00e9t,\u00a0a\u00a0\u201eFeln\u0151ttkori idegrendszeri zavarok\u201d\u00a0illetve az\u00a0\u201eIdegrendszeri fejl\u0151d\u00e9si zavarok\u201d\u00a0programj\u00e1nak c\u00e9lja az\u00a0idegrendszeri betegs\u00e9gek mechanizmus\u00e1nak meg\u00e9rt\u00e9se \u00e9s gy\u00f3gy\u00edt\u00e1s\u00e1nak m\u00f3dszertani jav\u00edt\u00e1sa, illetve a korai \u00e9letszakaszban bek\u00f6vetkez\u0151 idegrendszeri elv\u00e1ltoz\u00e1sok h\u00e1tter\u00e9ben \u00e1ll\u00f3 betegs\u00e9gmechanizmusok \u00e1tfog\u00f3 meg\u00e9rt\u00e9se r\u00e9v\u00e9n \u00faj diagnosztikai \u00e9s intervenci\u00f3s lehet\u0151s\u00e9gek fejleszt\u00e9se.<\/p>\n<ol start=\"3\">\n<li><strong><u>Eg\u00e9szs\u00e9gbiztons\u00e1g Nemzeti Laborat\u00f3rium<\/u><\/strong> <br \/>\n(konzorciumvezet\u0151: Szegedi Tudom\u00e1nyegyetem)<\/li>\n<\/ol>\n<p style=\"text-align: justify\">Az Eg\u00e9szs\u00e9gbiztons\u00e1g Nemzeti Laborat\u00f3rium arra t\u00f6rekszik, hogy l\u00e9trehozza Magyarorsz\u00e1gon az adatokra \u00e9s elemz\u00e9sekre \u00e9p\u00fcl\u0151 d\u00f6nt\u00e9sel\u0151k\u00e9sz\u00edt\u00e9sek tudom\u00e1nyos b\u00e1zis\u00e1t mind az eg\u00e9szs\u00e9g\u00fcgy, mind a j\u00e1rv\u00e1nyv\u00e9dekez\u00e9s, mind az \u00f6kol\u00f3giai rendszerek ter\u00fclet\u00e9n.<\/p>\n<ol start=\"4\">\n<li><strong><u>Mesters\u00e9ges Intelligencia Nemzeti Laborat\u00f3rium l\u00e9trehoz\u00e1sa \u00e9s komplex fejleszt\u00e9se (MILAB)<\/u><\/strong> <br \/>\n(konzorcium vezet\u0151: HUN-REN \u2013 Sz\u00e1m\u00edt\u00e1stechnikai \u00e9s Automatiz\u00e1l\u00e1si Kutat\u00f3int\u00e9zet)<\/li>\n<\/ol>\n<p style=\"text-align: justify\">A MILAB tev\u00e9kenys\u00e9ge a g\u00e9pi l\u00e1t\u00e1s- \u00e9s a term\u00e9szetes nyelvfeldolgoz\u00e1s fejleszt\u00e9s\u00e9re, a szem\u00e9lyes adatok v\u00e9delm\u00e9t biztos\u00edt\u00f3 adatfeldolgoz\u00f3 technol\u00f3gi\u00e1k kutat\u00e1s\u00e1ra, tov\u00e1bb\u00e1 \u00a0a t\u00e1rsadalmi hat\u00e1sok elemz\u00e9se \u00e9s alkalmazkod\u00e1si\/bevezet\u00e9si m\u00f3dok fejleszt\u00e9s\u00e9re f\u00f3kusz\u00e1l direkt finansz\u00edroz\u00e1sok biztos\u00edt\u00e1sa \u00fatj\u00e1n.<\/p>\n<ol start=\"5\">\n<li><strong><u>\u00c9ghajlatv\u00e1ltoz\u00e1s Multidiszciplin\u00e1ris Nemzeti Laborat\u00f3rium<\/u><\/strong> <br \/>\n(konzorcium vezet\u0151: Pannon Egyetem)<\/li>\n<\/ol>\n<p style=\"text-align: justify\">Az \u00c9ghajlatv\u00e1ltoz\u00e1s Multidiszciplin\u00e1ris Nemzeti Laborat\u00f3rium az \u00e9ghajlatv\u00e1ltoz\u00e1s jellemz\u0151inek vizsg\u00e1lata \u00e9s az \u00e9ghajlatv\u00e1ltoz\u00e1s elemeinek az emberi eg\u00e9szs\u00e9gre, term\u00e9szeti, gazdas\u00e1gi rendszerekre \u00e9s a t\u00e1rsadalomra gyakorolt hat\u00e1sainak tanulm\u00e1nyoz\u00e1sa, tov\u00e1bb\u00e1 a technol\u00f3giai, gazdas\u00e1gi \u00e9s t\u00e1rsadalmi adapt\u00e1ci\u00f3 ter\u00fclet\u00e9n v\u00e9gez kutat\u00e1s-fejleszt\u00e9si tev\u00e9kenys\u00e9get.<\/p>\n<table style=\"border-collapse: collapse;width: 100%\">\n<tbody>\n<tr>\n<td style=\"width: 580.444px\"><img loading=\"lazy\" decoding=\"async\" class=\"aligncenter\" src=\"https:\/\/semmelweis.hu\/kfipalyazat\/files\/2025\/07\/Nemzeti_Labor__logo.jpg\" alt=\"\" width=\"331\" height=\"138\" \/><\/td>\n<td style=\"width: 580.444px\"><img loading=\"lazy\" decoding=\"async\" class=\"aligncenter\" src=\"https:\/\/semmelweis.hu\/kfipalyazat\/files\/2025\/07\/cropped-rrf_infoblokk.jpg\" width=\"551\" height=\"167\" \/><\/td>\n<\/tr>\n<\/tbody>\n<\/table>\n<\/div>\n","protected":false},"excerpt":{"rendered":"<p>RRF-2.3.1-2021 Nemzeti Laborat\u00f3rium l\u00e9trehoz\u00e1sa, komplex fejleszt\u00e9se \u00a0 A nemzeti laborat\u00f3riumok a tud\u00e1s \u00e1tad\u00e1s \u00e9s a tud\u00e1s csere olyan fel\u00e9rt\u00e9kel\u0151d\u0151 forr\u00e1s\u00e1t k\u00e9pez\u0151 tud\u00e1sk\u00f6zpontok, melyek &#8211; a Nemzeti Kutat\u00e1si, Fejleszt\u00e9si \u00e9s Innov\u00e1ci\u00f3s Hivatal \u00e9s az Innov\u00e1ci\u00f3s \u00e9s Technol\u00f3giai Miniszt\u00e9rium szakpolitikai t\u00e1mogat\u00e1s\u00e1val- olyan h\u00e1l\u00f3zatokat k\u00e9peznek, melyek c\u00e9lja, hogy az egyes, a nemzetgazdas\u00e1g sz\u00e1m\u00e1ra fontos szakter\u00fcleteken kiemelked\u0151 tudom\u00e1nyos csom\u00f3pontokk\u00e1 &hellip;<\/p>\n","protected":false},"author":102410,"featured_media":0,"parent":140,"menu_order":1,"comment_status":"closed","ping_status":"closed","template":"","meta":{"_acf_changed":false,"footnotes":""},"categories":[],"tags":[],"class_list":["post-426","page","type-page","status-publish","hentry"],"acf":[],"_links":{"self":[{"href":"https:\/\/semmelweis.hu\/kfipalyazat\/wp-json\/wp\/v2\/pages\/426","targetHints":{"allow":["GET"]}}],"collection":[{"href":"https:\/\/semmelweis.hu\/kfipalyazat\/wp-json\/wp\/v2\/pages"}],"about":[{"href":"https:\/\/semmelweis.hu\/kfipalyazat\/wp-json\/wp\/v2\/types\/page"}],"author":[{"embeddable":true,"href":"https:\/\/semmelweis.hu\/kfipalyazat\/wp-json\/wp\/v2\/users\/102410"}],"replies":[{"embeddable":true,"href":"https:\/\/semmelweis.hu\/kfipalyazat\/wp-json\/wp\/v2\/comments?post=426"}],"version-history":[{"count":10,"href":"https:\/\/semmelweis.hu\/kfipalyazat\/wp-json\/wp\/v2\/pages\/426\/revisions"}],"predecessor-version":[{"id":764,"href":"https:\/\/semmelweis.hu\/kfipalyazat\/wp-json\/wp\/v2\/pages\/426\/revisions\/764"}],"up":[{"embeddable":true,"href":"https:\/\/semmelweis.hu\/kfipalyazat\/wp-json\/wp\/v2\/pages\/140"}],"wp:attachment":[{"href":"https:\/\/semmelweis.hu\/kfipalyazat\/wp-json\/wp\/v2\/media?parent=426"}],"wp:term":[{"taxonomy":"category","embeddable":true,"href":"https:\/\/semmelweis.hu\/kfipalyazat\/wp-json\/wp\/v2\/categories?post=426"},{"taxonomy":"post_tag","embeddable":true,"href":"https:\/\/semmelweis.hu\/kfipalyazat\/wp-json\/wp\/v2\/tags?post=426"}],"curies":[{"name":"wp","href":"https:\/\/api.w.org\/{rel}","templated":true}]}}