{"id":419,"date":"2025-07-22T09:15:13","date_gmt":"2025-07-22T07:15:13","guid":{"rendered":"https:\/\/semmelweis.hu\/kfipalyazat\/?page_id=419"},"modified":"2025-08-14T10:08:58","modified_gmt":"2025-08-14T08:08:58","slug":"eit-healthcare","status":"publish","type":"page","link":"https:\/\/semmelweis.hu\/kfipalyazat\/palyazatok\/hazai-palyazatok\/nkfih\/eit-healthcare\/","title":{"rendered":"EIT Healthcare"},"content":{"rendered":"<p style=\"text-align: justify\"><strong>Projekt azonos\u00edt\u00f3 sz\u00e1ma: <\/strong>2021-1.2.1-EIT-KIC-2021-00005<\/p>\n<p style=\"text-align: justify\"><strong>Projekt c\u00edme: <\/strong>EIT Healthcare<\/p>\n<p style=\"text-align: justify\">\u00a0<\/p>\n<p style=\"text-align: justify\"><strong>Konzorciumvezet\u0151: <\/strong><\/p>\n<ul style=\"text-align: justify\">\n<li>Semmelweis Egyetem<\/li>\n<\/ul>\n<p style=\"text-align: justify\"><strong>Konzorciumi tagok:<\/strong><\/p>\n<ul style=\"text-align: justify\">\n<li>Debreceni Egyetem<\/li>\n<li>E-GROUP ICT SOFTWARE Informatikai Z\u00e1rtk\u00f6r\u0171en M\u0171k\u00f6d\u0151 R\u00e9szv\u00e9nyt\u00e1rsas\u00e1g<\/li>\n<li>EIT Health Innostars Korl\u00e1tolt Felel\u0151ss\u00e9g\u0171 T\u00e1rsas\u00e1g<\/li>\n<li>GE Healthcare Magyarorsz\u00e1g Korl\u00e1tolt Felel\u0151ss\u00e9g\u0171 T\u00e1rsas\u00e1g<\/li>\n<li>Health Venture Lab Nonprofit Korl\u00e1tolt Felel\u0151ss\u00e9g\u0171 T\u00e1rsas\u00e1g<\/li>\n<li>P\u00e9csi Tudom\u00e1nyegyetem<\/li>\n<\/ul>\n<p style=\"text-align: justify\"><strong>Szerz\u0151d\u00e9s t\u00e1mogat\u00e1si \u00f6sszege:<\/strong> 69\u00a0914\u00a0399 Ft<\/p>\n<p style=\"text-align: justify\"><strong>T\u00e1mogat\u00e1s intenzit\u00e1sa:<\/strong> 100%<\/p>\n<p style=\"text-align: justify\"><strong>Projekt megval\u00f3s\u00edt\u00e1s\u00e1nak kezdete:<\/strong> 2023. 01.01.<\/p>\n<p style=\"text-align: justify\"><strong>Projekt tervezett befejez\u00e9si d\u00e1tuma:<\/strong> 2024.06.30.<\/p>\n<p style=\"text-align: justify\">\u00a0<\/p>\n<p style=\"text-align: justify\"><strong>Projekt tartalmi \u00f6sszefoglal\u00f3ja:<\/strong><\/p>\n<p style=\"text-align: justify\">Az\u00a0EIT KIC t\u00e1rsul\u00e1sokban t\u00f6rt\u00e9n\u0151 magyar r\u00e9szv\u00e9tel t\u00e1mogat\u00e1sa\u00a0c\u00edmmel meghirdetett felh\u00edv\u00e1s nyom\u00e1n nyertes p\u00e1ly\u00e1zat v\u00e9grehajt\u00e1sa indult 2023 janu\u00e1r elsej\u00e9vel\u00a0EIT Healthcare\u00a0n\u00e9ven az Eg\u00e9szs\u00e9g\u00fcgyi Menedzserk\u00e9pz\u0151 K\u00f6zpontj\u00e1nak konzorciumi vezet\u00e9s\u00e9vel, valamint a P\u00e1ly\u00e1zati Menedzsment K\u00f6zpont r\u00e9szv\u00e9tel\u00e9vel a Semmelweis Egyetemen. A projektben a hazai eg\u00e9szs\u00e9gipar EIT Health tags\u00e1ggal vagy szerz\u0151d\u00e9ses viszonnyal rendelkez\u0151 meghat\u00e1roz\u00f3 akad\u00e9miai szerepl\u0151i (Semmelweis Egyetem, P\u00e9csi Tudom\u00e1nyegyetem, Debreceni Egyetem) egy multinacion\u00e1lis c\u00e9ggel (GE), \u00e9s kis- \u00e9s k\u00f6z\u00e9pv\u00e1llalkoz\u00e1sokkal (E-group, High Venture Lab) t\u00e1rsultak annak \u00e9rdek\u00e9ben, hogy k\u00f6z\u00f6sen k\u00e9sz\u00fcljenek az eg\u00e9szs\u00e9g\u00fcgyben egyre ink\u00e1bb tapasztalhat\u00f3 paradigmav\u00e1lt\u00e1sra \u00e9s a lehet\u0151 legeredm\u00e9nyesebben \u00e9ljenek a EIT Health KIC ny\u00fajtotta h\u00e1l\u00f3zatosod\u00e1si \u00e9s piac\u00e9p\u00edt\u00e9si lehet\u0151s\u00e9gekkel az eg\u00e9szs\u00e9gipari \u00f6kosziszt\u00e9ma fejleszt\u00e9s\u00e9n kereszt\u00fcl.<\/p>\n<p style=\"text-align: justify\">Fentiek \u00e9rdek\u00e9ben a konzorciumi partnerek kompetenciafejleszt\u00e9ssel, egym\u00e1s k\u00f6z\u00f6tti tud\u00e1smegoszt\u00e1ssal \u00e9s nemzetk\u00f6zi h\u00e1l\u00f3zatosod\u00e1ssal egym\u00e1st er\u0151s\u00edtve k\u00e9sz\u00fclnek a k\u00f6vetkez\u0151 id\u0151szak feladataira. Innovat\u00edv m\u00f3don felt\u00e9rk\u00e9pezik a szerepl\u0151ket az \u00e1talakul\u00f3 hazai eg\u00e9szs\u00e9gipari \u00f6kosziszt\u00e9m\u00e1ban. Az \u00f6kosziszt\u00e9ma meger\u0151s\u00edt\u00e9s\u00e9nek c\u00e9lj\u00e1val k\u00e9pzik \u00e9s mentor\u00e1lj\u00e1k a v\u00e1llalkoz\u00f3kat \u00e9s a leend\u0151 v\u00e1llalkoz\u00f3kat. Meger\u0151s\u00edtik \u00e9s fejlesztik a hazai innovat\u00edv v\u00e1llalkoz\u00e1sok sz\u00e1m\u00e1ra sz\u00fcks\u00e9ges klinikai valid\u00e1ci\u00f3s h\u00e1tteret.<\/p>\n<p style=\"text-align: justify\">A projekt alapvet\u0151 c\u00e9lja \u00f6sszegezve az, hogy a hazai, a KIC-hez kapcsol\u00f3d\u00f3, k\u00fcl\u00f6nb\u00f6z\u0151 szint\u0171 partnerek, egy\u00e9ni er\u0151ss\u00e9geire \u00e9p\u00edtve, k\u00f6z\u00f6sen elv\u00e9gzett feladatok r\u00e9v\u00e9n 2030-ig a lehet\u0151 legeredm\u00e9nyesebben \u00e9ljenek a EIT Health KIC adta lehet\u0151s\u00e9gekkel, er\u0151s\u00edtve a hazai gazdas\u00e1got, versenyk\u00e9pess\u00e9get, illetve az eg\u00e9szs\u00e9gipari \u00f6kosziszt\u00e9ma rendszer\u00e9t.<\/p>\n<p><img loading=\"lazy\" decoding=\"async\" class=\"alignright\" src=\"https:\/\/semmelweis.hu\/kfipalyazat\/files\/2025\/07\/NKFIA_infoblokk_kerettel_program_fekvo_2019_HU.jpg\" width=\"555\" height=\"235\" \/><\/p>\n","protected":false},"excerpt":{"rendered":"<p>Projekt azonos\u00edt\u00f3 sz\u00e1ma: 2021-1.2.1-EIT-KIC-2021-00005 Projekt c\u00edme: EIT Healthcare \u00a0 Konzorciumvezet\u0151: Semmelweis Egyetem Konzorciumi tagok: Debreceni Egyetem E-GROUP ICT SOFTWARE Informatikai Z\u00e1rtk\u00f6r\u0171en M\u0171k\u00f6d\u0151 R\u00e9szv\u00e9nyt\u00e1rsas\u00e1g EIT Health Innostars Korl\u00e1tolt Felel\u0151ss\u00e9g\u0171 T\u00e1rsas\u00e1g GE Healthcare Magyarorsz\u00e1g Korl\u00e1tolt Felel\u0151ss\u00e9g\u0171 T\u00e1rsas\u00e1g Health Venture Lab Nonprofit Korl\u00e1tolt Felel\u0151ss\u00e9g\u0171 T\u00e1rsas\u00e1g P\u00e9csi Tudom\u00e1nyegyetem Szerz\u0151d\u00e9s t\u00e1mogat\u00e1si \u00f6sszege: 69\u00a0914\u00a0399 Ft T\u00e1mogat\u00e1s intenzit\u00e1sa: 100% Projekt megval\u00f3s\u00edt\u00e1s\u00e1nak kezdete: &hellip;<\/p>\n","protected":false},"author":102410,"featured_media":0,"parent":131,"menu_order":10,"comment_status":"closed","ping_status":"closed","template":"","meta":{"_acf_changed":false,"footnotes":""},"categories":[],"tags":[],"class_list":["post-419","page","type-page","status-publish","hentry"],"acf":[],"_links":{"self":[{"href":"https:\/\/semmelweis.hu\/kfipalyazat\/wp-json\/wp\/v2\/pages\/419","targetHints":{"allow":["GET"]}}],"collection":[{"href":"https:\/\/semmelweis.hu\/kfipalyazat\/wp-json\/wp\/v2\/pages"}],"about":[{"href":"https:\/\/semmelweis.hu\/kfipalyazat\/wp-json\/wp\/v2\/types\/page"}],"author":[{"embeddable":true,"href":"https:\/\/semmelweis.hu\/kfipalyazat\/wp-json\/wp\/v2\/users\/102410"}],"replies":[{"embeddable":true,"href":"https:\/\/semmelweis.hu\/kfipalyazat\/wp-json\/wp\/v2\/comments?post=419"}],"version-history":[{"count":2,"href":"https:\/\/semmelweis.hu\/kfipalyazat\/wp-json\/wp\/v2\/pages\/419\/revisions"}],"predecessor-version":[{"id":666,"href":"https:\/\/semmelweis.hu\/kfipalyazat\/wp-json\/wp\/v2\/pages\/419\/revisions\/666"}],"up":[{"embeddable":true,"href":"https:\/\/semmelweis.hu\/kfipalyazat\/wp-json\/wp\/v2\/pages\/131"}],"wp:attachment":[{"href":"https:\/\/semmelweis.hu\/kfipalyazat\/wp-json\/wp\/v2\/media?parent=419"}],"wp:term":[{"taxonomy":"category","embeddable":true,"href":"https:\/\/semmelweis.hu\/kfipalyazat\/wp-json\/wp\/v2\/categories?post=419"},{"taxonomy":"post_tag","embeddable":true,"href":"https:\/\/semmelweis.hu\/kfipalyazat\/wp-json\/wp\/v2\/tags?post=419"}],"curies":[{"name":"wp","href":"https:\/\/api.w.org\/{rel}","templated":true}]}}