{"id":41,"date":"2025-05-26T12:51:04","date_gmt":"2025-05-26T10:51:04","guid":{"rendered":"https:\/\/semmelweis.hu\/kfipalyazat\/?page_id=41"},"modified":"2025-08-07T13:42:07","modified_gmt":"2025-08-07T11:42:07","slug":"szabalyzatok","status":"publish","type":"page","link":"https:\/\/semmelweis.hu\/kfipalyazat\/altalanos\/szabalyzatok\/","title":{"rendered":"Szab\u00e1lyzatok \u00e9s jogszab\u00e1lyok"},"content":{"rendered":"<ul>\n<li><a href=\"https:\/\/semmelweis.hu\/kfipalyazat\/files\/2025\/07\/SZMSZ_SZMR_I_KONYV_I_1_RESZ_Altalanos_szervezeti_es_mukodesi_rendelkezesek_-hatalyos_20250618.pdf\" target=\"_blank\" rel=\"noopener\">Semmelweis Egyetem: Szervezeti \u00e9s M\u0171k\u00f6d\u00e9si szab\u00e1lyzat<\/a><\/li>\n<li><a href=\"https:\/\/semmelweis.hu\/kfipalyazat\/files\/2025\/07\/Palyazat_es_palyazati_pmdzs_szab_hataly_2024_12_20.pdf\" target=\"_blank\" rel=\"noopener\">Semmelweis Egyetem: P\u00e1ly\u00e1zat- \u00e9s p\u00e1ly\u00e1zati projektmenedzsment szab\u00e1lyzat<\/a><\/li>\n<li><a href=\"https:\/\/semmelweis.hu\/kfipalyazat\/files\/2025\/07\/Beszerzesi_szabalyzat_hataly_2024.XI_.01-tol.pdf\" target=\"_blank\" rel=\"noopener\">Semmelweis Egyetem: Beszerz\u00e9si szab\u00e1lyzat<\/a><\/li>\n<li><a href=\"https:\/\/semmelweis.hu\/kfipalyazat\/files\/2025\/07\/Etikai_kodex_hataly_2024_12_20_aktualis.pdf\" target=\"_blank\" rel=\"noopener\">Semmelweis Egyetem: Etikai k\u00f3dex<\/a><\/li>\n<li><a href=\"https:\/\/semmelweis.hu\/kfipalyazat\/files\/2025\/08\/MBSZ_III_Konyv_Kornyezetvedelmi_szabalyzat_hataly_2025.V.01-tol.pdf\" target=\"_blank\" rel=\"noopener\">Semmelweis Egyetem: K\u00f6rnyezetv\u00e9delmi szab\u00e1lyzat<\/a><\/li>\n<li><a href=\"https:\/\/semmelweis.hu\/kfipalyazat\/files\/2025\/07\/Eselyegyenlosegi_szabalyzat_hataly_2023.VII_.11-tol_aktualis.pdf\" target=\"_blank\" rel=\"noopener\">Semmelweis Egyetem: Es\u00e9lyegyenl\u0151s\u00e9gi Szab\u00e1lyzat<\/a><\/li>\n<li><a href=\"https:\/\/njt.hu\/jogszabaly\/2014-76-00-00\" target=\"_blank\" rel=\"noopener\">2014. \u00e9vi LXXVI. t\u00f6rv\u00e9ny a tudom\u00e1nyos kutat\u00e1sr\u00f3l, fejleszt\u00e9sr\u0151l \u00e9s innov\u00e1ci\u00f3r\u00f3l<\/a><\/li>\n<li><a href=\"https:\/\/njt.hu\/jogszabaly\/2014-380-20-22\" target=\"_blank\" rel=\"noopener\">380\/2014. (XII. 31.) korm. rendelet a Nemzeti Kutat\u00e1si, Fejleszt\u00e9si \u00e9s Innov\u00e1ci\u00f3s Alap m\u0171k\u00f6dtet\u00e9s\u00e9nek \u00e9s felhaszn\u00e1l\u00e1s\u00e1nak szab\u00e1lyair\u00f3l<\/a><\/li>\n<\/ul>\n","protected":false},"excerpt":{"rendered":"<p><a href=\"https:\/\/semmelweis.hu\/kfipalyazat\/files\/2025\/07\/SZMSZ_SZMR_I_KONYV_I_1_RESZ_Altalanos_szervezeti_es_mukodesi_rendelkezesek_-hatalyos_20250618.pdf\" target=\"_blank\" rel=\"noopener\">Semmelweis Egyetem: Szervezeti \u00e9s M\u0171k\u00f6d\u00e9si szab\u00e1lyzat<\/a><br \/>\n<a href=\"https:\/\/semmelweis.hu\/kfipalyazat\/files\/2025\/07\/Palyazat_es_palyazati_pmdzs_szab_hataly_2024_12_20.pdf\" target=\"_blank\" rel=\"noopener\">Semmelweis Egyetem: P\u00e1ly\u00e1zat- \u00e9s p\u00e1ly\u00e1zati projektmenedzsment szab\u00e1lyzat<\/a><br \/>\n<a href=\"https:\/\/semmelweis.hu\/kfipalyazat\/files\/2025\/07\/Beszerzesi_szabalyzat_hataly_2024.XI_.01-tol.pdf\" target=\"_blank\" rel=\"noopener\">Semmelweis Egyetem: Beszerz\u00e9si szab\u00e1lyzat<\/a><br \/>\n<a href=\"https:\/\/semmelweis.hu\/kfipalyazat\/files\/2025\/07\/Etikai_kodex_hataly_2024_12_20_aktualis.pdf\" target=\"_blank\" rel=\"noopener\">Semmelweis Egyetem: Etikai k\u00f3dex<\/a><br \/>\n<a href=\"https:\/\/semmelweis.hu\/kfipalyazat\/files\/2025\/08\/MBSZ_III_Konyv_Kornyezetvedelmi_szabalyzat_hataly_2025.V.01-tol.pdf\" target=\"_blank\" rel=\"noopener\">Semmelweis Egyetem: K\u00f6rnyezetv\u00e9delmi szab\u00e1lyzat<\/a><br \/>\n<a href=\"https:\/\/semmelweis.hu\/kfipalyazat\/files\/2025\/07\/Eselyegyenlosegi_szabalyzat_hataly_2023.VII_.11-tol_aktualis.pdf\" target=\"_blank\" rel=\"noopener\">Semmelweis Egyetem: Es\u00e9lyegyenl\u0151s\u00e9gi Szab\u00e1lyzat<\/a><br \/>\n<a href=\"https:\/\/njt.hu\/jogszabaly\/2014-76-00-00\" target=\"_blank\" rel=\"noopener\">2014. \u00e9vi LXXVI. t\u00f6rv\u00e9ny a tudom\u00e1nyos kutat\u00e1sr\u00f3l, fejleszt\u00e9sr\u0151l \u00e9s innov\u00e1ci\u00f3r\u00f3l<\/a><br \/>\n<a href=\"https:\/\/njt.hu\/jogszabaly\/2014-380-20-22\" target=\"_blank\" rel=\"noopener\">380\/2014. (XII. 31.) korm. rendelet a Nemzeti Kutat\u00e1si, Fejleszt\u00e9si \u00e9s Innov\u00e1ci\u00f3s Alap m\u0171k\u00f6dtet\u00e9s\u00e9nek \u00e9s felhaszn\u00e1l\u00e1s\u00e1nak szab\u00e1lyair\u00f3l<\/a><\/p>\n","protected":false},"author":102410,"featured_media":0,"parent":26,"menu_order":1,"comment_status":"closed","ping_status":"closed","template":"template-fullwidth.php","meta":{"_acf_changed":false,"footnotes":""},"categories":[],"tags":[],"class_list":["post-41","page","type-page","status-publish","hentry"],"acf":[],"_links":{"self":[{"href":"https:\/\/semmelweis.hu\/kfipalyazat\/wp-json\/wp\/v2\/pages\/41","targetHints":{"allow":["GET"]}}],"collection":[{"href":"https:\/\/semmelweis.hu\/kfipalyazat\/wp-json\/wp\/v2\/pages"}],"about":[{"href":"https:\/\/semmelweis.hu\/kfipalyazat\/wp-json\/wp\/v2\/types\/page"}],"author":[{"embeddable":true,"href":"https:\/\/semmelweis.hu\/kfipalyazat\/wp-json\/wp\/v2\/users\/102410"}],"replies":[{"embeddable":true,"href":"https:\/\/semmelweis.hu\/kfipalyazat\/wp-json\/wp\/v2\/comments?post=41"}],"version-history":[{"count":10,"href":"https:\/\/semmelweis.hu\/kfipalyazat\/wp-json\/wp\/v2\/pages\/41\/revisions"}],"predecessor-version":[{"id":586,"href":"https:\/\/semmelweis.hu\/kfipalyazat\/wp-json\/wp\/v2\/pages\/41\/revisions\/586"}],"up":[{"embeddable":true,"href":"https:\/\/semmelweis.hu\/kfipalyazat\/wp-json\/wp\/v2\/pages\/26"}],"wp:attachment":[{"href":"https:\/\/semmelweis.hu\/kfipalyazat\/wp-json\/wp\/v2\/media?parent=41"}],"wp:term":[{"taxonomy":"category","embeddable":true,"href":"https:\/\/semmelweis.hu\/kfipalyazat\/wp-json\/wp\/v2\/categories?post=41"},{"taxonomy":"post_tag","embeddable":true,"href":"https:\/\/semmelweis.hu\/kfipalyazat\/wp-json\/wp\/v2\/tags?post=41"}],"curies":[{"name":"wp","href":"https:\/\/api.w.org\/{rel}","templated":true}]}}