{"id":399,"date":"2025-07-17T15:01:56","date_gmt":"2025-07-17T13:01:56","guid":{"rendered":"https:\/\/semmelweis.hu\/kfipalyazat\/?page_id=399"},"modified":"2025-08-25T10:32:39","modified_gmt":"2025-08-25T08:32:39","slug":"efop-3-6-2-16-2017-00006","status":"publish","type":"page","link":"https:\/\/semmelweis.hu\/kfipalyazat\/palyazatok\/tarsfinanszirozott-palyazatok\/fenntartas\/efop-3-6-2-16-2017-00006\/","title":{"rendered":"EFOP-3.6.2-16-2017-00006"},"content":{"rendered":"<p style=\"text-align: justify\"><strong>Projekt azonos\u00edt\u00f3sz\u00e1ma:<\/strong> EFOP-3.6.2-16-2017-00006<\/p>\n<p style=\"text-align: justify\">(EFOP-3.6.2-16 Tematikus kutat\u00e1si h\u00e1l\u00f3zati egy\u00fcttm\u0171k\u00f6d\u00e9sek)<\/p>\n<p style=\"text-align: justify\"><strong>Projekt c\u00edme:<\/strong> LIVE LONGER \u2013 Modern orvostudom\u00e1nyi diagnosztikus elj\u00e1r\u00e1sok \u00e9s ter\u00e1pi\u00e1k fejleszt\u00e9se transzl\u00e1ci\u00f3s megk\u00f6zel\u00edt\u00e9sben: a laborat\u00f3riumt\u00f3l a beteg\u00e1gyig<\/p>\n<p style=\"text-align: justify\">\u00a0<\/p>\n<p style=\"text-align: justify\"><strong>A (f\u0151)kedvezm\u00e9nyezett neve:<\/strong><\/p>\n<ul style=\"text-align: justify\">\n<li>Szegedi Tudom\u00e1nyegyetem<\/li>\n<\/ul>\n<p style=\"text-align: justify\"><strong>Konzorciumi partnerek:<\/strong><\/p>\n<ul style=\"text-align: justify\">\n<li>Debreceni Egyetem<\/li>\n<li>P\u00e9csi Tudom\u00e1nyegyetem<\/li>\n<li>Semmelweis Egyetem<\/li>\n<\/ul>\n<p style=\"text-align: justify\"><strong>SE szakmai vezet\u0151:<\/strong> Dr. Varga G\u00e1bor<\/p>\n<p style=\"text-align: justify\"><strong>Szakmai vezet\u0151:<\/strong> Prof. Dr. Rakonczay Zolt\u00e1n<\/p>\n<p style=\"text-align: justify\"><strong>Projektmenedzser:<\/strong> Zsigmond Anik\u00f3<\/p>\n<p style=\"text-align: justify\"><strong>T\u00e1mogat\u00e1s \u00f6sszege:<\/strong> 1.461.846.870 Ft<\/p>\n<p style=\"text-align: justify\"><strong>A projekt tervezett befejez\u00e9si d\u00e1tuma:<\/strong> 2020.11.29.<\/p>\n<p style=\"text-align: justify\"><strong>A t\u00e1mogat\u00e1s intenzit\u00e1sa:<\/strong> 100 %<\/p>\n<p style=\"text-align: justify\"><strong>Konzorciumi partnerek \u00e9s a t\u00e1mogat\u00e1si \u00f6sszegek:<\/strong><\/p>\n<ul style=\"text-align: justify\">\n<li>Debreceni Egyetem: 405.891.713 Ft<\/li>\n<li>P\u00e9csi Tudom\u00e1nyegyetem: 411.472.574 Ft<\/li>\n<li>Semmelweis Egyetem: 115.004.798 Ft<\/li>\n<li>Szegedi Tudom\u00e1nyegyetem: 529.477.785 Ft\u00a0\u00a0\u00a0\u00a0\u00a0\u00a0\u00a0\u00a0<\/li>\n<\/ul>\n<p style=\"text-align: justify\"><strong>\u00d6sszesen:<\/strong>1.461.846.870 Ft<\/p>\n<p style=\"text-align: justify\">\u00a0<\/p>\n<p style=\"text-align: justify\"><strong>Projekt \u00f6sszefoglal\u00f3:<\/strong><\/p>\n<p style=\"text-align: justify\">A p\u00e1ly\u00e1zat f\u0151 c\u00e9ljai a gasztrointesztin\u00e1lis, kardi\u00e1lis, vaszkul\u00e1ris \u00e9s v\u00e1zizom eredet\u0171 betegs\u00e9gekben szenved\u0151 egy\u00e9nek \u00e9letk\u00f6r\u00fclm\u00e9nyeinek jav\u00edt\u00e1sa \u00e9s \u00e9lethossz\u00e1nak megn\u00f6vel\u00e9se. A projekt transzl\u00e1ci\u00f3s megk\u00f6zel\u00edt\u00e9sben a molekul\u00e1ris biol\u00f3giai kutat\u00e1sokt\u00f3l eg\u00e9szen az \u00faj technol\u00f3gi\u00e1kon alapul\u00f3 gy\u00f3gy\u00edt\u00f3 tev\u00e9kenys\u00e9gig igyekszik \u00e1tfogni az orvostudom\u00e1nyi kutat\u00e1sok teljes vertikum\u00e1t. Erre a n\u00e9gy orvos-k\u00e9pz\u0151 egyetem k\u00f6z\u00f6tt megval\u00f3sul\u00f3 szinergi\u00e1k adnak kit\u0171n\u0151 lehet\u0151s\u00e9get csak\u00fagy, mint az egyes int\u00e9zm\u00e9nyekben m\u00e1r ma is megval\u00f3sul\u00f3 alapkutat\u00e1si-klinikai kapcsolatrendszer. A program szoros kapcsol\u00f3eleme a transzl\u00e1ci\u00f3s medicina.<\/p>\n<p style=\"text-align: justify\">Kutat\u00e1si t\u00e9m\u00e1kba val\u00f3 besorol\u00e1sok: kardiol\u00f3gia, gasztroenterol\u00f3gia, \u00e9rrendszer, v\u00e1zizomkutat\u00e1s. Az eml\u00edtett n\u00e9gy t\u00e9m\u00e1ban a kutat\u00e1sok h\u00e1rom f\u0151 ir\u00e1nyban fognak megval\u00f3sulni \u00e9s az egyes kutat\u00f3csoportok \u00f6sszekapcsol\u00f3dni: 1) \u00e9lettan \u00e9s k\u00f3r\u00e9lettan, 2) regener\u00e1ci\u00f3, 3) ter\u00e1pia.<\/p>\n<p style=\"text-align: justify\"><strong>KARDIOL\u00d3GIA<\/strong>: A jelen projekt keret\u00e9ben eg\u00e9szs\u00e9ges \u00e9s kr\u00f3nikus sz\u00edvel\u00e9gtelens\u00e9g modellekben tervezz\u00fck az aritmogenezis, sejthal\u00e1l \u00e9s sz\u00edvfunkci\u00f3 \u00e1llatk\u00eds\u00e9rletes, majd transzl\u00e1ci\u00f3s ir\u00e1ny\u00fa vizsg\u00e1lat\u00e1t, aminek sor\u00e1n regiszterek lesznek l\u00e9trehozva sz\u00e1mos nemzetk\u00f6zi klinika bevon\u00e1s\u00e1val.<\/p>\n<p style=\"text-align: justify\"><strong>GASZTROENTEROL\u00d3GIA<\/strong>: A kutat\u00f3csoportok a gasztroenterol\u00f3giai vizsg\u00e1latok sz\u00e9les spektrum\u00e1ban vesznek r\u00e9sz: hasny\u00e1lmirigy fejl\u0151d\u00e9s magzatokban, CFTR csatorna szerepe kr\u00f3nikus pancreatitisben \u00e9s kezel\u00e9sek TRPA1 csatorna antagonist\u00e1kkal, organoidokb\u00f3l pancreas \u00e9s b\u00e9l biobankok l\u00e9trehoz\u00e1sa \u00e9s felhaszn\u00e1l\u00e1sa in vitro vizsg\u00e1latokhoz, nyel\u0151cs\u0151 epit\u00e9l sejtek \u00e9lettani\u00e9s k\u00f3r\u00e9lettani m\u0171k\u00f6d\u00e9se, hipoxia \u00e9s gasztrointesztin\u00e1lis hormonok hat\u00e1sai, b\u00e9lmotilit\u00e1s, b\u00e9l simaizom gyullad\u00e1s, primer sclerotiz\u00e1l\u00f3 cholangitis tanulm\u00e1nyoz\u00e1sa, ciszt\u00e1s fibr\u00f3zis, sz\u00f6veti reger\u00e1ci\u00f3 \u0151ssejtek, progenitorok \u00e9s rezidens sejtek felhaszn\u00e1l\u00e1s\u00e1val.<\/p>\n<p style=\"text-align: justify\"><strong>\u00c9RRENDSZER<\/strong>: Az \u00e9rrendszert \u00e9rint\u0151 diszfunkci\u00f3k \u00e9s azok ter\u00e1pi\u00e1s lehet\u0151s\u00e9gei lesznek vizsg\u00e1lva: a TRPM4 csatorna erek fokozott konstrikci\u00f3j\u00e1ban; RAAS\u00a0<em>in vivo<\/em>\u00a0regul\u00e1ci\u00f3ja magas v\u00e9rnyom\u00e1s patomehanizmus\u00e1ban; foszf\u00e1t iontranszportok, transzporterek vaszkul\u00e1ris remodellingben (\u00e9relmeszesed\u00e9sben); piezo-csatorn\u00e1k szerepe kalcifik\u00e1ci\u00f3s folyamatokban; vaszkul\u00e1ris diagnosztika \u00fct\u0151\u00e9rbetegs\u00e9gre fokozott kock\u00e1zattal rendelkez\u0151 diab\u00e9teszes betegpopul\u00e1ci\u00f3ban; koron\u00e1ria elz\u00e1r\u00f3d\u00e1s\u00e1hoz vezet\u0151 folyamatok transzl\u00e1ci\u00f3s megk\u00f6zel\u00edt\u00e9sben.<\/p>\n<p style=\"text-align: justify\"><strong>V\u00c1ZIZOMKUTAT\u00c1S<\/strong>: A munkacsoportok kutat\u00e1sai a k\u00f6vetkez\u0151 t\u00e9m\u00e1kat \u00f6lelik fel: v\u00e1zizom k\u00e1lcium h\u00e1ztart\u00e1sa, regener\u00e1ci\u00f3\u00a0<em>in vivo<\/em>\u00a0transzfekt\u00e1l\u00e1ssal, GLUT4 \u00e9s SMTNL1 transzporter transzlok\u00e1ci\u00f3, izom metabolikus szerepe \u00e9s adapt\u00e1ci\u00f3ja a terhess\u00e9g sor\u00e1n, az \u00e9letkor el\u0151rehaladt\u00e1val (sarcopenia) vagy elh\u00edz\u00e1s eset\u00e9n, mitokondri\u00e1lis funkci\u00f3k.<\/p>\n<p style=\"text-align: justify\"><strong>Projekt kutat\u00e1si eredm\u00e9nyei:<\/strong><\/p>\n<p style=\"text-align: justify\"><a href=\"https:\/\/u-szeged.hu\/efop-362-00006\/hirek-esemenyek\/efop-3-6-2-16-2017-00006-210730\">https:\/\/u-szeged.hu\/efop-362-00006\/hirek-esemenyek\/efop-3-6-2-16-2017-00006-210730<\/a><\/p>\n<p style=\"text-align: justify\"><strong>Projektmenedzsment el\u00e9rhet\u0151s\u00e9gei:<\/strong><\/p>\n<p style=\"text-align: justify\">C\u00edm: 6720 Szeged, Dugonics t\u00e9r 13.<\/p>\n<p style=\"text-align: justify\">Projektmenedzser: Zsigmond Anik\u00f3<\/p>\n<p style=\"text-align: justify\">Telefon: +36-62\/54-3150<\/p>\n<p style=\"text-align: justify\">E-mail:\u00a0<a href=\"mailto:zsigmond.aniko@gmf.u-szeged.hu\">zsigmond.aniko@gmf.u-szeged.hu<\/a><\/p>\n<p style=\"text-align: justify\">P\u00e9nz\u00fcgyi vezet\u0151: Harmati-Major \u00c1gnes<\/p>\n<p style=\"text-align: justify\">E-mail: harmati-major.agnes@gmf.u-szeged.hu<\/p>\n<p style=\"text-align: justify\">Tel.: +36-62\/54-3150<\/p>\n<p class=\"entry-title text-uppercase\" style=\"text-align: justify\"><a href=\"https:\/\/www.youtube.com\/watch?v=DgWNhRvTq8k&amp;t=1s\" target=\"_blank\" rel=\"noopener\">L\u00c1TOGAT\u00c1S AZ OR\u00c1LBIOL\u00d3GIAI TANSZ\u00c9KEN \u2013 PROM\u00d3CI\u00d3S ANYAG<\/a><\/p>\n<p><img loading=\"lazy\" decoding=\"async\" class=\"alignright\" src=\"https:\/\/semmelweis.hu\/kfipalyazat\/files\/2025\/07\/esza.jpg\" width=\"451\" height=\"322\" \/><\/p>\n","protected":false},"excerpt":{"rendered":"<p>Projekt azonos\u00edt\u00f3sz\u00e1ma: EFOP-3.6.2-16-2017-00006 (EFOP-3.6.2-16 Tematikus kutat\u00e1si h\u00e1l\u00f3zati egy\u00fcttm\u0171k\u00f6d\u00e9sek) Projekt c\u00edme: LIVE LONGER \u2013 Modern orvostudom\u00e1nyi diagnosztikus elj\u00e1r\u00e1sok \u00e9s ter\u00e1pi\u00e1k fejleszt\u00e9se transzl\u00e1ci\u00f3s megk\u00f6zel\u00edt\u00e9sben: a laborat\u00f3riumt\u00f3l a beteg\u00e1gyig \u00a0 A (f\u0151)kedvezm\u00e9nyezett neve: Szegedi Tudom\u00e1nyegyetem Konzorciumi partnerek: Debreceni Egyetem P\u00e9csi Tudom\u00e1nyegyetem Semmelweis Egyetem SE szakmai vezet\u0151: Dr. Varga G\u00e1bor Szakmai vezet\u0151: Prof. Dr. Rakonczay Zolt\u00e1n Projektmenedzser: Zsigmond Anik\u00f3 &hellip;<\/p>\n","protected":false},"author":102410,"featured_media":0,"parent":148,"menu_order":3,"comment_status":"closed","ping_status":"closed","template":"","meta":{"_acf_changed":false,"footnotes":""},"categories":[],"tags":[],"class_list":["post-399","page","type-page","status-publish","hentry"],"acf":[],"_links":{"self":[{"href":"https:\/\/semmelweis.hu\/kfipalyazat\/wp-json\/wp\/v2\/pages\/399","targetHints":{"allow":["GET"]}}],"collection":[{"href":"https:\/\/semmelweis.hu\/kfipalyazat\/wp-json\/wp\/v2\/pages"}],"about":[{"href":"https:\/\/semmelweis.hu\/kfipalyazat\/wp-json\/wp\/v2\/types\/page"}],"author":[{"embeddable":true,"href":"https:\/\/semmelweis.hu\/kfipalyazat\/wp-json\/wp\/v2\/users\/102410"}],"replies":[{"embeddable":true,"href":"https:\/\/semmelweis.hu\/kfipalyazat\/wp-json\/wp\/v2\/comments?post=399"}],"version-history":[{"count":6,"href":"https:\/\/semmelweis.hu\/kfipalyazat\/wp-json\/wp\/v2\/pages\/399\/revisions"}],"predecessor-version":[{"id":693,"href":"https:\/\/semmelweis.hu\/kfipalyazat\/wp-json\/wp\/v2\/pages\/399\/revisions\/693"}],"up":[{"embeddable":true,"href":"https:\/\/semmelweis.hu\/kfipalyazat\/wp-json\/wp\/v2\/pages\/148"}],"wp:attachment":[{"href":"https:\/\/semmelweis.hu\/kfipalyazat\/wp-json\/wp\/v2\/media?parent=399"}],"wp:term":[{"taxonomy":"category","embeddable":true,"href":"https:\/\/semmelweis.hu\/kfipalyazat\/wp-json\/wp\/v2\/categories?post=399"},{"taxonomy":"post_tag","embeddable":true,"href":"https:\/\/semmelweis.hu\/kfipalyazat\/wp-json\/wp\/v2\/tags?post=399"}],"curies":[{"name":"wp","href":"https:\/\/api.w.org\/{rel}","templated":true}]}}