{"id":397,"date":"2025-07-17T14:52:47","date_gmt":"2025-07-17T12:52:47","guid":{"rendered":"https:\/\/semmelweis.hu\/kfipalyazat\/?page_id=397"},"modified":"2025-10-16T11:38:29","modified_gmt":"2025-10-16T09:38:29","slug":"efop-3-4-4-16-2017-00026","status":"publish","type":"page","link":"https:\/\/semmelweis.hu\/kfipalyazat\/palyazatok\/tarsfinanszirozott-palyazatok\/fenntartas\/efop-3-4-4-16-2017-00026\/","title":{"rendered":"EFOP-3.4.4-16-2017-00026"},"content":{"rendered":"<p style=\"text-align: justify\"><strong>Projekt azonos\u00edt\u00f3sz\u00e1ma: EFOP-3.4.4-16-2017-00026<\/strong><\/p>\n<p style=\"text-align: justify\"><strong>Projekt c\u00edme: <\/strong>A Semmelweis Egyetem \u00e9s a Kutat\u00f3 Di\u00e1kok\u00e9rt Alap\u00edtv\u00e1ny orsz\u00e1gos orvos- \u00e9s eg\u00e9szs\u00e9gtudom\u00e1nyi tehets\u00e9ggondoz\u00f3 programsorozata<\/p>\n<p style=\"text-align: justify\"><strong>Konzorcium vezet\u0151:<\/strong> Semmelweis Egyetem<\/p>\n<p style=\"text-align: justify\"><strong>Partner:<\/strong>\u00a0<\/p>\n<ul style=\"text-align: justify\">\n<li>Kutat\u00f3 Di\u00e1kok\u00e9rt Alap\u00edtv\u00e1ny<\/li>\n<\/ul>\n<p style=\"text-align: justify\"><strong>Futamid\u0151:<\/strong> 2017.09.01-2020.11.30.<\/p>\n<p style=\"text-align: justify\"><strong>T\u00e1mogat\u00e1s:<\/strong> 92.760.318,- Ft<\/p>\n<p style=\"text-align: justify\"><strong>SE r\u00e9sze:<\/strong> 90.340.318,- Ft<\/p>\n<p><strong>Kutat\u00f3 Di\u00e1kok\u00e9rt Alap\u00edtv\u00e1ny r\u00e9sze<\/strong>: 2.420.000,- Ft<\/p>\n<p style=\"text-align: justify\">\u00a0<\/p>\n<p style=\"text-align: justify\"><strong>Projekt c\u00e9lja:<\/strong><\/p>\n<p style=\"text-align: justify\">A projekt f\u0151 c\u00e9lja a\u00a0fels\u0151oktat\u00e1si k\u00e9pzetts\u00e9gi szint n\u00f6vel\u00e9se.<\/p>\n<p style=\"text-align: justify\">A projekt c\u00e9ljai, szorosan illeszkednek a konstrukci\u00f3 c\u00e9ljaihoz, melyek az al\u00e1bbiak:<\/p>\n<ul style=\"text-align: justify\">\n<li>a fels\u0151oktat\u00e1sba val\u00f3 beker\u00fcl\u00e9s fokoz\u00e1sa, ez\u00e1ltal a fels\u0151fok\u00fa k\u00e9pzetts\u00e9gi szint n\u00f6vel\u00e9se<\/li>\n<li>a h\u00e1tr\u00e1nyos f\u00f6ldrajzi, t\u00e1rsadalmi, gazdas\u00e1gi helyzetb\u0151l sz\u00e1rmaz\u00f3 fiatalok k\u00e9pzetts\u00e9gi szintj\u00e9nek jav\u00edt\u00e1sa, \u00e9s a fels\u0151fok\u00fa v\u00e9gzetts\u00e9ghez t\u00f6rt\u00e9n\u0151 jut\u00e1suk el\u0151seg\u00edt\u00e9se, k\u00fcl\u00f6n\u00f6sen a jelenleg \u00e1ltaluk alulreprezent\u00e1lt szakokon<\/li>\n<li>a term\u00e9szettudom\u00e1nyi, eg\u00e9szs\u00e9gtudom\u00e1nyi szakokra val\u00f3 jelentkez\u00e9s fokoz\u00e1sa.<\/li>\n<\/ul>\n<p style=\"text-align: justify\">Mindezek mellett:<\/p>\n<ul style=\"text-align: justify\">\n<li>olyan \u00e9letutak bemutat\u00e1sa, melyek intellektu\u00e1lis kih\u00edv\u00e1st \u00e9s egyben inspir\u00e1ci\u00f3t jelentenek az arra fog\u00e9kony fiatalok sz\u00e1m\u00e1ra,<\/li>\n<li>olyan t\u00e1mogat\u00f3 tev\u00e9kenys\u00e9gek folytat\u00e1sa, amelyek n\u00f6velik a term\u00e9szettudom\u00e1nyos, \u00e9s eg\u00e9szs\u00e9gtudom\u00e1nyi szakok n\u00e9pszer\u0171s\u00e9g\u00e9t<\/li>\n<li>egy\u00fattal speci\u00e1lisan t\u00e1mogatj\u00e1k a valamely szempontb\u00f3l seg\u00edts\u00e9gre szorul\u00f3 fiatalokat is.<\/li>\n<\/ul>\n<p style=\"text-align: justify\"><strong>A Semmelweis Egyetem \u00e9s partnereinek c\u00e9ljai:<\/strong><\/p>\n<p style=\"text-align: justify\">Tehets\u00e9ggondoz\u00f3 programsorozatunk legf\u0151bb c\u00e9lja, a tehets\u00e9ges hallgat\u00f3k k\u00e9pess\u00e9geinek kibontakoztat\u00e1sa, valamint szem\u00e9lyes megismertet\u00e9se hivat\u00e1suk olyan ismert \u00e9s elismert szaktekint\u00e9lyeivel, akik hiteles \u00e9letp\u00e1lya-modellel szolg\u00e1lhatnak sz\u00e1mukra.<\/p>\n<p style=\"text-align: justify\">A laborfoglalkoz\u00e1sok r\u00e9v\u00e9n a tudom\u00e1ny ir\u00e1nt fog\u00e9kony, a k\u00f6zoktat\u00e1sb\u00f3l \u00e9rkez\u0151 tehets\u00e9ges hallgat\u00f3k \u00f6n- \u00e9s p\u00e1lyatudatoss\u00e1g\u00e1nak, valamint motiv\u00e1ci\u00f3j\u00e1nak n\u00f6vel\u00e9s\u00e9vel hagyom\u00e1nyt teremtett\u00fcnk a tudom\u00e1nyos m\u0171helymunk\u00e1ba val\u00f3 korai integr\u00e1ci\u00f3val.<\/p>\n<p style=\"text-align: justify\">A tehets\u00e9ges k\u00f6z\u00e9piskol\u00e1s di\u00e1kok bevon\u00e1sa a tudom\u00e1nyos m\u0171helyek munk\u00e1iba, a k\u00f6z\u00e9piskol\u00e1s tehets\u00e9gek \u00e9s az egyetemi kort\u00e1rs csoportok \u00f6sszehangolt seg\u00edt\u0151 munk\u00e1ival l\u00e9trej\u00f6tt koh\u00e9zi\u00f3 er\u0151s\u00edti a di\u00e1kok p\u00e1lyaorient\u00e1lts\u00e1g\u00e1t. A hallgat\u00f3k k\u00f6z\u00f6tt sz\u00f6v\u0151d\u0151 ismerets\u00e9gek tudom\u00e1nyos m\u0171helyek k\u00f6z\u00f6tti egy\u00fcttm\u0171k\u00f6d\u00e9sek alapj\u00e1ul szolg\u00e1lhatnak.<\/p>\n<p style=\"text-align: justify\">A Kerpel-Fronius \u00d6d\u00f6n Tehets\u00e9ggondoz\u00f3 Program sz\u00e1nd\u00e9ka az interakt\u00edv laborfoglalkoz\u00e1sokkal az, hogy t\u00f6bbet k\u00edn\u00e1ljon az \u00e9venk\u00e9nti ny\u00edlt napn\u00e1l. A rendezv\u00e9ny szervez\u0151i \u00fagy l\u00e1tj\u00e1k, az egyetem e programok r\u00e9v\u00e9n proakt\u00edv, kapcsolatot kezdem\u00e9nyez\u0151 m\u00f3don sz\u00f3l\u00edthatja meg az orvostudom\u00e1ny j\u00f6v\u0151beli m\u0171vel\u00e9se ir\u00e1nt idejekor\u00e1n elhivatotts\u00e1got tan\u00fas\u00edt\u00f3, tehets\u00e9ges k\u00f6z\u00e9piskol\u00e1s fiatalokat. Ezek a rendezv\u00e9nyek seg\u00edthetnek r\u00e1ir\u00e1ny\u00edtani a di\u00e1kok figyelm\u00e9t, hogy a Magyarorsz\u00e1gon nagy hagyom\u00e1nyokkal rendelkez\u0151 k\u00f6z\u00e9piskolai tehets\u00e9ggondoz\u00e1s az \u00e9retts\u00e9gi ut\u00e1n sem \u00e9r v\u00e9get.<\/p>\n<p style=\"text-align: justify\">A fels\u0151oktat\u00e1sba val\u00f3 beker\u00fcl\u00e9s fokoz\u00e1sa mellett az igazi c\u00e9l a p\u00e1lyav\u00e1laszt\u00e1s tudatoss\u00e1g\u00e1nak er\u0151s\u00edt\u00e9se, ezzel pedig a beker\u00fcl\u00e9s mellett a bennmarad\u00e1s er\u0151s\u00edt\u00e9se. Az eg\u00e9szs\u00e9g\u00fcgyi k\u00e9pz\u00e9sek n\u00e9pszer\u0171s\u00edt\u00e9se a potenci\u00e1lisan \u00e9rintett popul\u00e1ci\u00f3ban, az adott gener\u00e1ci\u00f3 nyelvezet\u00e9hez \u00e9s kommunik\u00e1ci\u00f3s szok\u00e1saihoz igazod\u00f3 diskurzus kialak\u00edt\u00e1s\u00e1val, \u00e9s fels\u0151fok\u00fa tanulm\u00e1nyokra felk\u00e9sz\u00edt\u0151 programok szervez\u00e9s\u00e9vel \u00e9rhet\u0151 el.<\/p>\n<p style=\"text-align: justify\">Kiemelt c\u00e9l olyan \u00e9letutak bemutat\u00e1sa, melyek intellektu\u00e1lis kih\u00edv\u00e1st \u00e9s egyben inspir\u00e1ci\u00f3t jelentenek az arra fog\u00e9kony fiatalok sz\u00e1m\u00e1ra. Ennek \u00e9rdek\u00e9ben az \u00e9rintett c\u00e9lcsoportra jellemz\u0151 h\u00e1tr\u00e1nyos helyzetb\u0151l \u00e9rkez\u0151 hallgat\u00f3kat vonunk be a programok kidolgoz\u00e1s\u00e1ba \u00e9s lebonyol\u00edt\u00e1s\u00e1ba, hiszen \u0151k tudj\u00e1k k\u00f6zvetlen\u00fcl is megfogalmazni mind a szervez\u0151k, mind pedig a c\u00e9lcsoport sz\u00e1m\u00e1ra azokat a probl\u00e9ma-kezel\u00e9si, megold\u00e1si technik\u00e1kat, amelyek d\u00f6nt\u0151 fontoss\u00e1g\u00faak lesznek abban, hogy minden fiatal a saj\u00e1t p\u00e1ly\u00e1j\u00e1t tervezze meg. A beker\u00fcl\u0151, vagy azt tervez\u0151 fiatalok sz\u00e1m\u00e1ra elengedhetetlen\u00fcl sz\u00fcks\u00e9ges a v\u00e1lasztott szakter\u00fcletek egzakt, hiteles \u00e9s prec\u00edz bemutat\u00e1sa. Ezzel lehet\u0151v\u00e9 v\u00e1lik a p\u00e1lyav\u00e1laszt\u00e1si motiv\u00e1ci\u00f3k, a foglalkoz\u00e1si identit\u00e1sok stabiliz\u00e1ci\u00f3ja, illet\u0151leg a tanulm\u00e1nyok sor\u00e1n meg\u00e9lt csal\u00f3d\u00e1sok \u00e9s konfliktusok megel\u0151z\u00e9se is.<\/p>\n<p style=\"text-align: justify\">A Kutat\u00f3 Di\u00e1kok\u00e9rt Alap\u00edtv\u00e1ny els\u0151dleges c\u00e9lk\u00e9nt t\u0171zte ki, hogy a tudom\u00e1nyos munka n\u00e9pszer\u0171s\u00edt\u00e9s\u00e9vel k\u00f6zelebb viszi a term\u00e9szettudom\u00e1nyokat, a m\u0171szaki tudom\u00e1nyokat, valamint a tudom\u00e1nyos kutat\u00f3munk\u00e1t a konvergencia r\u00e9gi\u00f3k di\u00e1kjaihoz, b\u00edzva abban, hogy seg\u00edteni tudjuk az \u00e9rdekl\u0151d\u0151 di\u00e1kokat tehets\u00e9g\u00fck felismer\u00e9s\u00e9ben. J\u00f3 \u00e9s \u00e9l\u0151 p\u00e9ld\u00e1inkkal motiv\u00e1lni k\u00edv\u00e1njuk \u0151ket arra, hogy ezeken a ter\u00fcleteken k\u00e9pzelj\u00e9k el j\u00f6v\u0151j\u00fcket, ak\u00e1r egy mentor mellett, egy \u00e9rdekl\u0151d\u00e9si k\u00f6r\u00fcknek megfelel\u0151 magas szint\u0171 kutat\u00f3csoportban, majd egy fels\u0151oktat\u00e1si int\u00e9zm\u00e9ny hallgat\u00f3jak\u00e9nt.<\/p>\n[slb_exclude]<div data-carousel-extra='{\"blog_id\":294,\"permalink\":\"https:\\\/\\\/semmelweis.hu\\\/kfipalyazat\\\/palyazatok\\\/tarsfinanszirozott-palyazatok\\\/fenntartas\\\/efop-3-4-4-16-2017-00026\\\/\"}' class=\"tiled-gallery type-rectangular\" data-original-width=\"753\"><div class=\"gallery-row\" style=\"width: 748px; height: 371px;\"><div class=\"gallery-group images-1\" style=\"width: 499px; height: 375px;\"><div class=\"tiled-gallery-item tiled-gallery-item-large\"><a href=\"https:\/\/semmelweis.hu\/kfipalyazat\/files\/2025\/07\/Tokaj_1-scaled.jpg\"><img loading=\"lazy\" decoding=\"async\" data-attachment-id=\"535\" data-orig-file=\"https:\/\/semmelweis.hu\/kfipalyazat\/files\/2025\/07\/Tokaj_1-scaled.jpg\" data-orig-size=\"2560,1920\" data-comments-opened=\"0\" data-image-meta=\"{&quot;aperture&quot;:&quot;2.8&quot;,&quot;credit&quot;:&quot;&quot;,&quot;camera&quot;:&quot;DMC-FZ200&quot;,&quot;caption&quot;:&quot;&quot;,&quot;created_timestamp&quot;:&quot;1511532340&quot;,&quot;copyright&quot;:&quot;&quot;,&quot;focal_length&quot;:&quot;4.5&quot;,&quot;iso&quot;:&quot;400&quot;,&quot;shutter_speed&quot;:&quot;0.02&quot;,&quot;title&quot;:&quot;&quot;,&quot;orientation&quot;:&quot;1&quot;}\" data-image-title=\"Tokaj_1\" data-image-description=\"\" data-medium-file=\"https:\/\/semmelweis.hu\/kfipalyazat\/files\/2025\/07\/Tokaj_1-400x300.jpg\" data-large-file=\"https:\/\/semmelweis.hu\/kfipalyazat\/files\/2025\/07\/Tokaj_1-1024x768.jpg\" src=\"https:\/\/semmelweis.hu\/kfipalyazat\/files\/2025\/07\/Tokaj_1-scaled-495x371.jpg\" width=\"495\" height=\"371\" align=\"left\" title=\"\" \/><\/a><\/div><\/div><div class=\"gallery-group images-2\" style=\"width: 249px; height: 375px;\"><div class=\"tiled-gallery-item tiled-gallery-item-small\"><a href=\"https:\/\/semmelweis.hu\/kfipalyazat\/files\/2025\/07\/Sarospatak_2-scaled.jpg\"><img loading=\"lazy\" decoding=\"async\" data-attachment-id=\"534\" data-orig-file=\"https:\/\/semmelweis.hu\/kfipalyazat\/files\/2025\/07\/Sarospatak_2-scaled.jpg\" data-orig-size=\"2560,1920\" data-comments-opened=\"0\" data-image-meta=\"{&quot;aperture&quot;:&quot;1.9&quot;,&quot;credit&quot;:&quot;&quot;,&quot;camera&quot;:&quot;SM-J510FN&quot;,&quot;caption&quot;:&quot;&quot;,&quot;created_timestamp&quot;:&quot;1519736634&quot;,&quot;copyright&quot;:&quot;&quot;,&quot;focal_length&quot;:&quot;3.7&quot;,&quot;iso&quot;:&quot;100&quot;,&quot;shutter_speed&quot;:&quot;0.02&quot;,&quot;title&quot;:&quot;&quot;,&quot;orientation&quot;:&quot;1&quot;}\" data-image-title=\"S\u00e1rospatak_2\" data-image-description=\"\" data-medium-file=\"https:\/\/semmelweis.hu\/kfipalyazat\/files\/2025\/07\/Sarospatak_2-400x300.jpg\" data-large-file=\"https:\/\/semmelweis.hu\/kfipalyazat\/files\/2025\/07\/Sarospatak_2-1024x768.jpg\" src=\"https:\/\/semmelweis.hu\/kfipalyazat\/files\/2025\/07\/Sarospatak_2-scaled-245x184.jpg\" width=\"245\" height=\"184\" align=\"left\" title=\"\" \/><\/a><\/div><div class=\"tiled-gallery-item tiled-gallery-item-small\"><a href=\"https:\/\/semmelweis.hu\/kfipalyazat\/files\/2025\/07\/Sarospatak_1-scaled.jpg\"><img loading=\"lazy\" decoding=\"async\" data-attachment-id=\"533\" data-orig-file=\"https:\/\/semmelweis.hu\/kfipalyazat\/files\/2025\/07\/Sarospatak_1-scaled.jpg\" data-orig-size=\"2560,1920\" data-comments-opened=\"0\" data-image-meta=\"{&quot;aperture&quot;:&quot;1.9&quot;,&quot;credit&quot;:&quot;&quot;,&quot;camera&quot;:&quot;SM-J510FN&quot;,&quot;caption&quot;:&quot;&quot;,&quot;created_timestamp&quot;:&quot;1519736625&quot;,&quot;copyright&quot;:&quot;&quot;,&quot;focal_length&quot;:&quot;3.7&quot;,&quot;iso&quot;:&quot;64&quot;,&quot;shutter_speed&quot;:&quot;0.03030303030303&quot;,&quot;title&quot;:&quot;&quot;,&quot;orientation&quot;:&quot;1&quot;}\" data-image-title=\"S\u00e1rospatak_1\" data-image-description=\"\" data-medium-file=\"https:\/\/semmelweis.hu\/kfipalyazat\/files\/2025\/07\/Sarospatak_1-400x300.jpg\" data-large-file=\"https:\/\/semmelweis.hu\/kfipalyazat\/files\/2025\/07\/Sarospatak_1-1024x768.jpg\" src=\"https:\/\/semmelweis.hu\/kfipalyazat\/files\/2025\/07\/Sarospatak_1-scaled-245x183.jpg\" width=\"245\" height=\"183\" align=\"left\" title=\"\" \/><\/a><\/div><\/div><\/div><div class=\"gallery-row\" style=\"width: 748px; height: 184px;\"><div class=\"gallery-group images-1\" style=\"width: 250px; height: 188px;\"><div class=\"tiled-gallery-item tiled-gallery-item-small\"><a href=\"https:\/\/semmelweis.hu\/kfipalyazat\/files\/2025\/07\/Miskolc_1-scaled.jpg\"><img loading=\"lazy\" decoding=\"async\" data-attachment-id=\"532\" data-orig-file=\"https:\/\/semmelweis.hu\/kfipalyazat\/files\/2025\/07\/Miskolc_1-scaled.jpg\" data-orig-size=\"2560,1920\" data-comments-opened=\"0\" data-image-meta=\"{&quot;aperture&quot;:&quot;2.8&quot;,&quot;credit&quot;:&quot;&quot;,&quot;camera&quot;:&quot;DMC-FZ200&quot;,&quot;caption&quot;:&quot;&quot;,&quot;created_timestamp&quot;:&quot;1511520432&quot;,&quot;copyright&quot;:&quot;&quot;,&quot;focal_length&quot;:&quot;4.5&quot;,&quot;iso&quot;:&quot;400&quot;,&quot;shutter_speed&quot;:&quot;0.076923076923077&quot;,&quot;title&quot;:&quot;&quot;,&quot;orientation&quot;:&quot;1&quot;}\" data-image-title=\"Miskolc_1\" data-image-description=\"\" data-medium-file=\"https:\/\/semmelweis.hu\/kfipalyazat\/files\/2025\/07\/Miskolc_1-400x300.jpg\" data-large-file=\"https:\/\/semmelweis.hu\/kfipalyazat\/files\/2025\/07\/Miskolc_1-1024x768.jpg\" src=\"https:\/\/semmelweis.hu\/kfipalyazat\/files\/2025\/07\/Miskolc_1-scaled-246x184.jpg\" width=\"246\" height=\"184\" align=\"left\" title=\"\" \/><\/a><\/div><\/div><div class=\"gallery-group images-1\" style=\"width: 249px; height: 188px;\"><div class=\"tiled-gallery-item tiled-gallery-item-small\"><a href=\"https:\/\/semmelweis.hu\/kfipalyazat\/files\/2025\/07\/Hajduszoboszlo-scaled.jpg\"><img loading=\"lazy\" decoding=\"async\" data-attachment-id=\"531\" data-orig-file=\"https:\/\/semmelweis.hu\/kfipalyazat\/files\/2025\/07\/Hajduszoboszlo-scaled.jpg\" data-orig-size=\"2560,1920\" data-comments-opened=\"0\" data-image-meta=\"{&quot;aperture&quot;:&quot;2.8&quot;,&quot;credit&quot;:&quot;&quot;,&quot;camera&quot;:&quot;DMC-FZ200&quot;,&quot;caption&quot;:&quot;&quot;,&quot;created_timestamp&quot;:&quot;1512125853&quot;,&quot;copyright&quot;:&quot;&quot;,&quot;focal_length&quot;:&quot;9.8&quot;,&quot;iso&quot;:&quot;125&quot;,&quot;shutter_speed&quot;:&quot;0.016666666666667&quot;,&quot;title&quot;:&quot;&quot;,&quot;orientation&quot;:&quot;1&quot;}\" data-image-title=\"Hajd\u00faszoboszl\u00f3\" data-image-description=\"\" data-medium-file=\"https:\/\/semmelweis.hu\/kfipalyazat\/files\/2025\/07\/Hajduszoboszlo-400x300.jpg\" data-large-file=\"https:\/\/semmelweis.hu\/kfipalyazat\/files\/2025\/07\/Hajduszoboszlo-1024x768.jpg\" src=\"https:\/\/semmelweis.hu\/kfipalyazat\/files\/2025\/07\/Hajduszoboszlo-scaled-245x184.jpg\" width=\"245\" height=\"184\" align=\"left\" title=\"\" \/><\/a><\/div><\/div><div class=\"gallery-group images-1\" style=\"width: 249px; height: 188px;\"><div class=\"tiled-gallery-item tiled-gallery-item-small\"><a href=\"https:\/\/semmelweis.hu\/kfipalyazat\/files\/2025\/07\/Debrecen_2.jpeg\"><img loading=\"lazy\" decoding=\"async\" data-attachment-id=\"530\" data-orig-file=\"https:\/\/semmelweis.hu\/kfipalyazat\/files\/2025\/07\/Debrecen_2.jpeg\" data-orig-size=\"2048,1536\" data-comments-opened=\"0\" data-image-meta=\"{&quot;aperture&quot;:&quot;0&quot;,&quot;credit&quot;:&quot;&quot;,&quot;camera&quot;:&quot;&quot;,&quot;caption&quot;:&quot;&quot;,&quot;created_timestamp&quot;:&quot;0&quot;,&quot;copyright&quot;:&quot;&quot;,&quot;focal_length&quot;:&quot;0&quot;,&quot;iso&quot;:&quot;0&quot;,&quot;shutter_speed&quot;:&quot;0&quot;,&quot;title&quot;:&quot;&quot;,&quot;orientation&quot;:&quot;1&quot;}\" data-image-title=\"Debrecen_2\" data-image-description=\"\" data-medium-file=\"https:\/\/semmelweis.hu\/kfipalyazat\/files\/2025\/07\/Debrecen_2-400x300.jpeg\" data-large-file=\"https:\/\/semmelweis.hu\/kfipalyazat\/files\/2025\/07\/Debrecen_2-1024x768.jpeg\" src=\"https:\/\/semmelweis.hu\/kfipalyazat\/files\/2025\/07\/Debrecen_2-245x184.jpeg\" width=\"245\" height=\"184\" align=\"left\" title=\"\" \/><\/a><\/div><\/div><\/div><div class=\"gallery-row\" style=\"width: 748px; height: 371px;\"><div class=\"gallery-group images-2\" style=\"width: 249px; height: 375px;\"><div class=\"tiled-gallery-item tiled-gallery-item-small\"><a href=\"https:\/\/semmelweis.hu\/kfipalyazat\/files\/2025\/07\/Debrecen_1.jpeg\"><img loading=\"lazy\" decoding=\"async\" data-attachment-id=\"529\" data-orig-file=\"https:\/\/semmelweis.hu\/kfipalyazat\/files\/2025\/07\/Debrecen_1.jpeg\" data-orig-size=\"2048,1536\" data-comments-opened=\"0\" data-image-meta=\"{&quot;aperture&quot;:&quot;0&quot;,&quot;credit&quot;:&quot;&quot;,&quot;camera&quot;:&quot;&quot;,&quot;caption&quot;:&quot;&quot;,&quot;created_timestamp&quot;:&quot;0&quot;,&quot;copyright&quot;:&quot;&quot;,&quot;focal_length&quot;:&quot;0&quot;,&quot;iso&quot;:&quot;0&quot;,&quot;shutter_speed&quot;:&quot;0&quot;,&quot;title&quot;:&quot;&quot;,&quot;orientation&quot;:&quot;1&quot;}\" data-image-title=\"Debrecen_1\" data-image-description=\"\" data-medium-file=\"https:\/\/semmelweis.hu\/kfipalyazat\/files\/2025\/07\/Debrecen_1-400x300.jpeg\" data-large-file=\"https:\/\/semmelweis.hu\/kfipalyazat\/files\/2025\/07\/Debrecen_1-1024x768.jpeg\" src=\"https:\/\/semmelweis.hu\/kfipalyazat\/files\/2025\/07\/Debrecen_1-245x184.jpeg\" width=\"245\" height=\"184\" align=\"left\" title=\"\" \/><\/a><\/div><div class=\"tiled-gallery-item tiled-gallery-item-small\"><a href=\"https:\/\/semmelweis.hu\/kfipalyazat\/files\/2025\/07\/DSCN7047.jpg\"><img loading=\"lazy\" decoding=\"async\" data-attachment-id=\"528\" data-orig-file=\"https:\/\/semmelweis.hu\/kfipalyazat\/files\/2025\/07\/DSCN7047.jpg\" data-orig-size=\"640,480\" data-comments-opened=\"0\" data-image-meta=\"{&quot;aperture&quot;:&quot;3&quot;,&quot;credit&quot;:&quot;&quot;,&quot;camera&quot;:&quot;COOLPIX P510&quot;,&quot;caption&quot;:&quot;&quot;,&quot;created_timestamp&quot;:&quot;1520417581&quot;,&quot;copyright&quot;:&quot;&quot;,&quot;focal_length&quot;:&quot;4.3&quot;,&quot;iso&quot;:&quot;400&quot;,&quot;shutter_speed&quot;:&quot;0.05&quot;,&quot;title&quot;:&quot;&quot;,&quot;orientation&quot;:&quot;1&quot;}\" data-image-title=\"DSCN7047\" data-image-description=\"\" data-medium-file=\"https:\/\/semmelweis.hu\/kfipalyazat\/files\/2025\/07\/DSCN7047-400x300.jpg\" data-large-file=\"https:\/\/semmelweis.hu\/kfipalyazat\/files\/2025\/07\/DSCN7047.jpg\" src=\"https:\/\/semmelweis.hu\/kfipalyazat\/files\/2025\/07\/DSCN7047-245x183.jpg\" width=\"245\" height=\"183\" align=\"left\" title=\"\" \/><\/a><\/div><\/div><div class=\"gallery-group images-1\" style=\"width: 499px; height: 375px;\"><div class=\"tiled-gallery-item tiled-gallery-item-large\"><a href=\"https:\/\/semmelweis.hu\/kfipalyazat\/files\/2025\/07\/DSCN7051_1.jpg\"><img loading=\"lazy\" decoding=\"async\" data-attachment-id=\"527\" data-orig-file=\"https:\/\/semmelweis.hu\/kfipalyazat\/files\/2025\/07\/DSCN7051_1.jpg\" data-orig-size=\"640,480\" data-comments-opened=\"0\" data-image-meta=\"{&quot;aperture&quot;:&quot;3&quot;,&quot;credit&quot;:&quot;&quot;,&quot;camera&quot;:&quot;COOLPIX P510&quot;,&quot;caption&quot;:&quot;&quot;,&quot;created_timestamp&quot;:&quot;1520417620&quot;,&quot;copyright&quot;:&quot;&quot;,&quot;focal_length&quot;:&quot;4.3&quot;,&quot;iso&quot;:&quot;400&quot;,&quot;shutter_speed&quot;:&quot;0.04&quot;,&quot;title&quot;:&quot;&quot;,&quot;orientation&quot;:&quot;1&quot;}\" data-image-title=\"DSCN7051_1\" data-image-description=\"\" data-medium-file=\"https:\/\/semmelweis.hu\/kfipalyazat\/files\/2025\/07\/DSCN7051_1-400x300.jpg\" data-large-file=\"https:\/\/semmelweis.hu\/kfipalyazat\/files\/2025\/07\/DSCN7051_1.jpg\" src=\"https:\/\/semmelweis.hu\/kfipalyazat\/files\/2025\/07\/DSCN7051_1-495x371.jpg\" width=\"495\" height=\"371\" align=\"left\" title=\"\" \/><\/a><\/div><\/div><\/div><\/div>[\/slb_exclude]\n<p><img loading=\"lazy\" decoding=\"async\" class=\"alignright\" src=\"https:\/\/semmelweis.hu\/kfipalyazat\/files\/2025\/07\/esza.jpg\" width=\"451\" height=\"322\" \/><\/p>\n","protected":false},"excerpt":{"rendered":"<p>Projekt azonos\u00edt\u00f3sz\u00e1ma: EFOP-3.4.4-16-2017-00026 Projekt c\u00edme: A Semmelweis Egyetem \u00e9s a Kutat\u00f3 Di\u00e1kok\u00e9rt Alap\u00edtv\u00e1ny orsz\u00e1gos orvos- \u00e9s eg\u00e9szs\u00e9gtudom\u00e1nyi tehets\u00e9ggondoz\u00f3 programsorozata Konzorcium vezet\u0151: Semmelweis Egyetem Partner:\u00a0 Kutat\u00f3 Di\u00e1kok\u00e9rt Alap\u00edtv\u00e1ny Futamid\u0151: 2017.09.01-2020.11.30. T\u00e1mogat\u00e1s: 92.760.318,- Ft SE r\u00e9sze: 90.340.318,- Ft Kutat\u00f3 Di\u00e1kok\u00e9rt Alap\u00edtv\u00e1ny r\u00e9sze: 2.420.000,- Ft \u00a0 Projekt c\u00e9lja: A projekt f\u0151 c\u00e9lja a\u00a0fels\u0151oktat\u00e1si k\u00e9pzetts\u00e9gi szint n\u00f6vel\u00e9se. A projekt &hellip;<\/p>\n","protected":false},"author":102410,"featured_media":0,"parent":148,"menu_order":2,"comment_status":"closed","ping_status":"closed","template":"","meta":{"_acf_changed":false,"footnotes":""},"categories":[],"tags":[],"class_list":["post-397","page","type-page","status-publish","hentry"],"acf":[],"_links":{"self":[{"href":"https:\/\/semmelweis.hu\/kfipalyazat\/wp-json\/wp\/v2\/pages\/397","targetHints":{"allow":["GET"]}}],"collection":[{"href":"https:\/\/semmelweis.hu\/kfipalyazat\/wp-json\/wp\/v2\/pages"}],"about":[{"href":"https:\/\/semmelweis.hu\/kfipalyazat\/wp-json\/wp\/v2\/types\/page"}],"author":[{"embeddable":true,"href":"https:\/\/semmelweis.hu\/kfipalyazat\/wp-json\/wp\/v2\/users\/102410"}],"replies":[{"embeddable":true,"href":"https:\/\/semmelweis.hu\/kfipalyazat\/wp-json\/wp\/v2\/comments?post=397"}],"version-history":[{"count":6,"href":"https:\/\/semmelweis.hu\/kfipalyazat\/wp-json\/wp\/v2\/pages\/397\/revisions"}],"predecessor-version":[{"id":779,"href":"https:\/\/semmelweis.hu\/kfipalyazat\/wp-json\/wp\/v2\/pages\/397\/revisions\/779"}],"up":[{"embeddable":true,"href":"https:\/\/semmelweis.hu\/kfipalyazat\/wp-json\/wp\/v2\/pages\/148"}],"wp:attachment":[{"href":"https:\/\/semmelweis.hu\/kfipalyazat\/wp-json\/wp\/v2\/media?parent=397"}],"wp:term":[{"taxonomy":"category","embeddable":true,"href":"https:\/\/semmelweis.hu\/kfipalyazat\/wp-json\/wp\/v2\/categories?post=397"},{"taxonomy":"post_tag","embeddable":true,"href":"https:\/\/semmelweis.hu\/kfipalyazat\/wp-json\/wp\/v2\/tags?post=397"}],"curies":[{"name":"wp","href":"https:\/\/api.w.org\/{rel}","templated":true}]}}