{"id":395,"date":"2025-07-17T14:45:09","date_gmt":"2025-07-17T12:45:09","guid":{"rendered":"https:\/\/semmelweis.hu\/kfipalyazat\/?page_id=395"},"modified":"2026-03-10T15:50:10","modified_gmt":"2026-03-10T14:50:10","slug":"efop-3-6-3-vekop-16-2017-00009","status":"publish","type":"page","link":"https:\/\/semmelweis.hu\/kfipalyazat\/palyazatok\/tarsfinanszirozott-palyazatok\/fenntartas\/efop-3-6-3-vekop-16-2017-00009\/","title":{"rendered":"EFOP-3.6.3-VEKOP-16-2017-00009"},"content":{"rendered":"<p style=\"text-align: justify\"><strong>Projekt azonos\u00edt\u00f3sz\u00e1ma:<\/strong> EFOP-3.6.3-VEKOP-16-2017-00009<\/p>\n<p style=\"text-align: justify\"><strong>Projekt c\u00edme: <\/strong>Az orvos-, eg\u00e9szs\u00e9gtudom\u00e1nyi- \u00e9s gy\u00f3gyszer\u00e9szk\u00e9pz\u00e9s tudom\u00e1nyos m\u0171helyeinek fejleszt\u00e9se<\/p>\n<p style=\"text-align: justify\"><strong>Projekt megval\u00f3s\u00edt\u00e1si ideje:<\/strong> 2017.05.01-2022.02.28.<\/p>\n<p style=\"text-align: justify\"><strong>T\u00e1mogat\u00e1si \u00f6sszeg:<\/strong> 1 708 203 119 Ft<\/p>\n<p style=\"text-align: justify\"><strong>Konzorciumvezet\u0151: <\/strong><\/p>\n<ul style=\"text-align: justify\">\n<li>Semmelweis Egyetem<\/li>\n<\/ul>\n<p style=\"text-align: justify\"><strong>Konzorciumi tagok:<\/strong><\/p>\n<ul style=\"text-align: justify\">\n<li>Szegedi Tudom\u00e1nyegyetem<\/li>\n<li>P\u00e9csi Tudom\u00e1nyegyetem<\/li>\n<li>Debreceni Egyetem<\/li>\n<\/ul>\n<p style=\"text-align: justify\"><strong>T\u00e1mogat\u00e1s intenzit\u00e1sa:<\/strong> 100%<\/p>\n<p style=\"text-align: justify\"><strong>Projekt le\u00edr\u00e1sa:<\/strong><\/p>\n<p style=\"text-align: justify\">A Semmelweis Egyetem, a Debreceni Egyetem, a P\u00e9csi Tudom\u00e1nyegyetem \u00e9s a Szegedi Tudom\u00e1nyegyetem k\u00f6z\u00f6s c\u00e9lja a projekt megval\u00f3s\u00edt\u00e1s\u00e1val az orvos-, eg\u00e9szs\u00e9g- \u00e9s gy\u00f3gyszer\u00e9sztudom\u00e1nyi ter\u00fcleteken a doktori fokozatot szerzett kutat\u00f3i l\u00e9tsz\u00e1m n\u00f6vel\u00e9se az egyetemi tudom\u00e1nyos m\u0171helyek fejleszt\u00e9s\u00e9vel a hazai tudom\u00e1nyos teljes\u00edtm\u00e9ny\u00fck fokoz\u00e1sa, valamint a fiatal tehets\u00e9gek \u00e9rdekl\u0151d\u00e9s\u00e9nek felkelt\u00e9se a kutat\u00f3i \u00e9letp\u00e1lya ir\u00e1nt. A c\u00e9l megval\u00f3s\u00edt\u00e1sa \u00e9rdek\u00e9ben a n\u00e9gy egyetem \u00e1ltal l\u00e9trehozott orsz\u00e1gos konzorcium \u00f6sszehangolt, k\u00f6z\u00f6s \u00e9s egys\u00e9ges programsorozatot ind\u00edt a projekt megval\u00f3s\u00edt\u00e1si id\u0151szak\u00e1ban.<br \/>\nA projekt c\u00e9lokat a konstrukci\u00f3nak megfelel\u0151en tervezt\u00fck meg az \u00e1ltal\u00e1nos c\u00e9lokhoz igazod\u00f3an:<br \/>\nA projekt \u00e1tfog\u00f3 c\u00e9lja:<br \/>\nA fels\u0151oktat\u00e1si int\u00e9zm\u00e9nyek bels\u0151 meg\u00fajul\u00e1s\u00e1nak t\u00e1mogat\u00e1sa a min\u0151s\u00e9gi tudom\u00e1nyosut\u00e1np\u00f3tl\u00e1s-nevel\u00e9s \u00e9rdek\u00e9ben.<br \/>\nA projekt alapvet\u0151 c\u00e9lja:<br \/>\nOlyan felt\u00e9telek megteremt\u00e9se a fels\u0151oktat\u00e1si int\u00e9zm\u00e9nyekben, amelyek lehet\u0151s\u00e9get biztos\u00edtanak a tehets\u00e9gek sz\u00e1m\u00e1ra az egyedi illetve k\u00f6z\u00f6ss\u00e9gi tudom\u00e1nyos fejl\u0151d\u00e9sre. Ennek r\u00e9sze az int\u00e9zm\u00e9nyen bel\u00fcli tehets\u00e9gseg\u00edt\u0151 programok m\u0171k\u00f6dtet\u00e9se, fejleszt\u00e9se, amelyek az arra \u00e9rdemes hallgat\u00f3knak lehet\u0151s\u00e9get \u00e9s anyagi h\u00e1tteret biztos\u00edtanak a tudom\u00e1nyos fejl\u0151d\u00e9sre, az oktat\u00f3 p\u00e1ly\u00e1ra val\u00f3 tov\u00e1bbl\u00e9p\u00e9sre.<br \/>\nR\u00e9szc\u00e9lok:<br \/>\n1) A doktori k\u00e9pz\u00e9s sz\u00ednvonal\u00e1nak \u00e9s min\u0151s\u00e9g\u00e9nek fejleszt\u00e9se<br \/>\n2) A tehets\u00e9ges hallgat\u00f3k tudom\u00e1nyos di\u00e1kk\u00f6ri tev\u00e9kenys\u00e9g\u00e9nek fejleszt\u00e9se<br \/>\n3) A szakkoll\u00e9giumok sz\u00ednvonal\u00e1nak \u00e9s min\u0151s\u00e9g\u00e9nek fejleszt\u00e9se<br \/>\n4) Tehets\u00e9ges hallgat\u00f3k bevon\u00e1sa a k\u00e9pz\u00e9si \u00e9s kutat\u00e1si folyamatba: demonstr\u00e1tori, gyakorlatvezet\u0151i \u00e9s laborgyakorlat-vezet\u0151i munk\u00e1juk t\u00e1mogat\u00e1sa<br \/>\n5) Kutat\u00f3i teljes\u00edtm\u00e9nyt fokoz\u00f3 k\u00f6zegek fejleszt\u00e9se<\/p>\n<p style=\"text-align: justify\">\u00a0<\/p>\n<p class=\"entry-title text-uppercase\" style=\"text-align: justify\">\u201eKutat\u00f3i ut\u00e1np\u00f3tl\u00e1s t\u00e1mogat\u00e1sa\u201d c. projekt \u2013 prom\u00f3ci\u00f3s anyag<\/p>\n<ul>\n<li style=\"text-align: justify\"><a href=\"https:\/\/www.youtube.com\/watch?v=7SeDVVln1uQ\" target=\"_blank\" rel=\"noopener\">Szegedi Tudom\u00e1nyegyetem<\/a><\/li>\n<li style=\"text-align: justify\"><a href=\"https:\/\/www.youtube.com\/watch?v=uN_sx6to4zc\" target=\"_blank\" rel=\"noopener\">P\u00e9csi Tudom\u00e1nyegyetem<\/a><\/li>\n<li style=\"text-align: justify\"><a href=\"https:\/\/www.youtube.com\/watch?v=WIPFVbIQ6tY\" target=\"_blank\" rel=\"noopener\">Debreceni Egyetem<\/a><\/li>\n<li style=\"text-align: justify\"><a href=\"https:\/\/www.youtube.com\/watch?v=3s-vYhVvl0g\" target=\"_blank\" rel=\"noopener\">Semmelweis Egyetem<\/a><\/li>\n<\/ul>\n<p><strong>A projekt keret\u00e9ben megval\u00f3sult kutat\u00e1si eredm\u00e9nyek k\u00f6zlem\u00e9nyeinek el\u00e9rhet\u0151s\u00e9ge: <a href=\"https:\/\/semmelweis.hu\/kfipalyazat\/files\/2026\/03\/EFOP_3.6.3_publikaciok-masolata_GAM_egybe.pdf\" target=\"_blank\" rel=\"noopener\">ITT<\/a><\/strong><\/p>\n<p><img loading=\"lazy\" decoding=\"async\" class=\"alignright\" src=\"https:\/\/semmelweis.hu\/kfipalyazat\/files\/2025\/07\/esza.jpg\" width=\"451\" height=\"322\" \/><\/p>\n","protected":false},"excerpt":{"rendered":"<p>Projekt azonos\u00edt\u00f3sz\u00e1ma: EFOP-3.6.3-VEKOP-16-2017-00009 Projekt c\u00edme: Az orvos-, eg\u00e9szs\u00e9gtudom\u00e1nyi- \u00e9s gy\u00f3gyszer\u00e9szk\u00e9pz\u00e9s tudom\u00e1nyos m\u0171helyeinek fejleszt\u00e9se Projekt megval\u00f3s\u00edt\u00e1si ideje: 2017.05.01-2022.02.28. T\u00e1mogat\u00e1si \u00f6sszeg: 1 708 203 119 Ft Konzorciumvezet\u0151: Semmelweis Egyetem Konzorciumi tagok: Szegedi Tudom\u00e1nyegyetem P\u00e9csi Tudom\u00e1nyegyetem Debreceni Egyetem T\u00e1mogat\u00e1s intenzit\u00e1sa: 100% Projekt le\u00edr\u00e1sa: A Semmelweis Egyetem, a Debreceni Egyetem, a P\u00e9csi Tudom\u00e1nyegyetem \u00e9s a Szegedi Tudom\u00e1nyegyetem k\u00f6z\u00f6s c\u00e9lja &hellip;<\/p>\n","protected":false},"author":102410,"featured_media":0,"parent":148,"menu_order":4,"comment_status":"closed","ping_status":"closed","template":"","meta":{"_acf_changed":false,"footnotes":""},"categories":[],"tags":[],"class_list":["post-395","page","type-page","status-publish","hentry"],"acf":[],"_links":{"self":[{"href":"https:\/\/semmelweis.hu\/kfipalyazat\/wp-json\/wp\/v2\/pages\/395","targetHints":{"allow":["GET"]}}],"collection":[{"href":"https:\/\/semmelweis.hu\/kfipalyazat\/wp-json\/wp\/v2\/pages"}],"about":[{"href":"https:\/\/semmelweis.hu\/kfipalyazat\/wp-json\/wp\/v2\/types\/page"}],"author":[{"embeddable":true,"href":"https:\/\/semmelweis.hu\/kfipalyazat\/wp-json\/wp\/v2\/users\/102410"}],"replies":[{"embeddable":true,"href":"https:\/\/semmelweis.hu\/kfipalyazat\/wp-json\/wp\/v2\/comments?post=395"}],"version-history":[{"count":5,"href":"https:\/\/semmelweis.hu\/kfipalyazat\/wp-json\/wp\/v2\/pages\/395\/revisions"}],"predecessor-version":[{"id":994,"href":"https:\/\/semmelweis.hu\/kfipalyazat\/wp-json\/wp\/v2\/pages\/395\/revisions\/994"}],"up":[{"embeddable":true,"href":"https:\/\/semmelweis.hu\/kfipalyazat\/wp-json\/wp\/v2\/pages\/148"}],"wp:attachment":[{"href":"https:\/\/semmelweis.hu\/kfipalyazat\/wp-json\/wp\/v2\/media?parent=395"}],"wp:term":[{"taxonomy":"category","embeddable":true,"href":"https:\/\/semmelweis.hu\/kfipalyazat\/wp-json\/wp\/v2\/categories?post=395"},{"taxonomy":"post_tag","embeddable":true,"href":"https:\/\/semmelweis.hu\/kfipalyazat\/wp-json\/wp\/v2\/tags?post=395"}],"curies":[{"name":"wp","href":"https:\/\/api.w.org\/{rel}","templated":true}]}}