{"id":390,"date":"2025-07-17T14:25:17","date_gmt":"2025-07-17T12:25:17","guid":{"rendered":"https:\/\/semmelweis.hu\/kfipalyazat\/?page_id=390"},"modified":"2025-08-14T10:23:23","modified_gmt":"2025-08-14T08:23:23","slug":"efop-3-4-3-16-2016-00007","status":"publish","type":"page","link":"https:\/\/semmelweis.hu\/kfipalyazat\/palyazatok\/tarsfinanszirozott-palyazatok\/fenntartas\/efop-3-4-3-16-2016-00007\/","title":{"rendered":"EFOP-3.4.3-16-2016-00007"},"content":{"rendered":"<p style=\"text-align: justify\"><strong>Projekt azonos\u00edt\u00f3 sz\u00e1ma: EFOP-3.4.3-16-2016-00007<\/strong><\/p>\n<p style=\"text-align: justify\"><strong>Projekt c\u00edme: <\/strong>A Semmelweis Egyetem tanul\u00f3i b\u00e1zis\u00e1nak sz\u00e9les\u00edt\u00e9se, beker\u00fcl\u00e9st \u00e9s bennmarad\u00e1st t\u00e1mogat\u00f3 programok ind\u00edt\u00e1s\u00e1n, valamint balassagyarmati telephely\u00e9n \u00faj szolg\u00e1ltat\u00e1sok bevezet\u00e9s\u00e9n kereszt\u00fcl<\/p>\n<p style=\"text-align: justify\">\u00a0<\/p>\n<p style=\"text-align: justify\"><strong>Semmelweis Egyetemre jut\u00f3 t\u00e1mogat\u00e1si \u00f6sszeg:<\/strong> 664.880.793,- Ft.<\/p>\n<p style=\"text-align: justify\"><strong>Projekt v\u00e9grehajt\u00e1si id\u0151szaka:<\/strong> 2017.06.01-2022.02.28.<\/p>\n<p style=\"text-align: justify\"><strong>T\u00e1mogat\u00e1s intenzit\u00e1sa:<\/strong> 100%<\/p>\n<p style=\"text-align: justify\">A projekt nem konzorciumi form\u00e1ban val\u00f3sul meg.<\/p>\n<p style=\"text-align: justify\"><strong>A projekt az al\u00e1bbi m\u00e9rf\u00f6ldk\u00f6vek v\u00e9grehajt\u00e1s\u00e1val zajlik:<\/strong><\/p>\n<ol style=\"text-align: justify\">\n<li>M\u00e9rf\u00f6ldk\u0151<\/li>\n<\/ol>\n<p style=\"text-align: justify\">Az els\u0151 m\u00e9rf\u00f6ldk\u0151 legfontosabb feladata a Semmelweis Egyetem balassagyarmati telephely\u00e9nek fejleszt\u00e9se, a kapcsolatfelv\u00e9tel megkezd\u00e9se a helyi szerepl\u0151kkel, alv\u00e1llalkoz\u00f3kkal, d\u00f6nt\u00e9shoz\u00f3kkal, a tov\u00e1bbi sz\u00fcks\u00e9ges fejleszt\u00e9sek, tev\u00e9kenys\u00e9gek felm\u00e9r\u00e9se.<\/p>\n<ol style=\"text-align: justify\" start=\"2\">\n<li>M\u00e9rf\u00f6ldk\u0151<\/li>\n<\/ol>\n<p style=\"text-align: justify\">A m\u00e1sodik m\u00e9rf\u00f6ldk\u0151 feladata az oktat\u00e1si terv \u00e9s tematika kidolgoz\u00e1sa, pilot program elind\u00edt\u00e1sa, ezen kereszt\u00fcl tesztelni a programok m\u0171k\u00f6dtethet\u0151s\u00e9g\u00e9t, a k\u00fcl\u00f6nb\u00f6z\u0151 sz\u00fcks\u00e9ges beszerz\u00e9seket v\u00e9grehajtani.<\/p>\n<ol style=\"text-align: justify\" start=\"3\">\n<li>M\u00e9rf\u00f6ldk\u0151<\/li>\n<\/ol>\n<p style=\"text-align: justify\">A program portf\u00f3li\u00f3 harmadik m\u00e9rf\u00f6ldk\u00f6ve a 2018-2019-es tan\u00e9vben elind\u00edtand\u00f3 programok v\u00e9grehajt\u00e1s\u00e1t jelenti els\u0151sorban. A budapesti campuson a karok \u00e1ltal tervezett programok els\u0151 r\u00e9sze megkezd\u0151dik, elindulnak a mentor \u00e9s oktat\u00e1si programok, megsz\u00fcletnek az \u00faj tapasztalatok, eredm\u00e9nyek.<\/p>\n<ol style=\"text-align: justify\" start=\"4\">\n<li>M\u00e9rf\u00f6ldk\u0151<\/li>\n<\/ol>\n<p style=\"text-align: justify\">A program portf\u00f3li\u00f3 negyedik m\u00e9rf\u00f6ldk\u00f6ve a 2019-2020-as tan\u00e9vben elind\u00edtand\u00f3 programok v\u00e9grehajt\u00e1s\u00e1t valamint a kor\u00e1bbi tan\u00e9vben elind\u00edtott programok korrekci\u00f3j\u00e1t, jav\u00edt\u00e1s\u00e1t \u00e9s p\u00e1rhuzamos m\u0171k\u00f6dtet\u00e9s\u00e9t jelenti. A program portf\u00f3li\u00f3 jelen szakasza a teljes program cs\u00facspontja, minden szakmai program ekkor m\u0171k\u00f6dik a legakt\u00edvabban.<\/p>\n<p style=\"text-align: justify\">A szakasz v\u00e9g\u00e9n a programban r\u00e9sztvev\u0151k elkezdik az adatgy\u0171jt\u00e9st a z\u00e1r\u00f3jelent\u00e9s elk\u00e9sz\u00edt\u00e9s\u00e9hez.<\/p>\n<ol style=\"text-align: justify\" start=\"5\">\n<li>M\u00e9rf\u00f6ldk\u0151<\/li>\n<\/ol>\n<p style=\"text-align: justify\">A program portf\u00f3li\u00f3 \u00f6t\u00f6dik, z\u00e1r\u00f3 szakasza a projektz\u00e1r\u00e1sra, a fenntart\u00e1si id\u0151szakra val\u00f3 felk\u00e9sz\u00edt\u00e9st foglalja mag\u00e1ban: a r\u00e9sztvev\u0151k ki\u00e9rt\u00e9kelik \u00e9s rangsorolj\u00e1k programjaik eredm\u00e9ny\u00e9t, k\u00f6z\u00f6s konferenci\u00e1n megosztj\u00e1k tapasztalataikat egym\u00e1ssal \u00e9s az egyetem m\u00e1s, k\u00f6zvetlen\u00fcl nem \u00e9rintett szakter\u00fcleteivel.<\/p>\n<p style=\"text-align: justify\">A szakasz r\u00e9sze a k\u00fcl\u00f6nb\u00f6z\u0151 jelent\u00e9sek \u00e9s z\u00e1r\u00f3 besz\u00e1mol\u00f3k \u00f6ssze\u00e1ll\u00edt\u00e1sa, a nyitott szerz\u0151d\u00e9sek lez\u00e1r\u00e1sa \u00e9s a balassagyarmati telephely k\u00f6z\u00e9p \u2013 \u00e9s hossz\u00fa t\u00e1v\u00fa m\u0171k\u00f6d\u00e9si koncepci\u00f3j\u00e1nak kialak\u00edt\u00e1sa, v\u00e9gleges\u00edt\u00e9se.<\/p>\n<p style=\"text-align: justify\"><strong>Projekt le\u00edr\u00e1sa:<\/strong><\/p>\n<p style=\"text-align: justify\">A Semmelweis Egyetem \u00e9vek \u00f3ta k\u00e9sz\u00fcl \u00e9s k\u00e9sz\u00edti fel oktat\u00e1si int\u00e9zm\u00e9nyeit, karait \u00e9s szakter\u00fcleteit arra, hogy kil\u00e9pve a k\u00f6zponti r\u00e9gi\u00f3b\u00f3l sz\u00e9les\u00edtse saj\u00e1t kapacit\u00e1sainak hozz\u00e1f\u00e9rhet\u0151s\u00e9g\u00e9t, min\u00e9l nagyobb sz\u00e1mban biztos\u00edtson lehet\u0151s\u00e9get fejlesztend\u0151 r\u00e9gi\u00f3beli fiatalok sz\u00e1m\u00e1ra oktat\u00e1si tev\u00e9kenys\u00e9g\u00e9nek el\u00e9r\u00e9s\u00e9ben. Egyetem\u00fcnk \u00e9ppen ez\u00e9rt t\u00f6bb mint egy \u00e9ve telephelyeket l\u00e9tes\u00edtett \u00e9s meg kezdte egy\u00fcttm\u0171k\u00f6d\u00e9s\u00e9t az \u00c9szak-magyarorsz\u00e1gi R\u00e9gi\u00f3ban. A Balassagyarmaton majd Egerben l\u00e9trehozott telephely sz\u00e1mos szakmai egy\u00fcttm\u0171k\u00f6d\u00e9si ter\u00fcletet nyitott sz\u00e1munkra az elm\u00falt egy \u00e9vsor\u00e1n. Kil\u00e9pve a k\u00f6zponti v\u00e1rosokb\u00f3l sok falusi \u00e9s kisv\u00e1rosi telep\u00fcl\u00e9sen \u00e9l\u0151 fiatalt vontunk be tev\u00e9kenys\u00e9g\u00fcnkbe. \u00c9vente t\u00f6bb sz\u00e1z fiatal sz\u00e1m\u00e1ra tartunk bemutatkoz\u00f3 el\u0151ad\u00e1sokat \u00e9s mutatjuk be kutat\u00f3ink eredm\u00e9ny\u00e9t Balassagyarmaton, \u00e9l\u0151 akt\u00edv oktat\u00e1si kapcsolatot tartunk fent Salg\u00f3tarj\u00e1n \u00f6nkorm\u00e1nyzat\u00e1val \u00e9s az \u00d3budai Egyetem K\u00f6z\u00f6ss\u00e9gi fels\u0151oktat\u00e1si projektj\u00e9vel.<\/p>\n<p style=\"text-align: justify\">A Semmelweis Egyetem \u00faj balassagyarmati telephelye t\u00falmutat a megye \u00e9s a r\u00e9gi\u00f3ban t\u00f6rt\u00e9n\u0151 hozz\u00e1f\u00e9rhet\u0151s\u00e9g sz\u00e9les\u00edt\u00e9s\u00e9n. A kor\u00e1bban megyesz\u00e9khelyk\u00e9nt, jelenleg hat\u00e1rv\u00e1rosk\u00e9nt funkcion\u00e1l\u00f3 v\u00e1ros, ter\u00fcleti elhelyezked\u00e9se \u00e9s a t\u00e9rs\u00e9gben bet\u00f6lt\u00f6tt kiemelked\u0151 polg\u00e1ri szerepe miatt kiv\u00e1l\u00f3 lehet\u0151s\u00e9get biztos\u00edt az Egyetem r\u00e9sz\u00e9re a nemzetk\u00f6ziesed\u00e9si folyamatainak, k\u00fcl\u00f6n\u00f6sen a szlov\u00e1k, Cseh \u00e9s Lengyel di\u00e1kok fele. Illetve term\u00e9szetes pontk\u00e9nt j\u00e1rulhat hozz\u00e1 a K\u00e1rp\u00e1t-medencei oktat\u00e1si t\u00e9r kialak\u00edt\u00e1s\u00e1hoz.<\/p>\n<p style=\"text-align: justify\">A fenti egy\u00fcttm\u0171k\u00f6d\u00e9sek fokoz\u00e1sa \u00e9rdek\u00e9ben, Egyetem\u00fcnk Int\u00e9zm\u00e9ny Fejleszt\u00e9si Terv\u00e9nek megfelel\u0151en, bevonva n\u00e9gy \u00f6n\u00e1ll\u00f3an m\u0171k\u00f6d\u0151 karunk szakmai terveit egys\u00e9ges program portf\u00f3li\u00f3t \u00e1ll\u00edtottunk fel alapvet\u0151en k\u00e9t c\u00e9l el\u00e9r\u00e9se \u00e9rdek\u00e9ben. Egyr\u00e9szt f\u0151 c\u00e9lunk a gy\u00f3gyszer\u00e9szeti, tudom\u00e1nyos, \u00e1ltal\u00e1nos orvosi \u00e9s k\u00f6zszolg\u00e1lati karunkn\u00e1l \u00f6sszesen 9 programon kereszt\u00fcl k\u00e9pz\u00e9s\u00fcnk r\u00e9szv\u00e9tel\u00e9t n\u00f6velni, a h\u00e1tr\u00e1nyos helyzet\u0171 j\u00e1r\u00e1sb\u00f3l vagy r\u00e9gi\u00f3b\u00f3l sz\u00e1rmaz\u00f3 tanul\u00f3k bennmarad\u00e1s\u00e1t fokozni. Sz\u00e1mos felk\u00e9sz\u00edt\u0151, mentor\u00e1ll\u00f3, beker\u00fcl\u00e9st \u00e9s bennmarad\u00e1st el\u0151seg\u00edt\u0151 programon kereszt\u00fcl.<\/p>\n<p style=\"text-align: justify\">M\u00e1sr\u00e9szt \u00faj telephely\u00fcnk\u00f6n, Balassagyarmaton szolg\u00e1ltat\u00e1sok kifejleszt\u00e9s\u00e9t \u00e9s bevezet\u00e9s\u00e9t tervezz\u00fck megval\u00f3s\u00edtani \u00e1ltal\u00e1nos orvosi \u00e9s k\u00f6zszolg\u00e1lati karaink bevon\u00e1s\u00e1val. Az \u00faj telephely szolg\u00e1ltat\u00e1sai alapvet\u0151en a h\u00e1tr\u00e1nyos helyzet\u0171 j\u00e1r\u00e1sb\u00f3l kiindulva az eg\u00e9sz megy\u00e9t, s\u0151t a r\u00e9gi\u00f3t pr\u00f3b\u00e1lj\u00e1k bekapcsolni a fels\u0151oktat\u00e1s v\u00e9rkering\u00e9s\u00e9be. N\u00f3gr\u00e1d megy\u00e9ben \u00f6ner\u0151b\u0151l, els\u0151k\u00e9nt hozott l\u00e9tre telephelyet a Semmelweis Egyetem, a p\u00e1ly\u00e1zati lehet\u0151s\u00e9gnek k\u00f6sz\u00f6nhet\u0151en, pedig els\u0151k\u00e9nt nyithat m\u0171k\u00f6d\u0151 szolg\u00e1ltat\u00e1sokat a fejlesztend\u0151 r\u00e9gi\u00f3ban elhelyezked\u0151 megy\u00e9ben.<\/p>\n<p style=\"text-align: justify\">Az \u00faj telephelyen t\u00f6rt\u00e9n\u0151 szolg\u00e1ltat\u00e1sfejleszt\u00e9sben, els\u0151sorban a t\u00e9rs\u00e9gben \u00e9l\u0151k \u00e9s dolgoz\u00f3k szakir\u00e1ny\u00fa tov\u00e1bbk\u00e9pz\u00e9s\u00e9re, n\u00e9peg\u00e9szs\u00e9g\u00fcgyi kock\u00e1zatokat is mag\u00e1ban rejt\u0151 t\u00e9m\u00e1t helyi oktat\u00e1s\u00e1ra, h\u00e1tr\u00e1nyos helyzet\u0171 lakoss\u00e1gra, a t\u00e9rs\u00e9gben \u00e9l\u0151 roma lakoss\u00e1gra koncentr\u00e1l\u00f3 gyakorlati, ismeretterjeszt\u0151 szolg\u00e1ltat\u00e1sok beind\u00edt\u00e1s\u00e1t tervezz\u00fck.\u00a0<\/p>\n<p style=\"text-align: justify\">Jelen p\u00e1ly\u00e1zat szakmai programjainak megval\u00f3s\u00edt\u00e1s\u00e1t balassagyarmati telephely\u00fcnk\u00f6n tervezz\u00fck. A fenti programok hat\u00e9kony megval\u00f3s\u00edt\u00e1s\u00e1t szolg\u00e1lja az is, hogy Ter\u00fclet \u00e9s szolg\u00e1ltat\u00e1sb\u0151v\u00edt\u00e9si koordin\u00e1ci\u00f3s k\u00f6zpontot hozunk l\u00e9tre.\u00a0 A k\u00f6zpont egyr\u00e9szt koordin\u00e1lja a programban r\u00e9sztvev\u0151 n\u00e9gy kar bevezetend\u0151 szolg\u00e1ltat\u00e1saihoz sz\u00fcks\u00e9ges eszk\u00f6z\u00f6k hat\u00e9kony felhaszn\u00e1l\u00e1st, gondoskodik a beszerz\u00e9sr\u0151l \u00e9s folyamatos rendelkez\u00e9sre \u00e1ll\u00e1sr\u00f3l. M\u00e1sr\u00e9szt szervezi az \u00faj telephelyhez kapcsol\u00f3d\u00f3 tanul\u00f3k napi tev\u00e9kenys\u00e9g\u00e9t, ell\u00e1tja adminisztr\u00e1ci\u00f3s feladatait, napi marketing \u00e9s toborz\u00f3 munk\u00e1t v\u00e9gez. Folyamatos kapcsolatot tart fent a helyi v\u00e1llalkoz\u00e1sokkal, v\u00e1llalatokkal \u00e9s gondoskodik az ig\u00e9nyek megfelel\u0151 be\u00e9p\u00edt\u00e9s\u00e9r\u0151l, az oktat\u00f3i visszacsatol\u00e1sr\u00f3l.<\/p>\n[slb_exclude]<div data-carousel-extra='{\"blog_id\":294,\"permalink\":\"https:\\\/\\\/semmelweis.hu\\\/kfipalyazat\\\/palyazatok\\\/tarsfinanszirozott-palyazatok\\\/fenntartas\\\/efop-3-4-3-16-2016-00007\\\/\"}' class=\"tiled-gallery type-rectangular\" data-original-width=\"753\"><div class=\"gallery-row\" style=\"width: 748px; height: 327px;\"><div class=\"gallery-group images-1\" style=\"width: 250px; height: 331px;\"><div class=\"tiled-gallery-item tiled-gallery-item-small\"><a href=\"https:\/\/semmelweis.hu\/kfipalyazat\/files\/2025\/07\/IMG_0331-e1527494403212-scaled.jpeg\"><img loading=\"lazy\" decoding=\"async\" data-attachment-id=\"541\" data-orig-file=\"https:\/\/semmelweis.hu\/kfipalyazat\/files\/2025\/07\/IMG_0331-e1527494403212-scaled.jpeg\" data-orig-size=\"1920,2560\" data-comments-opened=\"0\" data-image-meta=\"{&quot;aperture&quot;:&quot;0&quot;,&quot;credit&quot;:&quot;&quot;,&quot;camera&quot;:&quot;&quot;,&quot;caption&quot;:&quot;&quot;,&quot;created_timestamp&quot;:&quot;0&quot;,&quot;copyright&quot;:&quot;&quot;,&quot;focal_length&quot;:&quot;0&quot;,&quot;iso&quot;:&quot;0&quot;,&quot;shutter_speed&quot;:&quot;0&quot;,&quot;title&quot;:&quot;&quot;,&quot;orientation&quot;:&quot;0&quot;}\" data-image-title=\"IMG_0331-e1527494403212\" data-image-description=\"\" data-medium-file=\"https:\/\/semmelweis.hu\/kfipalyazat\/files\/2025\/07\/IMG_0331-e1527494403212-300x400.jpeg\" data-large-file=\"https:\/\/semmelweis.hu\/kfipalyazat\/files\/2025\/07\/IMG_0331-e1527494403212-768x1024.jpeg\" src=\"https:\/\/semmelweis.hu\/kfipalyazat\/files\/2025\/07\/IMG_0331-e1527494403212-scaled-246x327.jpeg\" width=\"246\" height=\"327\" align=\"left\" title=\"\" \/><\/a><\/div><\/div><div class=\"gallery-group images-1\" style=\"width: 249px; height: 331px;\"><div class=\"tiled-gallery-item tiled-gallery-item-small\"><a href=\"https:\/\/semmelweis.hu\/kfipalyazat\/files\/2025\/07\/IMG_0338-e1527494255962-scaled.jpeg\"><img loading=\"lazy\" decoding=\"async\" data-attachment-id=\"540\" data-orig-file=\"https:\/\/semmelweis.hu\/kfipalyazat\/files\/2025\/07\/IMG_0338-e1527494255962-scaled.jpeg\" data-orig-size=\"1920,2560\" data-comments-opened=\"0\" data-image-meta=\"{&quot;aperture&quot;:&quot;0&quot;,&quot;credit&quot;:&quot;&quot;,&quot;camera&quot;:&quot;&quot;,&quot;caption&quot;:&quot;&quot;,&quot;created_timestamp&quot;:&quot;0&quot;,&quot;copyright&quot;:&quot;&quot;,&quot;focal_length&quot;:&quot;0&quot;,&quot;iso&quot;:&quot;0&quot;,&quot;shutter_speed&quot;:&quot;0&quot;,&quot;title&quot;:&quot;&quot;,&quot;orientation&quot;:&quot;0&quot;}\" data-image-title=\"IMG_0338-e1527494255962\" data-image-description=\"\" data-medium-file=\"https:\/\/semmelweis.hu\/kfipalyazat\/files\/2025\/07\/IMG_0338-e1527494255962-300x400.jpeg\" data-large-file=\"https:\/\/semmelweis.hu\/kfipalyazat\/files\/2025\/07\/IMG_0338-e1527494255962-768x1024.jpeg\" src=\"https:\/\/semmelweis.hu\/kfipalyazat\/files\/2025\/07\/IMG_0338-e1527494255962-scaled-245x327.jpeg\" width=\"245\" height=\"327\" align=\"left\" title=\"\" \/><\/a><\/div><\/div><div class=\"gallery-group images-1\" style=\"width: 249px; height: 331px;\"><div class=\"tiled-gallery-item tiled-gallery-item-small\"><a href=\"https:\/\/semmelweis.hu\/kfipalyazat\/files\/2025\/07\/IMG_0334-e1527494330783-scaled.jpeg\"><img loading=\"lazy\" decoding=\"async\" data-attachment-id=\"539\" data-orig-file=\"https:\/\/semmelweis.hu\/kfipalyazat\/files\/2025\/07\/IMG_0334-e1527494330783-scaled.jpeg\" data-orig-size=\"1920,2560\" data-comments-opened=\"0\" data-image-meta=\"{&quot;aperture&quot;:&quot;0&quot;,&quot;credit&quot;:&quot;&quot;,&quot;camera&quot;:&quot;&quot;,&quot;caption&quot;:&quot;&quot;,&quot;created_timestamp&quot;:&quot;0&quot;,&quot;copyright&quot;:&quot;&quot;,&quot;focal_length&quot;:&quot;0&quot;,&quot;iso&quot;:&quot;0&quot;,&quot;shutter_speed&quot;:&quot;0&quot;,&quot;title&quot;:&quot;&quot;,&quot;orientation&quot;:&quot;0&quot;}\" data-image-title=\"IMG_0334-e1527494330783\" data-image-description=\"\" data-medium-file=\"https:\/\/semmelweis.hu\/kfipalyazat\/files\/2025\/07\/IMG_0334-e1527494330783-300x400.jpeg\" data-large-file=\"https:\/\/semmelweis.hu\/kfipalyazat\/files\/2025\/07\/IMG_0334-e1527494330783-768x1024.jpeg\" src=\"https:\/\/semmelweis.hu\/kfipalyazat\/files\/2025\/07\/IMG_0334-e1527494330783-scaled-245x327.jpeg\" width=\"245\" height=\"327\" align=\"left\" title=\"\" \/><\/a><\/div><\/div><\/div><\/div>[\/slb_exclude]\n<p><img loading=\"lazy\" decoding=\"async\" class=\"alignright\" src=\"https:\/\/semmelweis.hu\/kfipalyazat\/files\/2025\/07\/esza.jpg\" width=\"451\" height=\"322\" \/><\/p>\n","protected":false},"excerpt":{"rendered":"<p>Projekt azonos\u00edt\u00f3 sz\u00e1ma: EFOP-3.4.3-16-2016-00007 Projekt c\u00edme: A Semmelweis Egyetem tanul\u00f3i b\u00e1zis\u00e1nak sz\u00e9les\u00edt\u00e9se, beker\u00fcl\u00e9st \u00e9s bennmarad\u00e1st t\u00e1mogat\u00f3 programok ind\u00edt\u00e1s\u00e1n, valamint balassagyarmati telephely\u00e9n \u00faj szolg\u00e1ltat\u00e1sok bevezet\u00e9s\u00e9n kereszt\u00fcl \u00a0 Semmelweis Egyetemre jut\u00f3 t\u00e1mogat\u00e1si \u00f6sszeg: 664.880.793,- Ft. Projekt v\u00e9grehajt\u00e1si id\u0151szaka: 2017.06.01-2022.02.28. T\u00e1mogat\u00e1s intenzit\u00e1sa: 100% A projekt nem konzorciumi form\u00e1ban val\u00f3sul meg. A projekt az al\u00e1bbi m\u00e9rf\u00f6ldk\u00f6vek v\u00e9grehajt\u00e1s\u00e1val zajlik: M\u00e9rf\u00f6ldk\u0151 &hellip;<\/p>\n","protected":false},"author":102410,"featured_media":0,"parent":148,"menu_order":1,"comment_status":"closed","ping_status":"closed","template":"","meta":{"_acf_changed":false,"footnotes":""},"categories":[],"tags":[],"class_list":["post-390","page","type-page","status-publish","hentry"],"acf":[],"_links":{"self":[{"href":"https:\/\/semmelweis.hu\/kfipalyazat\/wp-json\/wp\/v2\/pages\/390","targetHints":{"allow":["GET"]}}],"collection":[{"href":"https:\/\/semmelweis.hu\/kfipalyazat\/wp-json\/wp\/v2\/pages"}],"about":[{"href":"https:\/\/semmelweis.hu\/kfipalyazat\/wp-json\/wp\/v2\/types\/page"}],"author":[{"embeddable":true,"href":"https:\/\/semmelweis.hu\/kfipalyazat\/wp-json\/wp\/v2\/users\/102410"}],"replies":[{"embeddable":true,"href":"https:\/\/semmelweis.hu\/kfipalyazat\/wp-json\/wp\/v2\/comments?post=390"}],"version-history":[{"count":3,"href":"https:\/\/semmelweis.hu\/kfipalyazat\/wp-json\/wp\/v2\/pages\/390\/revisions"}],"predecessor-version":[{"id":682,"href":"https:\/\/semmelweis.hu\/kfipalyazat\/wp-json\/wp\/v2\/pages\/390\/revisions\/682"}],"up":[{"embeddable":true,"href":"https:\/\/semmelweis.hu\/kfipalyazat\/wp-json\/wp\/v2\/pages\/148"}],"wp:attachment":[{"href":"https:\/\/semmelweis.hu\/kfipalyazat\/wp-json\/wp\/v2\/media?parent=390"}],"wp:term":[{"taxonomy":"category","embeddable":true,"href":"https:\/\/semmelweis.hu\/kfipalyazat\/wp-json\/wp\/v2\/categories?post=390"},{"taxonomy":"post_tag","embeddable":true,"href":"https:\/\/semmelweis.hu\/kfipalyazat\/wp-json\/wp\/v2\/tags?post=390"}],"curies":[{"name":"wp","href":"https:\/\/api.w.org\/{rel}","templated":true}]}}