{"id":380,"date":"2025-07-17T13:46:47","date_gmt":"2025-07-17T11:46:47","guid":{"rendered":"https:\/\/semmelweis.hu\/kfipalyazat\/?page_id=380"},"modified":"2025-08-14T10:31:04","modified_gmt":"2025-08-14T08:31:04","slug":"kehop-5-2-2-16-2016-00095","status":"publish","type":"page","link":"https:\/\/semmelweis.hu\/kfipalyazat\/palyazatok\/tarsfinanszirozott-palyazatok\/fenntartas\/kehop-5-2-2-16-2016-00095\/","title":{"rendered":"KEHOP-5.2.2-16-2016-00095"},"content":{"rendered":"<p style=\"text-align: justify\"><strong>Projekt azonos\u00edt\u00f3sz\u00e1ma:<\/strong> KEHOP-5.2.2-16-2016-00095<\/p>\n<p style=\"text-align: justify\"><strong>Projekt c\u00edme:<\/strong> <span style=\"font-size: 1rem\">Semmelweis Egyetem Pet\u0151 Andr\u00e1s Kar\u00e1nak energiahat\u00e9konys\u00e1gi fejleszt\u00e9se<\/span><\/p>\n<p class=\"xmsonormal\" style=\"text-align: justify\"><b>Kedvezm\u00e9nyezett:<\/b>\u00a0\u00c9p\u00edt\u00e9si \u00e9s K\u00f6zleked\u00e9si Miniszt\u00e9rium<\/p>\n<p class=\"xmsonormal\" style=\"text-align: justify\"><b>A projekt kezd\u0151 id\u0151pontja:\u00a0<\/b>2020.10.14.<\/p>\n<p class=\"xmsonormal\" style=\"text-align: justify\"><b>A t\u00e1mogat\u00e1s \u00f6sszege:<\/b>\u00a0756 737 458 Ft<\/p>\n<p class=\"xmsonormal\" style=\"text-align: justify\"><b>A projekt megval\u00f3sul\u00e1s\u00e1val el\u00e9rni k\u00edv\u00e1nt CO2 kibocs\u00e1t\u00e1s cs\u00f6kken\u00e9s\u00e9nek m\u00e9rt\u00e9ke:<\/b>\u00a0396,39 tonna\/\u00e9v<\/p>\n<p style=\"text-align: justify\"><strong>Projekt r\u00f6vid le\u00edr\u00e1sa:<\/strong><\/p>\n<p style=\"text-align: justify\">A projekt a Semmelweis Egyetem Pet\u0151 Andr\u00e1s Kar \u00e9p\u00fclet\u00e9nek 10171\/5 hrsz.; 1125 Budapest, K\u00fatv\u00f6lgyi \u00fat 6. sz. A \u00e9s B \u00e9p\u00fcleteit \u00e9rinti. Ezen \u00e9p\u00fcletek az \u00e9p\u00edt\u00e9si kornak megfelel\u0151 technol\u00f3giai sz\u00ednvonalon \u00e9p\u00fcltek, de a hat\u00e1rol\u00f3szerkezetek \u00e9s az elavult, helyenk\u00e9nt rosszul z\u00e1r\u00f3d\u00f3 ny\u00edl\u00e1sz\u00e1r\u00f3k nem felelnek meg a mai kor h\u0151technikai \u00e9s \u00e9p\u00fcletszerkezettani k\u00f6vetelm\u00e9nyeinek, \u00edgy az \u00e9p\u00fcletek jelent\u0151s h\u0151vesztes\u00e9ggel m\u0171k\u00f6dnek. Az \u00e9p\u00fcletenergetikai beruh\u00e1z\u00e1s a f\u0171t\u00e9si rendszerek korszer\u0171s\u00edt\u00e9s\u00e9t tartalmazza, a 7\/2006. (V. 24.) TNM rendelet k\u00f6vetelm\u00e9nyszintj\u00e9nek val\u00f3 megfelel\u00e9ssel, t\u00f6rekedve az \u00fczemeltet\u00e9s energiak\u00f6lts\u00e9geinek min\u00e9l magasabb megtakar\u00edt\u00e1s\u00e1ra.<br \/>\nAz \u00e9p\u00fcletek energetikai korszer\u0171s\u00edt\u00e9s\u00e9t c\u00e9lz\u00f3 \u00e9p\u00edt\u00e9szeti fel\u00faj\u00edt\u00e1si munk\u00e1knak az \u00e9p\u00fcletek k\u00fcls\u0151 hat\u00e1rol\u00f3szerkezeteit kell \u00e9rinteni\u00fck. Cser\u00e9lni sz\u00fcks\u00e9ges a mai energetikai k\u00f6vetelm\u00e9nyeknek nem megfelel\u0151 homlokzati ny\u00edl\u00e1sz\u00e1r\u00f3kat. Sz\u00fcks\u00e9ges kialak\u00edtani az \u00e9p\u00fcletek eset\u00e9ben a f\u0171t\u00e9si h\u00e1l\u00f3zat korszer\u0171s\u00edt\u00e9s\u00e9t, a f\u0171t\u00e9si rendszer szab\u00e1lyoz\u00e1s\u00e1t. Be\u00e9p\u00edt\u00e9sre kell ker\u00fclni\u00fck h\u0151cser\u00e9l\u0151knek \u00e9s korszer\u0171 lapradi\u00e1toroknak is.<\/p>\n<p class=\"xmsonormal\">\n<img loading=\"lazy\" decoding=\"async\" class=\"alignright\" src=\"https:\/\/semmelweis.hu\/kfipalyazat\/files\/2025\/07\/infoblokk_kedv_final_CMYK_KA.jpg\" width=\"450\" height=\"311\" \/><\/p>\n","protected":false},"excerpt":{"rendered":"<p>Projekt azonos\u00edt\u00f3sz\u00e1ma: KEHOP-5.2.2-16-2016-00095 Projekt c\u00edme: Semmelweis Egyetem Pet\u0151 Andr\u00e1s Kar\u00e1nak energiahat\u00e9konys\u00e1gi fejleszt\u00e9se Kedvezm\u00e9nyezett:\u00a0\u00c9p\u00edt\u00e9si \u00e9s K\u00f6zleked\u00e9si Miniszt\u00e9rium A projekt kezd\u0151 id\u0151pontja:\u00a02020.10.14. A t\u00e1mogat\u00e1s \u00f6sszege:\u00a0756 737 458 Ft A projekt megval\u00f3sul\u00e1s\u00e1val el\u00e9rni k\u00edv\u00e1nt CO2 kibocs\u00e1t\u00e1s cs\u00f6kken\u00e9s\u00e9nek m\u00e9rt\u00e9ke:\u00a0396,39 tonna\/\u00e9v Projekt r\u00f6vid le\u00edr\u00e1sa: A projekt a Semmelweis Egyetem Pet\u0151 Andr\u00e1s Kar \u00e9p\u00fclet\u00e9nek 10171\/5 hrsz.; 1125 Budapest, K\u00fatv\u00f6lgyi \u00fat 6. &hellip;<\/p>\n","protected":false},"author":102410,"featured_media":0,"parent":148,"menu_order":6,"comment_status":"closed","ping_status":"closed","template":"","meta":{"_acf_changed":false,"footnotes":""},"categories":[],"tags":[],"class_list":["post-380","page","type-page","status-publish","hentry"],"acf":[],"_links":{"self":[{"href":"https:\/\/semmelweis.hu\/kfipalyazat\/wp-json\/wp\/v2\/pages\/380","targetHints":{"allow":["GET"]}}],"collection":[{"href":"https:\/\/semmelweis.hu\/kfipalyazat\/wp-json\/wp\/v2\/pages"}],"about":[{"href":"https:\/\/semmelweis.hu\/kfipalyazat\/wp-json\/wp\/v2\/types\/page"}],"author":[{"embeddable":true,"href":"https:\/\/semmelweis.hu\/kfipalyazat\/wp-json\/wp\/v2\/users\/102410"}],"replies":[{"embeddable":true,"href":"https:\/\/semmelweis.hu\/kfipalyazat\/wp-json\/wp\/v2\/comments?post=380"}],"version-history":[{"count":5,"href":"https:\/\/semmelweis.hu\/kfipalyazat\/wp-json\/wp\/v2\/pages\/380\/revisions"}],"predecessor-version":[{"id":688,"href":"https:\/\/semmelweis.hu\/kfipalyazat\/wp-json\/wp\/v2\/pages\/380\/revisions\/688"}],"up":[{"embeddable":true,"href":"https:\/\/semmelweis.hu\/kfipalyazat\/wp-json\/wp\/v2\/pages\/148"}],"wp:attachment":[{"href":"https:\/\/semmelweis.hu\/kfipalyazat\/wp-json\/wp\/v2\/media?parent=380"}],"wp:term":[{"taxonomy":"category","embeddable":true,"href":"https:\/\/semmelweis.hu\/kfipalyazat\/wp-json\/wp\/v2\/categories?post=380"},{"taxonomy":"post_tag","embeddable":true,"href":"https:\/\/semmelweis.hu\/kfipalyazat\/wp-json\/wp\/v2\/tags?post=380"}],"curies":[{"name":"wp","href":"https:\/\/api.w.org\/{rel}","templated":true}]}}