{"id":353,"date":"2025-07-04T12:25:06","date_gmt":"2025-07-04T10:25:06","guid":{"rendered":"https:\/\/semmelweis.hu\/kfipalyazat\/?page_id=353"},"modified":"2025-08-14T10:06:15","modified_gmt":"2025-08-14T08:06:15","slug":"2023-1-1-1-piaci_fokusz-2024-00001","status":"publish","type":"page","link":"https:\/\/semmelweis.hu\/kfipalyazat\/palyazatok\/hazai-palyazatok\/nkfih\/piaci\/2023-1-1-1-piaci_fokusz-2024-00001\/","title":{"rendered":"2023-1.1.1-PIACI_F\u00d3KUSZ-2024-00001"},"content":{"rendered":"<p style=\"text-align: justify\"><strong>Projekt azonos\u00edt\u00f3sz\u00e1ma:<\/strong> 2023-1.1.1-PIACI_F\u00d3KUSZ-2024-00001<\/p>\n<p style=\"text-align: justify\"><strong>Projekt c\u00edme:<\/strong> RoboSynth platform a gy\u00f3gyszerkutat\u00e1s hat\u00e9kony vegy\u00fcletell\u00e1t\u00e1s\u00e1\u00e9rt<\/p>\n<p style=\"text-align: justify\">\u00a0<\/p>\n<p style=\"text-align: justify\"><strong>Konzorcium vezet\u0151:<\/strong> mcule.com Kft<\/p>\n<p style=\"text-align: justify\"><strong>Konzorciumi partner:<\/strong><\/p>\n<ul style=\"text-align: justify\">\n<li>Semmelweis Egyetem\u00a0<\/li>\n<\/ul>\n<p style=\"text-align: justify\"><strong>Megval\u00f3s\u00edt\u00e1s id\u0151szaka:<\/strong> 2024.05.01- 2027.04.30.<\/p>\n<p style=\"text-align: justify\"><strong>Teljes k\u00f6lts\u00e9gvet\u00e9s:<\/strong> 586 464 629 Ft<\/p>\n<p style=\"text-align: justify\"><strong>T\u00e1mogat\u00e1s \u00f6sszege:<\/strong> 426 884 260 Ft<\/p>\n<p style=\"text-align: justify\"><strong>Semmelweis Egyetem t\u00e1mogat\u00e1sa:<\/strong> 93 882 100 Ft<\/p>\n<p style=\"text-align: justify\">\u00a0<\/p>\n<p style=\"text-align: justify\"><strong>P\u00e1ly\u00e1zat le\u00edr\u00e1sa:<\/strong><\/p>\n<p style=\"text-align: justify\">A projekt c\u00e9lja a RoboSynth platform kifejleszt\u00e9se, amely els\u0151sorban a kismolekul\u00e1s gy\u00f3gyszerkutat\u00e1s korai f\u00e1zis\u00e1nak k\u00e9miai szintetikus ig\u00e9nyeit el\u00e9g\u00edti ki, ahol nagysz\u00e1m\u00fa, k\u00fcl\u00f6nb\u00f6z\u0151 szerkezet\u0171 vegy\u00fclet kis mennyis\u00e9gben val\u00f3 tesztel\u00e9se t\u00f6rt\u00e9nik. Az auton\u00f3m, robotiz\u00e1lt RoboSynth platform diverz reagensk\u00f6nyvt\u00e1rra \u00e9s robusztus k\u00e9miai reakci\u00f3kra \u00e9p\u00edtve k\u00e9pes lesz sok milli\u00f3 k\u00fcl\u00f6nb\u00f6z\u0151 vegy\u00fclet, kis mennyis\u00e9g\u0171 el\u0151\u00e1ll\u00edt\u00e1s\u00e1ra. A platform modul\u00e1ris, testreszabhat\u00f3 egys\u00e9geit \u00f6sszekapcsol\u00f3 robotikus \u00e9s szoftveres folyamatir\u00e1ny\u00edt\u00f3 rendszernek k\u00f6sz\u00f6nhet\u0151en a virtu\u00e1lis vegy\u00fcletek el\u0151\u00e1ll\u00edt\u00e1sa jelent\u0151sen gyors\u00edthat\u00f3 \u00e9s k\u00f6lts\u00e9ge cs\u00f6kkenthet\u0151. A megn\u00f6veked\u0151 szintetikus ig\u00e9nyek kiel\u00e9g\u00edt\u00e9s\u00e9re is megfelel\u0151en sk\u00e1l\u00e1zhat\u00f3 RoboSynth platform b\u00e1rhol telep\u00edthet\u0151, \u00edgy a glob\u00e1lis k\u00f6r\u00fclm\u00e9nyek alakul\u00e1s\u00e1ra kev\u00e9sb\u00e9 \u00e9rz\u00e9keny. Emellett a platformon a sztenderdiz\u00e1lt m\u00f3don, robotiz\u00e1lt k\u00f6r\u00fclm\u00e9nyek k\u00f6z\u00f6tt v\u00e9grehajtott k\u00eds\u00e9rleteknek k\u00f6sz\u00f6nhet\u0151en jelent\u0151s mennyis\u00e9g\u0171, a reaktivit\u00e1s \u00e9s oldhat\u00f3s\u00e1g predikci\u00f3j\u00e1ra felhaszn\u00e1lhat\u00f3 adat keletkezik, mely \u00e1ltal folyamatosan n\u00f6velhet\u0151 a sikeres szint\u00e9zisek ar\u00e1nya \u00e9s reproduk\u00e1lhat\u00f3s\u00e1ga. A RoboSynth platformon, pipett\u00e1z\u00f3 robottal t\u00f6rt\u00e9n\u0151, volumetrikus ki- \u00e9s sz\u00e9tm\u00e9r\u00e9s \u00e1ltal lehet\u0151s\u00e9g lesz az el\u0151\u00e1ll\u00edtott vegy\u00fcletek mg alatti mennyis\u00e9gekben val\u00f3 kiszerel\u00e9s\u00e9re is, ami hozz\u00e1j\u00e1rul a gy\u00f3gyszerkutat\u00e1s \u00f6kol\u00f3giai l\u00e1bnyom\u00e1nak cs\u00f6kkent\u00e9s\u00e9hez (z\u00f6ld k\u00e9mia). A vegy\u00fcletek gyors, k\u00f6lts\u00e9ghat\u00e9kony \u00e9s sk\u00e1l\u00e1zhat\u00f3 el\u0151\u00e1ll\u00edt\u00e1sa a RoboSynth platform \u00e1ltal elhozhatja azt az ipar\u00e1gi fordul\u00f3pontot, amikor a virtu\u00e1lis vegy\u00fcletek versenyh\u00e1tr\u00e1nya a rakt\u00e1ron l\u00e9v\u0151 vegy\u00fcletekkel szemben elt\u0171nik, mik\u00f6zben ak\u00e1r milli\u00f3szor nagyobb (10^13) kutathat\u00f3 k\u00e9miai teret biztos\u00edtanak, mint a rakt\u00e1rr\u00f3l el\u00e9rhet\u0151 vegy\u00fcletek (10^7). A robosztus reakci\u00f3k robotiz\u00e1lt megval\u00f3s\u00edt\u00e1s\u00e1val a k\u00e9pzett emberi vegy\u00e9sz er\u0151forr\u00e1s a komplexebb k\u00e9miai feladatokra, illetve a robotiz\u00e1lt rendszer ir\u00e1ny\u00edt\u00e1s\u00e1ra \u00e9s tov\u00e1bbfejleszt\u00e9s\u00e9re (pl. \u00faj reakci\u00f3k implement\u00e1l\u00e1s\u00e1ra, folyamatok optimaliz\u00e1ci\u00f3j\u00e1ra) ford\u00edthat\u00f3.<\/p>\n<p><img loading=\"lazy\" decoding=\"async\" class=\"alignright\" src=\"https:\/\/semmelweis.hu\/kfipalyazat\/files\/2025\/07\/NKFIA_infoblokk_kerettel_program_fekvo_2019_HU.jpg\" width=\"549\" height=\"233\" \/><\/p>\n","protected":false},"excerpt":{"rendered":"<p>Projekt azonos\u00edt\u00f3sz\u00e1ma: 2023-1.1.1-PIACI_F\u00d3KUSZ-2024-00001 Projekt c\u00edme: RoboSynth platform a gy\u00f3gyszerkutat\u00e1s hat\u00e9kony vegy\u00fcletell\u00e1t\u00e1s\u00e1\u00e9rt \u00a0 Konzorcium vezet\u0151: mcule.com Kft Konzorciumi partner: Semmelweis Egyetem\u00a0 Megval\u00f3s\u00edt\u00e1s id\u0151szaka: 2024.05.01- 2027.04.30. Teljes k\u00f6lts\u00e9gvet\u00e9s: 586 464 629 Ft T\u00e1mogat\u00e1s \u00f6sszege: 426 884 260 Ft Semmelweis Egyetem t\u00e1mogat\u00e1sa: 93 882 100 Ft \u00a0 P\u00e1ly\u00e1zat le\u00edr\u00e1sa: A projekt c\u00e9lja a RoboSynth platform kifejleszt\u00e9se, amely els\u0151sorban &hellip;<\/p>\n","protected":false},"author":102410,"featured_media":0,"parent":346,"menu_order":3,"comment_status":"closed","ping_status":"closed","template":"","meta":{"_acf_changed":false,"footnotes":""},"categories":[],"tags":[],"class_list":["post-353","page","type-page","status-publish","hentry"],"acf":[],"_links":{"self":[{"href":"https:\/\/semmelweis.hu\/kfipalyazat\/wp-json\/wp\/v2\/pages\/353","targetHints":{"allow":["GET"]}}],"collection":[{"href":"https:\/\/semmelweis.hu\/kfipalyazat\/wp-json\/wp\/v2\/pages"}],"about":[{"href":"https:\/\/semmelweis.hu\/kfipalyazat\/wp-json\/wp\/v2\/types\/page"}],"author":[{"embeddable":true,"href":"https:\/\/semmelweis.hu\/kfipalyazat\/wp-json\/wp\/v2\/users\/102410"}],"replies":[{"embeddable":true,"href":"https:\/\/semmelweis.hu\/kfipalyazat\/wp-json\/wp\/v2\/comments?post=353"}],"version-history":[{"count":4,"href":"https:\/\/semmelweis.hu\/kfipalyazat\/wp-json\/wp\/v2\/pages\/353\/revisions"}],"predecessor-version":[{"id":662,"href":"https:\/\/semmelweis.hu\/kfipalyazat\/wp-json\/wp\/v2\/pages\/353\/revisions\/662"}],"up":[{"embeddable":true,"href":"https:\/\/semmelweis.hu\/kfipalyazat\/wp-json\/wp\/v2\/pages\/346"}],"wp:attachment":[{"href":"https:\/\/semmelweis.hu\/kfipalyazat\/wp-json\/wp\/v2\/media?parent=353"}],"wp:term":[{"taxonomy":"category","embeddable":true,"href":"https:\/\/semmelweis.hu\/kfipalyazat\/wp-json\/wp\/v2\/categories?post=353"},{"taxonomy":"post_tag","embeddable":true,"href":"https:\/\/semmelweis.hu\/kfipalyazat\/wp-json\/wp\/v2\/tags?post=353"}],"curies":[{"name":"wp","href":"https:\/\/api.w.org\/{rel}","templated":true}]}}