{"id":35,"date":"2025-05-26T12:45:38","date_gmt":"2025-05-26T10:45:38","guid":{"rendered":"https:\/\/semmelweis.hu\/kfipalyazat\/?page_id=35"},"modified":"2026-02-24T10:08:02","modified_gmt":"2026-02-24T09:08:02","slug":"munkatarsak","status":"publish","type":"page","link":"https:\/\/semmelweis.hu\/kfipalyazat\/rolunk\/munkatarsak\/","title":{"rendered":"Munkat\u00e1rsak"},"content":{"rendered":"<h5>Igazgat\u00f3:<\/h5>\n<p><strong>Kalocsai Ildik\u00f3 Katalin<\/strong><strong><br \/>\n<\/strong>1085 Budapest, Baross utca 22. II. emelet<br \/>\nTelefon:\u00a0 +36 20 253 7678<br \/>\n<a href=\"mailto:kalocsai.ildiko@semmelweis.hu\">kalocsai.ildiko@semmelweis.hu<\/a><\/p>\n<h5>Munkat\u00e1rsak:<\/h5>\n<p><strong>De\u00e1kn\u00e9 Kov\u00e1cs N\u00f3ra<\/strong><strong><br \/>\n<\/strong>p\u00e1ly\u00e1zati \u00e9s kutat\u00e1si szak\u00e9rt\u0151<br \/>\n1085 Budapest, Baross utca 22. II. emelet<br \/>\nTelefon: +36 20 666 3641<br \/>\n<a href=\"mailto:kovacs.nora@semmelweis.hu\">kovacs.nora@semmelweis.hu<\/a><\/p>\n<p><strong>Gelencs\u00e9r Maja<\/strong><strong><br \/>\n<\/strong>p\u00e1ly\u00e1zati szak\u00e9rt\u0151<br \/>\n1085 Budapest, Baross utca 22. II. emelet<br \/>\nTelefon: +36 30 016 4820<br \/>\n<a href=\"mailto:gelencser.maja@semmelweis.hu\">gelencser.maja@semmelweis.hu<\/a><\/p>\n<p><strong>Klap\u00e1cs Gabriella<\/strong><strong><br \/>\n<\/strong>p\u00e1ly\u00e1zati szak\u00e9rt\u0151<br \/>\n1085 Budapest, Baross utca 22. II. emelet<br \/>\nTelefon: +36 30 016 4621<br \/>\n<a href=\"mailto:klapacs.gabriella@semmelweis.hu\">klapacs.gabriella@semmelweis.hu<\/a><\/p>\n<p><strong>Mamuzsity Petra<br \/>\n<\/strong>p\u00e1ly\u00e1zati szak\u00e9rt\u0151<br \/>\n1085 Budapest, Baross utca 22. II. emelet<br \/>\nTelefon: +36 20 825 9194<br \/>\n<a href=\"mailto:mamuzsity.petra@semmelweis.hu\">mamuzsity.petra@semmelweis.hu<\/a><\/p>\n<p><strong>Moln\u00e1r Zolt\u00e1n<br \/>\n<\/strong>p\u00e1ly\u00e1zati szak\u00e9rt\u0151<br \/>\n1085 Budapest, Baross utca 22. II. emelet<br \/>\nTelefon: +36 30 016 4435<br \/>\n<a href=\"mailto:molnar.zoltan2@semmelweis.hu\">molnar.zoltan2@semmelweis.hu<\/a><\/p>\n<p><strong>Szamosfalvi Zsuzsa \u2013 sz\u00fcl\u00e9si szabads\u00e1gon\u00a0<\/strong><strong><br \/>\n<\/strong>p\u00e1ly\u00e1zati \u00e9s kutat\u00e1si szak\u00e9rt\u0151<br \/>\n1085 Budapest, Baross utca 22. II. emelet<br \/>\nTelefon: +36 20 666 3639<br \/>\n<a href=\"mailto:szamosfalvi.zsuzsa@semmelweis.hu\">szamosfalvi.zsuzsa@semmelweis.hu<\/a><\/p>\n<p><strong>Sz\u0171csn\u00e9 Tamasi Erzs\u00e9bet<\/strong><strong><br \/>\n<\/strong>vezet\u0151i asszisztens<br \/>\n1085 Budapest, Baross utca 22. II. emelet<br \/>\nTelefon: +36 20 666 3640<br \/>\n<a href=\"mailto:szucsne.tamasi.erzsebet@semmelweis.hu\">szucsne.tamasi.erzsebet@semmelweis.hu<\/a><\/p>\n","protected":false},"excerpt":{"rendered":"<p>Igazgat\u00f3: Kalocsai Ildik\u00f3 Katalin 1085 Budapest, Baross utca 22. II. emelet Telefon:\u00a0 +36 20 253 7678 <a href=\"mailto:kalocsai.ildiko@semmelweis.hu\">kalocsai.ildiko@semmelweis.hu<\/a> Munkat\u00e1rsak: De\u00e1kn\u00e9 Kov\u00e1cs N\u00f3ra p\u00e1ly\u00e1zati \u00e9s kutat\u00e1si szak\u00e9rt\u0151 1085 Budapest, Baross utca 22. II. emelet Telefon: +36 20 666 3641 <a href=\"mailto:kovacs.nora@semmelweis.hu\">kovacs.nora@semmelweis.hu<\/a> Gelencs\u00e9r Maja p\u00e1ly\u00e1zati szak\u00e9rt\u0151 1085 Budapest, Baross utca 22. II. emelet Telefon: +36 30 016 4820 <a href=\"mailto:gelencser.maja@semmelweis.hu\">gelencser.maja@semmelweis.hu<\/a> Klap\u00e1cs Gabriella p\u00e1ly\u00e1zati &hellip;<\/p>\n","protected":false},"author":102410,"featured_media":0,"parent":5,"menu_order":1,"comment_status":"closed","ping_status":"closed","template":"template-fullwidth.php","meta":{"_acf_changed":false,"footnotes":""},"categories":[],"tags":[],"class_list":["post-35","page","type-page","status-publish","hentry"],"acf":[],"_links":{"self":[{"href":"https:\/\/semmelweis.hu\/kfipalyazat\/wp-json\/wp\/v2\/pages\/35","targetHints":{"allow":["GET"]}}],"collection":[{"href":"https:\/\/semmelweis.hu\/kfipalyazat\/wp-json\/wp\/v2\/pages"}],"about":[{"href":"https:\/\/semmelweis.hu\/kfipalyazat\/wp-json\/wp\/v2\/types\/page"}],"author":[{"embeddable":true,"href":"https:\/\/semmelweis.hu\/kfipalyazat\/wp-json\/wp\/v2\/users\/102410"}],"replies":[{"embeddable":true,"href":"https:\/\/semmelweis.hu\/kfipalyazat\/wp-json\/wp\/v2\/comments?post=35"}],"version-history":[{"count":8,"href":"https:\/\/semmelweis.hu\/kfipalyazat\/wp-json\/wp\/v2\/pages\/35\/revisions"}],"predecessor-version":[{"id":972,"href":"https:\/\/semmelweis.hu\/kfipalyazat\/wp-json\/wp\/v2\/pages\/35\/revisions\/972"}],"up":[{"embeddable":true,"href":"https:\/\/semmelweis.hu\/kfipalyazat\/wp-json\/wp\/v2\/pages\/5"}],"wp:attachment":[{"href":"https:\/\/semmelweis.hu\/kfipalyazat\/wp-json\/wp\/v2\/media?parent=35"}],"wp:term":[{"taxonomy":"category","embeddable":true,"href":"https:\/\/semmelweis.hu\/kfipalyazat\/wp-json\/wp\/v2\/categories?post=35"},{"taxonomy":"post_tag","embeddable":true,"href":"https:\/\/semmelweis.hu\/kfipalyazat\/wp-json\/wp\/v2\/tags?post=35"}],"curies":[{"name":"wp","href":"https:\/\/api.w.org\/{rel}","templated":true}]}}