{"id":348,"date":"2025-07-04T12:18:34","date_gmt":"2025-07-04T10:18:34","guid":{"rendered":"https:\/\/semmelweis.hu\/kfipalyazat\/?page_id=348"},"modified":"2025-08-14T10:04:37","modified_gmt":"2025-08-14T08:04:37","slug":"2019-1-1-1-piaci-kfi-2019-00367","status":"publish","type":"page","link":"https:\/\/semmelweis.hu\/kfipalyazat\/palyazatok\/hazai-palyazatok\/nkfih\/piaci\/2019-1-1-1-piaci-kfi-2019-00367\/","title":{"rendered":"2019-1.1.1-PIACI-KFI-2019-00367"},"content":{"rendered":"<p><strong>Projekt azonos\u00edt\u00f3 sz\u00e1ma:<\/strong> 2019-1.1.1-PIACI-KFI-2019-00367<\/p>\n<p style=\"text-align: justify\"><strong>Projekt c\u00edme:<\/strong> Mesters\u00e9ges intelligenci\u00e1n alapul\u00f3 orvosi d\u00f6nt\u00e9st\u00e1mogat\u00f3 eszk\u00f6z fejleszt\u00e9se, preklinikai \u00e9s klinikai valid\u00e1l\u00e1sa prec\u00edzi\u00f3s onkol\u00f3giai ell\u00e1t\u00e1s sz\u00e1m\u00e1ra<\/p>\n<p style=\"text-align: justify\"><strong>Kedvezm\u00e9nyezett neve:<\/strong><\/p>\n<ul style=\"text-align: justify\">\n<li>Oncompass Medicine Hungary Kft.,<\/li>\n<li>D\u00e9l-Pesti Centrumk\u00f3rh\u00e1z Hematol\u00f3giai \u00e9s Infektol\u00f3giai Int\u00e9zet,<\/li>\n<li>Semmelweis Egyetem<\/li>\n<\/ul>\n<p style=\"text-align: justify\"><strong>A szerz\u0151d\u00f6tt t\u00e1mogat\u00e1s \u00f6sszege:<\/strong> 633 648 171 Ft.<\/p>\n<p style=\"text-align: justify\"><strong>A projekt c\u00e9lja:<\/strong><\/p>\n<p style=\"text-align: justify\">(a) a RealTime Oncology Treatment Calculator piaci ig\u00e9nyekre \u00e9p\u00fcl\u0151 komplex fejleszt\u00e9se \u00e9s valid\u00e1l\u00e1sa<\/p>\n<p style=\"text-align: justify\">(b) a prec\u00edzi\u00f3s onkol\u00f3giai ter\u00fcleten szinergikus tud\u00e1smegoszt\u00e1sra \u00e9s interdiszciplin\u00e1ris kutat\u00f3m\u0171helyi kooper\u00e1ci\u00f3ra \u00e9p\u00fcl\u0151 hossz\u00fat\u00e1v\u00fa egy\u00fcttm\u0171k\u00f6d\u00e9s kialak\u00edt\u00e1sa orvosegyetem (SE) kutat\u00f3helyk\u00e9nt m\u0171k\u00f6d\u0151 k\u00f3rh\u00e1z (DPC) \u00e9s a hazai orvosi biotechnol\u00f3giai v\u00e1llalkoz\u00e1s (OCM) r\u00e9szv\u00e9tel\u00e9vel, mely folytonosan fenntarthat\u00f3 innov\u00e1ci\u00f3s l\u00e1ncot hoz l\u00e9tre.<\/p>\n<p style=\"text-align: justify\">Az SE Farmakol\u00f3giai \u00e9s Farmakoter\u00e1pi\u00e1s Int\u00e9zet\u00e9ben- mint az egyetem \u00e9s az orsz\u00e1g egyik legsikeresebb, nemzetk\u00f6zi publik\u00e1ci\u00f3kban leggazdagabb int\u00e9zet\u00e9ben \u2013 a projekt sor\u00e1n molekul\u00e1ris onkofarmakol\u00f3giai munkacsoport j\u00f6n l\u00e9tre. A daganatellenes gy\u00f3gyszerek kutat\u00e1sa, fejleszt\u00e9se, hat\u00e1smechanizmus\u00e1nak vizsg\u00e1lata, \u00faj c\u00e9lpontok azonos\u00edt\u00e1sa az egyik leggyorsabban fejl\u0151d\u0151 ter\u00fclet a farmakol\u00f3gi\u00e1ban. A projektben az SE farmakol\u00f3giai vizsg\u00e1latokhoz in vitro modellk\u00e9nt haszn\u00e1lhat\u00f3 daganat sejtvonalakat szerez be. Az OCM meghat\u00e1rozza a sejtvonalak molekul\u00e1ris profilj\u00e1t \u00e9s az algoritmusok seg\u00edts\u00e9g\u00e9vel predikt\u00e1lja gy\u00f3gyszer\u00e9rz\u00e9kenys\u00e9g\u00fcket. Az SE a predikci\u00f3kat valid\u00e1lja profiler\u00e1ci\u00f3s \u00e9s citotoxicit\u00e1si m\u00e9r\u00e9sekben.<\/p>\n<p style=\"text-align: justify\">A DPC az orsz\u00e1g legnagyobb onko-hematol\u00f3giai k\u00f6zpontja, \u00e9s jelent\u0151s k\u00f6zpontja a gastroenterol\u00f3giai \u00e9s eml\u0151daganatok onkol\u00f3gia ell\u00e1t\u00e1s\u00e1nak is.<\/p>\n<p style=\"text-align: justify\">Az OCM els\u0151 l\u00e9p\u00e9sben nemzetk\u00f6zileg ismert interpret\u00e1ci\u00f3s rendszerekhez \u00e9s adatb\u00e1zisokhoz hasonl\u00edtja a Calculator \u00e1ltal v\u00e9gzett elemz\u00e9s eredm\u00e9nyeit.<\/p>\n<p style=\"text-align: justify\">A projekt sor\u00e1n elk\u00e9sz\u00fcl a d\u00f6nt\u00e9st\u00e1mogat\u00f3 eszk\u00f6z els\u0151 verzi\u00f3j\u00e1nak piack\u00e9pes, diagnosztikai eszk\u00f6z verzi\u00f3ja. A projekt sor\u00e1n kialak\u00edtott egy\u00fcttm\u0171k\u00f6d\u00e9si rendszer lehet\u0151v\u00e9 teszi az eszk\u00f6z folyamatos tov\u00e1bbfejleszt\u00e9s\u00e9t is az OCM, SE, DPC egy\u00fcttm\u0171k\u00f6d\u00e9s\u00e9ben. A projekt eredm\u00e9nyek\u00e9ppen egyre versenyk\u00e9pesebb\u00e9 v\u00e1lik az OCM \u00e9s ez t\u00f6bb export bev\u00e9telt ered\u00e9nyez. Javul a DPC-ben \u00e9s a t\u00f6bbi hazai int\u00e9zm\u00e9nyben a betegek ell\u00e1t\u00e1sa. A projekt klinikai vizsg\u00e1latokat vonz a DPC-be. Az OCM egyre t\u00f6bb kutat\u00f3t alkalmaz, akik az SE-n v\u00e9geznek, ez vonz\u00f3bb\u00e1 teszi az SE diploma megszerz\u00e9s\u00e9t, itthon tartja a kutat\u00f3kat \u00e9s k\u00fclf\u00f6ldi di\u00e1kokat vonz az egyetemre \u00e9s az OCM-be.<\/p>\n<p><img loading=\"lazy\" decoding=\"async\" class=\"alignright\" src=\"https:\/\/semmelweis.hu\/kfipalyazat\/files\/2025\/07\/NKFIA_infoblokk_kerettel_program_fekvo_2019_HU.jpg\" width=\"547\" height=\"232\" \/><\/p>\n","protected":false},"excerpt":{"rendered":"<p>Projekt azonos\u00edt\u00f3 sz\u00e1ma: 2019-1.1.1-PIACI-KFI-2019-00367 Projekt c\u00edme: Mesters\u00e9ges intelligenci\u00e1n alapul\u00f3 orvosi d\u00f6nt\u00e9st\u00e1mogat\u00f3 eszk\u00f6z fejleszt\u00e9se, preklinikai \u00e9s klinikai valid\u00e1l\u00e1sa prec\u00edzi\u00f3s onkol\u00f3giai ell\u00e1t\u00e1s sz\u00e1m\u00e1ra Kedvezm\u00e9nyezett neve: Oncompass Medicine Hungary Kft., D\u00e9l-Pesti Centrumk\u00f3rh\u00e1z Hematol\u00f3giai \u00e9s Infektol\u00f3giai Int\u00e9zet, Semmelweis Egyetem A szerz\u0151d\u00f6tt t\u00e1mogat\u00e1s \u00f6sszege: 633 648 171 Ft. A projekt c\u00e9lja: (a) a RealTime Oncology Treatment Calculator piaci ig\u00e9nyekre \u00e9p\u00fcl\u0151 &hellip;<\/p>\n","protected":false},"author":102410,"featured_media":0,"parent":346,"menu_order":1,"comment_status":"closed","ping_status":"closed","template":"","meta":{"_acf_changed":false,"footnotes":""},"categories":[],"tags":[],"class_list":["post-348","page","type-page","status-publish","hentry"],"acf":[],"_links":{"self":[{"href":"https:\/\/semmelweis.hu\/kfipalyazat\/wp-json\/wp\/v2\/pages\/348","targetHints":{"allow":["GET"]}}],"collection":[{"href":"https:\/\/semmelweis.hu\/kfipalyazat\/wp-json\/wp\/v2\/pages"}],"about":[{"href":"https:\/\/semmelweis.hu\/kfipalyazat\/wp-json\/wp\/v2\/types\/page"}],"author":[{"embeddable":true,"href":"https:\/\/semmelweis.hu\/kfipalyazat\/wp-json\/wp\/v2\/users\/102410"}],"replies":[{"embeddable":true,"href":"https:\/\/semmelweis.hu\/kfipalyazat\/wp-json\/wp\/v2\/comments?post=348"}],"version-history":[{"count":3,"href":"https:\/\/semmelweis.hu\/kfipalyazat\/wp-json\/wp\/v2\/pages\/348\/revisions"}],"predecessor-version":[{"id":660,"href":"https:\/\/semmelweis.hu\/kfipalyazat\/wp-json\/wp\/v2\/pages\/348\/revisions\/660"}],"up":[{"embeddable":true,"href":"https:\/\/semmelweis.hu\/kfipalyazat\/wp-json\/wp\/v2\/pages\/346"}],"wp:attachment":[{"href":"https:\/\/semmelweis.hu\/kfipalyazat\/wp-json\/wp\/v2\/media?parent=348"}],"wp:term":[{"taxonomy":"category","embeddable":true,"href":"https:\/\/semmelweis.hu\/kfipalyazat\/wp-json\/wp\/v2\/categories?post=348"},{"taxonomy":"post_tag","embeddable":true,"href":"https:\/\/semmelweis.hu\/kfipalyazat\/wp-json\/wp\/v2\/tags?post=348"}],"curies":[{"name":"wp","href":"https:\/\/api.w.org\/{rel}","templated":true}]}}