{"id":344,"date":"2025-07-04T11:43:12","date_gmt":"2025-07-04T09:43:12","guid":{"rendered":"https:\/\/semmelweis.hu\/kfipalyazat\/?page_id=344"},"modified":"2025-08-14T10:02:54","modified_gmt":"2025-08-14T08:02:54","slug":"2020-1-1-6-jovo-2021-00013","status":"publish","type":"page","link":"https:\/\/semmelweis.hu\/kfipalyazat\/palyazatok\/hazai-palyazatok\/nkfih\/jovo\/2020-1-1-6-jovo-2021-00013\/","title":{"rendered":"2020-1.1.6-J\u00d6V\u0150-2021-00013"},"content":{"rendered":"<p style=\"text-align: justify\"><strong>Projekt azonos\u00edt\u00f3sz\u00e1ma:<\/strong>\u00a02020-1.1.6-J\u00d6V\u0150-2021-00013<\/p>\n<p style=\"text-align: justify\"><strong>Projekt c\u00edme: <\/strong>\u00daj diagnosztikai \u00e9s ter\u00e1pi\u00e1s elj\u00e1r\u00e1sok SARS-COV-2 (COVID-19) fert\u0151z\u00e9sben: A Semmelweis Egyetem kutat\u00e1s-fejleszt\u00e9si javaslata<\/p>\n<p style=\"text-align: justify\"><strong>Kedvezm\u00e9nyezett:<\/strong>\u00a0Semmelweis Egyetem<\/p>\n<p style=\"text-align: justify\">\u00a0<\/p>\n<p style=\"text-align: justify\"><strong>Meg\u00edt\u00e9lt t\u00e1mogat\u00e1si \u00f6sszeg:<\/strong>\u00a0450 000 000 Ft<\/p>\n<p style=\"text-align: justify\"><strong>T\u00e1mogat\u00e1s m\u00e9rt\u00e9ke:<\/strong>\u00a0100%<\/p>\n<p style=\"text-align: justify\"><strong>Megval\u00f3s\u00edt\u00e1s id\u0151tartama:<\/strong>\u00a02021.04.01.- 2023.03.31.<\/p>\n<p style=\"text-align: justify\">\u00a0<\/p>\n<p style=\"text-align: justify\"><strong>Projekt r\u00f6vid \u00f6sszefoglal\u00f3ja<\/strong><\/p>\n<p style=\"text-align: justify\">A jelen puszt\u00edt\u00f3 koronav\u00edrus vil\u00e1gj\u00e1rv\u00e1ny fert\u0151z\u00f6ttjeinek korai kisz\u0171r\u00e9se, a v\u00edrus terjed\u00e9s\u00e9nek meg\u00e1ll\u00edt\u00e1sa \u00e9s a betegek kezel\u00e9se innovat\u00edv diagnosztikai \u00e9s ter\u00e1pi\u00e1s m\u00f3dszerek kifejleszt\u00e9s\u00e9t ig\u00e9nyli. E ter\u00fcleten (is!) a kutat\u00e1s-fejleszt\u00e9s komplex, azaz t\u00f6bb tudom\u00e1nyter\u00fclet, mint p\u00e9ld\u00e1ul az immunol\u00f3gia, a nanomedicina, infektol\u00f3gia, genetika egy\u00fcttm\u0171k\u00f6d\u00e9s\u00e9t ig\u00e9nyli az alapkutat\u00e1st\u00f3l a beteg\u00e1gyig. Javaslatunk c\u00e9lja, hogy ezt a Semmelweis Egyetemen megl\u00e9v\u0151 komplex szaktud\u00e1st, intellektu\u00e1lis \u00e9s infrastruktur\u00e1lis eszk\u00f6zt\u00e1rat hat\u00e9konyan mozg\u00f3s\u00edtsuk a koronav\u00edrus elleni c\u00e9lzott k\u00fczdelemben, a v\u00edrusfert\u0151z\u00e9s mechanizmus\u00e1nak felt\u00e1r\u00e1sa, a diagnosztikai \u00e9s ter\u00e1pi\u00e1s, \u00e9s a megel\u0151z\u0151 elj\u00e1r\u00e1sok kifejleszt\u00e9se c\u00e9lj\u00e1b\u00f3l. A fenti c\u00e9lokat szolg\u00e1l\u00f3, a Semmelweis Egyetem t\u00f6bb szervezeti egys\u00e9g\u00e9t is bevon\u00f3 kutat\u00e1si javaslataink 3 modulba sorolhat\u00f3k.<\/p>\n<p style=\"text-align: justify\">Az els\u0151 (hat\u00e1smechanizmust felt\u00e1r\u00f3) modul, a SARS-CoV-2 v\u00edrus \u00e9s a COVID-19 betegs\u00e9g modellez\u00e9s\u00e9vel k\u00edv\u00e1nja a fert\u0151z\u00e9s mechanizmus\u00e1nak jobb meg\u00e9rt\u00e9s\u00e9t biztos\u00edtja. A v\u00edrus feh\u00e9rj\u00e9inek a stabilit\u00e1sa a ter\u00e1pia szempontj\u00e1b\u00f3l d\u00f6nt\u0151 jelent\u0151s\u00e9g\u0171, ugyanis nagy variabilit\u00e1s\u00fa feh\u00e9rj\u00e9k eset\u00e9n a szelekci\u00f3s nyom\u00e1s miatt a rezisztens k\u00f3rokoz\u00f3k hamar el tudnak terjedni. Ehhez a legfontosabb feladat, hogy a v\u00edrus szekvencia-stabilit\u00e1s\u00e1t meghat\u00e1rozzuk. A vizsg\u00e1lat sor\u00e1n a receptor k\u00f6t\u00e9sben, membr\u00e1nf\u00fazi\u00f3ban \u00e9s internaliz\u00e1ci\u00f3ban fontos S-protein, valamint a replik\u00e1ci\u00f3ban szerepet j\u00e1tsz\u00f3 pp1a, pp1ab, \u00e9s a nsp1-nsp16 nem strukt\u00far\u00e1lis feh\u00e9rj\u00e9k elemz\u00e9se lesz az els\u0151dleges c\u00e9l. A vari\u00e1bilis r\u00e9gi\u00f3k meghat\u00e1roz\u00e1s\u00e1nak m\u00e1sik haszna, hogy az immunol\u00f3giailag v\u00e1ltoz\u00e9kony r\u00e9szeket megtal\u00e1ljuk. Alapvet\u0151en abb\u00f3l lehet kiindulni, hogy azon betegekben, ahol a fert\u0151z\u00e9s lezajlott, ott immunit\u00e1s alakul ki a v\u00edrussal szemben. Kiv\u00e9telt k\u00e9peznek ez al\u00f3l a magas variabilit\u00e1ssal rendelkez\u0151 feh\u00e9rj\u00e9k. Mivel egy \u00fajabb vil\u00e1gj\u00e1rv\u00e1ny eset\u00e9n ezen r\u00e9szek v\u00e1rhat\u00f3an eleve v\u00e1ltoz\u00e1st fognak mutatni, ez\u00e9rt korai ismeret\u00fck, illetve bioinformatikai m\u00f3dszerekkel t\u00f6rt\u00e9n\u0151 azonos\u00edt\u00e1suk jelent\u0151s\u00e9ge magas lehet a k\u00e9s\u0151bbiekben.<\/p>\n<p style=\"text-align: justify\">A m\u00e1sodik, diagnosztikai fejleszt\u00e9si modul a v\u00edrus biodisztrib\u00faci\u00f3 m\u00e9r\u00e9s\u00e9re f\u00f3kusz\u00e1l in vivo k\u00f6r\u00fclm\u00e9nyek k\u00f6z\u00f6tt. Az OMV Coli expresszi\u00f3s modellben a SARS-CoV-2 v\u00edrus-hoz nagyon hasonl\u00f3 SARS-CoV Papain-Like-Protease-2 (PLP-2) metalloprote\u00e1z enzimj\u00e9t szeretn\u00e9nk expressz\u00e1ltatni, \u00edgy az OMV-k fel\u00fclet\u00e9re ker\u00fcln\u00e9nek ezek a metalloproteinek. A m\u00e1sik lehet\u0151s\u00e9g az expresszi\u00f3ra a Nonstructural Protein 3 (nsp3) melyr\u0151l szint\u00e9n ismert nagyon sok struktur\u00e1lis adat. Ebben a rendszerben a v\u00edrusproteinek alacsony mikrom\u00f3l vagy n\u00e9h\u00e1ny t\u00edz nanom\u00f3l f\u00e9m-k\u00f6t\u00e9si affinit\u00e1s\u00e1t, \u00e9l\u0151 \u00e1llatban nagyj\u00e1b\u00f3l nanom\u00f3los nagys\u00e1grend\u0171 feh\u00e9rj\u00e9t tudunk sz\u00e1mszer\u0171en, koncentr\u00e1ci\u00f3j\u00e1ra n\u00e9zv\u00e9st meghat\u00e1rozni id\u0151ben t\u00f6bb napon kereszt\u00fcl, ugyanabban az \u00e1llatban.<\/p>\n<p style=\"text-align: justify\">A harmadik, ter\u00e1pi\u00e1s modul a COVID-19 betegs\u00e9g legs\u00falyosabb k\u00f6vetkezm\u00e9ny\u00e9re, a s\u00falyos acut l\u00e9gz\u00e9szavar szindr\u00f3ma (SARS) m\u00f6g\u00f6tt \u00e1ll\u00f3 un. citokin viharra (cytokine storm) \u00e9s \u201ekomplement aktiv\u00e1ci\u00f3\u201d-ra koncentr\u00e1l, melyek az extr\u00e9m gyullad\u00e1sos reakci\u00f3 f\u0151bb okai. Eddig f\u0151leg a gy\u00f3gyszer mell\u00e9khat\u00e1s okozta cytokin vihar ill. ritka betegs\u00e9gekben \u00e9szlelt komplement aktivit\u00e1s ismert, melyek kezel\u00e9si tapasztalatai felvetik azt a lehet\u0151s\u00e9get, hogy a COVID-19 betegs\u00e9g s\u00falyos form\u00e1j\u00e1ban megfigyelt hasonl\u00f3 t\u00fcnetek eset\u00e9n \u00e9rdemes kipr\u00f3b\u00e1lni a fenti \u00e1llapotokban m\u00e1r eredm\u00e9nyesen haszn\u00e1lt kezel\u00e9seket. A k\u00f6vetkez\u0151 pontban a projektb\u0151l sz\u00e1rmaz\u00f3 Covid-19 betegs\u00e9gen \u00e1tesettek illetve vakcin\u00e1l\u00e1st k\u00f6vet\u0151 betegek multiomikai adatait (k\u00f3dol\u00f3 \u00e9s nem k\u00f3dol\u00f3 RNS-ek) felhaszn\u00e1lva predikt\u00e1lunk biomarkereket \u00e9s RNS ter\u00e1pi\u00e1s targeteket h\u00e1l\u00f3zatelm\u00e9leti m\u00f3dszerekkel \u00e9s mesters\u00e9ges intelligenci\u00e1val. Ez eg\u00e9sz\u00fcl ki a symptomatikus COVID-19 fert\u0151z\u00e9st k\u00f6vet\u0151 humor\u00e1lis \u00e9s sejtes immunv\u00e1laszt, ill. ennek a mikrobiom\u00e1val \/ a mikrobioma funkci\u00f3j\u00e1t jellemz\u0151 sz\u00e9rum metabolommal val\u00f3 kapcsolat\u00e1t k\u00edv\u00e1njuk vizsg\u00e1lni k\u00fcl\u00f6nb\u00f6z\u0151 koroszt\u00e1ly\u00fa sportol\u00f3k \u00e9s betegek csoportjaiban.<\/p>\n<p><img loading=\"lazy\" decoding=\"async\" class=\"alignright\" src=\"https:\/\/semmelweis.hu\/kfipalyazat\/files\/2025\/07\/NKFIA_infoblokk_kerettel_program_fekvo_2019_HU.jpg\" width=\"549\" height=\"233\" \/><\/p>\n","protected":false},"excerpt":{"rendered":"<p>Projekt azonos\u00edt\u00f3sz\u00e1ma:\u00a02020-1.1.6-J\u00d6V\u0150-2021-00013 Projekt c\u00edme: \u00daj diagnosztikai \u00e9s ter\u00e1pi\u00e1s elj\u00e1r\u00e1sok SARS-COV-2 (COVID-19) fert\u0151z\u00e9sben: A Semmelweis Egyetem kutat\u00e1s-fejleszt\u00e9si javaslata Kedvezm\u00e9nyezett:\u00a0Semmelweis Egyetem \u00a0 Meg\u00edt\u00e9lt t\u00e1mogat\u00e1si \u00f6sszeg:\u00a0450 000 000 Ft T\u00e1mogat\u00e1s m\u00e9rt\u00e9ke:\u00a0100% Megval\u00f3s\u00edt\u00e1s id\u0151tartama:\u00a02021.04.01.- 2023.03.31. \u00a0 Projekt r\u00f6vid \u00f6sszefoglal\u00f3ja A jelen puszt\u00edt\u00f3 koronav\u00edrus vil\u00e1gj\u00e1rv\u00e1ny fert\u0151z\u00f6ttjeinek korai kisz\u0171r\u00e9se, a v\u00edrus terjed\u00e9s\u00e9nek meg\u00e1ll\u00edt\u00e1sa \u00e9s a betegek kezel\u00e9se innovat\u00edv diagnosztikai \u00e9s ter\u00e1pi\u00e1s &hellip;<\/p>\n","protected":false},"author":102410,"featured_media":0,"parent":337,"menu_order":3,"comment_status":"closed","ping_status":"closed","template":"","meta":{"_acf_changed":false,"footnotes":""},"categories":[],"tags":[],"class_list":["post-344","page","type-page","status-publish","hentry"],"acf":[],"_links":{"self":[{"href":"https:\/\/semmelweis.hu\/kfipalyazat\/wp-json\/wp\/v2\/pages\/344","targetHints":{"allow":["GET"]}}],"collection":[{"href":"https:\/\/semmelweis.hu\/kfipalyazat\/wp-json\/wp\/v2\/pages"}],"about":[{"href":"https:\/\/semmelweis.hu\/kfipalyazat\/wp-json\/wp\/v2\/types\/page"}],"author":[{"embeddable":true,"href":"https:\/\/semmelweis.hu\/kfipalyazat\/wp-json\/wp\/v2\/users\/102410"}],"replies":[{"embeddable":true,"href":"https:\/\/semmelweis.hu\/kfipalyazat\/wp-json\/wp\/v2\/comments?post=344"}],"version-history":[{"count":2,"href":"https:\/\/semmelweis.hu\/kfipalyazat\/wp-json\/wp\/v2\/pages\/344\/revisions"}],"predecessor-version":[{"id":657,"href":"https:\/\/semmelweis.hu\/kfipalyazat\/wp-json\/wp\/v2\/pages\/344\/revisions\/657"}],"up":[{"embeddable":true,"href":"https:\/\/semmelweis.hu\/kfipalyazat\/wp-json\/wp\/v2\/pages\/337"}],"wp:attachment":[{"href":"https:\/\/semmelweis.hu\/kfipalyazat\/wp-json\/wp\/v2\/media?parent=344"}],"wp:term":[{"taxonomy":"category","embeddable":true,"href":"https:\/\/semmelweis.hu\/kfipalyazat\/wp-json\/wp\/v2\/categories?post=344"},{"taxonomy":"post_tag","embeddable":true,"href":"https:\/\/semmelweis.hu\/kfipalyazat\/wp-json\/wp\/v2\/tags?post=344"}],"curies":[{"name":"wp","href":"https:\/\/api.w.org\/{rel}","templated":true}]}}