{"id":340,"date":"2025-07-04T11:41:02","date_gmt":"2025-07-04T09:41:02","guid":{"rendered":"https:\/\/semmelweis.hu\/kfipalyazat\/?page_id=340"},"modified":"2025-08-14T10:00:35","modified_gmt":"2025-08-14T08:00:35","slug":"2020-1-1-6-jovo-2021-00004","status":"publish","type":"page","link":"https:\/\/semmelweis.hu\/kfipalyazat\/palyazatok\/hazai-palyazatok\/nkfih\/jovo\/2020-1-1-6-jovo-2021-00004\/","title":{"rendered":"2020-1.1.6-J\u00d6V\u0150-2021-00004"},"content":{"rendered":"<p style=\"text-align: justify\"><strong>Projekt azonos\u00edt\u00f3sz\u00e1ma:<\/strong>\u00a02020-1.1.6-J\u00d6V\u0150-2021-00004<\/p>\n<p style=\"text-align: justify\"><strong>Projekt c\u00edme: <\/strong>Mut\u00e1ns K-Ras onkog\u00e9nt kifejez\u0151 hum\u00e1n daganatok c\u00e9lzott ter\u00e1pi\u00e1j\u00e1nak kifejleszt\u00e9se<\/p>\n<p style=\"text-align: justify\"><strong>Konzorciumvezet\u0151:<\/strong>\u00a0Term\u00e9szettudom\u00e1nyi Kutat\u00f3k\u00f6zpont<\/p>\n<p style=\"text-align: justify\"><strong>Konzorciumi partnerek:<\/strong>\u00a0<\/p>\n<ul style=\"text-align: justify\">\n<li>E\u00f6tv\u00f6s Lor\u00e1nd Tudom\u00e1nyegyetem,<\/li>\n<li>Semmelweis Egyetem,<\/li>\n<li>KINETO Lab Kft<\/li>\n<\/ul>\n<p style=\"text-align: justify\">\u00a0<\/p>\n<p style=\"text-align: justify\"><strong>Meg\u00edt\u00e9lt t\u00e1mogat\u00e1s:<\/strong>\u00a0350 000 000 Ft<\/p>\n<p style=\"text-align: justify\"><strong>A konzorciumvezet\u0151 t\u00e1mogat\u00e1si \u00f6sszege:<\/strong>\u00a0139 728 520 Ft<\/p>\n<ul style=\"text-align: justify\">\n<li><strong>E\u00f6tv\u00f6s Lor\u00e1nd Tudom\u00e1nyegyetem t\u00e1mogat\u00e1si \u00f6sszege:<\/strong>\u00a067 323 343 Ft<\/li>\n<li><strong>Semmelweis Egyetem t\u00e1mogat\u00e1si \u00f6sszege:<\/strong>\u00a062 882 137 Ft<\/li>\n<li><strong>KINETO Lab Kft t\u00e1mogat\u00e1si \u00f6sszege:\u00a0<\/strong>114 380 000 Ft<\/li>\n<\/ul>\n<p style=\"text-align: justify\"><strong>T\u00e1mogat\u00e1s m\u00e9rt\u00e9ke:<\/strong>\u00a0100%<\/p>\n<p style=\"text-align: justify\"><strong>Megval\u00f3s\u00edt\u00e1s id\u0151tartama:<\/strong>\u00a02021.05.01-2024.10.31.<\/p>\n<p style=\"text-align: justify\">\u00a0<\/p>\n<p style=\"text-align: justify\"><strong>Projekt r\u00f6vid \u00f6sszefoglal\u00f3ja<\/strong><\/p>\n<p style=\"text-align: justify\">A fejl\u0151d\u0151 vil\u00e1g egyik legnagyobb eg\u00e9szs\u00e9g\u00fcgyi probl\u00e9m\u00e1ja, hogy a v\u00e1rhat\u00f3 \u00e9lettartam n\u00f6veked\u00e9s\u00e9vel p\u00e1rhuzamosan megemelkedett a kr\u00f3nikus, nem fert\u0151z\u0151 betegs\u00e9gek hal\u00e1loz\u00e1si gyakoris\u00e1ga, \u00edgy a daganatos betegs\u00e9gek ell\u00e1t\u00e1sa is egyre nagyobb gondot okoz az eg\u00e9szs\u00e9g\u00fcgyi ell\u00e1t\u00f3 rendszereknek. Magyarorsz\u00e1gon is fokozatosan emelkedett a daganatos hal\u00e1loz\u00e1s az elm\u00falt hatvan \u00e9vben. A daganatos megbeteged\u00e9sek k\u00e9tharmada 60. \u00e9let\u00e9v felett jelentkezik \u00e9s \u00e9vente sajnos kb. 70 ezer emberrel k\u00f6zlik, hogy rosszindulat\u00fa daganata van. Ma m\u00e9g az emberi daganatos betegs\u00e9gek ter\u00e1pi\u00e1j\u00e1b\u00f3l nem szorult ki a gyorsan oszt\u00f3d\u00f3 sejtek \u2013 \u00edgy a daganatsejtek \u2013 g\u00e1tl\u00e1s\u00e1ra haszn\u00e1latos citosztatikumok haszn\u00e1lata, \u00e1m egyre ink\u00e1bb el\u0151t\u00e9rbe ker\u00fcl a szem\u00e9lyre szabott c\u00e9lzott ter\u00e1pia, illetve biol\u00f3giai hat\u00e1s\u00fa molekul\u00e1k alkalmaz\u00e1sa. Ezek fokozatos terjed\u00e9s\u00e9vel l\u00e9nyegesen n\u0151 a daganatos betegek t\u00fal\u00e9l\u00e9se (gy\u00f3gyul\u00e1sa), illetve javul a betegek \u00e9letmin\u0151s\u00e9ge (t\u00fcnetmentes id\u0151szaka), amelynek t\u00e1rsadalmi hasznoss\u00e1g\u00e1t fontos kiemelni. Az emberi szervezet mintegy 37 milli\u00e1rd sejtj\u00e9nek oszt\u00f3d\u00e1s\u00e1t \u00e9s differenci\u00e1l\u00f3d\u00e1s\u00e1t sok esetben a receptor tirozin kin\u00e1zokon kereszt\u00fcl m\u0171k\u00f6d\u0151 jelp\u00e1ly\u00e1k szab\u00e1lyozz\u00e1k. E jelp\u00e1ly\u00e1k legfontosabb regul\u00e1torai a GTP-k\u00f6t\u0151 RAS feh\u00e9rj\u00e9k, amelyek a hum\u00e1n daganatokban, de k\u00fcl\u00f6n\u00f6sen a t\u00fcd\u0151-, a vastagb\u00e9l- \u00e9s a hasny\u00e1lmirigyr\u00e1kban mut\u00e1l\u00f3dnak. Ilyenkor a sejtek elszakadnak a n\u00f6veked\u00e9si faktorokt\u00f3l f\u00fcgg\u0151 fiziol\u00f3gi\u00e1s szab\u00e1lyoz\u00e1st\u00f3l \u00e9s korl\u00e1tlanul oszt\u00f3dni kezdenek, majd daganat alakulhat ki. Az ut\u00f3bbi id\u0151ben az\u00e9rt v\u00e1lt a mut\u00e1ns Ras feh\u00e9rj\u00e9k vizsg\u00e1lata az onkol\u00f3gia kulcsk\u00e9rd\u00e9s\u00e9v\u00e9, mert a klasszikus citosztatikumok ir\u00e1nti \u00e9s az \u00faj c\u00e9lzott molekul\u00e1ris ter\u00e1pi\u00e1s gy\u00f3gyszerekkel szembeni vagy az azokra kialakult rezisztencia egyik f\u0151 okoz\u00f3ja \u00e9ppen a K-Ras mut\u00e1ci\u00f3 jelenl\u00e9te. A Term\u00e9szettudom\u00e1nyi Kutat\u00f3k\u00f6zpont \u00e1ltal vezetett konzorcium azt tervezi, hogy a r\u00e9szben m\u00e1r ismert, r\u00e9szben most meghat\u00e1rozand\u00f3 3D-t\u00e9rszerkezeti inform\u00e1ci\u00f3kra alapozva, a legkorszer\u0171bb fragmensalap\u00fa molekulatervez\u00e9s m\u00f3dszer\u00e9t is felhaszn\u00e1lva hat\u00e9kony g\u00e1tl\u00f3szereket azonos\u00edt a mut\u00e1ns KRas feh\u00e9rj\u00e9k g\u00e1tl\u00e1s\u00e1ra. A megszintetiz\u00e1lt potenci\u00e1lis inhibitorok biok\u00e9miai \u00e9s daganatellenes hat\u00e1sait emberi daganatok in vitro \u00e9s in vivo modelljein teszteli, majd szelekt\u00e1lja hat\u00e9konys\u00e1g szerint. A projekt m\u00e1sodik c\u00e9lkit\u0171z\u00e9se az, hogy olyan hat\u00e9kony inhibitorokat azonos\u00edtson, illetve fejlesszen, amelyek a K-RAS feh\u00e9rje \u00fajonnan felfedezett tirozin-regul\u00e1ci\u00f3s \u00fatvonal\u00e1t befoly\u00e1solj\u00e1k \u00fagy, hogy az akt\u00edv, GTP-k\u00f6t\u00f6tt RAS-t foszforil\u00e1lt \u00e1llapotban tarts\u00e1k, azaz inaktiv\u00e1lj\u00e1k. A projekt harmadik c\u00e9ljak\u00e9nt kombin\u00e1ci\u00f3ban k\u00edv\u00e1njuk alkalmazni az all\u00e9lspecifikus kovalens inhibitorokat a Ras feh\u00e9rj\u00e9k lipid-oldall\u00e1ncainak (prenil\u00e1ci\u00f3, farnezil\u00e1ci\u00f3) kialakul\u00e1s\u00e1t g\u00e1tolni k\u00e9pes hat\u00f3anyagokkal (statinok, zoledronsav, stb.). Ezek vegy\u00fcletek \u00f6nmagukban nem bizonyultak kor\u00e1bban hat\u00e1sosnak, azonban a leg\u00fajabb adatok szerint a kombin\u00e1ci\u00f3s ter\u00e1pia bizonyos onkog\u00e9n RAS-t expressz\u00e1l\u00f3 daganatokn\u00e1l el\u0151ny\u00f6s lehet.<\/p>\n<p style=\"text-align: justify\">A Konzorciumot a Term\u00e9szettudom\u00e1nyi Kutat\u00f3k\u00f6zpont vezeti, tagjai a Semmelweis Egyetem, az E\u00f6tv\u00f6s Lor\u00e1nd Tudom\u00e1nyegyetem \u00e9s a KINETO Lab Kft.<\/p>\n<p style=\"text-align: justify\">A Konzorcium felveszi a versenyt a legjobb nemzetk\u00f6zi kutat\u00f3csoportokkal az\u00e9rt, mert \u00fagy gondoljuk, hogy kutat\u00e1si tapasztalataink alapj\u00e1n a legkorszer\u0171bb innovat\u00edv m\u00f3dszerekkel vagyunk k\u00e9pesek onkog\u00e9n K-RAS-t g\u00e1tl\u00f3 vegy\u00fcletek tervez\u00e9s\u00e9re, szint\u00e9zis\u00e9re \u00e9s sz\u0171r\u00e9s\u00e9re.<\/p>\n<p><img loading=\"lazy\" decoding=\"async\" class=\"alignright\" src=\"https:\/\/semmelweis.hu\/kfipalyazat\/files\/2025\/07\/NKFIA_infoblokk_kerettel_program_fekvo_2019_HU.jpg\" width=\"549\" height=\"233\" \/><\/p>\n","protected":false},"excerpt":{"rendered":"<p>Projekt azonos\u00edt\u00f3sz\u00e1ma:\u00a02020-1.1.6-J\u00d6V\u0150-2021-00004 Projekt c\u00edme: Mut\u00e1ns K-Ras onkog\u00e9nt kifejez\u0151 hum\u00e1n daganatok c\u00e9lzott ter\u00e1pi\u00e1j\u00e1nak kifejleszt\u00e9se Konzorciumvezet\u0151:\u00a0Term\u00e9szettudom\u00e1nyi Kutat\u00f3k\u00f6zpont Konzorciumi partnerek:\u00a0 E\u00f6tv\u00f6s Lor\u00e1nd Tudom\u00e1nyegyetem, Semmelweis Egyetem, KINETO Lab Kft \u00a0 Meg\u00edt\u00e9lt t\u00e1mogat\u00e1s:\u00a0350 000 000 Ft A konzorciumvezet\u0151 t\u00e1mogat\u00e1si \u00f6sszege:\u00a0139 728 520 Ft E\u00f6tv\u00f6s Lor\u00e1nd Tudom\u00e1nyegyetem t\u00e1mogat\u00e1si \u00f6sszege:\u00a067 323 343 Ft Semmelweis Egyetem t\u00e1mogat\u00e1si \u00f6sszege:\u00a062 882 137 Ft KINETO Lab &hellip;<\/p>\n","protected":false},"author":102410,"featured_media":0,"parent":337,"menu_order":1,"comment_status":"closed","ping_status":"closed","template":"","meta":{"_acf_changed":false,"footnotes":""},"categories":[],"tags":[],"class_list":["post-340","page","type-page","status-publish","hentry"],"acf":[],"_links":{"self":[{"href":"https:\/\/semmelweis.hu\/kfipalyazat\/wp-json\/wp\/v2\/pages\/340","targetHints":{"allow":["GET"]}}],"collection":[{"href":"https:\/\/semmelweis.hu\/kfipalyazat\/wp-json\/wp\/v2\/pages"}],"about":[{"href":"https:\/\/semmelweis.hu\/kfipalyazat\/wp-json\/wp\/v2\/types\/page"}],"author":[{"embeddable":true,"href":"https:\/\/semmelweis.hu\/kfipalyazat\/wp-json\/wp\/v2\/users\/102410"}],"replies":[{"embeddable":true,"href":"https:\/\/semmelweis.hu\/kfipalyazat\/wp-json\/wp\/v2\/comments?post=340"}],"version-history":[{"count":3,"href":"https:\/\/semmelweis.hu\/kfipalyazat\/wp-json\/wp\/v2\/pages\/340\/revisions"}],"predecessor-version":[{"id":653,"href":"https:\/\/semmelweis.hu\/kfipalyazat\/wp-json\/wp\/v2\/pages\/340\/revisions\/653"}],"up":[{"embeddable":true,"href":"https:\/\/semmelweis.hu\/kfipalyazat\/wp-json\/wp\/v2\/pages\/337"}],"wp:attachment":[{"href":"https:\/\/semmelweis.hu\/kfipalyazat\/wp-json\/wp\/v2\/media?parent=340"}],"wp:term":[{"taxonomy":"category","embeddable":true,"href":"https:\/\/semmelweis.hu\/kfipalyazat\/wp-json\/wp\/v2\/categories?post=340"},{"taxonomy":"post_tag","embeddable":true,"href":"https:\/\/semmelweis.hu\/kfipalyazat\/wp-json\/wp\/v2\/tags?post=340"}],"curies":[{"name":"wp","href":"https:\/\/api.w.org\/{rel}","templated":true}]}}