{"id":331,"date":"2025-07-04T10:58:33","date_gmt":"2025-07-04T08:58:33","guid":{"rendered":"https:\/\/semmelweis.hu\/kfipalyazat\/?page_id=331"},"modified":"2026-02-25T11:01:49","modified_gmt":"2026-02-25T10:01:49","slug":"ginop_plusz-2-1-1-21-2022-00240","status":"publish","type":"page","link":"https:\/\/semmelweis.hu\/kfipalyazat\/palyazatok\/tarsfinanszirozott-palyazatok\/ginop\/ginop-2\/ginop_plusz-2-1-1-21-2022-00240\/","title":{"rendered":"GINOP_PLUSZ-2.1.1-21-2022-00240"},"content":{"rendered":"<p><strong>Projekt azonos\u00edt\u00f3 sz\u00e1ma:<\/strong> GINOP_PLUSZ-2.1.1-21-2022-00240<\/p>\n<p><strong>Projekt c\u00edme:<\/strong> L\u00e1gy sz\u00f6veti minim\u00e1l invaz\u00edv seb\u00e9szeti beavatkoz\u00e1sok seg\u00edt\u00e9s\u00e9re szolg\u00e1l\u00f3 rendszer<\/p>\n<p>&nbsp;<\/p>\n<p><strong>Konzorcium vezet\u0151:<\/strong> KREAT\u00cdV-FOGKLINIKA Korl\u00e1tolt Felel\u0151ss\u00e9g\u0171 T\u00e1rsas\u00e1g<\/p>\n<p><strong>Konzorciumi tag:<\/strong><\/p>\n<ul>\n<li>Semmelweis Egyetem<\/li>\n<\/ul>\n<p><strong>Projekt megval\u00f3s\u00edt\u00e1s\u00e1nak kezdete:<\/strong> 2022.05.01.<\/p>\n<p><strong>Projekt fizikai befejez\u00e9s\u00e9nek d\u00e1tuma:<\/strong> 2025.12.31.<\/p>\n<p>&nbsp;<\/p>\n<p><strong>Projekt \u00f6sszk\u00f6lts\u00e9ge:<\/strong> 1 274 926 601\u00a0 Ft<\/p>\n<p><strong>Szerz\u0151d\u00e9s t\u00e1mogat\u00e1si \u00f6sszege:<\/strong> 866 932 017 Ft<\/p>\n<p><strong>Semmelweis Egyetemre jut\u00f3 t\u00e1mogat\u00e1si \u00f6sszege:<\/strong> 297 615 000 Ft<\/p>\n<ul>\n<li>ebb\u0151l az eur\u00f3pai uni\u00f3s t\u00e1mogat\u00e1s \u00f6sszege:\u00a0 261 901 200 Ft<\/li>\n<\/ul>\n<p><strong>KREAT\u00cdV-FOGKLINIKA Korl\u00e1tolt Felel\u0151ss\u00e9g\u0171 T\u00e1rsas\u00e1gra jut\u00f3 t\u00e1mogat\u00e1si \u00f6sszege:<\/strong> 569 317 017 Ft<\/p>\n<ul>\n<li>ebb\u0151l az eur\u00f3pai uni\u00f3s t\u00e1mogat\u00e1s \u00f6sszege: 500 998 974 Ft<\/li>\n<\/ul>\n<p>&nbsp;<\/p>\n<p><strong>Projekt tartalmi \u00f6sszefoglal\u00f3ja:<\/strong><\/p>\n<p>A projekt c\u00e9lkit\u0171z\u00e9se olyan, a seb\u00e9szet t\u00f6bb ter\u00fclet\u00e9n haszn\u00e1lhat\u00f3 minim\u00e1lisan invaz\u00edv seb\u00e9szeti beavatkoz\u00e1st seg\u00edt\u0151 rendszer kifejleszt\u00e9se, amely kisebb megterhel\u00e9st, gyorsabb gy\u00f3gyul\u00e1st seg\u00edt el\u00e9rni a betegek sz\u00e1m\u00e1ra. A tervezett rendszer haszn\u00e1lat\u00e1val r\u00f6vid\u00fcl a m\u0171t\u00e9ti id\u0151, n\u00f6vekszik a minim\u00e1lisan invaz\u00edv m\u0171t\u00e9tek ar\u00e1nya, a prec\u00edzebb elj\u00e1r\u00e1sokkal cs\u00f6kken a beavatkoz\u00e1s s\u00falyoss\u00e1g\u00e1nak m\u00e9rt\u00e9ke. Cs\u00f6kken a sz\u00f6v\u0151dm\u00e9nyek sz\u00e1ma, r\u00f6vid\u00fcl a k\u00f3rh\u00e1zban t\u00f6lt\u00f6tt id\u0151, ez\u00e1ltal cs\u00f6kkennek az eg\u00e9szs\u00e9g\u00fcgyi, eg\u00e9szs\u00e9gbiztos\u00edt\u00e1si kiad\u00e1sok. Az onkol\u00f3giai betegek m\u0171t\u00e9ti kezel\u00e9s\u00e9ben, ahol a lehet\u0151 legfontosabbak a fenti szempontok \u00e9s a legmagasabbak a kiad\u00e1sok, k\u00fcl\u00f6n\u00f6sen jelent\u0151s seg\u00edts\u00e9get ny\u00fajt majd a rendszer haszn\u00e1lata.<\/p>\n<p>A seb\u00e9szetben az elm\u00falt 20 \u00e9vben a minim\u00e1lisan invaz\u00edv seb\u00e9szetre helyez\u0151d\u00f6tt \u00e1t a hangs\u00faly. Ez a beavatkoz\u00e1s el\u0151ny\u00f6s a betegeknek, azonban a seb\u00e9sz sz\u00e1m\u00e1ra nagyobb kih\u00edv\u00e1st jelent. Onkol\u00f3giai beavatkoz\u00e1sokn\u00e1l ez \u00fagy jelentkezik, hogy a k\u00e9palkot\u00f3 diagnosztik\u00e1val felfedezett, centim\u00e9ter k\u00f6r\u00fcli elv\u00e1ltoz\u00e1sok a beavatkoz\u00e1sokn\u00e1l haszn\u00e1lt endo-, laparo-, thorakoszk\u00f3pos eszk\u00f6z\u00f6k\u00f6n rendszerint nem l\u00e1that\u00f3k, \u00e9s hozz\u00e1f\u00e9r\u00e9s hi\u00e1ny\u00e1ban nem is tapinthat\u00f3k. Az elv\u00e1ltoz\u00e1sok hely\u00e9nek megtal\u00e1l\u00e1s\u00e1ra az intraoperat\u00edv k\u00e9palkot\u00e1s (pl. fluoroszk\u00f3pia), vagy a m\u0171t\u00e9t el\u0151tti CT vez\u00e9rl\u00e9ssel t\u00f6rt\u00e9n\u0151 dr\u00f3thurkos jel\u00f6l\u00e9s haszn\u00e1latos. Az intraoperat\u00edv k\u00e9palkot\u00e1s annak magas k\u00f6lts\u00e9ge miatt kev\u00e9sb\u00e9 elterjedt \u00e9s a beavatkoz\u00e1s alatt korl\u00e1tozza a beteghez val\u00f3 hozz\u00e1f\u00e9r\u00e9st. A dr\u00f3thurkos jel\u00f6l\u00e9s pedig nem biztos\u00edt el\u00e9g pontos lokaliz\u00e1ci\u00f3t, behelyez\u00e9se pl. a t\u00fcd\u0151 seb\u00e9szetben kock\u00e1zattal j\u00e1r.<\/p>\n<p>Kutat\u00e1si c\u00e9lunk egy olyan rendszert l\u00e9trehozni, amely l\u00e1gy sz\u00f6veti indik\u00e1ci\u00f3kban mint az eml\u0151, a hasny\u00e1lmirigy, a m\u00e1j, a t\u00fcd\u0151 seb\u00e9szete, az intraoperat\u00edv k\u00e9palkot\u00e1snak megfelel\u0151 inform\u00e1ci\u00f3t ny\u00fajt, egy k\u00f6lts\u00e9ges, bonyolult eszk\u00f6z haszn\u00e1lat\u00e1nak ig\u00e9nybev\u00e9tele n\u00e9lk\u00fcl, ugyanakkor a dr\u00f3thurkos megjel\u00f6l\u00e9shez k\u00e9pest t\u00f6bb \u00e9s pontosabb inform\u00e1ci\u00f3val szolg\u00e1l \u00e9s emellett a csontos sz\u00f6veteken m\u00e1r alkalmazott seb\u00e9szeti navig\u00e1ci\u00f3s rendszerhez hasonl\u00f3 hat\u00e9konys\u00e1ggal b\u00edr.<\/p>\n<p>A seb\u00e9szeti navig\u00e1ci\u00f3s rendszer \u00f6tv\u00f6zi a beteg megel\u0151z\u0151 orvosi kivizsg\u00e1l\u00e1sa sor\u00e1n k\u00e9palkot\u00f3 elj\u00e1r\u00e1ssal k\u00e9sz\u00edtett diagnosztikai felv\u00e9tel adatait (CT, MRI), a m\u0171t\u00e9ti beavatkoz\u00e1sok el\u0151seg\u00edt\u00e9s\u00e9re szolg\u00e1l\u00f3 valamely eszk\u00f6z hely\u00e9r\u0151l sz\u00e1rmaz\u00f3 inform\u00e1ci\u00f3ival. A megel\u0151z\u0151 orvosi kivizsg\u00e1l\u00e1s sor\u00e1n k\u00e9sz\u00edtett diagnosztikai felv\u00e9tel k\u00e9s\u0151bb is pontos adatokkal szolg\u00e1l a csontsz\u00f6vet alkotta merev strukt\u00far\u00e1kr\u00f3l, mert azok megtartj\u00e1k alakjukat, de a l\u00e1gysz\u00f6vetek alakja \u00e9s benn\u00fck az elv\u00e1ltoz\u00e1s helyzete v\u00e1ltozik. Az elmozdul\u00e1s m\u00e9r\u00e9s\u00e9vel \u00e9s a l\u00e1gysz\u00f6vet deform\u00e1l\u00f3d\u00e1s\u00e1t le\u00edr\u00f3 modell seg\u00edts\u00e9g\u00e9vel a kor\u00e1bbi diagnosztikai felv\u00e9tel korrig\u00e1lhat\u00f3, a beavatkoz\u00e1s hely\u00e9re aktualiz\u00e1lhat\u00f3, ez\u00e1ltal az \u00faj rendszer az intraoperat\u00edv k\u00e9palkot\u00e1shoz hasonl\u00f3 inform\u00e1ci\u00f3t ny\u00fajt de annak ig\u00e9nybev\u00e9tele n\u00e9lk\u00fcl. Az elv\u00e1ltoz\u00e1s bejel\u00f6l\u00e9s\u00e9vel a kor\u00e1bbi diagnosztikai felv\u00e9telen a rendszer t\u00f6bblet inform\u00e1ci\u00f3t tud ny\u00fajtani a m\u0171t\u00e9t sor\u00e1n a most is haszn\u00e1lt jel\u00f6l\u00e9s helyett, ann\u00e1l egyszer\u0171bb, el\u0151zetes beavatkoz\u00e1s- \u00e9s kock\u00e1zatmentes virtu\u00e1lis jel\u00f6l\u00e9ssel. Ez a megold\u00e1s nem csak le\u00edr\u00e1st ad az elv\u00e1ltoz\u00e1s hely\u00e9r\u0151l, hanem azt vizu\u00e1lisan, a kor\u00e1bbi diagnosztikai felv\u00e9telre vet\u00edtve mutatja annak hely\u00e9t \u00e9s kiterjed\u00e9s\u00e9t. Emellett a m\u0171t\u00e9t sor\u00e1n a felv\u00e9telre vet\u00edtve mutatja a seb\u00e9sz \u00e1ltal haszn\u00e1lt eszk\u00f6z aktu\u00e1lis helyzet\u00e9t az elv\u00e1ltoz\u00e1shoz k\u00e9pest. A fejlesztend\u0151 seb\u00e9szeti navig\u00e1ci\u00f3s rendszerrel \u00e9s a hozz\u00e1 kidolgozand\u00f3 m\u0171t\u00e9ti elj\u00e1r\u00e1sok teljes protokollj\u00e1val jobb m\u0171t\u00e9ti eredm\u00e9nyt lehet el\u00e9rni, mik\u00f6zben a betegek m\u0171t\u00e9ti terhel\u00e9se is cs\u00f6kken. K\u00fcl\u00f6n\u00f6sen igaz ez amikor kism\u00e9ret\u0171 elv\u00e1ltoz\u00e1sokat t\u00e1vol\u00edtunk el a parenchym\u00e1s szervekb\u0151l, p\u00e9ld\u00e1ul eml\u0151, m\u00e1j, hasny\u00e1lmirigy \u00e9s t\u00fcd\u0151 m\u0171t\u00e9tek sor\u00e1n. Kor\u00e1bbi k\u00eds\u00e9rleteinkb\u0151l szerzett tapasztalataink alapj\u00e1n ezeken a ter\u00fcleteken jelent a rendszer haszn\u00e1lata kiemelked\u0151 \u00e9rt\u00e9ket, ez\u00e9rt a kutat\u00e1sunk is els\u0151sorban ezekre a ter\u00fcletekre terjed ki. A fejlesztett rendszert kis mintasz\u00e1m\u00fa hum\u00e1n klinikai pr\u00f3ba sor\u00e1n tesztelj\u00fck.<\/p>\n<p><strong>A projekt az Eur\u00f3pai Uni\u00f3 t\u00e1mogat\u00e1s\u00e1val, a magyar \u00e1llam t\u00e1rsfinansz\u00edroz\u00e1s\u00e1val val\u00f3sult meg.<\/strong><\/p>\n<blockquote class=\"wp-embedded-content\" data-secret=\"aGBkVLUM6z\"><p><a href=\"https:\/\/semmelweis.hu\/mediasarok\/2023\/10\/04\/uj-sebeszeti-navigacios-rendszer-amely-attorest-hozhat-egyes-daganatos-betegsegek-kezeleseben\/\">\u00daj seb\u00e9szeti navig\u00e1ci\u00f3s rendszer, amely \u00e1tt\u00f6r\u00e9st hozhat egyes daganatos betegs\u00e9gek kezel\u00e9s\u00e9ben<\/a><\/p><\/blockquote>\n<p><iframe loading=\"lazy\" class=\"wp-embedded-content\" sandbox=\"allow-scripts\" security=\"restricted\" style=\"position: absolute; visibility: hidden;\" title=\"&#8220;\u00daj seb\u00e9szeti navig\u00e1ci\u00f3s rendszer, amely \u00e1tt\u00f6r\u00e9st hozhat egyes daganatos betegs\u00e9gek kezel\u00e9s\u00e9ben&#8221; &#8212; Semmelweis M\u00e9diasarok\" src=\"https:\/\/semmelweis.hu\/mediasarok\/2023\/10\/04\/uj-sebeszeti-navigacios-rendszer-amely-attorest-hozhat-egyes-daganatos-betegsegek-kezeleseben\/embed\/#?secret=3NXlgXWEfJ#?secret=aGBkVLUM6z\" data-secret=\"aGBkVLUM6z\" width=\"600\" height=\"338\" frameborder=\"0\" marginwidth=\"0\" marginheight=\"0\" scrolling=\"no\"><\/iframe><\/p>\n<p>&nbsp;<\/p>\n<p><a href=\"https:\/\/semmelweis.hu\/kfipalyazat\/files\/2025\/12\/GINOP_PLUSZ-2.1.1-21-2022-00240_sajtokozlemeny_202512_jo.pdf\" target=\"_blank\" rel=\"noopener\"><strong>Projekt z\u00e1r\u00f3 sajt\u00f3k\u00f6zlem\u00e9ny<\/strong><\/a><\/p>\n","protected":false},"excerpt":{"rendered":"<p>Projekt azonos\u00edt\u00f3 sz\u00e1ma: GINOP_PLUSZ-2.1.1-21-2022-00240 Projekt c\u00edme: L\u00e1gy sz\u00f6veti minim\u00e1l invaz\u00edv seb\u00e9szeti beavatkoz\u00e1sok seg\u00edt\u00e9s\u00e9re szolg\u00e1l\u00f3 rendszer &nbsp; Konzorcium vezet\u0151: KREAT\u00cdV-FOGKLINIKA Korl\u00e1tolt Felel\u0151ss\u00e9g\u0171 T\u00e1rsas\u00e1g Konzorciumi tag: Semmelweis Egyetem Projekt megval\u00f3s\u00edt\u00e1s\u00e1nak kezdete: 2022.05.01. Projekt fizikai befejez\u00e9s\u00e9nek d\u00e1tuma: 2025.12.31. &nbsp; Projekt \u00f6sszk\u00f6lts\u00e9ge: 1 274 926 601\u00a0 Ft Szerz\u0151d\u00e9s t\u00e1mogat\u00e1si \u00f6sszege: 866 932 017 Ft Semmelweis Egyetemre jut\u00f3 t\u00e1mogat\u00e1si \u00f6sszege: &hellip;<\/p>\n","protected":false},"author":102410,"featured_media":0,"parent":146,"menu_order":1,"comment_status":"closed","ping_status":"closed","template":"","meta":{"_acf_changed":false,"footnotes":""},"categories":[],"tags":[],"class_list":["post-331","page","type-page","status-publish","hentry"],"acf":[],"_links":{"self":[{"href":"https:\/\/semmelweis.hu\/kfipalyazat\/wp-json\/wp\/v2\/pages\/331","targetHints":{"allow":["GET"]}}],"collection":[{"href":"https:\/\/semmelweis.hu\/kfipalyazat\/wp-json\/wp\/v2\/pages"}],"about":[{"href":"https:\/\/semmelweis.hu\/kfipalyazat\/wp-json\/wp\/v2\/types\/page"}],"author":[{"embeddable":true,"href":"https:\/\/semmelweis.hu\/kfipalyazat\/wp-json\/wp\/v2\/users\/102410"}],"replies":[{"embeddable":true,"href":"https:\/\/semmelweis.hu\/kfipalyazat\/wp-json\/wp\/v2\/comments?post=331"}],"version-history":[{"count":10,"href":"https:\/\/semmelweis.hu\/kfipalyazat\/wp-json\/wp\/v2\/pages\/331\/revisions"}],"predecessor-version":[{"id":976,"href":"https:\/\/semmelweis.hu\/kfipalyazat\/wp-json\/wp\/v2\/pages\/331\/revisions\/976"}],"up":[{"embeddable":true,"href":"https:\/\/semmelweis.hu\/kfipalyazat\/wp-json\/wp\/v2\/pages\/146"}],"wp:attachment":[{"href":"https:\/\/semmelweis.hu\/kfipalyazat\/wp-json\/wp\/v2\/media?parent=331"}],"wp:term":[{"taxonomy":"category","embeddable":true,"href":"https:\/\/semmelweis.hu\/kfipalyazat\/wp-json\/wp\/v2\/categories?post=331"},{"taxonomy":"post_tag","embeddable":true,"href":"https:\/\/semmelweis.hu\/kfipalyazat\/wp-json\/wp\/v2\/tags?post=331"}],"curies":[{"name":"wp","href":"https:\/\/api.w.org\/{rel}","templated":true}]}}