{"id":322,"date":"2025-07-04T09:50:09","date_gmt":"2025-07-04T07:50:09","guid":{"rendered":"https:\/\/semmelweis.hu\/kfipalyazat\/?page_id=322"},"modified":"2025-08-14T10:17:03","modified_gmt":"2025-08-14T08:17:03","slug":"ginop-2-2-1-18-2018-00004","status":"publish","type":"page","link":"https:\/\/semmelweis.hu\/kfipalyazat\/palyazatok\/tarsfinanszirozott-palyazatok\/ginop\/ginop\/ginop-2-2-1-18-2018-00004\/","title":{"rendered":"GINOP-2.2.1-18-2018-00004"},"content":{"rendered":"<p style=\"text-align: justify\"><strong>Projekt azonos\u00edt\u00f3 sz\u00e1ma: <\/strong>GINOP-2.2.1-18-2018-00004<\/p>\n<p style=\"text-align: justify\"><strong>Projekt c\u00edme:<\/strong>\u00a0Mesters\u00e9ges intelligencia alap\u00fa struktur\u00e1lt sz\u00edv CT leletez\u0151 rendszer<\/p>\n<p style=\"text-align: justify\"><strong>Kedvezm\u00e9nyezett neve:<\/strong><\/p>\n<ul style=\"text-align: justify\">\n<li>Ulyssys Sz\u00e1m\u00edt\u00e1stechnikai Fejleszt\u0151 \u00e9s Tan\u00e1csad\u00f3 Kft.<\/li>\n<li>Magyar Tudom\u00e1nyos Akad\u00e9mia Sz\u00e1m\u00edt\u00e1stechnikai \u00c9s Automatiz\u00e1l\u00e1si Kutat\u00f3int\u00e9zet<\/li>\n<li>Semmelweis Egyetem<\/li>\n<\/ul>\n<p style=\"text-align: justify\"><strong>Projekt megval\u00f3s\u00edt\u00e1s\u00e1nak kezdete: <\/strong>2019. janu\u00e1r 1<\/p>\n<p style=\"text-align: justify\"><strong>Projekt tervezett befejez\u00e9si d\u00e1tuma:<\/strong> 2022. j\u00fanius 30.<\/p>\n<p style=\"text-align: justify\">\u00a0<\/p>\n<p style=\"text-align: justify\"><strong>Szerz\u0151d\u00e9s t\u00e1mogat\u00e1si \u00f6sszege:\u00a0<\/strong>1.447.761.561 Ft<\/p>\n<p style=\"text-align: justify\"><strong>T\u00e1mogat\u00e1s m\u00e9rt\u00e9ke %-ban:<\/strong>\u00a079,41%<\/p>\n<p style=\"text-align: justify\">\u00a0<\/p>\n<p style=\"text-align: justify\"><strong>Projekt tartalmi \u00f6sszefoglal\u00f3ja:<\/strong><\/p>\n<p style=\"text-align: justify\">A projekt c\u00e9lja mesters\u00e9ges intelligencia m\u00f3dszerek fejleszt\u00e9se mellkas CT felv\u00e9tel alapj\u00e1n a t\u00fcd\u0151r\u00e1k diagnosztiz\u00e1l\u00e1sra.<\/p>\n<p style=\"text-align: justify\"><strong>C\u00e9gadatok:<\/strong><\/p>\n<p style=\"text-align: justify\">N\u00e9v: Semmelweis Egyetem<br \/>\nC\u00e9gjegyz\u00e9ksz\u00e1m: 329804<br \/>\nAd\u00f3sz\u00e1m: 15329808-2-42<br \/>\nSz\u00e9khely: 1085 Budapest, \u00dcll\u0151i \u00fat 26.<br \/>\nProjekt helysz\u00edn: 2660 Balas<span style=\"font-size: 1rem\">sagyarmat, R\u00e1k\u00f3czi fejedelem \u00fat 125-127.<\/span><\/p>\n<p><img loading=\"lazy\" decoding=\"async\" class=\"alignright\" src=\"https:\/\/semmelweis.hu\/kfipalyazat\/files\/2025\/07\/szechenyi-2020-1.png\" width=\"342\" height=\"236\" \/><\/p>\n","protected":false},"excerpt":{"rendered":"<p>Projekt azonos\u00edt\u00f3 sz\u00e1ma: GINOP-2.2.1-18-2018-00004 Projekt c\u00edme:\u00a0Mesters\u00e9ges intelligencia alap\u00fa struktur\u00e1lt sz\u00edv CT leletez\u0151 rendszer Kedvezm\u00e9nyezett neve: Ulyssys Sz\u00e1m\u00edt\u00e1stechnikai Fejleszt\u0151 \u00e9s Tan\u00e1csad\u00f3 Kft. Magyar Tudom\u00e1nyos Akad\u00e9mia Sz\u00e1m\u00edt\u00e1stechnikai \u00c9s Automatiz\u00e1l\u00e1si Kutat\u00f3int\u00e9zet Semmelweis Egyetem Projekt megval\u00f3s\u00edt\u00e1s\u00e1nak kezdete: 2019. janu\u00e1r 1 Projekt tervezett befejez\u00e9si d\u00e1tuma: 2022. j\u00fanius 30. \u00a0 Szerz\u0151d\u00e9s t\u00e1mogat\u00e1si \u00f6sszege:\u00a01.447.761.561 Ft T\u00e1mogat\u00e1s m\u00e9rt\u00e9ke %-ban:\u00a079,41% \u00a0 Projekt tartalmi \u00f6sszefoglal\u00f3ja: &hellip;<\/p>\n","protected":false},"author":102410,"featured_media":0,"parent":144,"menu_order":1,"comment_status":"closed","ping_status":"closed","template":"","meta":{"_acf_changed":false,"footnotes":""},"categories":[],"tags":[],"class_list":["post-322","page","type-page","status-publish","hentry"],"acf":[],"_links":{"self":[{"href":"https:\/\/semmelweis.hu\/kfipalyazat\/wp-json\/wp\/v2\/pages\/322","targetHints":{"allow":["GET"]}}],"collection":[{"href":"https:\/\/semmelweis.hu\/kfipalyazat\/wp-json\/wp\/v2\/pages"}],"about":[{"href":"https:\/\/semmelweis.hu\/kfipalyazat\/wp-json\/wp\/v2\/types\/page"}],"author":[{"embeddable":true,"href":"https:\/\/semmelweis.hu\/kfipalyazat\/wp-json\/wp\/v2\/users\/102410"}],"replies":[{"embeddable":true,"href":"https:\/\/semmelweis.hu\/kfipalyazat\/wp-json\/wp\/v2\/comments?post=322"}],"version-history":[{"count":5,"href":"https:\/\/semmelweis.hu\/kfipalyazat\/wp-json\/wp\/v2\/pages\/322\/revisions"}],"predecessor-version":[{"id":676,"href":"https:\/\/semmelweis.hu\/kfipalyazat\/wp-json\/wp\/v2\/pages\/322\/revisions\/676"}],"up":[{"embeddable":true,"href":"https:\/\/semmelweis.hu\/kfipalyazat\/wp-json\/wp\/v2\/pages\/144"}],"wp:attachment":[{"href":"https:\/\/semmelweis.hu\/kfipalyazat\/wp-json\/wp\/v2\/media?parent=322"}],"wp:term":[{"taxonomy":"category","embeddable":true,"href":"https:\/\/semmelweis.hu\/kfipalyazat\/wp-json\/wp\/v2\/categories?post=322"},{"taxonomy":"post_tag","embeddable":true,"href":"https:\/\/semmelweis.hu\/kfipalyazat\/wp-json\/wp\/v2\/tags?post=322"}],"curies":[{"name":"wp","href":"https:\/\/api.w.org\/{rel}","templated":true}]}}