{"id":318,"date":"2025-07-03T15:05:23","date_gmt":"2025-07-03T13:05:23","guid":{"rendered":"https:\/\/semmelweis.hu\/kfipalyazat\/?page_id=318"},"modified":"2025-08-14T09:59:01","modified_gmt":"2025-08-14T07:59:01","slug":"nkkp-advanced-prof-buzas-edit-iren","status":"publish","type":"page","link":"https:\/\/semmelweis.hu\/kfipalyazat\/palyazatok\/hazai-palyazatok\/nkfih\/nemzeti-kutatasi-kivalosagi-program\/nkkp-advanced-prof-buzas-edit-iren\/","title":{"rendered":"NKKP ADVANCED \u2013 Prof. Buz\u00e1s Edit Ir\u00e9n"},"content":{"rendered":"<p style=\"text-align: justify\"><strong>P\u00e1ly\u00e1zat azonos\u00edt\u00f3ja:<\/strong>\u00a0ADVANCED \u2013 150767<\/p>\n<p style=\"text-align: justify\"><strong>Vezet\u0151 kutat\u00f3:<\/strong>\u00a0Prof. Buz\u00e1s Edit Ir\u00e9n<\/p>\n<p style=\"text-align: justify\"><strong>P\u00e1ly\u00e1zat c\u00edme:<\/strong>\u00a0Endot\u00e9l sejt eredet\u0171 extracellul\u00e1ris vezikul\u00e1k vizsg\u00e1lat\u00e1ra alkalmas k\u00eds\u00e9rleti rendszerek fejleszt\u00e9se<\/p>\n<p style=\"text-align: justify\"><strong>R\u00f6vid \u00f6sszefoglal\u00e1s:<\/strong><\/p>\n<p style=\"text-align: justify\">Ez az alapkutat\u00e1si p\u00e1ly\u00e1zat azt az ambici\u00f3zus c\u00e9lt t\u0171zte ki, hogy olyan platformokat hozzon l\u00e9tre, melyek seg\u00edts\u00e9g\u00e9vel ak\u00e1r egy csepp v\u00e9rb\u0151l vagy v\u00e9rplazm\u00e1b\u00f3l (foly\u00e9kony biopszi\u00e1s mint\u00e1b\u00f3l) fontos inform\u00e1ci\u00f3kat nyerhet\u00fcnk az a betegek \u00e9rp\u00e1ly\u00e1j\u00e1t illet\u0151en. Az \u00e9r\u00e1llapotot vizsg\u00e1lata az ereket b\u00e9lel\u0151 sejtek \u00e1ltal termelt kis, membr\u00e1nnal hat\u00e1rolt nanobubor\u00e9kok (extracellul\u00e1ris vezikul\u00e1k) minden kor\u00e1bbin\u00e1l \u00e9rz\u00e9kenyebb m\u00e9r\u00e9s\u00e9vel t\u00f6rt\u00e9nik. Mindemellett g\u00e9nszerkesztett, jelz\u0151 (reporter) egerekben \u00e9s g\u00e9nszerkesztett, in vivo nanobubor\u00e9k-kibocs\u00e1t\u00e1s vizsg\u00e1lat\u00e1ra alkalmas rendszerek r\u00e9v\u00e9n szerz\u00fcnk inform\u00e1ci\u00f3t a kering\u0151 extracellul\u00e1ris vezikul\u00e1k jelent\u0151s\u00e9g\u00e9r\u0151l eg\u00e9szs\u00e9gesekben \u00e9s betegekben (pl. sz\u00edv \u00e9s \u00e9rrendszeri betegs\u00e9gben szenved\u0151kben). A kifejlesztett platformok \u00e9s m\u00e9r\u00e9si rendszerek fontos alapj\u00e1t k\u00e9pezhetik betegmint\u00e1k j\u00f6v\u0151beli vizsg\u00e1lat\u00e1nak.<\/p>\n<p style=\"text-align: justify\">\u00a0<\/p>\n<p style=\"text-align: justify\"><strong>Elnyert t\u00e1mogat\u00e1s:<\/strong>\u00a0120 milli\u00f3 Ft<\/p>\n<p style=\"text-align: justify\"><strong>Id\u0151tartama:<\/strong>\u00a02025.01.01. \u2013 2028.12.31.<\/p>\n<p><img loading=\"lazy\" decoding=\"async\" class=\"alignright\" src=\"https:\/\/semmelweis.hu\/kfipalyazat\/files\/2025\/07\/NKFIA_infoblokk_kerettel_program_fekvo_2019_HU.jpg\" width=\"550\" height=\"233\" \/><\/p>\n","protected":false},"excerpt":{"rendered":"<p>P\u00e1ly\u00e1zat azonos\u00edt\u00f3ja:\u00a0ADVANCED \u2013 150767 Vezet\u0151 kutat\u00f3:\u00a0Prof. Buz\u00e1s Edit Ir\u00e9n P\u00e1ly\u00e1zat c\u00edme:\u00a0Endot\u00e9l sejt eredet\u0171 extracellul\u00e1ris vezikul\u00e1k vizsg\u00e1lat\u00e1ra alkalmas k\u00eds\u00e9rleti rendszerek fejleszt\u00e9se R\u00f6vid \u00f6sszefoglal\u00e1s: Ez az alapkutat\u00e1si p\u00e1ly\u00e1zat azt az ambici\u00f3zus c\u00e9lt t\u0171zte ki, hogy olyan platformokat hozzon l\u00e9tre, melyek seg\u00edts\u00e9g\u00e9vel ak\u00e1r egy csepp v\u00e9rb\u0151l vagy v\u00e9rplazm\u00e1b\u00f3l (foly\u00e9kony biopszi\u00e1s mint\u00e1b\u00f3l) fontos inform\u00e1ci\u00f3kat nyerhet\u00fcnk az a betegek \u00e9rp\u00e1ly\u00e1j\u00e1t &hellip;<\/p>\n","protected":false},"author":102410,"featured_media":0,"parent":313,"menu_order":2,"comment_status":"closed","ping_status":"closed","template":"","meta":{"_acf_changed":false,"footnotes":""},"categories":[],"tags":[],"class_list":["post-318","page","type-page","status-publish","hentry"],"acf":[],"_links":{"self":[{"href":"https:\/\/semmelweis.hu\/kfipalyazat\/wp-json\/wp\/v2\/pages\/318","targetHints":{"allow":["GET"]}}],"collection":[{"href":"https:\/\/semmelweis.hu\/kfipalyazat\/wp-json\/wp\/v2\/pages"}],"about":[{"href":"https:\/\/semmelweis.hu\/kfipalyazat\/wp-json\/wp\/v2\/types\/page"}],"author":[{"embeddable":true,"href":"https:\/\/semmelweis.hu\/kfipalyazat\/wp-json\/wp\/v2\/users\/102410"}],"replies":[{"embeddable":true,"href":"https:\/\/semmelweis.hu\/kfipalyazat\/wp-json\/wp\/v2\/comments?post=318"}],"version-history":[{"count":2,"href":"https:\/\/semmelweis.hu\/kfipalyazat\/wp-json\/wp\/v2\/pages\/318\/revisions"}],"predecessor-version":[{"id":651,"href":"https:\/\/semmelweis.hu\/kfipalyazat\/wp-json\/wp\/v2\/pages\/318\/revisions\/651"}],"up":[{"embeddable":true,"href":"https:\/\/semmelweis.hu\/kfipalyazat\/wp-json\/wp\/v2\/pages\/313"}],"wp:attachment":[{"href":"https:\/\/semmelweis.hu\/kfipalyazat\/wp-json\/wp\/v2\/media?parent=318"}],"wp:term":[{"taxonomy":"category","embeddable":true,"href":"https:\/\/semmelweis.hu\/kfipalyazat\/wp-json\/wp\/v2\/categories?post=318"},{"taxonomy":"post_tag","embeddable":true,"href":"https:\/\/semmelweis.hu\/kfipalyazat\/wp-json\/wp\/v2\/tags?post=318"}],"curies":[{"name":"wp","href":"https:\/\/api.w.org\/{rel}","templated":true}]}}