{"id":316,"date":"2025-07-03T15:04:37","date_gmt":"2025-07-03T13:04:37","guid":{"rendered":"https:\/\/semmelweis.hu\/kfipalyazat\/?page_id=316"},"modified":"2025-08-14T09:58:43","modified_gmt":"2025-08-14T07:58:43","slug":"nkkp-excellence-osteikoetxea-velez-xabier","status":"publish","type":"page","link":"https:\/\/semmelweis.hu\/kfipalyazat\/palyazatok\/hazai-palyazatok\/nkfih\/nemzeti-kutatasi-kivalosagi-program\/nkkp-excellence-osteikoetxea-velez-xabier\/","title":{"rendered":"NKKP EXCELLENCE \u2013 Osteikoetxea V\u00e9lez Xabier"},"content":{"rendered":"<p style=\"text-align: justify\"><strong>P\u00e1ly\u00e1zat azonos\u00edt\u00f3ja:<\/strong>\u00a0EXCELLENCE \u2013 151417<\/p>\n<p style=\"text-align: justify\"><strong>Vezet\u0151 kutat\u00f3:<\/strong>\u00a0Osteikoetxea V\u00e9lez Xabier<\/p>\n<p style=\"text-align: justify\"><strong>P\u00e1ly\u00e1zat c\u00edme:<\/strong>\u00a0DeTeCT-EVs: A betegs\u00e9gekben szerepet j\u00e1tsz\u00f3 \u00e9s a ter\u00e1pi\u00e1ban alkalmazott extracellul\u00e1ris vezikul\u00e1k karg\u00f3 \u00e1tvitel\u00e9nek kimutat\u00e1s\u00e1ra szolg\u00e1l\u00f3 eszk\u00f6zt\u00e1r<\/p>\n<p style=\"text-align: justify\"><strong>R\u00f6vid \u00f6sszefoglal\u00e1s:<\/strong><\/p>\n<p style=\"text-align: justify\">T\u00f6bb \u00e9vtizedes munka bizony\u00edtotta, hogy a sejtek minden szervezetben folyamatosan kommunik\u00e1lnak extracellul\u00e1ris vezikul\u00e1k (EV-k) seg\u00edts\u00e9g\u00e9vel. Az EV-k kis, lipidbe z\u00e1rt r\u00e9szecsk\u00e9k, amelyek t\u00f6bbek k\u00f6z\u00f6tt DNS-t, RNS-t \u00e9s feh\u00e9rj\u00e9ket sz\u00e1ll\u00edtanak. Az EV-k term\u00e9szetes m\u00f3don molekul\u00e1ris \u00fczeneteket k\u00f6zvet\u00edtenek a sejtek k\u00f6z\u00f6tt. Ezzel \u00f6sszhangban t\u00f6bb csoport is kimutatta, hogy a beteg sejtek \u00fczeneteket k\u00fcldhetnek az eg\u00e9szs\u00e9ges sejteknek, ami tov\u00e1bbi betegs\u00e9geket, p\u00e9ld\u00e1ul r\u00e1kos \u00e1tt\u00e9teket okozhat. A betegs\u00e9gekben bet\u00f6lt\u00f6tt szerep\u00fck ellen\u00e9re m\u00e1s kutat\u00f3csoportok azt tal\u00e1lt\u00e1k, hogy ezek a r\u00e9szecsk\u00e9k m\u00f3dos\u00edthat\u00f3ak, hogy tr\u00f3jai fal\u00f3k\u00e9nt m\u0171k\u00f6dve ter\u00e1pi\u00e1s \u00fczenetek tov\u00e1bb\u00edtsanak a beteg sejtek \u00e9s sz\u00f6vetek fel\u00e9. A mi csoportunk is kimutatta az EV-k betegs\u00e9gekben kifejtett hat\u00e1sait, valamint g\u00e9nszerkeszt\u0151 eszk\u00f6z\u00f6k \u00e1tvitel\u00e9re is alkalmaztuk \u0151ket. B\u00e1r a kor\u00e1bbi munk\u00e1ink nagy lehet\u0151s\u00e9geket mutattak, a karg\u00f3\u00e1tvitel hat\u00e9konys\u00e1g\u00e1nak n\u00f6vel\u00e9se tov\u00e1bbra is kih\u00edv\u00e1st jelent.<\/p>\n<p style=\"text-align: justify\">Ebben a projektben n\u00f6velj\u00fck az EV-k karg\u00f3 \u00e1tvitel\u00e9nek hat\u00e9konys\u00e1g\u00e1t annak megfejt\u00e9se \u00e1ltal, hogy melyik karg\u00f3t \u2013 DNS-t, RNS-t vagy feh\u00e9rj\u00e9t \u2013 viszik \u00e1t hat\u00e9konyabban az EV-k a sejtek k\u00f6z\u00f6tt. Ezt a tud\u00e1st felhaszn\u00e1ljuk az EV-k k\u00f6vetkez\u0151 gener\u00e1ci\u00f3j\u00e1nak tervez\u00e9s\u00e9hez, hogy az EV-k azt a karg\u00f3t tartalmazz\u00e1k, amelyeket a leghat\u00e9konyabban \u00e1t tudnak vinni m\u00e1s sejtekbe. Ezenk\u00edv\u00fcl, ezt a tud\u00e1st alkalmazhatjuk az EV-k diagnosztikai felhaszn\u00e1l\u00e1s\u00e1nak jav\u00edt\u00e1s\u00e1ra is, hogy megtal\u00e1ljuk a betegs\u00e9geket legink\u00e1bb kiv\u00e1lt\u00f3 molekul\u00e1kat. V\u00e9gs\u0151 soron a munk\u00e1nk hat\u00e9konyabb EV-n alapul\u00f3 ter\u00e1pi\u00e1s \u00e9s diagnosztikai m\u00f3dszerekhez vezet, amelyek a j\u00f6v\u0151ben felhaszn\u00e1lhat\u00f3v\u00e1 v\u00e1lnak a klinikumban.<\/p>\n<p style=\"text-align: justify\">\u00a0<\/p>\n<p style=\"text-align: justify\"><strong>Elnyert t\u00e1mogat\u00e1s:<\/strong>\u00a0100 milli\u00f3 Ft<\/p>\n<p style=\"text-align: justify\"><strong>Id\u0151tartama:<\/strong>\u00a02025.01.01. \u2013 2026.12.31.<\/p>\n<p><img loading=\"lazy\" decoding=\"async\" class=\"alignright\" src=\"https:\/\/semmelweis.hu\/kfipalyazat\/files\/2025\/07\/NKFIA_infoblokk_kerettel_program_fekvo_2019_HU.jpg\" width=\"550\" height=\"233\" \/><\/p>\n","protected":false},"excerpt":{"rendered":"<p>P\u00e1ly\u00e1zat azonos\u00edt\u00f3ja:\u00a0EXCELLENCE \u2013 151417 Vezet\u0151 kutat\u00f3:\u00a0Osteikoetxea V\u00e9lez Xabier P\u00e1ly\u00e1zat c\u00edme:\u00a0DeTeCT-EVs: A betegs\u00e9gekben szerepet j\u00e1tsz\u00f3 \u00e9s a ter\u00e1pi\u00e1ban alkalmazott extracellul\u00e1ris vezikul\u00e1k karg\u00f3 \u00e1tvitel\u00e9nek kimutat\u00e1s\u00e1ra szolg\u00e1l\u00f3 eszk\u00f6zt\u00e1r R\u00f6vid \u00f6sszefoglal\u00e1s: T\u00f6bb \u00e9vtizedes munka bizony\u00edtotta, hogy a sejtek minden szervezetben folyamatosan kommunik\u00e1lnak extracellul\u00e1ris vezikul\u00e1k (EV-k) seg\u00edts\u00e9g\u00e9vel. Az EV-k kis, lipidbe z\u00e1rt r\u00e9szecsk\u00e9k, amelyek t\u00f6bbek k\u00f6z\u00f6tt DNS-t, RNS-t \u00e9s feh\u00e9rj\u00e9ket &hellip;<\/p>\n","protected":false},"author":102410,"featured_media":0,"parent":313,"menu_order":1,"comment_status":"closed","ping_status":"closed","template":"","meta":{"_acf_changed":false,"footnotes":""},"categories":[],"tags":[],"class_list":["post-316","page","type-page","status-publish","hentry"],"acf":[],"_links":{"self":[{"href":"https:\/\/semmelweis.hu\/kfipalyazat\/wp-json\/wp\/v2\/pages\/316","targetHints":{"allow":["GET"]}}],"collection":[{"href":"https:\/\/semmelweis.hu\/kfipalyazat\/wp-json\/wp\/v2\/pages"}],"about":[{"href":"https:\/\/semmelweis.hu\/kfipalyazat\/wp-json\/wp\/v2\/types\/page"}],"author":[{"embeddable":true,"href":"https:\/\/semmelweis.hu\/kfipalyazat\/wp-json\/wp\/v2\/users\/102410"}],"replies":[{"embeddable":true,"href":"https:\/\/semmelweis.hu\/kfipalyazat\/wp-json\/wp\/v2\/comments?post=316"}],"version-history":[{"count":2,"href":"https:\/\/semmelweis.hu\/kfipalyazat\/wp-json\/wp\/v2\/pages\/316\/revisions"}],"predecessor-version":[{"id":650,"href":"https:\/\/semmelweis.hu\/kfipalyazat\/wp-json\/wp\/v2\/pages\/316\/revisions\/650"}],"up":[{"embeddable":true,"href":"https:\/\/semmelweis.hu\/kfipalyazat\/wp-json\/wp\/v2\/pages\/313"}],"wp:attachment":[{"href":"https:\/\/semmelweis.hu\/kfipalyazat\/wp-json\/wp\/v2\/media?parent=316"}],"wp:term":[{"taxonomy":"category","embeddable":true,"href":"https:\/\/semmelweis.hu\/kfipalyazat\/wp-json\/wp\/v2\/categories?post=316"},{"taxonomy":"post_tag","embeddable":true,"href":"https:\/\/semmelweis.hu\/kfipalyazat\/wp-json\/wp\/v2\/tags?post=316"}],"curies":[{"name":"wp","href":"https:\/\/api.w.org\/{rel}","templated":true}]}}