{"id":309,"date":"2025-07-03T14:53:04","date_gmt":"2025-07-03T12:53:04","guid":{"rendered":"https:\/\/semmelweis.hu\/kfipalyazat\/?page_id=309"},"modified":"2025-08-14T09:58:23","modified_gmt":"2025-08-14T07:58:23","slug":"a-jovo-egeszsegipari-kompetencia-kozpontja-a-semmelweis-egyetemen","status":"publish","type":"page","link":"https:\/\/semmelweis.hu\/kfipalyazat\/palyazatok\/hazai-palyazatok\/nkfih\/a-jovo-egeszsegipari-kompetencia-kozpontja-a-semmelweis-egyetemen\/","title":{"rendered":"A J\u00f6v\u0151 Eg\u00e9szs\u00e9gipari Kompetencia K\u00f6zpontja a Semmelweis Egyetemen &#8211; KK"},"content":{"rendered":"<p style=\"text-align: justify\"><strong>Projekt azonos\u00edt\u00f3 sz\u00e1ma:<\/strong>\u00a02022-1.1.1-KK-2022-00005<\/p>\n<p style=\"text-align: justify\"><strong>Projekt c\u00edme:<\/strong>\u00a0A J\u00f6v\u0151 Eg\u00e9szs\u00e9gipari Kompetencia K\u00f6zpontja a Semmelweis Egyetemen<\/p>\n<p style=\"text-align: justify\"><strong>Projekt megval\u00f3s\u00edt\u00e1s\u00e1nak kezdete:<\/strong>\u00a02023.04.01.<\/p>\n<p style=\"text-align: justify\"><strong>Projekt fizikai befejez\u00e9s\u00e9nek hat\u00e1rideje:<\/strong>\u00a02027.03.31.<\/p>\n<p style=\"text-align: justify\"><strong>\u00d6sszk\u00f6lts\u00e9g:\u00a0<\/strong>5 020 608 388 Ft<\/p>\n<p style=\"text-align: justify\"><strong>T\u00e1mogat\u00e1s \u00f6sszege:<\/strong>\u00a03 886 027 141 Ft<\/p>\n<p style=\"text-align: justify\">\u00a0<\/p>\n<p style=\"text-align: justify\"><strong>Konzorcium vezet\u0151je:<\/strong><\/p>\n<p style=\"text-align: justify\">Semmelweis Egyetem<\/p>\n<p style=\"text-align: justify\"><strong>Konzorciumi tagok:\u00a0<\/strong><\/p>\n<ul style=\"text-align: justify\">\n<li>Femtonics Kutat\u00f3 \u00e9s Fejleszt\u0151 Korl\u00e1tolt Felel\u0151ss\u00e9g\u0171 T\u00e1rsas\u00e1g<\/li>\n<li>MEDRES Orvosi Eszk\u00f6z Fejleszt\u0151, M\u00e9rn\u00f6ki, Kereskedelmi \u00e9s Szolg\u00e1ltat\u00f3 Korl\u00e1tolt Felel\u0151ss\u00e9g\u0171 T\u00e1rsas\u00e1g<\/li>\n<li>Oncompass Medicine Hungary Korl\u00e1tolt Felel\u0151ss\u00e9g\u0171 T\u00e1rsas\u00e1g<\/li>\n<li>Richter Gedeon Vegy\u00e9szeti Gy\u00e1r Nyilv\u00e1nosan M\u0171k\u00f6d\u0151 Rt.<\/li>\n<\/ul>\n<p style=\"text-align: justify\">\u00a0<\/p>\n<p style=\"text-align: justify\"><strong>Projektr\u0151l:\u00a0<\/strong><\/p>\n<p style=\"text-align: justify\">A Semmelweis Egyetem (SE) kiemelt c\u00e9lja, hogy a m\u00e9rvad\u00f3 nemzetk\u00f6zi rangsorokban TOP100-as int\u00e9zm\u00e9nny\u00e9 v\u00e1ljon. Ehhez a tudom\u00e1nyos teljes\u00edtm\u00e9nyen k\u00edv\u00fcl KFI ter\u00fcleten a piaci \u00e1rbev\u00e9tel n\u00f6vel\u00e9se sz\u00fcks\u00e9ges, amit megalapoz egy Science Park l\u00e9trehoz\u00e1sa, ami az eg\u00e9szs\u00e9gipar azon perspekt\u00edvikus ter\u00fcleteire f\u00f3kusz\u00e1l, amelyek napjainkban m\u00e1r meghat\u00e1roz\u00f3k, de dominanci\u00e1juk el\u0151re l\u00e1that\u00f3an a k\u00f6zeli j\u00f6v\u0151re tehet\u0151. Az SE \u00e1ltal l\u00e9trehozott eg\u00e9szs\u00e9gipari Science Park sikere a piaci KFI ig\u00e9nyekre \u00e9s az ipari partners\u00e9gekre \u00e9p\u00fcl\u0151 KFI tev\u00e9kenys\u00e9g. Jelen p\u00e1ly\u00e1zat c\u00e9lja olyan egys\u00e9gek kialak\u00edt\u00e1sa az ipari partnereinkkel szoros egy\u00fcttm\u0171k\u00f6d\u00e9sben, amelyekhez sz\u00fcks\u00e9ges kutat\u00e1si infrastrukt\u00far\u00e1k egy r\u00e9sze m\u00e1r megtal\u00e1lhat\u00f3 az egyetemen illetve az ipari partnerekn\u00e9l, azonban technol\u00f3gia fejleszt\u00e9s\u00fck, egys\u00e9gbe szervez\u00e9s\u00fck \u00e9s hat\u00e9kony menedzsmentj\u00fck m\u00e9g nem val\u00f3sult meg. A megval\u00f3s\u00edtand\u00f3 kompetencia k\u00f6zpontok: (1)regenerat\u00edv medicina fejleszt\u0151, (2)kat\u00e9terfejleszt\u0151, (3)orvosi k\u00e9palkot\u00f3 \u00e9s (4)mesters\u00e9ges intelligencia szolg\u00e1ltat\u00f3 centrum. Ezen k\u00f6zpontokban a c\u00e9l az \u00e1tl\u00e1that\u00f3 m\u0171k\u00f6d\u00e9si rend \u00e9s menedzsment, a folyamatos ipari KFI szolg\u00e1ltat\u00e1s lehet\u0151s\u00e9g\u00e9nek biztos\u00edt\u00e1sa, \u00e9s az \u201e\u00faj-gener\u00e1ci\u00f3s\u201d ipari kutat\u00f3i r\u00e9teg kinevel\u00e9se. A kompetencia k\u00f6zpontok kialak\u00edt\u00e1s\u00e1t a Science Park tervez\u00e9s\u00e9vel maxim\u00e1lis szinergi\u00e1ban val\u00f3s\u00edtjuk meg. A projekt v\u00e1rhat\u00f3 eredm\u00e9nye az eg\u00e9szs\u00e9gipar 3 fontos ter\u00fclet\u00e9n, a gy\u00f3gyszer, biotechnol\u00f3gia \u00e9s az orvostechnikai eszk\u00f6z\u00f6k fejleszt\u00e9s\u00e9ben az ipari partnerekkel k\u00f6z\u00f6s kompetenci\u00e1k ki\u00e9p\u00fcl\u00e9se.<\/p>\n<p><img loading=\"lazy\" decoding=\"async\" class=\"alignright\" src=\"https:\/\/semmelweis.hu\/kfipalyazat\/files\/2025\/07\/NKFIA_infoblokk_kerettel_program_fekvo_2019_HU.jpg\" width=\"550\" height=\"233\" \/><\/p>\n","protected":false},"excerpt":{"rendered":"<p>Projekt azonos\u00edt\u00f3 sz\u00e1ma:\u00a02022-1.1.1-KK-2022-00005 Projekt c\u00edme:\u00a0A J\u00f6v\u0151 Eg\u00e9szs\u00e9gipari Kompetencia K\u00f6zpontja a Semmelweis Egyetemen Projekt megval\u00f3s\u00edt\u00e1s\u00e1nak kezdete:\u00a02023.04.01. Projekt fizikai befejez\u00e9s\u00e9nek hat\u00e1rideje:\u00a02027.03.31. \u00d6sszk\u00f6lts\u00e9g:\u00a05 020 608 388 Ft T\u00e1mogat\u00e1s \u00f6sszege:\u00a03 886 027 141 Ft \u00a0 Konzorcium vezet\u0151je: Semmelweis Egyetem Konzorciumi tagok:\u00a0 Femtonics Kutat\u00f3 \u00e9s Fejleszt\u0151 Korl\u00e1tolt Felel\u0151ss\u00e9g\u0171 T\u00e1rsas\u00e1g MEDRES Orvosi Eszk\u00f6z Fejleszt\u0151, M\u00e9rn\u00f6ki, Kereskedelmi \u00e9s Szolg\u00e1ltat\u00f3 Korl\u00e1tolt Felel\u0151ss\u00e9g\u0171 T\u00e1rsas\u00e1g &hellip;<\/p>\n","protected":false},"author":102410,"featured_media":0,"parent":131,"menu_order":4,"comment_status":"closed","ping_status":"closed","template":"","meta":{"_acf_changed":false,"footnotes":""},"categories":[],"tags":[],"class_list":["post-309","page","type-page","status-publish","hentry"],"acf":[],"_links":{"self":[{"href":"https:\/\/semmelweis.hu\/kfipalyazat\/wp-json\/wp\/v2\/pages\/309","targetHints":{"allow":["GET"]}}],"collection":[{"href":"https:\/\/semmelweis.hu\/kfipalyazat\/wp-json\/wp\/v2\/pages"}],"about":[{"href":"https:\/\/semmelweis.hu\/kfipalyazat\/wp-json\/wp\/v2\/types\/page"}],"author":[{"embeddable":true,"href":"https:\/\/semmelweis.hu\/kfipalyazat\/wp-json\/wp\/v2\/users\/102410"}],"replies":[{"embeddable":true,"href":"https:\/\/semmelweis.hu\/kfipalyazat\/wp-json\/wp\/v2\/comments?post=309"}],"version-history":[{"count":3,"href":"https:\/\/semmelweis.hu\/kfipalyazat\/wp-json\/wp\/v2\/pages\/309\/revisions"}],"predecessor-version":[{"id":649,"href":"https:\/\/semmelweis.hu\/kfipalyazat\/wp-json\/wp\/v2\/pages\/309\/revisions\/649"}],"up":[{"embeddable":true,"href":"https:\/\/semmelweis.hu\/kfipalyazat\/wp-json\/wp\/v2\/pages\/131"}],"wp:attachment":[{"href":"https:\/\/semmelweis.hu\/kfipalyazat\/wp-json\/wp\/v2\/media?parent=309"}],"wp:term":[{"taxonomy":"category","embeddable":true,"href":"https:\/\/semmelweis.hu\/kfipalyazat\/wp-json\/wp\/v2\/categories?post=309"},{"taxonomy":"post_tag","embeddable":true,"href":"https:\/\/semmelweis.hu\/kfipalyazat\/wp-json\/wp\/v2\/tags?post=309"}],"curies":[{"name":"wp","href":"https:\/\/api.w.org\/{rel}","templated":true}]}}