{"id":290,"date":"2025-07-03T14:15:35","date_gmt":"2025-07-03T12:15:35","guid":{"rendered":"https:\/\/semmelweis.hu\/kfipalyazat\/?page_id=290"},"modified":"2025-08-14T10:14:22","modified_gmt":"2025-08-14T08:14:22","slug":"transzlacios-idegtudomanyi-nemzeti-laboratorium-tinl","status":"publish","type":"page","link":"https:\/\/semmelweis.hu\/kfipalyazat\/palyazatok\/tarsfinanszirozott-palyazatok\/rrf\/nemzeti-laboratoriumok\/transzlacios-idegtudomanyi-nemzeti-laboratorium-tinl\/","title":{"rendered":"Transzl\u00e1ci\u00f3s Idegtudom\u00e1nyi Nemzeti Laborat\u00f3rium (TINL)"},"content":{"rendered":"<p style=\"text-align: justify\"><strong>Transzl\u00e1ci\u00f3s Idegtudom\u00e1nyi Nemzeti Laborat\u00f3rium (TINL)<\/strong><\/p>\n<p style=\"text-align: justify\"><strong>Projekt k\u00f3dsz\u00e1ma:<\/strong>\u00a0RRF-2.3.1-21-2022-000011<\/p>\n<p style=\"text-align: justify\"><strong>Konzorciumvezet\u0151:<\/strong>\u00a0P\u00e9csi Tudom\u00e1nyegyetem<\/p>\n<p style=\"text-align: justify\"><strong>Konzorciumi tagok:<\/strong><\/p>\n<ul style=\"text-align: justify\">\n<li>HUN-REN K\u00eds\u00e9rleti Orvostudom\u00e1nyi Kutat\u00f3int\u00e9zet<\/li>\n<li>HUN-REN Sz\u00e1m\u00edt\u00e1stechnikai \u00e9s Automatiz\u00e1l\u00e1si Kutat\u00f3int\u00e9zet<\/li>\n<li>HUN-REN Term\u00e9szettudom\u00e1nyi Kutat\u00f3k\u00f6zpont<\/li>\n<li>Richter Gedeon Vegy\u00e9szeti Gy\u00e1r Nyilv\u00e1nosan M\u0171k\u00f6d\u0151 Rt.<\/li>\n<li>Semmelweis Egyetem<\/li>\n<li>Szegedi Tudom\u00e1nyegyetem<\/li>\n<\/ul>\n<p style=\"text-align: justify\">\u00a0<\/p>\n<p style=\"text-align: justify\"><strong>Projekt megval\u00f3s\u00edt\u00e1s\u00e1nak kezdete:<\/strong>\u00a02022.06.01.<\/p>\n<p style=\"text-align: justify\"><strong>Projekt fizikai befejez\u00e9s\u00e9nek hat\u00e1rideje:<\/strong>\u00a02026.02.28.<\/p>\n<p style=\"text-align: justify\">\u00a0<\/p>\n<p style=\"text-align: justify\"><strong>Projekt \u00f6sszk\u00f6lts\u00e9ge:<\/strong>\u00a05.300.000.000 Ft<\/p>\n<p style=\"text-align: justify\"><strong>Semmelweis Egyetem t\u00e1mogat\u00e1si \u00f6sszege:<\/strong>\u00a0500.000.000 Ft<\/p>\n<p style=\"text-align: justify\"><strong>T\u00e1mogat\u00e1s intenzit\u00e1sa:<\/strong>\u00a0100%<\/p>\n<p style=\"text-align: justify\">\u00a0<\/p>\n<p style=\"text-align: justify\"><strong>Projektr\u0151l:<\/strong><\/p>\n<p style=\"text-align: justify\">Az idegrendszert \u00e9rint\u0151 betegs\u00e9gek vil\u00e1gszerte a fogyat\u00e9koss\u00e1g \u00e9s munkak\u00e9ptelens\u00e9g vezet\u0151 okai. Kiemelt jelent\u0151s\u00e9g\u0171ek az idegrendszeri fejl\u0151d\u00e9si zavarok, amelyek \u00e9lethosszon \u00e1t tart\u00f3 terhet jelentenek a betegek\/t\u00e1rsadalom sz\u00e1m\u00e1ra. Haz\u00e1nkban feln\u0151tt korban az \u00f6sszes orvoshoz-fordul\u00e1s t\u00f6bb mint 50 %-a az idegrendszerrel kapcsolatos panaszok\/t\u00fcnetek miatt t\u00f6rt\u00e9nik. A korai \u00e9letszakaszban bek\u00f6vetkez\u0151 idegrendszeri k\u00e1rosod\u00e1s okai heterog\u00e9nek, genetikai \u00e9s k\u00f6rnyezeti t\u00e9nyez\u0151k sokr\u00e9t\u0171 egym\u00e1sra hat\u00e1s\u00e1nak k\u00f6vetkezt\u00e9ben alakulnak ki. Jelenleg kev\u00e9s diagnosztikai m\u00f3dszer \u00e1ll rendelkez\u00e9sre e k\u00e1rosod\u00e1sok hossz\u00fa t\u00e1v\u00fa hat\u00e1sainak el\u0151jelz\u00e9s\u00e9re. A digit\u00e1lis medicina\/adatos\u00edtott eg\u00e9szs\u00e9g\u00fcgyi ell\u00e1t\u00e1s r\u00e9v\u00e9n lehets\u00e9gess\u00e9 v\u00e1lik a val\u00f3s-\u00e9letbeli adatok k\u00f6zvetlen hasznos\u00edt\u00e1sa.<\/p>\n<p style=\"text-align: justify\">Az \u201eIdegrendszeri fejl\u0151d\u00e9si zavarok\u201d program c\u00e9lja a korai \u00e9letszakaszban bek\u00f6vetkez\u0151 idegrendszeri elv\u00e1ltoz\u00e1sok h\u00e1tter\u00e9ben \u00e1ll\u00f3 betegs\u00e9gmechanizmusok \u00e1tfog\u00f3 meg\u00e9rt\u00e9se r\u00e9v\u00e9n \u00faj diagnosztikai \u00e9s intervenci\u00f3s lehet\u0151s\u00e9gek fejleszt\u00e9se.<\/p>\n<p style=\"text-align: justify\">A \u201eFeln\u0151ttkori idegrendszeri zavarok\u201d program az idegrendszeri betegs\u00e9gek mechanizmus\u00e1nak meg\u00e9rt\u00e9s\u00e9re \u00e9s gy\u00f3gy\u00edt\u00e1s\u00e1nak m\u00f3dszertani jav\u00edt\u00e1s\u00e1nak hat\u00e9konyabb\u00e1 t\u00e9tel\u00e9re f\u00f3kusz\u00e1l.<\/p>\n<p><img loading=\"lazy\" decoding=\"async\" class=\"alignright\" src=\"https:\/\/semmelweis.hu\/kfipalyazat\/files\/2025\/07\/cropped-rrf_infoblokk.jpg\" width=\"551\" height=\"167\" \/><\/p>\n","protected":false},"excerpt":{"rendered":"<p>Transzl\u00e1ci\u00f3s Idegtudom\u00e1nyi Nemzeti Laborat\u00f3rium (TINL) Projekt k\u00f3dsz\u00e1ma:\u00a0RRF-2.3.1-21-2022-000011 Konzorciumvezet\u0151:\u00a0P\u00e9csi Tudom\u00e1nyegyetem Konzorciumi tagok: HUN-REN K\u00eds\u00e9rleti Orvostudom\u00e1nyi Kutat\u00f3int\u00e9zet HUN-REN Sz\u00e1m\u00edt\u00e1stechnikai \u00e9s Automatiz\u00e1l\u00e1si Kutat\u00f3int\u00e9zet HUN-REN Term\u00e9szettudom\u00e1nyi Kutat\u00f3k\u00f6zpont Richter Gedeon Vegy\u00e9szeti Gy\u00e1r Nyilv\u00e1nosan M\u0171k\u00f6d\u0151 Rt. Semmelweis Egyetem Szegedi Tudom\u00e1nyegyetem \u00a0 Projekt megval\u00f3s\u00edt\u00e1s\u00e1nak kezdete:\u00a02022.06.01. Projekt fizikai befejez\u00e9s\u00e9nek hat\u00e1rideje:\u00a02026.02.28. \u00a0 Projekt \u00f6sszk\u00f6lts\u00e9ge:\u00a05.300.000.000 Ft Semmelweis Egyetem t\u00e1mogat\u00e1si \u00f6sszege:\u00a0500.000.000 Ft T\u00e1mogat\u00e1s intenzit\u00e1sa:\u00a0100% \u00a0 Projektr\u0151l: &hellip;<\/p>\n","protected":false},"author":102410,"featured_media":0,"parent":426,"menu_order":2,"comment_status":"closed","ping_status":"closed","template":"","meta":{"_acf_changed":false,"footnotes":""},"categories":[],"tags":[],"class_list":["post-290","page","type-page","status-publish","hentry"],"acf":[],"_links":{"self":[{"href":"https:\/\/semmelweis.hu\/kfipalyazat\/wp-json\/wp\/v2\/pages\/290","targetHints":{"allow":["GET"]}}],"collection":[{"href":"https:\/\/semmelweis.hu\/kfipalyazat\/wp-json\/wp\/v2\/pages"}],"about":[{"href":"https:\/\/semmelweis.hu\/kfipalyazat\/wp-json\/wp\/v2\/types\/page"}],"author":[{"embeddable":true,"href":"https:\/\/semmelweis.hu\/kfipalyazat\/wp-json\/wp\/v2\/users\/102410"}],"replies":[{"embeddable":true,"href":"https:\/\/semmelweis.hu\/kfipalyazat\/wp-json\/wp\/v2\/comments?post=290"}],"version-history":[{"count":6,"href":"https:\/\/semmelweis.hu\/kfipalyazat\/wp-json\/wp\/v2\/pages\/290\/revisions"}],"predecessor-version":[{"id":672,"href":"https:\/\/semmelweis.hu\/kfipalyazat\/wp-json\/wp\/v2\/pages\/290\/revisions\/672"}],"up":[{"embeddable":true,"href":"https:\/\/semmelweis.hu\/kfipalyazat\/wp-json\/wp\/v2\/pages\/426"}],"wp:attachment":[{"href":"https:\/\/semmelweis.hu\/kfipalyazat\/wp-json\/wp\/v2\/media?parent=290"}],"wp:term":[{"taxonomy":"category","embeddable":true,"href":"https:\/\/semmelweis.hu\/kfipalyazat\/wp-json\/wp\/v2\/categories?post=290"},{"taxonomy":"post_tag","embeddable":true,"href":"https:\/\/semmelweis.hu\/kfipalyazat\/wp-json\/wp\/v2\/tags?post=290"}],"curies":[{"name":"wp","href":"https:\/\/api.w.org\/{rel}","templated":true}]}}