{"id":286,"date":"2025-07-03T14:14:44","date_gmt":"2025-07-03T12:14:44","guid":{"rendered":"https:\/\/semmelweis.hu\/kfipalyazat\/?page_id=286"},"modified":"2025-11-13T10:21:13","modified_gmt":"2025-11-13T09:21:13","slug":"mesterseges-intelligencia-nemzeti-laboratorium-letrehozasa-es-komplex-fejlesztese-milab","status":"publish","type":"page","link":"https:\/\/semmelweis.hu\/kfipalyazat\/palyazatok\/tarsfinanszirozott-palyazatok\/rrf\/nemzeti-laboratoriumok\/mesterseges-intelligencia-nemzeti-laboratorium-letrehozasa-es-komplex-fejlesztese-milab\/","title":{"rendered":"Mesters\u00e9ges Intelligencia Nemzeti Laborat\u00f3rium l\u00e9trehoz\u00e1sa \u00e9s komplex fejleszt\u00e9se (MILAB)"},"content":{"rendered":"<p style=\"text-align: justify\"><strong>Mesters\u00e9ges Intelligencia Nemzeti Laborat\u00f3rium l\u00e9trehoz\u00e1sa \u00e9s komplex fejleszt\u00e9se (MILAB)<\/strong><\/p>\n<p style=\"text-align: justify\"><strong>Projekt k\u00f3dsz\u00e1ma:<\/strong>\u00a0RRF-2.3.1-21-2022-00004\u00a0<\/p>\n<p style=\"text-align: justify\"><strong>Konzorciumvezet\u0151:<\/strong> HUN-REN<strong>\u00a0<\/strong>Sz\u00e1m\u00edt\u00e1stechnikai \u00e9s Automatiz\u00e1l\u00e1si Kutat\u00f3int\u00e9zet<\/p>\n<p style=\"text-align: justify\"><strong>Konzorciumi tagok:<\/strong><\/p>\n<ul style=\"text-align: justify\">\n<li>Budapesti M\u0171szaki \u00e9s Gazdas\u00e1gtudom\u00e1nyi Egyetem<\/li>\n<li>E\u00f6tv\u00f6s Lor\u00e1nd Tudom\u00e1nyegyetem<\/li>\n<li>E\u00f6tv\u00f6s Lor\u00e1nd Tudom\u00e1nyegyetem T\u00e1rsadalomtudom\u00e1nyi Kutat\u00f3k\u00f6zpont<\/li>\n<li>HUN-REN K\u00eds\u00e9rleti Orvostudom\u00e1nyi Kutat\u00f3int\u00e9zet<\/li>\n<li>HUN-REN R\u00e9nyi Alfr\u00e9d Matematikai Kutat\u00f3int\u00e9zet<\/li>\n<li>KINCSINFO Kincst\u00e1ri Informatikai Nonprofit Kft.<\/li>\n<li>Nemzetbiztons\u00e1gi Szakszolg\u00e1lat<\/li>\n<li>P\u00e1zm\u00e1ny P\u00e9ter Katolikus Egyetem<\/li>\n<li>Semmelweis Egyetem<\/li>\n<li>Sz\u00e9chenyi Istv\u00e1n Egyetem<\/li>\n<li>Szegedi Tudom\u00e1nyegyetem<\/li>\n<\/ul>\n<p style=\"text-align: justify\">\u00a0<\/p>\n<p style=\"text-align: justify\"><strong>Projekt megval\u00f3s\u00edt\u00e1s\u00e1nak kezdete:<\/strong> 2021.09.20.<\/p>\n<p style=\"text-align: justify\"><strong>Projekt fizikai befejez\u00e9s\u00e9nek hat\u00e1rideje:<\/strong> 2026.02.28.<\/p>\n<p style=\"text-align: justify\">\u00a0<\/p>\n<p style=\"text-align: justify\"><strong>T\u00e1mogat\u00e1s \u00f6sszege:<\/strong>\u00a09.439.666.600 Ft<\/p>\n<p style=\"text-align: justify\"><strong>Semmelweis Egyetem t\u00e1mogat\u00e1si \u00f6sszege:<\/strong> 435.000.000.- Ft<\/p>\n<p style=\"text-align: justify\"><strong>T\u00e1mogat\u00e1s intenzit\u00e1sa:<\/strong>\u00a0100%<\/p>\n<p style=\"text-align: justify\">\u00a0<\/p>\n<p style=\"text-align: justify\"><strong>Projektr\u0151l:<\/strong><br \/>\nA\u00a0<em>MILAB\u00a0<\/em>tev\u00e9kenys\u00e9ge a g\u00e9pi l\u00e1t\u00e1s- \u00e9s a term\u00e9szetes nyelvfeldolgoz\u00e1s fejleszt\u00e9s\u00e9re, a szem\u00e9lyes adatok v\u00e9delm\u00e9t biztos\u00edt\u00f3 adatfeldolgoz\u00f3 technol\u00f3gi\u00e1k kutat\u00e1s\u00e1ra, tov\u00e1bb\u00e1 \u00a0a t\u00e1rsadalmi hat\u00e1sok elemz\u00e9se \u00e9s alkalmazkod\u00e1si\/bevezet\u00e9si m\u00f3dok fejleszt\u00e9s\u00e9re f\u00f3kusz\u00e1l direkt finansz\u00edroz\u00e1sok biztos\u00edt\u00e1sa \u00fatj\u00e1n.<\/p>\n<p style=\"text-align: justify\"><strong>Feladatai k\u00f6z\u00e9 tartozik, hogy:<\/strong><\/p>\n<ul style=\"text-align: justify\">\n<li>k\u00f6zvetlen\u00fcl finansz\u00edrozzon olyan kutat\u00e1sokat, amelyek a kock\u00e1zatoss\u00e1guk, vagy t\u00e1rsadalmi hasznoss\u00e1guk miatt csak \u00e1llami finansz\u00edroz\u00e1sb\u00f3l val\u00f3s\u00edthat\u00f3k meg;<\/li>\n<li>keretezzen m\u00e1s forr\u00e1sokb\u00f3l finansz\u00edrozott MI kutat\u00e1si projekteket, hogy szinergi\u00e1kat hozzon l\u00e9tre az egyes szerepl\u0151k k\u00f6z\u00f6tt;<\/li>\n<li>kezdem\u00e9nyezze \u00e9s t\u00e1mogassa a tud\u00e1s\u00e1raml\u00e1st \u00e9s az egy\u00fcttm\u0171k\u00f6d\u00e9si projekteket az egyes ter\u00fcletek k\u00f6z\u00f6tt;<\/li>\n<li>megjelen\u00edtse az MI kutat\u00e1si kompetenci\u00e1t a piac fel\u00e9, ez\u00e1ltal seg\u00edtse el\u0151 a piac \u00e1ltal defini\u00e1lt \u00e9s finansz\u00edrozott projektek l\u00e9trej\u00f6tt\u00e9t;<\/li>\n<li>piaci forr\u00e1sok bevon\u00e1s\u00e1val \u00e9rjen el egy multiplik\u00e1tor hat\u00e1st az el\u00e9rhet\u0151 forr\u00e1sokra vonatkoz\u00f3an, mik\u00f6zben nem kezd el versenyezni a jelenleg m\u0171k\u00f6d\u0151 modellekkel;<\/li>\n<li>tegye lehet\u0151v\u00e9, hogy Magyarorsz\u00e1g a teljes MI-re k\u00f6lt\u00f6tt kutat\u00e1si forr\u00e1st kommunik\u00e1lhassa a nemzetk\u00f6zi szerepl\u0151k fel\u00e9;<\/li>\n<li>k\u00e9pviselje az \u00f6sszekapcsolt kutat\u00f3i \u00f6kosziszt\u00e9m\u00e1t a nemzetk\u00f6zi p\u00e1ly\u00e1zati rendszerekben.<\/li>\n<\/ul>\n<p style=\"text-align: justify\">A MILAB-r\u00f3l b\u0151vebben a konzorciumvezet\u0151 honlapj\u00e1n olvashat (LINK:\u00a0<a href=\"https:\/\/mi.nemzetilabor.hu\/hu\">https:\/\/mi.nemzetilabor.hu\/hu<\/a>)<\/p>\n<p><img loading=\"lazy\" decoding=\"async\" class=\"alignright\" src=\"https:\/\/semmelweis.hu\/kfipalyazat\/files\/2025\/07\/cropped-rrf_infoblokk.jpg\" width=\"551\" height=\"167\" \/><\/p>\n","protected":false},"excerpt":{"rendered":"<p>Mesters\u00e9ges Intelligencia Nemzeti Laborat\u00f3rium l\u00e9trehoz\u00e1sa \u00e9s komplex fejleszt\u00e9se (MILAB) Projekt k\u00f3dsz\u00e1ma:\u00a0RRF-2.3.1-21-2022-00004\u00a0 Konzorciumvezet\u0151: HUN-REN\u00a0Sz\u00e1m\u00edt\u00e1stechnikai \u00e9s Automatiz\u00e1l\u00e1si Kutat\u00f3int\u00e9zet Konzorciumi tagok: Budapesti M\u0171szaki \u00e9s Gazdas\u00e1gtudom\u00e1nyi Egyetem E\u00f6tv\u00f6s Lor\u00e1nd Tudom\u00e1nyegyetem E\u00f6tv\u00f6s Lor\u00e1nd Tudom\u00e1nyegyetem T\u00e1rsadalomtudom\u00e1nyi Kutat\u00f3k\u00f6zpont HUN-REN K\u00eds\u00e9rleti Orvostudom\u00e1nyi Kutat\u00f3int\u00e9zet HUN-REN R\u00e9nyi Alfr\u00e9d Matematikai Kutat\u00f3int\u00e9zet KINCSINFO Kincst\u00e1ri Informatikai Nonprofit Kft. Nemzetbiztons\u00e1gi Szakszolg\u00e1lat P\u00e1zm\u00e1ny P\u00e9ter Katolikus Egyetem Semmelweis Egyetem Sz\u00e9chenyi Istv\u00e1n &hellip;<\/p>\n","protected":false},"author":102410,"featured_media":0,"parent":426,"menu_order":4,"comment_status":"closed","ping_status":"closed","template":"","meta":{"_acf_changed":false,"footnotes":""},"categories":[],"tags":[],"class_list":["post-286","page","type-page","status-publish","hentry"],"acf":[],"_links":{"self":[{"href":"https:\/\/semmelweis.hu\/kfipalyazat\/wp-json\/wp\/v2\/pages\/286","targetHints":{"allow":["GET"]}}],"collection":[{"href":"https:\/\/semmelweis.hu\/kfipalyazat\/wp-json\/wp\/v2\/pages"}],"about":[{"href":"https:\/\/semmelweis.hu\/kfipalyazat\/wp-json\/wp\/v2\/types\/page"}],"author":[{"embeddable":true,"href":"https:\/\/semmelweis.hu\/kfipalyazat\/wp-json\/wp\/v2\/users\/102410"}],"replies":[{"embeddable":true,"href":"https:\/\/semmelweis.hu\/kfipalyazat\/wp-json\/wp\/v2\/comments?post=286"}],"version-history":[{"count":9,"href":"https:\/\/semmelweis.hu\/kfipalyazat\/wp-json\/wp\/v2\/pages\/286\/revisions"}],"predecessor-version":[{"id":898,"href":"https:\/\/semmelweis.hu\/kfipalyazat\/wp-json\/wp\/v2\/pages\/286\/revisions\/898"}],"up":[{"embeddable":true,"href":"https:\/\/semmelweis.hu\/kfipalyazat\/wp-json\/wp\/v2\/pages\/426"}],"wp:attachment":[{"href":"https:\/\/semmelweis.hu\/kfipalyazat\/wp-json\/wp\/v2\/media?parent=286"}],"wp:term":[{"taxonomy":"category","embeddable":true,"href":"https:\/\/semmelweis.hu\/kfipalyazat\/wp-json\/wp\/v2\/categories?post=286"},{"taxonomy":"post_tag","embeddable":true,"href":"https:\/\/semmelweis.hu\/kfipalyazat\/wp-json\/wp\/v2\/tags?post=286"}],"curies":[{"name":"wp","href":"https:\/\/api.w.org\/{rel}","templated":true}]}}