{"id":284,"date":"2025-07-03T14:14:20","date_gmt":"2025-07-03T12:14:20","guid":{"rendered":"https:\/\/semmelweis.hu\/kfipalyazat\/?page_id=284"},"modified":"2025-08-14T10:15:24","modified_gmt":"2025-08-14T08:15:24","slug":"eghajlatvaltozas-multidiszciplinaris-nemzeti-laboratorium-emnl","status":"publish","type":"page","link":"https:\/\/semmelweis.hu\/kfipalyazat\/palyazatok\/tarsfinanszirozott-palyazatok\/rrf\/nemzeti-laboratoriumok\/eghajlatvaltozas-multidiszciplinaris-nemzeti-laboratorium-emnl\/","title":{"rendered":"\u00c9ghajlatv\u00e1ltoz\u00e1s Multidiszciplin\u00e1ris Nemzeti Laborat\u00f3rium (\u00c9MNL)"},"content":{"rendered":"<p style=\"text-align: justify\"><strong>\u00c9ghajlatv\u00e1ltoz\u00e1s Multidiszciplin\u00e1ris Nemzeti Laborat\u00f3rium (\u00c9MNL)<\/strong><\/p>\n<p style=\"text-align: justify\"><strong>Projekt k\u00f3dsz\u00e1ma:<\/strong>\u00a0RRF-2.3.1-21-2022-00014<\/p>\n<p style=\"text-align: justify\"><strong>Konzorciumvezet\u0151:<\/strong>\u00a0Pannon Egyetem<\/p>\n<p style=\"text-align: justify\"><strong>Konzorciumi tagok:<\/strong><\/p>\n<ul style=\"text-align: justify\">\n<li>E\u00f6tv\u00f6s Lor\u00e1nd Tudom\u00e1nyegyetem<\/li>\n<li>HungaroMet Magyar Meteorol\u00f3giai Szolg\u00e1ltat\u00f3 Nonprofit Z\u00e1rtk\u00f6r\u0171en M\u0171k\u00f6d\u0151 R\u00e9szv\u00e9nyt\u00e1rsas\u00e1g<\/li>\n<li>HUN-REN Balatoni Limnol\u00f3giai Kutat\u00f3int\u00e9zet<\/li>\n<li>HUN-REN \u00d6kol\u00f3giai Kutat\u00f3k\u00f6zpont<\/li>\n<li>Miskolci Egyetem<\/li>\n<li>Semmelweis Egyetem<\/li>\n<\/ul>\n<p style=\"text-align: justify\"><strong>Projekt megval\u00f3s\u00edt\u00e1s\u00e1nak kezdete:<\/strong>\u00a02022.03.01.<\/p>\n<p style=\"text-align: justify\"><strong>Projekt fizikai befejez\u00e9s\u00e9nek hat\u00e1rideje:<\/strong>\u00a02026.02.28.<\/p>\n<p style=\"text-align: justify\">\u00a0<\/p>\n<p style=\"text-align: justify\"><strong>T\u00e1mogat\u00e1s \u00f6sszege:<\/strong>\u00a03.571.000.000 Ft<\/p>\n<p style=\"text-align: justify\"><strong>Semmelweis Egyetem t\u00e1mogat\u00e1si \u00f6sszege:<\/strong> 200\u00a0000 000\u00a0.-Ft<\/p>\n<p style=\"text-align: justify\"><strong>T\u00e1mogat\u00e1s intenzit\u00e1sa:<\/strong> 100%<\/p>\n<p style=\"text-align: justify\">\u00a0<\/p>\n<p style=\"text-align: justify\"><strong>Projektr\u0151l:<\/strong><br \/>\nAz\u00a0<em>\u00c9ghajlatv\u00e1ltoz\u00e1s Multidiszciplin\u00e1ris Nemzeti Laborat\u00f3rium<\/em>\u00a0az \u00e9ghajlatv\u00e1ltoz\u00e1s jellemz\u0151inek vizsg\u00e1lata \u00e9s az \u00e9ghajlatv\u00e1ltoz\u00e1s elemeinek az emberi eg\u00e9szs\u00e9gre, term\u00e9szeti, gazdas\u00e1gi rendszerekre \u00e9s a t\u00e1rsadalomra gyakorolt hat\u00e1sainak tanulm\u00e1nyoz\u00e1sa, tov\u00e1bb\u00e1 a technol\u00f3giai, gazdas\u00e1gi \u00e9s t\u00e1rsadalmi adapt\u00e1ci\u00f3 ter\u00fclet\u00e9n v\u00e9gez kutat\u00e1s-fejleszt\u00e9si tev\u00e9kenys\u00e9get.<\/p>\n<p><img loading=\"lazy\" decoding=\"async\" class=\"alignright\" src=\"https:\/\/semmelweis.hu\/kfipalyazat\/files\/2025\/07\/cropped-rrf_infoblokk.jpg\" width=\"551\" height=\"167\" \/><\/p>\n","protected":false},"excerpt":{"rendered":"<p>\u00c9ghajlatv\u00e1ltoz\u00e1s Multidiszciplin\u00e1ris Nemzeti Laborat\u00f3rium (\u00c9MNL) Projekt k\u00f3dsz\u00e1ma:\u00a0RRF-2.3.1-21-2022-00014 Konzorciumvezet\u0151:\u00a0Pannon Egyetem Konzorciumi tagok: E\u00f6tv\u00f6s Lor\u00e1nd Tudom\u00e1nyegyetem HungaroMet Magyar Meteorol\u00f3giai Szolg\u00e1ltat\u00f3 Nonprofit Z\u00e1rtk\u00f6r\u0171en M\u0171k\u00f6d\u0151 R\u00e9szv\u00e9nyt\u00e1rsas\u00e1g HUN-REN Balatoni Limnol\u00f3giai Kutat\u00f3int\u00e9zet HUN-REN \u00d6kol\u00f3giai Kutat\u00f3k\u00f6zpont Miskolci Egyetem Semmelweis Egyetem Projekt megval\u00f3s\u00edt\u00e1s\u00e1nak kezdete:\u00a02022.03.01. Projekt fizikai befejez\u00e9s\u00e9nek hat\u00e1rideje:\u00a02026.02.28. \u00a0 T\u00e1mogat\u00e1s \u00f6sszege:\u00a03.571.000.000 Ft Semmelweis Egyetem t\u00e1mogat\u00e1si \u00f6sszege: 200\u00a0000 000\u00a0.-Ft T\u00e1mogat\u00e1s intenzit\u00e1sa: 100% \u00a0 Projektr\u0151l: &hellip;<\/p>\n","protected":false},"author":102410,"featured_media":0,"parent":426,"menu_order":5,"comment_status":"closed","ping_status":"closed","template":"","meta":{"_acf_changed":false,"footnotes":""},"categories":[],"tags":[],"class_list":["post-284","page","type-page","status-publish","hentry"],"acf":[],"_links":{"self":[{"href":"https:\/\/semmelweis.hu\/kfipalyazat\/wp-json\/wp\/v2\/pages\/284","targetHints":{"allow":["GET"]}}],"collection":[{"href":"https:\/\/semmelweis.hu\/kfipalyazat\/wp-json\/wp\/v2\/pages"}],"about":[{"href":"https:\/\/semmelweis.hu\/kfipalyazat\/wp-json\/wp\/v2\/types\/page"}],"author":[{"embeddable":true,"href":"https:\/\/semmelweis.hu\/kfipalyazat\/wp-json\/wp\/v2\/users\/102410"}],"replies":[{"embeddable":true,"href":"https:\/\/semmelweis.hu\/kfipalyazat\/wp-json\/wp\/v2\/comments?post=284"}],"version-history":[{"count":7,"href":"https:\/\/semmelweis.hu\/kfipalyazat\/wp-json\/wp\/v2\/pages\/284\/revisions"}],"predecessor-version":[{"id":675,"href":"https:\/\/semmelweis.hu\/kfipalyazat\/wp-json\/wp\/v2\/pages\/284\/revisions\/675"}],"up":[{"embeddable":true,"href":"https:\/\/semmelweis.hu\/kfipalyazat\/wp-json\/wp\/v2\/pages\/426"}],"wp:attachment":[{"href":"https:\/\/semmelweis.hu\/kfipalyazat\/wp-json\/wp\/v2\/media?parent=284"}],"wp:term":[{"taxonomy":"category","embeddable":true,"href":"https:\/\/semmelweis.hu\/kfipalyazat\/wp-json\/wp\/v2\/categories?post=284"},{"taxonomy":"post_tag","embeddable":true,"href":"https:\/\/semmelweis.hu\/kfipalyazat\/wp-json\/wp\/v2\/tags?post=284"}],"curies":[{"name":"wp","href":"https:\/\/api.w.org\/{rel}","templated":true}]}}