{"id":281,"date":"2025-07-03T14:13:04","date_gmt":"2025-07-03T12:13:04","guid":{"rendered":"https:\/\/semmelweis.hu\/kfipalyazat\/?page_id=281"},"modified":"2025-11-13T10:22:49","modified_gmt":"2025-11-13T09:22:49","slug":"egeszsegbiztonsag-nemzeti-laboratorium-enl","status":"publish","type":"page","link":"https:\/\/semmelweis.hu\/kfipalyazat\/palyazatok\/tarsfinanszirozott-palyazatok\/rrf\/nemzeti-laboratoriumok\/egeszsegbiztonsag-nemzeti-laboratorium-enl\/","title":{"rendered":"Eg\u00e9szs\u00e9gbiztons\u00e1g Nemzeti Laborat\u00f3rium (ENL)"},"content":{"rendered":"<p style=\"text-align: justify\"><strong>Eg\u00e9szs\u00e9gbiztons\u00e1g Nemzeti Laborat\u00f3rium (ENL)<\/strong><\/p>\n<p style=\"text-align: justify\"><strong>Projekt k\u00f3dsz\u00e1ma:<\/strong>\u00a0RRF-2.3.1-21-2022-00006<\/p>\n<p style=\"text-align: justify\"><strong>Konzorciumvezet\u0151:<\/strong>\u00a0Szegedi Tudom\u00e1nyegyetem<\/p>\n<p style=\"text-align: justify\"><strong>Konzorciumi tagok:<\/strong><\/p>\n<ul style=\"text-align: justify\">\n<li>\u00c1llatorvostudom\u00e1nyi Egyetem<\/li>\n<li>E\u00f6tv\u00f6s Lor\u00e1nd Tudom\u00e1nyegyetem<\/li>\n<li>HUN-REN Agr\u00e1rtudom\u00e1nyi Kutat\u00f3k\u00f6zpont<\/li>\n<li>HUN-REN \u00c1llatorvostudom\u00e1nyi Kutat\u00f3int\u00e9zet<\/li>\n<li>HUN-REN \u00d6kol\u00f3giai Kutat\u00f3k\u00f6zpont<\/li>\n<li>HUN-REN R\u00e9nyi Alfr\u00e9d Matematikai Kutat\u00f3int\u00e9zet<\/li>\n<li>HUN-REN Sz\u00e1m\u00edt\u00e1stechnikai \u00e9s Automatiz\u00e1l\u00e1si Kutat\u00f3int\u00e9zet<\/li>\n<li>HUN-REN Szegedi Biol\u00f3giai Kutat\u00f3k\u00f6zpont<\/li>\n<li>HUN-REN T\u00e1rsadalomtudom\u00e1nyi Kutat\u00f3k\u00f6zpont<\/li>\n<li>Magyar Agr\u00e1r- \u00e9s \u00c9lettudom\u00e1nyi Egyetem<\/li>\n<li>Neumann Nonprofit K\u00f6zhaszn\u00fa Kft.<\/li>\n<li>\u00d3budai Egyetem<\/li>\n<li>P\u00e1zm\u00e1ny P\u00e9ter Katolikus Egyetem<\/li>\n<li>P\u00e9csi Tudom\u00e1nyegyetem<\/li>\n<li>Semmelweis Egyetem<\/li>\n<\/ul>\n<p style=\"text-align: justify\">\u00a0<\/p>\n<p style=\"text-align: justify\"><strong>Projekt megval\u00f3s\u00edt\u00e1s\u00e1nak kezdete:<\/strong>\u00a02022.03.01.<\/p>\n<p style=\"text-align: justify\"><strong>Projekt fizikai befejez\u00e9s\u00e9nek hat\u00e1rideje:<\/strong>\u00a02026.02.28.<\/p>\n<p style=\"text-align: justify\">\u00a0<\/p>\n<p style=\"text-align: justify\"><strong>T\u00e1mogat\u00e1s \u00f6sszege:<\/strong>\u00a08 320 339\u00a0520 Ft<\/p>\n<p style=\"text-align: justify\"><strong>Semmelweis Egyetem t\u00e1mogat\u00e1si \u00f6sszege:<\/strong>\u00a03\u00a0747\u00a0000\u00a0000.-Ft<\/p>\n<p style=\"text-align: justify\"><strong>T\u00e1mogat\u00e1s intenzit\u00e1sa:<\/strong>\u00a0100%<\/p>\n<p style=\"text-align: justify\">\u00a0<\/p>\n<p style=\"text-align: justify\"><strong>Projektr\u0151l:<\/strong><\/p>\n<p style=\"text-align: justify\">A jelenleg is zajl\u00f3 pand\u00e9mia sor\u00e1n vil\u00e1goss\u00e1 v\u00e1lt, milyen nagy sz\u00fcks\u00e9g van a megb\u00edzhat\u00f3 adatokon \u00e9s evidenci\u00e1kon alapul\u00f3, m\u00e9ly, tudom\u00e1nyos ig\u00e9ny\u0171 elemz\u00e9sekre. A Nemzeti Laborat\u00f3rium v\u00edzi\u00f3ja, hogy megteremtse haz\u00e1nkban az adatokra \u00e9s elemz\u00e9sekre \u00e9p\u00fcl\u0151 d\u00f6nt\u00e9sel\u0151k\u00e9sz\u00edt\u00e9sek tudom\u00e1nyos b\u00e1zis\u00e1t az eg\u00e9szs\u00e9g\u00fcgy, a j\u00e1rv\u00e1nyv\u00e9dekez\u00e9s \u00e9s az \u00f6kol\u00f3giai rendszerek ter\u00fclet\u00e9n. A h\u00e1rom ter\u00fclet szorosan \u00f6sszefon\u00f3dik, \u00e9s az innovat\u00edv surveillance rendszerek, big data m\u00f3dszerek, valamint matematikai modellez\u00e9s \u00e1ltal \u00faj szinergi\u00e1k j\u00f6nnek l\u00e9tre.<\/p>\n<p style=\"text-align: justify\">Az NL \u00f6sszefogja \u00e9s koordin\u00e1lja az orsz\u00e1gban eddig szigetszer\u0171en m\u0171k\u00f6d\u0151 kutat\u00f3csoportokat, el\u0151seg\u00edtve a h\u00e1l\u00f3zatosod\u00e1st, \u00e9s l\u00e9trehozva egy olyan kollaborat\u00edv kutat\u00f3i k\u00f6z\u00f6ss\u00e9get, amely a nemzetk\u00f6zi sz\u00ednt\u00e9ren is komoly l\u00e1that\u00f3s\u00e1ggal b\u00edr.<\/p>\n<p style=\"text-align: justify\">Az Eg\u00e9szs\u00e9gbiztons\u00e1g Nemzeti Laborat\u00f3rium kutat\u00e1si ter\u00fclet\u00e9t \u00e9s szakmai tev\u00e9kenys\u00e9g\u00e9t az al\u00e1bbi 4 div\u00edzi\u00f3 keret\u00e9ben tervezi megval\u00f3s\u00edtani:<\/p>\n<p style=\"text-align: justify\">\u00a0<\/p>\n<p style=\"text-align: justify\">J\u00e1rv\u00e1nymatematika:<\/p>\n<ol style=\"text-align: justify\">\n<li>Innovat\u00edv epidemiol\u00f3giai surveillance, majd az innen kapott adatokat elemz\u0151 matematikai modellez\u00e9s. Ezekhez kapcsol\u00f3d\u00f3 interdiszciplin\u00e1ris kompetenci\u00e1k, pl. h\u00e1l\u00f3zatkutat\u00e1s, t\u00e1rsadalomtudom\u00e1nyok, szab\u00e1lyoz\u00e1selm\u00e9let.<\/li>\n<li>Tudom\u00e1nyos b\u00e1zis ki\u00e9p\u00edt\u00e9se, megalapozva egy nemzeti epidemiol\u00f3giai el\u0151rejelz\u0151 rendszer l\u00e9trehoz\u00e1s\u00e1t (l\u00e1sd USA), a numerikus id\u0151j\u00e1r\u00e1sel\u0151rejelz\u0151 rendszerekhez anal\u00f3g m\u00f3don. Evidenci\u00e1kon \u00e9s elemz\u00e9seken alapul\u00f3 d\u00f6nt\u00e9shoz\u00f3i t\u00e1mogat\u00e1s.<\/li>\n<\/ol>\n<p style=\"text-align: justify\">\u00a0<\/p>\n<p style=\"text-align: justify\">J\u00e1rv\u00e1ny\u00f6kol\u00f3gia:<\/p>\n<ol style=\"text-align: justify\">\n<li>DAMA protokoll a fontosabb felbukkan\u00f3 k\u00f3rokoz\u00f3k hazai el\u0151fordul\u00e1s\u00e1r\u00f3l \u00e9s vesz\u00e9lyeir\u0151l ad pontos k\u00e9pet. A legrangosabb tudom\u00e1nyos foly\u00f3iratokban publik\u00e1ljuk eredm\u00e9nyeinket, \u00e9s megteremtj\u00fck a prevent\u00edv szeml\u00e9let\u0171 v\u00e9dekez\u00e9s alapj\u00e1t is.<\/li>\n<li>Felk\u00e9sz\u00fcl\u00e9s az \u00fajonnan felbukkan\u00f3 vektorok, \u00e9s az \u00e1ltaluk terjesztett k\u00f3rokoz\u00f3k kock\u00e1zataira. Kulcsfontoss\u00e1g\u00fa \u00e9l\u0151helyek (v\u00e1rosi parkok, mez\u0151gazdas\u00e1gi \u00e9s term\u00e9szetes ter\u00fcletek hat\u00e1ra) \u00e9s a v\u00e1rosiasodott (patk\u00e1ny, s\u00fcn), vadon \u00e9l\u0151 (denev\u00e9rek, szarvasf\u00e9l\u00e9k, r\u00f3ka, aranysak\u00e1l) \u00e9s haszon\u00e1llatok (szarvasmarha, juh), mint rezervo\u00e1r gazd\u00e1k vizsg\u00e1lata. Felder\u00edtj\u00fck a fontosabb zoonotikus v\u00edrusokat \u00e9s bakt\u00e9riumokat \u00e9s azok kock\u00e1zatait, int\u00e9zked\u00e9si javaslatokat tesz\u00fcnk az emberi fert\u0151z\u00e9sek elker\u00fcl\u00e9s\u00e9re.<\/li>\n<\/ol>\n<p style=\"text-align: justify\">\u00a0<\/p>\n<p style=\"text-align: justify\">Inv\u00e1zi\u00f3biol\u00f3gia:<\/p>\n<ol style=\"text-align: justify\">\n<li>Inv\u00e1zi\u00f3s fajok hazai megjelen\u00e9s\u00e9nek \u00e9s megteleped\u00e9s\u00e9nek dokument\u00e1l\u00e1sa, monitoroz\u00e1sa: aktualiz\u00e1lt fajlist\u00e1j\u00e1k \u00e9s elterjed\u00e9si t\u00e9rk\u00e9pek k\u00e9sz\u00edt\u00e9se, hat\u00e1sbecsl\u00e9s a k\u00f3rokoz\u00f3k terjeszt\u00e9se, kompetit\u00edv kiz\u00e1r\u00e1s, n\u00f6v\u00e9nyev\u00e9s, pred\u00e1ci\u00f3s nyom\u00e1s, m\u00e9rgez\u0151 anyagcsereterm\u00e9kek termel\u00e9se tekintet\u00e9ben.<\/li>\n<li>Az inv\u00e1zi\u00f3 \u00f6kol\u00f3giai okainak \u00e9s k\u00f6vetkezm\u00e9nyeinek felt\u00e1r\u00e1sa: a kulcsfajok terjed\u00e9si siker\u00e9t meghat\u00e1roz\u00f3 tulajdons\u00e1gok, az inv\u00e1zi\u00f3s carrier m\u00f3dszerek \u00e9s az inv\u00e1zi\u00f3ra \u00e9rz\u00e9keny \u0151shonos fajok beazonos\u00edt\u00e1sa, a t\u00e1rsul\u00e1sok faj\u00f6sszet\u00e9tel-v\u00e1ltoz\u00e1s\u00e1nak elemz\u00e9se, az inv\u00e1zi\u00f3 \u00e1ltal megv\u00e1ltoz\u00f3 \u00f6kol\u00f3giai kapcsolatok \u00e9s az \u00f6kosziszt\u00e9m\u00e1kra gyakorolt hat\u00e1sainak felt\u00e1r\u00e1sa.<\/li>\n<\/ol>\n<p style=\"text-align: justify\">III. Az inv\u00e1zi\u00f3 t\u00e1rsadalmi, gazdas\u00e1gi \u00e9s eg\u00e9szs\u00e9g\u00fcgyi hat\u00e1sainak felt\u00e1r\u00e1sa, a t\u00e1rsadalom \u00e9s a d\u00f6nt\u00e9shoz\u00f3k t\u00e1j\u00e9koztat\u00e1sa: figyelmeztet\u0151 rendszer m\u0171k\u00f6dtet\u00e9se, int\u00e9zked\u00e9si javaslatok megfogalmaz\u00e1sa.<\/p>\n<p style=\"text-align: justify\">\u00a0<\/p>\n<p style=\"text-align: justify\">Adatvez\u00e9relt Eg\u00e9szs\u00e9g:<\/p>\n<ol style=\"text-align: justify\">\n<li>Predikci\u00f3t \u00e9s prognosztik\u00e1t szolg\u00e1l\u00f3 komorbidit\u00e1s-alap\u00fa elemz\u00e9sek \u2013 els\u0151sorban magas kock\u00e1zat\u00fa \u2013 c\u00e9lcsoportok komorbidit\u00e1si Big Data-ra \u00e9p\u00edtett, adatvez\u00e9relt kutat\u00e1saira, innovat\u00edv adatb\u00e1ny\u00e1szatra, h\u00e1l\u00f3zat-kutat\u00e1sra alapozott, komplex m\u00f3dszertani alkalmaz\u00e1sok (know-how-k) kidolgoz\u00e1sa.<\/li>\n<li>Diagnosztikai d\u00f6nt\u00e9st\u00e1mogat\u00e1s \u2013 digit\u00e1lis patol\u00f3gia \u00e9s k\u00e9palkot\u00f3 MI alap\u00fa d\u00f6nt\u00e9st\u00e1mogat\u00f3 algoritmusok fejleszt\u00e9se, tesztel\u00e9se, nemzetk\u00f6zi k\u00f6rnyezetben valid\u00e1l\u00e1sa, min\u0151s\u00edt\u0151 szervezetek sz\u00e1m\u00e1ra t\u00e1mogat\u00e1s.<\/li>\n<\/ol>\n<p style=\"text-align: justify\">III. Adatvez\u00e9relt eg\u00e9szs\u00e9g d\u00f6nt\u00e9st\u00e1mogat\u00e1s. A j\u00e1rv\u00e1ny\u00fcgyi v\u00e9dekez\u00e9st \u00e9s eg\u00e9szs\u00e9gbiztons\u00e1got szolg\u00e1l\u00f3 digit\u00e1lis \u00e9s adatvez\u00e9relt eg\u00e9szs\u00e9ghez kapcsol\u00f3d\u00f3 d\u00f6nt\u00e9st\u00e1mogat\u00e1si fejleszt\u00e9sek, Covid \u00e9s j\u00e1rv\u00e1ny\u00fcgyi BI, Mobilcella-alap\u00fa j\u00e1rv\u00e1ny\u00fcgyi \u00e9s v\u00e9szhelyzeti protot\u00edpus, kontakt-kutat\u00e1s, vakcina-term\u00e9kek, stb.<\/p>\n<p style=\"text-align: justify\">\u00a0<\/p>\n<p style=\"text-align: justify\">A fentiekhez kapcsol\u00f3dnak oktat\u00e1si \u00e9s k\u00e9pz\u00e9si tev\u00e9kenys\u00e9gek is.\u00a0<\/p>\n<p><img loading=\"lazy\" decoding=\"async\" class=\"alignright\" src=\"https:\/\/semmelweis.hu\/kfipalyazat\/files\/2025\/07\/cropped-rrf_infoblokk.jpg\" width=\"551\" height=\"167\" \/><\/p>\n","protected":false},"excerpt":{"rendered":"<p>Eg\u00e9szs\u00e9gbiztons\u00e1g Nemzeti Laborat\u00f3rium (ENL) Projekt k\u00f3dsz\u00e1ma:\u00a0RRF-2.3.1-21-2022-00006 Konzorciumvezet\u0151:\u00a0Szegedi Tudom\u00e1nyegyetem Konzorciumi tagok: \u00c1llatorvostudom\u00e1nyi Egyetem E\u00f6tv\u00f6s Lor\u00e1nd Tudom\u00e1nyegyetem HUN-REN Agr\u00e1rtudom\u00e1nyi Kutat\u00f3k\u00f6zpont HUN-REN \u00c1llatorvostudom\u00e1nyi Kutat\u00f3int\u00e9zet HUN-REN \u00d6kol\u00f3giai Kutat\u00f3k\u00f6zpont HUN-REN R\u00e9nyi Alfr\u00e9d Matematikai Kutat\u00f3int\u00e9zet HUN-REN Sz\u00e1m\u00edt\u00e1stechnikai \u00e9s Automatiz\u00e1l\u00e1si Kutat\u00f3int\u00e9zet HUN-REN Szegedi Biol\u00f3giai Kutat\u00f3k\u00f6zpont HUN-REN T\u00e1rsadalomtudom\u00e1nyi Kutat\u00f3k\u00f6zpont Magyar Agr\u00e1r- \u00e9s \u00c9lettudom\u00e1nyi Egyetem Neumann Nonprofit K\u00f6zhaszn\u00fa Kft. \u00d3budai Egyetem P\u00e1zm\u00e1ny P\u00e9ter Katolikus &hellip;<\/p>\n","protected":false},"author":102410,"featured_media":0,"parent":426,"menu_order":3,"comment_status":"closed","ping_status":"closed","template":"","meta":{"_acf_changed":false,"footnotes":""},"categories":[],"tags":[],"class_list":["post-281","page","type-page","status-publish","hentry"],"acf":[],"_links":{"self":[{"href":"https:\/\/semmelweis.hu\/kfipalyazat\/wp-json\/wp\/v2\/pages\/281","targetHints":{"allow":["GET"]}}],"collection":[{"href":"https:\/\/semmelweis.hu\/kfipalyazat\/wp-json\/wp\/v2\/pages"}],"about":[{"href":"https:\/\/semmelweis.hu\/kfipalyazat\/wp-json\/wp\/v2\/types\/page"}],"author":[{"embeddable":true,"href":"https:\/\/semmelweis.hu\/kfipalyazat\/wp-json\/wp\/v2\/users\/102410"}],"replies":[{"embeddable":true,"href":"https:\/\/semmelweis.hu\/kfipalyazat\/wp-json\/wp\/v2\/comments?post=281"}],"version-history":[{"count":10,"href":"https:\/\/semmelweis.hu\/kfipalyazat\/wp-json\/wp\/v2\/pages\/281\/revisions"}],"predecessor-version":[{"id":899,"href":"https:\/\/semmelweis.hu\/kfipalyazat\/wp-json\/wp\/v2\/pages\/281\/revisions\/899"}],"up":[{"embeddable":true,"href":"https:\/\/semmelweis.hu\/kfipalyazat\/wp-json\/wp\/v2\/pages\/426"}],"wp:attachment":[{"href":"https:\/\/semmelweis.hu\/kfipalyazat\/wp-json\/wp\/v2\/media?parent=281"}],"wp:term":[{"taxonomy":"category","embeddable":true,"href":"https:\/\/semmelweis.hu\/kfipalyazat\/wp-json\/wp\/v2\/categories?post=281"},{"taxonomy":"post_tag","embeddable":true,"href":"https:\/\/semmelweis.hu\/kfipalyazat\/wp-json\/wp\/v2\/tags?post=281"}],"curies":[{"name":"wp","href":"https:\/\/api.w.org\/{rel}","templated":true}]}}