{"id":279,"date":"2025-07-03T14:09:30","date_gmt":"2025-07-03T12:09:30","guid":{"rendered":"https:\/\/semmelweis.hu\/kfipalyazat\/?page_id=279"},"modified":"2025-08-14T09:57:55","modified_gmt":"2025-08-14T07:57:55","slug":"2024-1-2-3-hu-rizont-2024-00062","status":"publish","type":"page","link":"https:\/\/semmelweis.hu\/kfipalyazat\/palyazatok\/hazai-palyazatok\/nkfih\/hu-rizont\/2024-1-2-3-hu-rizont-2024-00062\/","title":{"rendered":"2024-1.2.3-HU-RIZONT-2024-00062"},"content":{"rendered":"<p style=\"text-align: justify\"><strong>Projekt azonos\u00edt\u00f3 sz\u00e1ma:<\/strong>\u00a02024-1.2.3-HU-RIZONT-2024-00062<\/p>\n<p style=\"text-align: justify\"><strong>Projekt c\u00edme:<\/strong>\u00a04PMEDICINA: Rendszertanulm\u00e1ny a fogantat\u00e1s el\u0151tti id\u0151szakt\u00f3l csecsem\u0151korig a korai rizik\u00f3sz\u0171r\u00e9s \u00e9s szem\u00e9lyre szabott megel\u0151z\u00e9s \u00e9rdek\u00e9ben terhess\u00e9g sor\u00e1n<\/p>\n<p style=\"text-align: justify\"><strong>Projekt megval\u00f3s\u00edt\u00e1s\u00e1nak kezdete:<\/strong>\u00a02025.01.01.<\/p>\n<p style=\"text-align: justify\"><strong>Projekt fizikai befejez\u00e9s\u00e9nek hat\u00e1rideje:<\/strong>\u00a02027.12.31.<\/p>\n<p style=\"text-align: justify\"><strong>T\u00e1mogat\u00e1s \u00f6sszege:<\/strong>\u00a0399.983.076 Ft<\/p>\n<p style=\"text-align: justify\"><strong>T\u00e1mogat\u00e1s intenzit\u00e1sa:<\/strong>\u00a0100%<\/p>\n<p style=\"text-align: justify\">\u00a0<\/p>\n<p style=\"text-align: justify\"><strong>Projektr\u0151l:\u00a0<\/strong><\/p>\n<p style=\"text-align: justify\">A \u201enagy sz\u00fcl\u00e9szeti k\u00f3rk\u00e9pek\u201d a terhess\u00e9gek 40%-\u00e1ban okoznak komplik\u00e1ci\u00f3kat. Ezen szindr\u00f3m\u00e1k (pl. preeclampsia, magzati retard\u00e1ci\u00f3, vet\u00e9l\u00e9sek) felel\u0151sek a terhess\u00e9g alatti anyai\/magzati morbidit\u00e1s \u00e9s mortalit\u00e1s nagy r\u00e9sz\u00e9\u00e9rt, az anyai kardiometabolikus betegs\u00e9gek (CMD-k), pl a cukorbetegs\u00e9g, magas v\u00e9rnyom\u00e1s \u00e9s ischaemi\u00e1s sz\u00edvbetegs\u00e9g megn\u00f6vekedett prevalenci\u00e1j\u00e1\u00e9rt, mutatva azt, hogy a terhess\u00e9g alatti fiziol\u00f3gi\u00e1s stressz ismeretlen anyai hajlamot t\u00e1rhat fel. Ezenk\u00edv\u00fcl a gyakran t\u00e1rsul\u00f3 m\u00e9hlep\u00e9nyi k\u00f3ros elv\u00e1ltoz\u00e1sok \u00e9s nem megfelel\u0151 m\u00e9henbel\u00fcli k\u00f6rnyezet hossz\u00fa t\u00e1von CMD-k kialakul\u00e1s\u00e1hoz vezethet az ut\u00f3dokban is. Ezen szindr\u00f3m\u00e1k \u00f6sszetett, k\u00fcl\u00f6n\u00e1ll\u00f3, illetve \u00e1tfed\u0151 k\u00f3rokokb\u00f3l erednek, melyek m\u00e9g alig ismertek. Ez\u00e9rt hi\u00e1nyoznak a specifikus \u00e9s \u00e9rz\u00e9keny sz\u0171r\u0151m\u00f3dszereik, \u00e9s oki megel\u0151z\u0151 m\u00f3dszerek, ter\u00e1pi\u00e1k. Ez \u00f3ri\u00e1si n\u00e9peg\u00e9szs\u00e9g\u00fcgyi kih\u00edv\u00e1st jelent \u00e9s t\u00f6bbgener\u00e1ci\u00f3s hat\u00e1ssal b\u00edr. Ezen hatalmas eg\u00e9szs\u00e9g\u00fcgyi ig\u00e9ny kiel\u00e9g\u00edt\u00e9s\u00e9re nemzetk\u00f6zi konzorciumot \u00e1ll\u00edtottunk \u00f6ssze a sz\u00fcl\u00e9szet, magzati medicina \u00e9s patol\u00f3gia, kardiometabolikus, hematol\u00f3giai \u00e9s immunol\u00f3giai betegs\u00e9gek, g\u00e9pi tanul\u00e1s \u00e9s rendszerbiol\u00f3gia szakembereib\u0151l. Projekt\u00fcnk c\u00e9lja, hogy 1) egyed\u00fcl\u00e1ll\u00f3 biobankot hozzon l\u00e9tre a fogamz\u00e1s el\u0151tt\u0151l a sz\u00fcl\u00e9s ut\u00e1nig longitudin\u00e1lisan gy\u0171jt\u00f6tt anyai, m\u00e9hlep\u00e9nyi \u00e9s \u00fajsz\u00fcl\u00f6tt mint\u00e1kb\u00f3l; 2) az any\u00e1ban, magzatban \u00e9s m\u00e9hlep\u00e9nyben v\u00e9gbemen\u0151 kliniko-patol\u00f3giai \u00e9s molekul\u00e1ris v\u00e1ltoz\u00e1sok r\u00e9szletes jellemz\u00e9s\u00e9t v\u00e9gezze integr\u00e1lt, t\u00f6bbdimenzi\u00f3s rendszerszeml\u00e9lettel; 3) nagy adatokb\u00f3l g\u00e9pi tanul\u00e1si \u00e9s mesters\u00e9ges intelligencia eszk\u00f6z\u00f6kkel azonos\u00edtsa \u00e9s valid\u00e1lja a klinikai v\u00e1ltoz\u00e1sok \u00e9s ter\u00e1pi\u00e1s c\u00e9lpontok molekul\u00e1ris biomarkereit; 4) finom\u00edtsa a nagy sz\u00fcl\u00e9szeti k\u00f3rk\u00e9pek n\u00f3menklat\u00far\u00e1j\u00e1t; \u00e9s 5) \u00fajfajta sz\u0171r\u0151m\u00f3dszereket dolgozzon ki a sz\u00fcl\u00e9szeti szindr\u00f3m\u00e1k \u00e9s CMD-k korai, non-invaz\u00edv sz\u0171r\u00e9s\u00e9re preklinikai f\u00e1zisban. F\u0151 eredm\u00e9ny lesz szem\u00e9lyreszabott megel\u0151z\u0151 eszk\u00f6z\u00f6k kifejleszt\u00e9se, a perinat\u00e1lis \u00e9s CMD morbidit\u00e1s \u00e9s mortalit\u00e1s cs\u00f6kken\u00e9se, az eg\u00e9szs\u00e9g\u00fcgyi kiad\u00e1sok jelent\u0151s cs\u00f6kkent\u00e9se.<\/p>\n<p><img loading=\"lazy\" decoding=\"async\" class=\"alignright\" src=\"https:\/\/semmelweis.hu\/kfipalyazat\/files\/2025\/07\/NKFIA_infoblokk_kerettel_program_fekvo_2019_HU.jpg\" width=\"550\" height=\"233\" \/><\/p>\n","protected":false},"excerpt":{"rendered":"<p>Projekt azonos\u00edt\u00f3 sz\u00e1ma:\u00a02024-1.2.3-HU-RIZONT-2024-00062 Projekt c\u00edme:\u00a04PMEDICINA: Rendszertanulm\u00e1ny a fogantat\u00e1s el\u0151tti id\u0151szakt\u00f3l csecsem\u0151korig a korai rizik\u00f3sz\u0171r\u00e9s \u00e9s szem\u00e9lyre szabott megel\u0151z\u00e9s \u00e9rdek\u00e9ben terhess\u00e9g sor\u00e1n Projekt megval\u00f3s\u00edt\u00e1s\u00e1nak kezdete:\u00a02025.01.01. Projekt fizikai befejez\u00e9s\u00e9nek hat\u00e1rideje:\u00a02027.12.31. T\u00e1mogat\u00e1s \u00f6sszege:\u00a0399.983.076 Ft T\u00e1mogat\u00e1s intenzit\u00e1sa:\u00a0100% \u00a0 Projektr\u0151l:\u00a0 A \u201enagy sz\u00fcl\u00e9szeti k\u00f3rk\u00e9pek\u201d a terhess\u00e9gek 40%-\u00e1ban okoznak komplik\u00e1ci\u00f3kat. Ezen szindr\u00f3m\u00e1k (pl. preeclampsia, magzati retard\u00e1ci\u00f3, vet\u00e9l\u00e9sek) felel\u0151sek a terhess\u00e9g alatti &hellip;<\/p>\n","protected":false},"author":102410,"featured_media":0,"parent":264,"menu_order":7,"comment_status":"closed","ping_status":"closed","template":"","meta":{"_acf_changed":false,"footnotes":""},"categories":[],"tags":[],"class_list":["post-279","page","type-page","status-publish","hentry"],"acf":[],"_links":{"self":[{"href":"https:\/\/semmelweis.hu\/kfipalyazat\/wp-json\/wp\/v2\/pages\/279","targetHints":{"allow":["GET"]}}],"collection":[{"href":"https:\/\/semmelweis.hu\/kfipalyazat\/wp-json\/wp\/v2\/pages"}],"about":[{"href":"https:\/\/semmelweis.hu\/kfipalyazat\/wp-json\/wp\/v2\/types\/page"}],"author":[{"embeddable":true,"href":"https:\/\/semmelweis.hu\/kfipalyazat\/wp-json\/wp\/v2\/users\/102410"}],"replies":[{"embeddable":true,"href":"https:\/\/semmelweis.hu\/kfipalyazat\/wp-json\/wp\/v2\/comments?post=279"}],"version-history":[{"count":2,"href":"https:\/\/semmelweis.hu\/kfipalyazat\/wp-json\/wp\/v2\/pages\/279\/revisions"}],"predecessor-version":[{"id":648,"href":"https:\/\/semmelweis.hu\/kfipalyazat\/wp-json\/wp\/v2\/pages\/279\/revisions\/648"}],"up":[{"embeddable":true,"href":"https:\/\/semmelweis.hu\/kfipalyazat\/wp-json\/wp\/v2\/pages\/264"}],"wp:attachment":[{"href":"https:\/\/semmelweis.hu\/kfipalyazat\/wp-json\/wp\/v2\/media?parent=279"}],"wp:term":[{"taxonomy":"category","embeddable":true,"href":"https:\/\/semmelweis.hu\/kfipalyazat\/wp-json\/wp\/v2\/categories?post=279"},{"taxonomy":"post_tag","embeddable":true,"href":"https:\/\/semmelweis.hu\/kfipalyazat\/wp-json\/wp\/v2\/tags?post=279"}],"curies":[{"name":"wp","href":"https:\/\/api.w.org\/{rel}","templated":true}]}}