{"id":275,"date":"2025-07-03T14:07:12","date_gmt":"2025-07-03T12:07:12","guid":{"rendered":"https:\/\/semmelweis.hu\/kfipalyazat\/?page_id=275"},"modified":"2025-08-14T09:57:12","modified_gmt":"2025-08-14T07:57:12","slug":"2024-1-2-3-hu-rizont-2024-00057","status":"publish","type":"page","link":"https:\/\/semmelweis.hu\/kfipalyazat\/palyazatok\/hazai-palyazatok\/nkfih\/hu-rizont\/2024-1-2-3-hu-rizont-2024-00057\/","title":{"rendered":"2024-1.2.3-HU-RIZONT-2024-00057"},"content":{"rendered":"<p style=\"text-align: justify\"><strong>Projekt azonos\u00edt\u00f3 sz\u00e1ma:<\/strong>\u00a02024-1.2.3-HU-RIZONT-2024-00057<\/p>\n<p style=\"text-align: justify\"><strong>Projekt c\u00edme:<\/strong>\u00a0A volumenterhel\u00e9s induk\u00e1lta jobbkamra-diszfunkci\u00f3 transzl\u00e1ci\u00f3svizsg\u00e1lata: kis\u00e1llat-k\u00eds\u00e9rletekt\u0151l a g\u00e9pi tanul\u00e1s alap\u00fa klinikai d\u00f6nt\u00e9st\u00e1mogat\u00e1sig<\/p>\n<p style=\"text-align: justify\"><strong>Projekt megval\u00f3s\u00edt\u00e1s\u00e1nak kezdete:<\/strong>\u00a02025.01.02.<\/p>\n<p style=\"text-align: justify\"><strong>Projekt fizikai befejez\u00e9s\u00e9nek hat\u00e1rideje:<\/strong>\u00a02028.01.01.<\/p>\n<p style=\"text-align: justify\"><strong>T\u00e1mogat\u00e1s \u00f6sszege:<\/strong>\u00a0387.044.512 Ft<\/p>\n<p style=\"text-align: justify\"><strong>T\u00e1mogat\u00e1s intenzit\u00e1sa:<\/strong>\u00a0100%<\/p>\n<p style=\"text-align: justify\">\u00a0<\/p>\n<p style=\"text-align: justify\"><strong>Projektr\u0151l:\u00a0<\/strong><\/p>\n<p style=\"text-align: justify\">A kisv\u00e9rk\u00f6r kering\u00e9s\u00e9t biztos\u00edt\u00f3 jobb kamra sok\u00e1ig nem volt a klinikai \u00e9s a tudom\u00e1nyos figyelem k\u00f6z\u00e9ppontj\u00e1ban. Az ut\u00f3bbi \u00e9vek kutat\u00e1sai azonban r\u00e1vil\u00e1g\u00edtottak rendk\u00edv\u00fcli jelent\u0151s\u00e9g\u00e9re k\u00fcl\u00f6n\u00f6sk\u00e9ppen trikuszpid\u00e1lis billenty\u0171 el\u00e9gtelens\u00e9gben szenved\u0151 betegek eset\u00e9n. A jobb kamra m\u0171k\u00f6d\u00e9s\u00e9nek pontos meg\u00edt\u00e9l\u00e9se ugyanakkor csak fejlett m\u00f3dszerekkel, invaz\u00edv nyom\u00e1s-t\u00e9rfogat anal\u00edzissel vagy h\u00e1romdimenzi\u00f3s k\u00e9palkot\u00f3 technik\u00e1kkal lehets\u00e9ges. Kutat\u00f3csoportunk \u00e9p\u00edtve az elm\u00falt \u00e9vtized kutat\u00f3munk\u00e1ira c\u00e9lul t\u0171zte ki, hogy kis\u00e1llat-k\u00eds\u00e9rletek, mesters\u00e9ges intelligencia, \u00e9s klinikai vizsg\u00e1latok seg\u00edts\u00e9g\u00e9vel teljesebb k\u00e9pet nyerj\u00fcnk a jobb kamra alapvet\u0151 \u00e9lettan\u00e1r\u00f3l, k\u00f3r\u00e9lettan\u00e1r\u00f3l, illetve k\u00f3ros m\u0171k\u00f6d\u00e9s\u00e9nek a billenty\u0171betegs\u00e9g kimenetel\u00e9ben bet\u00f6lt\u00f6tt szerep\u00e9r\u0151l. Kis\u00e1llat-k\u00eds\u00e9rletek seg\u00edts\u00e9g\u00e9vel r\u00e9szletesen jellemezni k\u00edv\u00e1njuk a volumenterhel\u00e9s induk\u00e1lta jobb kamra diszfunkci\u00f3 kialakul\u00e1s\u00e1t \u00e9s regresszi\u00f3j\u00e1t nyom\u00e1s-t\u00e9rfogat anal\u00edzis seg\u00edts\u00e9g\u00e9vel. Tov\u00e1bb\u00e1 potenci\u00e1lis \u00faj gy\u00f3gyszeres sz\u00edvel\u00e9gtelens\u00e9g ter\u00e1pi\u00e1k jobb kamr\u00e1ra kifejtett hat\u00e1s\u00e1t is vizsg\u00e1ln\u00e1nk, amelyek \u00faj indik\u00e1ci\u00f3ban seg\u00edthetn\u00e9k ezen betegek gy\u00f3gyul\u00e1s\u00e1t. Mesters\u00e9ges intelligencia kutat\u00e1saink egy nagy sz\u00edvultrahangos adatb\u00e1zis, illetve ezen adatok birtok\u00e1ban egy rizik\u00f3 becsl\u0151 modell l\u00e9trehoz\u00e1s\u00e1t c\u00e9lozz\u00e1k, amely azut\u00e1n a mindennapi klinikumban seg\u00edthetn\u00e9 a magas rizik\u00f3j\u00fa betegek kisz\u0171r\u00e9s\u00e9t. Hongkongi kollabor\u00e1ci\u00f3ban egy prospekt\u00edv, ut\u00e1nk\u00f6vet\u00e9ses klinikai vizsg\u00e1lattal \u00e9s fejlett 3D echokardiogr\u00e1fi\u00e1s anal\u00edzis seg\u00edts\u00e9g\u00e9vel azon betegek azonos\u00edt\u00e1s\u00e1ra t\u00f6reksz\u00fcnk, akikn\u00e9l a trikuszpid\u00e1lis billenty\u0171 el\u00e9gtelens\u00e9ge r\u00f6vid id\u0151 alatt sz\u00edvel\u00e9gtelens\u00e9ghez \u00e9s kedvez\u0151tlen klinikai kimenetelhez vezet. Expert trikuszpid\u00e1lis billenty\u0171 intervenci\u00f3s centrumok (M\u00fcnchen \u00e9s Hong Kong) betegeinek elemz\u00e9s\u00e9vel pedig jav\u00edtani szeretn\u00e9nk a betegszelekci\u00f3t \u00e9s a posztoperat\u00edv kimenetelt, hogy ez az innovat\u00edv, de jelenleg k\u00f6lts\u00e9ges beavatkoz\u00e1s Magyarorsz\u00e1gon is k\u00f6lts\u00e9ghat\u00e9kony form\u00e1ban el\u00e9rhet\u0151v\u00e9 v\u00e1ljon.<\/p>\n<p><img loading=\"lazy\" decoding=\"async\" class=\"alignright\" src=\"https:\/\/semmelweis.hu\/kfipalyazat\/files\/2025\/07\/NKFIA_infoblokk_kerettel_program_fekvo_2019_HU.jpg\" width=\"550\" height=\"233\" \/><\/p>\n","protected":false},"excerpt":{"rendered":"<p>Projekt azonos\u00edt\u00f3 sz\u00e1ma:\u00a02024-1.2.3-HU-RIZONT-2024-00057 Projekt c\u00edme:\u00a0A volumenterhel\u00e9s induk\u00e1lta jobbkamra-diszfunkci\u00f3 transzl\u00e1ci\u00f3svizsg\u00e1lata: kis\u00e1llat-k\u00eds\u00e9rletekt\u0151l a g\u00e9pi tanul\u00e1s alap\u00fa klinikai d\u00f6nt\u00e9st\u00e1mogat\u00e1sig Projekt megval\u00f3s\u00edt\u00e1s\u00e1nak kezdete:\u00a02025.01.02. Projekt fizikai befejez\u00e9s\u00e9nek hat\u00e1rideje:\u00a02028.01.01. T\u00e1mogat\u00e1s \u00f6sszege:\u00a0387.044.512 Ft T\u00e1mogat\u00e1s intenzit\u00e1sa:\u00a0100% \u00a0 Projektr\u0151l:\u00a0 A kisv\u00e9rk\u00f6r kering\u00e9s\u00e9t biztos\u00edt\u00f3 jobb kamra sok\u00e1ig nem volt a klinikai \u00e9s a tudom\u00e1nyos figyelem k\u00f6z\u00e9ppontj\u00e1ban. Az ut\u00f3bbi \u00e9vek kutat\u00e1sai azonban r\u00e1vil\u00e1g\u00edtottak rendk\u00edv\u00fcli jelent\u0151s\u00e9g\u00e9re k\u00fcl\u00f6n\u00f6sk\u00e9ppen &hellip;<\/p>\n","protected":false},"author":102410,"featured_media":0,"parent":264,"menu_order":5,"comment_status":"closed","ping_status":"closed","template":"","meta":{"_acf_changed":false,"footnotes":""},"categories":[],"tags":[],"class_list":["post-275","page","type-page","status-publish","hentry"],"acf":[],"_links":{"self":[{"href":"https:\/\/semmelweis.hu\/kfipalyazat\/wp-json\/wp\/v2\/pages\/275","targetHints":{"allow":["GET"]}}],"collection":[{"href":"https:\/\/semmelweis.hu\/kfipalyazat\/wp-json\/wp\/v2\/pages"}],"about":[{"href":"https:\/\/semmelweis.hu\/kfipalyazat\/wp-json\/wp\/v2\/types\/page"}],"author":[{"embeddable":true,"href":"https:\/\/semmelweis.hu\/kfipalyazat\/wp-json\/wp\/v2\/users\/102410"}],"replies":[{"embeddable":true,"href":"https:\/\/semmelweis.hu\/kfipalyazat\/wp-json\/wp\/v2\/comments?post=275"}],"version-history":[{"count":2,"href":"https:\/\/semmelweis.hu\/kfipalyazat\/wp-json\/wp\/v2\/pages\/275\/revisions"}],"predecessor-version":[{"id":646,"href":"https:\/\/semmelweis.hu\/kfipalyazat\/wp-json\/wp\/v2\/pages\/275\/revisions\/646"}],"up":[{"embeddable":true,"href":"https:\/\/semmelweis.hu\/kfipalyazat\/wp-json\/wp\/v2\/pages\/264"}],"wp:attachment":[{"href":"https:\/\/semmelweis.hu\/kfipalyazat\/wp-json\/wp\/v2\/media?parent=275"}],"wp:term":[{"taxonomy":"category","embeddable":true,"href":"https:\/\/semmelweis.hu\/kfipalyazat\/wp-json\/wp\/v2\/categories?post=275"},{"taxonomy":"post_tag","embeddable":true,"href":"https:\/\/semmelweis.hu\/kfipalyazat\/wp-json\/wp\/v2\/tags?post=275"}],"curies":[{"name":"wp","href":"https:\/\/api.w.org\/{rel}","templated":true}]}}