{"id":271,"date":"2025-07-03T14:04:38","date_gmt":"2025-07-03T12:04:38","guid":{"rendered":"https:\/\/semmelweis.hu\/kfipalyazat\/?page_id=271"},"modified":"2025-08-14T09:56:19","modified_gmt":"2025-08-14T07:56:19","slug":"2024-1-2-3-hu-rizont-2024-00055","status":"publish","type":"page","link":"https:\/\/semmelweis.hu\/kfipalyazat\/palyazatok\/hazai-palyazatok\/nkfih\/hu-rizont\/2024-1-2-3-hu-rizont-2024-00055\/","title":{"rendered":"2024-1.2.3-HU-RIZONT-2024-00055"},"content":{"rendered":"<p style=\"text-align: justify\"><strong>Projekt azonos\u00edt\u00f3 sz\u00e1ma:<\/strong>\u00a02024-1.2.3-HU-RIZONT-2024-00055<\/p>\n<p style=\"text-align: justify\"><strong>Projekt c\u00edme:<\/strong>\u00a0Az autoimmun h\u00f3lyagos b\u0151rbetegs\u00e9gek \u00faj c\u00e9lzott ter\u00e1pi\u00e1inak fejleszt\u00e9s\u00e9t megalapoz\u00f3 preklinikai vizsg\u00e1latok<\/p>\n<p style=\"text-align: justify\"><strong>Projekt megval\u00f3s\u00edt\u00e1s\u00e1nak kezdete:<\/strong>\u00a02025.01.01.<\/p>\n<p style=\"text-align: justify\"><strong>Projekt fizikai befejez\u00e9s\u00e9nek hat\u00e1rideje:<\/strong>\u00a02027.12.31.<\/p>\n<p style=\"text-align: justify\"><strong>T\u00e1mogat\u00e1s \u00f6sszege:<\/strong>\u00a0400.000.000 Ft<\/p>\n<p style=\"text-align: justify\"><strong>T\u00e1mogat\u00e1s intenzit\u00e1sa:<\/strong>\u00a0100%<\/p>\n<p style=\"text-align: justify\">\u00a0<\/p>\n<p style=\"text-align: justify\"><strong>Projektr\u0151l:\u00a0<\/strong><\/p>\n<p style=\"text-align: justify\">A pemphigoid betegs\u00e9gek ritka autoimmun h\u00f3lyagos b\u0151r- vagy ny\u00e1lkah\u00e1rtya-betegs\u00e9gek. A leggyakoribb ilyen betegs\u00e9g a f\u0151k\u00e9nt id\u0151sekben el\u0151fordul\u00f3 bullosus pemphigoid. A jelenlegi ter\u00e1pi\u00e1k nagyr\u00e9szt sziszt\u00e9m\u00e1s immunszuppresszi\u00f3ra korl\u00e1toz\u00f3dnak, ami potenci\u00e1lisan \u00e9letvesz\u00e9lyes mell\u00e9khat\u00e1sokkal j\u00e1rhat. A betegs\u00e9g patogenezis\u00e9nek korl\u00e1tozott meg\u00e9rt\u00e9se miatt nem l\u00e9teznek j\u00f3v\u00e1hagyott c\u00e9lzott ter\u00e1pi\u00e1k. A k\u00f6zelm\u00faltban l\u00e9trehoztunk sz\u00e1mos hum\u00e1n \u00e9s eg\u00e9rmodellt a pemphigoid betegs\u00e9gek lehets\u00e9ges ter\u00e1pi\u00e1s c\u00e9lpontjainak azonos\u00edt\u00e1s\u00e1ra. El\u0151zetes k\u00eds\u00e9rleteink a tirozin-kin\u00e1zok \u00e9s a komplement-komponensek fontos szerep\u00e9re utalnak. Javaslatunk egy nagyon ambici\u00f3zus genetikai \u00e9s farmakol\u00f3giai projekt a tirozin-kin\u00e1zok \u00e9s a komplement-komponensek szerep\u00e9nek vizsg\u00e1lat\u00e1ra a pemphigoid betegs\u00e9gek patogenezis\u00e9ben. Hum\u00e1n beteganyagot \u00e9s in vivo eg\u00e9rmodelleket fogunk haszn\u00e1lni k\u00fcl\u00f6nb\u00f6z\u0151 gy\u00f3gyszerjel\u00f6ltek vizsg\u00e1lat\u00e1ra. Sz\u00e1mos \u00faj technol\u00f3gi\u00e1t fogunk kifejleszteni \u00e9s alkalmazni, bele\u00e9rtve \u00faj transzgenikus eg\u00e9rmodelleket, hum\u00e1n iPSC-eredet\u0171 immunsejtek elemz\u00e9s\u00e9t \u00e9s CRISPR\/Cas9-alap\u00fa funkcion\u00e1lis sz\u0171r\u00e9st emberi \u00e9s eg\u00e9r sejteken. K\u00eds\u00e9rleteink tiszt\u00e1zni fogj\u00e1k a tirozin-kin\u00e1zok \u00e9s a komplement-komponensek szerep\u00e9t a pemphigoid betegs\u00e9gekben, megteremtik \u00faj klinikai vizsg\u00e1latok alapjait, \u00e9s lehet\u0151v\u00e9 teszik \u00faj ter\u00e1pi\u00e1s c\u00e9lpontok azonos\u00edt\u00e1s\u00e1t \u00e9s tov\u00e1bbi gy\u00f3gyszerfejleszt\u00e9si m\u00f3dszerek kidolgoz\u00e1s\u00e1t. A projektet egy orvos v\u00e9gzetts\u00e9g\u0171, a gyullad\u00e1skutat\u00e1sban \u00e9s a nemzetk\u00f6zi egy\u00fcttm\u0171k\u00f6d\u00e9sben kiv\u00e9teles tapasztalattal rendelkez\u0151 alapkutat\u00f3 vezeti egy vezet\u0151 klinikai b\u0151rgy\u00f3gy\u00e1sszal egy\u00fctt. Munk\u00e1jukat az elm\u00e9leti \u00e9s klinikai dermatol\u00f3gia kulcsszerepl\u0151i \u00e9s a hum\u00e1n iPSC sejtek nemzetk\u00f6zi szak\u00e9rt\u0151i t\u00e1mogatj\u00e1k. A projekt eredm\u00e9nyeit a pemphigoidos betegek, az elm\u00e9leti \u00e9s klinikai dermatol\u00f3gusok, a tehets\u00e9ges fiatal kutat\u00f3k, valamint a gy\u00f3gyszeripari \u00e9s biotechnol\u00f3giai v\u00e1llalatok is \u00e9lvezik. A projekt megval\u00f3s\u00edthat\u00f3s\u00e1g\u00e1t sz\u00e9lesk\u00f6r\u0171 el\u0151zetes eredm\u00e9nyek \u00e9s folyamatban l\u00e9v\u0151 akt\u00edv egy\u00fcttm\u0171k\u00f6d\u00e9sek biztos\u00edtj\u00e1k.<\/p>\n<p><img loading=\"lazy\" decoding=\"async\" class=\"alignright\" src=\"https:\/\/semmelweis.hu\/kfipalyazat\/files\/2025\/07\/NKFIA_infoblokk_kerettel_program_fekvo_2019_HU.jpg\" width=\"550\" height=\"233\" \/><\/p>\n","protected":false},"excerpt":{"rendered":"<p>Projekt azonos\u00edt\u00f3 sz\u00e1ma:\u00a02024-1.2.3-HU-RIZONT-2024-00055 Projekt c\u00edme:\u00a0Az autoimmun h\u00f3lyagos b\u0151rbetegs\u00e9gek \u00faj c\u00e9lzott ter\u00e1pi\u00e1inak fejleszt\u00e9s\u00e9t megalapoz\u00f3 preklinikai vizsg\u00e1latok Projekt megval\u00f3s\u00edt\u00e1s\u00e1nak kezdete:\u00a02025.01.01. Projekt fizikai befejez\u00e9s\u00e9nek hat\u00e1rideje:\u00a02027.12.31. T\u00e1mogat\u00e1s \u00f6sszege:\u00a0400.000.000 Ft T\u00e1mogat\u00e1s intenzit\u00e1sa:\u00a0100% \u00a0 Projektr\u0151l:\u00a0 A pemphigoid betegs\u00e9gek ritka autoimmun h\u00f3lyagos b\u0151r- vagy ny\u00e1lkah\u00e1rtya-betegs\u00e9gek. A leggyakoribb ilyen betegs\u00e9g a f\u0151k\u00e9nt id\u0151sekben el\u0151fordul\u00f3 bullosus pemphigoid. A jelenlegi ter\u00e1pi\u00e1k nagyr\u00e9szt sziszt\u00e9m\u00e1s immunszuppresszi\u00f3ra korl\u00e1toz\u00f3dnak, &hellip;<\/p>\n","protected":false},"author":102410,"featured_media":0,"parent":264,"menu_order":3,"comment_status":"closed","ping_status":"closed","template":"","meta":{"_acf_changed":false,"footnotes":""},"categories":[],"tags":[],"class_list":["post-271","page","type-page","status-publish","hentry"],"acf":[],"_links":{"self":[{"href":"https:\/\/semmelweis.hu\/kfipalyazat\/wp-json\/wp\/v2\/pages\/271","targetHints":{"allow":["GET"]}}],"collection":[{"href":"https:\/\/semmelweis.hu\/kfipalyazat\/wp-json\/wp\/v2\/pages"}],"about":[{"href":"https:\/\/semmelweis.hu\/kfipalyazat\/wp-json\/wp\/v2\/types\/page"}],"author":[{"embeddable":true,"href":"https:\/\/semmelweis.hu\/kfipalyazat\/wp-json\/wp\/v2\/users\/102410"}],"replies":[{"embeddable":true,"href":"https:\/\/semmelweis.hu\/kfipalyazat\/wp-json\/wp\/v2\/comments?post=271"}],"version-history":[{"count":3,"href":"https:\/\/semmelweis.hu\/kfipalyazat\/wp-json\/wp\/v2\/pages\/271\/revisions"}],"predecessor-version":[{"id":643,"href":"https:\/\/semmelweis.hu\/kfipalyazat\/wp-json\/wp\/v2\/pages\/271\/revisions\/643"}],"up":[{"embeddable":true,"href":"https:\/\/semmelweis.hu\/kfipalyazat\/wp-json\/wp\/v2\/pages\/264"}],"wp:attachment":[{"href":"https:\/\/semmelweis.hu\/kfipalyazat\/wp-json\/wp\/v2\/media?parent=271"}],"wp:term":[{"taxonomy":"category","embeddable":true,"href":"https:\/\/semmelweis.hu\/kfipalyazat\/wp-json\/wp\/v2\/categories?post=271"},{"taxonomy":"post_tag","embeddable":true,"href":"https:\/\/semmelweis.hu\/kfipalyazat\/wp-json\/wp\/v2\/tags?post=271"}],"curies":[{"name":"wp","href":"https:\/\/api.w.org\/{rel}","templated":true}]}}