{"id":269,"date":"2025-07-03T14:03:00","date_gmt":"2025-07-03T12:03:00","guid":{"rendered":"https:\/\/semmelweis.hu\/kfipalyazat\/?page_id=269"},"modified":"2025-08-25T10:20:24","modified_gmt":"2025-08-25T08:20:24","slug":"2024-1-2-3-hu-rizont-2024-00026","status":"publish","type":"page","link":"https:\/\/semmelweis.hu\/kfipalyazat\/palyazatok\/hazai-palyazatok\/nkfih\/hu-rizont\/2024-1-2-3-hu-rizont-2024-00026\/","title":{"rendered":"2024-1.2.3-HU-RIZONT-2024-00026"},"content":{"rendered":"<p style=\"text-align: justify\"><strong>Projekt azonos\u00edt\u00f3 sz\u00e1ma:<\/strong>\u00a02024-1.2.3-HU-RIZONT-2024-00026<\/p>\n<p style=\"text-align: justify\"><strong>Projekt c\u00edme:<\/strong>\u00a0Mesters\u00e9ges intelligencia-alap\u00fa gy\u00f3gyszer kutat\u00e1si platform fejleszt\u00e9se: mikroRNS-ter\u00e1pia alkalmaz\u00e1sa kardiometabolikus \u00e9s onkol\u00f3giai betegs\u00e9gek eset\u00e9ben<\/p>\n<p style=\"text-align: justify\"><strong>Projekt megval\u00f3s\u00edt\u00e1s\u00e1nak kezdete:<\/strong> 2025.03.01.<\/p>\n<p style=\"text-align: justify\"><strong>Projekt fizikai befejez\u00e9s\u00e9nek hat\u00e1rideje:<\/strong> 2028.02.29.<\/p>\n<p style=\"text-align: justify\"><strong>T\u00e1mogat\u00e1s \u00f6sszege:<\/strong>\u00a0400.000.000 Ft<\/p>\n<p style=\"text-align: justify\"><strong>T\u00e1mogat\u00e1s intenzit\u00e1sa:<\/strong>\u00a0100%<\/p>\n<p style=\"text-align: justify\">\u00a0<\/p>\n<p style=\"text-align: justify\"><strong>Projektr\u0151l:\u00a0<\/strong><\/p>\n<p style=\"text-align: justify\">Az iszk\u00e9mi\u00e1s sz\u00edvbetegs\u00e9gek (sz\u00edvinfarktus \u00e9s az azt k\u00f6vet\u0151 sz\u00edvel\u00e9gtelens\u00e9g) \u00e9s sz\u00e1mos onkol\u00f3giai betegs\u00e9g kezel\u00e9s\u00e9re m\u00e9g mindig kiel\u00e9g\u00edtetlen klinikai sz\u00fcks\u00e9gletek vannak. A nem k\u00f3dol\u00f3 oligonukleotid molekul\u00e1k, a t\u00f6bb g\u00e9nt c\u00e9lz\u00f3 mikroRNS-ek (miRNS) egy transzkriptomikai dinamikus molekul\u00e1ris h\u00e1l\u00f3zatot alkotnak. A molekul\u00e1ris h\u00e1l\u00f3zat c\u00e9lzott perturb\u00e1ci\u00f3ja lehet\u0151s\u00e9get ad a komplex molekul\u00e1ris mechanizmusokon alapul\u00f3 betegs\u00e9gek kezel\u00e9s\u00e9re. Ezeket a miRNS-eket Protectomirsnek nevezt\u00fck el. A ProtectomiR ter\u00e1pia \u00e1tt\u00f6r\u00e9st jelenthet az olyan komplex betegs\u00e9gek kezel\u00e9s\u00e9ben, mint a sz\u00edvinfarktus. Tov\u00e1bb\u00e1 sz\u00e1mos rosszindulat\u00fa daganatt\u00edpus m\u00e9g mindig nem rendelkezik hat\u00e9kony c\u00e9lzott ter\u00e1pi\u00e1val. \u00dagy v\u00e9lj\u00fck, hogy a mesters\u00e9ges intelligencia eszk\u00f6zeit is mag\u00e1ban foglal\u00f3 h\u00e1l\u00f3zatelm\u00e9leti bioinformatikai megk\u00f6zel\u00edt\u00e9s\u00fcnk seg\u00edts\u00e9g\u00e9vel k\u00e9pesek lesz\u00fcnk \u00faj, r\u00e1kellenes miRNS-eket felfedezni (ezeket a miRNS-eket AntitumiR-eknek nevezt\u00fck). Az \u00e1ltalunk kifejlesztett algoritmusok teljes\u00edtm\u00e9nye g\u00e9pi tanul\u00e1ssal jelent\u0151sen jav\u00edthat\u00f3, hogy hat\u00e9kony gy\u00f3gyszerkutat\u00e1si platformot \u00e9rj\u00fcnk el.<\/p>\n<p style=\"text-align: justify\">A projekt c\u00e9ljai:<br \/>\n1. \u00daj ProtectomiR-ek felfedez\u00e9se a gy\u00f3gyszerkutat\u00e1si platformunk seg\u00edts\u00e9g\u00e9vel, valamint \u00faj \u00e9s kor\u00e1bban felfedezett, valid\u00e1lt \u00e9s szabadalmaztatott ProtectomiR-ek fejleszt\u00e9se a k\u00e9s\u0151i preklinikai f\u00e1zisokig.<br \/>\n2. A ProtectomiR \u00e9s AntitumiR oligonukleotid molekul\u00e1k k\u00e9miai szerkezet\u00e9nek optimaliz\u00e1l\u00e1sa a jobb hat\u00e9konys\u00e1g \u00e9s biztons\u00e1goss\u00e1g el\u00e9r\u00e9se \u00e9rdek\u00e9ben.<br \/>\n3. A ProtectomiR \u00e9s AntitumiR oligonukleotid molekul\u00e1k c\u00e9lzott sz\u00f6vetekbe \u00e9s sejtekbe t\u00f6rt\u00e9n\u0151 bejuttat\u00e1s\u00e1nak optimaliz\u00e1l\u00e1sa extracellul\u00e1ris vezikul\u00e1k (EV) seg\u00edts\u00e9g\u00e9vel.<br \/>\n4. \u00dajszer\u0171 antitumorR-ek felfedez\u00e9se a gy\u00f3gyszerkutat\u00e1si platformunkkal \u00e9s fejleszt\u00e9se (hat\u00e9konys\u00e1gi \u00e9s biztons\u00e1goss\u00e1gi vizsg\u00e1latok) a k\u00e9s\u0151i preklinikai f\u00e1zisokig (a TRL6-ig, amely a licencszerz\u0151d\u00e9s megk\u00f6t\u00e9s\u00e9re alkalmas szakasz).<br \/>\n5. Egy olyan miRNS hat\u00f3anyag-kutat\u00f3 szoftver (miRNAI) kifejleszt\u00e9se.<\/p>\n<p><img loading=\"lazy\" decoding=\"async\" class=\"alignright\" src=\"https:\/\/semmelweis.hu\/kfipalyazat\/files\/2025\/07\/NKFIA_infoblokk_kerettel_program_fekvo_2019_HU.jpg\" width=\"550\" height=\"233\" \/><\/p>\n","protected":false},"excerpt":{"rendered":"<p>Projekt azonos\u00edt\u00f3 sz\u00e1ma:\u00a02024-1.2.3-HU-RIZONT-2024-00026 Projekt c\u00edme:\u00a0Mesters\u00e9ges intelligencia-alap\u00fa gy\u00f3gyszer kutat\u00e1si platform fejleszt\u00e9se: mikroRNS-ter\u00e1pia alkalmaz\u00e1sa kardiometabolikus \u00e9s onkol\u00f3giai betegs\u00e9gek eset\u00e9ben Projekt megval\u00f3s\u00edt\u00e1s\u00e1nak kezdete: 2025.03.01. Projekt fizikai befejez\u00e9s\u00e9nek hat\u00e1rideje: 2028.02.29. T\u00e1mogat\u00e1s \u00f6sszege:\u00a0400.000.000 Ft T\u00e1mogat\u00e1s intenzit\u00e1sa:\u00a0100% \u00a0 Projektr\u0151l:\u00a0 Az iszk\u00e9mi\u00e1s sz\u00edvbetegs\u00e9gek (sz\u00edvinfarktus \u00e9s az azt k\u00f6vet\u0151 sz\u00edvel\u00e9gtelens\u00e9g) \u00e9s sz\u00e1mos onkol\u00f3giai betegs\u00e9g kezel\u00e9s\u00e9re m\u00e9g mindig kiel\u00e9g\u00edtetlen klinikai sz\u00fcks\u00e9gletek vannak. A nem &hellip;<\/p>\n","protected":false},"author":102410,"featured_media":0,"parent":264,"menu_order":2,"comment_status":"closed","ping_status":"closed","template":"","meta":{"_acf_changed":false,"footnotes":""},"categories":[],"tags":[],"class_list":["post-269","page","type-page","status-publish","hentry"],"acf":[],"_links":{"self":[{"href":"https:\/\/semmelweis.hu\/kfipalyazat\/wp-json\/wp\/v2\/pages\/269","targetHints":{"allow":["GET"]}}],"collection":[{"href":"https:\/\/semmelweis.hu\/kfipalyazat\/wp-json\/wp\/v2\/pages"}],"about":[{"href":"https:\/\/semmelweis.hu\/kfipalyazat\/wp-json\/wp\/v2\/types\/page"}],"author":[{"embeddable":true,"href":"https:\/\/semmelweis.hu\/kfipalyazat\/wp-json\/wp\/v2\/users\/102410"}],"replies":[{"embeddable":true,"href":"https:\/\/semmelweis.hu\/kfipalyazat\/wp-json\/wp\/v2\/comments?post=269"}],"version-history":[{"count":4,"href":"https:\/\/semmelweis.hu\/kfipalyazat\/wp-json\/wp\/v2\/pages\/269\/revisions"}],"predecessor-version":[{"id":691,"href":"https:\/\/semmelweis.hu\/kfipalyazat\/wp-json\/wp\/v2\/pages\/269\/revisions\/691"}],"up":[{"embeddable":true,"href":"https:\/\/semmelweis.hu\/kfipalyazat\/wp-json\/wp\/v2\/pages\/264"}],"wp:attachment":[{"href":"https:\/\/semmelweis.hu\/kfipalyazat\/wp-json\/wp\/v2\/media?parent=269"}],"wp:term":[{"taxonomy":"category","embeddable":true,"href":"https:\/\/semmelweis.hu\/kfipalyazat\/wp-json\/wp\/v2\/categories?post=269"},{"taxonomy":"post_tag","embeddable":true,"href":"https:\/\/semmelweis.hu\/kfipalyazat\/wp-json\/wp\/v2\/tags?post=269"}],"curies":[{"name":"wp","href":"https:\/\/api.w.org\/{rel}","templated":true}]}}