{"id":260,"date":"2025-07-03T13:47:07","date_gmt":"2025-07-03T11:47:07","guid":{"rendered":"https:\/\/semmelweis.hu\/kfipalyazat\/?page_id=260"},"modified":"2026-01-27T11:58:28","modified_gmt":"2026-01-27T10:58:28","slug":"2020-2-1-1-ed-2024-00298","status":"publish","type":"page","link":"https:\/\/semmelweis.hu\/kfipalyazat\/palyazatok\/hazai-palyazatok\/nkfih\/kormanyzati-onero-alap\/2020-2-1-1-ed-2024-00298\/","title":{"rendered":"2020-2.1.1-ED-2024-00298"},"content":{"rendered":"<p style=\"text-align: justify\"><strong>Projekt azonos\u00edt\u00f3 sz\u00e1ma:<\/strong>\u00a02020-2.1.1-ED-2024-00298<\/p>\n<p style=\"text-align: justify\"><strong>Projekt c\u00edme:<\/strong>\u00a0ALLIANCE4LIFE BRIDGING THE RESEARCH AND INNOVATION GAP IN LIFE SCIENCES \u2013 A4L_BRIDGE<\/p>\n<p style=\"text-align: justify\"><strong>Projekt megval\u00f3s\u00edt\u00e1s\u00e1nak kezdete:<\/strong>\u00a02024.09.01.<\/p>\n<p style=\"text-align: justify\"><strong>Projekt fizikai befejez\u00e9s\u00e9nek hat\u00e1rideje:<\/strong>\u00a02028.08.31.<\/p>\n<p style=\"text-align: justify\"><strong>T\u00e1mogat\u00e1s \u00f6sszege:<\/strong>\u00a091.526.135 Ft<\/p>\n<p style=\"text-align: justify\"><strong>T\u00e1mogat\u00e1s intenzit\u00e1sa:<\/strong>\u00a0100%<\/p>\n<p style=\"text-align: justify\">\u00a0<\/p>\n<p style=\"text-align: justify\"><strong>Projektr\u0151l:\u00a0<\/strong><\/p>\n<p style=\"text-align: justify\">A Nyugat- \u00e9s Kelet-Eur\u00f3pa k\u00f6z\u00f6tt tov\u00e1bbra is fenn\u00e1ll\u00f3 K+F elt\u00e9r\u00e9s komoly kih\u00edv\u00e1st jelent az EU sz\u00e1m\u00e1ra. Az elt\u00e9r\u00e9s mag\u00e1ban foglalja a kev\u00e9sb\u00e9 fejlett K+F \u00f6kosziszt\u00e9m\u00e1kat, a tehets\u00e9gek vonz\u00e1s\u00e1nak \u00e9s megtart\u00e1s\u00e1nak alacsonyabb k\u00e9pess\u00e9g\u00e9t, a modern hum\u00e1n-er\u0151forr\u00e1s gazd\u00e1lkod\u00e1s hi\u00e1ny\u00e1t, valamint az ipar\u00e1g \u00e9s a tudom\u00e1nyos szf\u00e9ra t\u00f6redezett egy\u00fcttm\u0171k\u00f6d\u00e9s\u00e9t. A K\u00f6z\u00e9p- \u00e9s Kelet-Eur\u00f3pa r\u00e9gi\u00f3 (CEE) helyzet\u00e9nek jav\u00edt\u00e1sa \u00e9rdek\u00e9ben az Alliance for Life Sciences (Alliance4Life) 11 kelet-k\u00f6z\u00e9p-eur\u00f3pai orsz\u00e1g 12 eg\u00e9szs\u00e9g\u00fcgyi kutat\u00f3int\u00e9zet\u00e9b\u0151l \u00e9s egyetem\u00e9b\u0151l j\u00f6tt l\u00e9tre. 2018 \u00f3ta a modern int\u00e9zm\u00e9nyi ir\u00e1ny\u00edt\u00e1s \u00e9s a kiv\u00e1l\u00f3 k\u00f6z\u00e9p-kelet-eur\u00f3pai kutat\u00e1s k\u00f6z\u00f6ss\u00e9g\u00e9v\u00e9 \u00e9s p\u00e9ldak\u00e9p\u00e9v\u00e9 v\u00e1lt, strat\u00e9giai int\u00e9zm\u00e9nyi reform-megold\u00e1sokat dolgozott ki, \u00e9s hat\u00e1st gyakorolt a nemzeti K+F rendszerekre, \u00e9s az EU K+F politik\u00e1j\u00e1ra. Az A4L_BRIDGE projekttel a sz\u00f6vets\u00e9g a kor\u00e1bbi, sikeresen kialak\u00edtott strat\u00e9giai v\u00e1ltoz\u00e1sok sz\u00e9lesebb k\u00f6r\u0171 megval\u00f3s\u00edt\u00e1s\u00e1ra \u00f6sszpontos\u00edt a versenyk\u00e9pess\u00e9g \u00e9s az innov\u00e1ci\u00f3s k\u00e9pess\u00e9gek n\u00f6vel\u00e9s\u00e9ben, \u00e9s imm\u00e1r a fels\u0151oktat\u00e1si kiv\u00e1l\u00f3s\u00e1gra is f\u00f3kusz\u00e1l. A tudom\u00e1nyos egy\u00fcttm\u0171k\u00f6d\u00e9st a k\u00fcl\u00f6nb\u00f6z\u0151 kutat\u00f3csoportokat \u00f6sszekapcsol\u00f3 Virtu\u00e1lis Kutat\u00f3k\u00f6zpont er\u0151s\u00edti majd, \u00e9s a magvet\u0151 finansz\u00edroz\u00e1snak (Seed Fund) k\u00f6sz\u00f6nhet\u0151en az indul\u00f3 kutat\u00e1si projektek a K\u00f6z\u00e9p-Kelet-Eur\u00f3p\u00e1b\u00f3l sz\u00e1rmaz\u00f3 szellemi tulajdon haszn\u00e1lat\u00e1val k\u00e9sz\u00fclnek, amelyeket k\u00e9s\u0151bb Horizon Europe projektt\u00e9 lehet fejleszteni. Az Alliance4Life egy komplex oktat\u00e1si m\u00e1trixot dolgoz ki, amely mag\u00e1ban foglalja a mentor\u00e1l\u00e1st, az e-learninget \u00e9s a nemzetk\u00f6zi szakmai gyakorlatokat, mind az akad\u00e9miai, mind a nem akad\u00e9miai szem\u00e9lyzetet megc\u00e9lozva karrierj\u00fck minden szakasz\u00e1ban. Az Ipari Kapcsolatok Platform \u00f6szt\u00f6n\u00f6zni k\u00edv\u00e1nja a tud\u00e1s\u00e1tad\u00e1st \u00e9s az alkalmazott kutat\u00e1si projektekben val\u00f3 r\u00e9szv\u00e9telt. A t\u00e1rsadalmi szervezeteket, szerepl\u0151ket felk\u00e9rik a kutat\u00e1sok v\u00e9lem\u00e9nyez\u00e9s\u00e9re \u00e9s alak\u00edt\u00e1s\u00e1ra, \u00e9s az eg\u00e9szs\u00e9g\u00fcgyi kutat\u00e1si eredm\u00e9nyek haszn\u00e1l\u00f3inak sz\u00f3l\u00f3 rendezv\u00e9nyeken is megsz\u00f3l\u00edtj\u00e1k \u0151ket. Az esem\u00e9nyek, webin\u00e1riumok \u00e9s disszemin\u00e1ci\u00f3s tev\u00e9kenys\u00e9gek a nemzeti \u00e9s politikai d\u00f6nt\u00e9shoz\u00f3kat c\u00e9lozz\u00e1k meg, n\u00e9pszer\u0171s\u00edtve az ERA \u00e9rt\u00e9keit, t\u00e1mogatva a gyeng\u00e9n teljes\u00edt\u0151 r\u00e9gi\u00f3k a K+F teljes\u00edtm\u00e9ny\u00e9nek jav\u00edt\u00e1s\u00e1t. Az A4L_BRIDGE projekt \u00edgy jelent\u0151sen hozz\u00e1j\u00e1rul majd az EU-n bel\u00fcli K+F elt\u00e9r\u00e9sek \u00e1thidal\u00e1s\u00e1hoz.<\/p>\n<p>&nbsp;<\/p>\n<p><a href=\"https:\/\/alliance4life.com\/news-events\/news\/from-hr-policies-to-daily-practice-what-actually-changed-in-central-and-eastern-european-research-institutions\" target=\"_blank\" rel=\"noopener\">From HR Policies to Daily Practice: What Actually Changed in Central and Eastern European Research Institutions?<\/a><\/p>\n<p><img loading=\"lazy\" decoding=\"async\" class=\"alignright\" src=\"https:\/\/semmelweis.hu\/kfipalyazat\/files\/2025\/07\/NKFIA_infoblokk_kerettel_program_fekvo_2019_HU.jpg\" width=\"550\" height=\"233\" \/><\/p>\n","protected":false},"excerpt":{"rendered":"<p>Projekt azonos\u00edt\u00f3 sz\u00e1ma:\u00a02020-2.1.1-ED-2024-00298 Projekt c\u00edme:\u00a0ALLIANCE4LIFE BRIDGING THE RESEARCH AND INNOVATION GAP IN LIFE SCIENCES \u2013 A4L_BRIDGE Projekt megval\u00f3s\u00edt\u00e1s\u00e1nak kezdete:\u00a02024.09.01. Projekt fizikai befejez\u00e9s\u00e9nek hat\u00e1rideje:\u00a02028.08.31. T\u00e1mogat\u00e1s \u00f6sszege:\u00a091.526.135 Ft T\u00e1mogat\u00e1s intenzit\u00e1sa:\u00a0100% \u00a0 Projektr\u0151l:\u00a0 A Nyugat- \u00e9s Kelet-Eur\u00f3pa k\u00f6z\u00f6tt tov\u00e1bbra is fenn\u00e1ll\u00f3 K+F elt\u00e9r\u00e9s komoly kih\u00edv\u00e1st jelent az EU sz\u00e1m\u00e1ra. Az elt\u00e9r\u00e9s mag\u00e1ban foglalja a kev\u00e9sb\u00e9 fejlett K+F \u00f6kosziszt\u00e9m\u00e1kat, &hellip;<\/p>\n","protected":false},"author":102410,"featured_media":0,"parent":229,"menu_order":14,"comment_status":"closed","ping_status":"closed","template":"","meta":{"_acf_changed":false,"footnotes":""},"categories":[],"tags":[],"class_list":["post-260","page","type-page","status-publish","hentry"],"acf":[],"_links":{"self":[{"href":"https:\/\/semmelweis.hu\/kfipalyazat\/wp-json\/wp\/v2\/pages\/260","targetHints":{"allow":["GET"]}}],"collection":[{"href":"https:\/\/semmelweis.hu\/kfipalyazat\/wp-json\/wp\/v2\/pages"}],"about":[{"href":"https:\/\/semmelweis.hu\/kfipalyazat\/wp-json\/wp\/v2\/types\/page"}],"author":[{"embeddable":true,"href":"https:\/\/semmelweis.hu\/kfipalyazat\/wp-json\/wp\/v2\/users\/102410"}],"replies":[{"embeddable":true,"href":"https:\/\/semmelweis.hu\/kfipalyazat\/wp-json\/wp\/v2\/comments?post=260"}],"version-history":[{"count":4,"href":"https:\/\/semmelweis.hu\/kfipalyazat\/wp-json\/wp\/v2\/pages\/260\/revisions"}],"predecessor-version":[{"id":944,"href":"https:\/\/semmelweis.hu\/kfipalyazat\/wp-json\/wp\/v2\/pages\/260\/revisions\/944"}],"up":[{"embeddable":true,"href":"https:\/\/semmelweis.hu\/kfipalyazat\/wp-json\/wp\/v2\/pages\/229"}],"wp:attachment":[{"href":"https:\/\/semmelweis.hu\/kfipalyazat\/wp-json\/wp\/v2\/media?parent=260"}],"wp:term":[{"taxonomy":"category","embeddable":true,"href":"https:\/\/semmelweis.hu\/kfipalyazat\/wp-json\/wp\/v2\/categories?post=260"},{"taxonomy":"post_tag","embeddable":true,"href":"https:\/\/semmelweis.hu\/kfipalyazat\/wp-json\/wp\/v2\/tags?post=260"}],"curies":[{"name":"wp","href":"https:\/\/api.w.org\/{rel}","templated":true}]}}