{"id":257,"date":"2025-07-03T13:45:59","date_gmt":"2025-07-03T11:45:59","guid":{"rendered":"https:\/\/semmelweis.hu\/kfipalyazat\/?page_id=257"},"modified":"2025-08-14T09:54:20","modified_gmt":"2025-08-14T07:54:20","slug":"2020-2-1-1-ed-2024-00292","status":"publish","type":"page","link":"https:\/\/semmelweis.hu\/kfipalyazat\/palyazatok\/hazai-palyazatok\/nkfih\/kormanyzati-onero-alap\/2020-2-1-1-ed-2024-00292\/","title":{"rendered":"2020-2.1.1-ED-2024-00292"},"content":{"rendered":"<p style=\"text-align: justify\"><strong>Projekt azonos\u00edt\u00f3 sz\u00e1ma:<\/strong>\u00a02020-2.1.1-ED-2024-00292<\/p>\n<p style=\"text-align: justify\"><strong>Projekt c\u00edme:<\/strong>\u00a0EUniWell \u2013 Well-Being for our Futures (EUniWellWeFF)<\/p>\n<p style=\"text-align: justify\"><strong>Projekt megval\u00f3s\u00edt\u00e1s\u00e1nak kezdete:<\/strong>\u00a02023.11.01.<\/p>\n<p style=\"text-align: justify\"><strong>Projekt fizikai befejez\u00e9s\u00e9nek hat\u00e1rideje:<\/strong>\u00a02027.10.31.<\/p>\n<p style=\"text-align: justify\"><strong>T\u00e1mogat\u00e1s \u00f6sszege:<\/strong>\u00a0429.413.076 Ft<\/p>\n<p style=\"text-align: justify\"><strong>T\u00e1mogat\u00e1s intenzit\u00e1sa:<\/strong>\u00a0100%<\/p>\n<p style=\"text-align: justify\">\u00a0<\/p>\n<p style=\"text-align: justify\"><strong>Projektr\u0151l:\u00a0<\/strong><\/p>\n<p style=\"text-align: justify\">\u201eA EUniWell (European University for Well-Being) \u2013 Eur\u00f3pai Egyetem a J\u00f3ll\u00e9t\u00e9rt \u2013 egyike annak az 50 eur\u00f3pai egyetemi sz\u00f6vets\u00e9gnek, amelyet az Eur\u00f3pai Bizotts\u00e1g az ERASMUS+ program keret\u00e9ben 2020-ban finansz\u00edroz\u00e1sra v\u00e1lasztott ki.<br \/>\nA 2020 \u00e9s 2023 k\u00f6z\u00f6tt tart\u00f3 bevezet\u0151 id\u0151szak sor\u00e1n a EUniWell h\u00e9ttag\u00fa sz\u00f6vets\u00e9gb\u0151l tizenegy tag\u00fav\u00e1 n\u0151tt. Jelenleg 11 egyetemet \u00e9s azon bel\u00fcl t\u00f6bb mint 330 000 hallgat\u00f3t, valamint k\u00f6zel 60 000 egyetemi alkalmazottat foglal mag\u00e1ban, nyolc k\u00fcl\u00f6nb\u00f6z\u0151 eur\u00f3pai orsz\u00e1gb\u00f3l.<br \/>\nA EUniWell sz\u00f6vets\u00e9g jelenlegi tagjai: Birminghami Egyetem (Egyes\u00fclt Kir\u00e1lys\u00e1g), Firenzei Egyetem (Olaszorsz\u00e1g), Konstanzi Egyetem (N\u00e9metorsz\u00e1g), K\u00f6lni Egyetem (N\u00e9metorsz\u00e1g), Linnaeus Egyetem (Sv\u00e9dorsz\u00e1g), Murciai Egyetem (Spanyolorsz\u00e1g), Nantesi Egyetem (Franciaorsz\u00e1g), Santiago de Compostelai Egyetem (Spanyolorsz\u00e1g), Semmelweis Egyetem (Magyarorsz\u00e1g) \u00e9s a kijevi Taras Shevchenko Nemzeti Egyetem (Ukrajna).<br \/>\nA tagegyetemeken k\u00edv\u00fcl a EUniWell-t t\u00f6bb mint 100 t\u00e1rsult partner t\u00e1mogatja.<br \/>\nA EUniWell partneregyetemek f\u0151 c\u00e9lkit\u0171z\u00e9se, hogy k\u00f6z\u00f6s kutat\u00e1si \u00e9s oktat\u00e1si menetrendet dolgozzanak ki a j\u00f3ll\u00e9t (well-being) t\u00e9mak\u00f6r\u00e9ben, s \u00edgy meg\u00e9rts\u00e9k, jav\u00edts\u00e1k, m\u00e9rj\u00e9k \u00e9s \u00fajra egyens\u00falyba hozz\u00e1k az egy\u00e9nek, a k\u00f6z\u00f6ss\u00e9gek, a k\u00f6rnyezet \u00e9s a t\u00e1rsadalom j\u00f3ll\u00e9t\u00e9t, region\u00e1lis, eur\u00f3pai \u00e9s glob\u00e1lis szintjen. L\u00e9nyeg\u00e9ben a EUniWell egy \u00faj fels\u0151oktat\u00e1si szervezetnek tekinti mag\u00e1t wellbeing-re f\u00f3kusz\u00e1l\u00f3 c\u00e9lokkal.<br \/>\nA EUniWell konzorcium tagjai a 2023. novembert\u0151l kezd\u0151d\u0151 n\u00e9gy\u00e9ves id\u0151szakra k\u00f6z\u00f6sen dolgozt\u00e1k ki azokat a terveket, miszerint a tagegyetemek \u00f6sszefog\u00e1s\u00e1val kiterjesztik a sz\u00f6vets\u00e9g oktat\u00e1sra, kutat\u00e1sra, innov\u00e1ci\u00f3ra, transzferre \u00e9s k\u00f6z\u00f6ss\u00e9gi elk\u00f6telezetts\u00e9gre vonatkoz\u00f3 innovat\u00edv \u00e9s interdiszciplin\u00e1ris megk\u00f6zel\u00edt\u00e9s\u00e9t.<br \/>\nAz Eur\u00f3pai Bizotts\u00e1g j\u00f3v\u00e1hagyva a terveket \u00e9s 2023. j\u00falius 3-\u00e1n bejelentette, hogy 14,4 milli\u00f3 eur\u00f3s finansz\u00edroz\u00e1st biztos\u00edt a sz\u00f6vets\u00e9gnek a megval\u00f3s\u00edt\u00e1shoz.\u201d<\/p>\n<p><img loading=\"lazy\" decoding=\"async\" class=\"alignright\" src=\"https:\/\/semmelweis.hu\/kfipalyazat\/files\/2025\/07\/NKFIA_infoblokk_kerettel_program_fekvo_2019_HU.jpg\" width=\"550\" height=\"233\" \/><\/p>\n","protected":false},"excerpt":{"rendered":"<p>Projekt azonos\u00edt\u00f3 sz\u00e1ma:\u00a02020-2.1.1-ED-2024-00292 Projekt c\u00edme:\u00a0EUniWell \u2013 Well-Being for our Futures (EUniWellWeFF) Projekt megval\u00f3s\u00edt\u00e1s\u00e1nak kezdete:\u00a02023.11.01. Projekt fizikai befejez\u00e9s\u00e9nek hat\u00e1rideje:\u00a02027.10.31. T\u00e1mogat\u00e1s \u00f6sszege:\u00a0429.413.076 Ft T\u00e1mogat\u00e1s intenzit\u00e1sa:\u00a0100% \u00a0 Projektr\u0151l:\u00a0 \u201eA EUniWell (European University for Well-Being) \u2013 Eur\u00f3pai Egyetem a J\u00f3ll\u00e9t\u00e9rt \u2013 egyike annak az 50 eur\u00f3pai egyetemi sz\u00f6vets\u00e9gnek, amelyet az Eur\u00f3pai Bizotts\u00e1g az ERASMUS+ program keret\u00e9ben 2020-ban finansz\u00edroz\u00e1sra v\u00e1lasztott &hellip;<\/p>\n","protected":false},"author":102410,"featured_media":0,"parent":229,"menu_order":13,"comment_status":"closed","ping_status":"closed","template":"","meta":{"_acf_changed":false,"footnotes":""},"categories":[],"tags":[],"class_list":["post-257","page","type-page","status-publish","hentry"],"acf":[],"_links":{"self":[{"href":"https:\/\/semmelweis.hu\/kfipalyazat\/wp-json\/wp\/v2\/pages\/257","targetHints":{"allow":["GET"]}}],"collection":[{"href":"https:\/\/semmelweis.hu\/kfipalyazat\/wp-json\/wp\/v2\/pages"}],"about":[{"href":"https:\/\/semmelweis.hu\/kfipalyazat\/wp-json\/wp\/v2\/types\/page"}],"author":[{"embeddable":true,"href":"https:\/\/semmelweis.hu\/kfipalyazat\/wp-json\/wp\/v2\/users\/102410"}],"replies":[{"embeddable":true,"href":"https:\/\/semmelweis.hu\/kfipalyazat\/wp-json\/wp\/v2\/comments?post=257"}],"version-history":[{"count":3,"href":"https:\/\/semmelweis.hu\/kfipalyazat\/wp-json\/wp\/v2\/pages\/257\/revisions"}],"predecessor-version":[{"id":637,"href":"https:\/\/semmelweis.hu\/kfipalyazat\/wp-json\/wp\/v2\/pages\/257\/revisions\/637"}],"up":[{"embeddable":true,"href":"https:\/\/semmelweis.hu\/kfipalyazat\/wp-json\/wp\/v2\/pages\/229"}],"wp:attachment":[{"href":"https:\/\/semmelweis.hu\/kfipalyazat\/wp-json\/wp\/v2\/media?parent=257"}],"wp:term":[{"taxonomy":"category","embeddable":true,"href":"https:\/\/semmelweis.hu\/kfipalyazat\/wp-json\/wp\/v2\/categories?post=257"},{"taxonomy":"post_tag","embeddable":true,"href":"https:\/\/semmelweis.hu\/kfipalyazat\/wp-json\/wp\/v2\/tags?post=257"}],"curies":[{"name":"wp","href":"https:\/\/api.w.org\/{rel}","templated":true}]}}