{"id":255,"date":"2025-07-03T13:44:29","date_gmt":"2025-07-03T11:44:29","guid":{"rendered":"https:\/\/semmelweis.hu\/kfipalyazat\/?page_id=255"},"modified":"2026-01-29T09:27:18","modified_gmt":"2026-01-29T08:27:18","slug":"2020-2-1-1-ed-2024-00291","status":"publish","type":"page","link":"https:\/\/semmelweis.hu\/kfipalyazat\/palyazatok\/hazai-palyazatok\/nkfih\/kormanyzati-onero-alap\/2020-2-1-1-ed-2024-00291\/","title":{"rendered":"2020-2.1.1-ED-2024-00291"},"content":{"rendered":"<p style=\"text-align: justify\"><strong>Projekt azonos\u00edt\u00f3 sz\u00e1ma:<\/strong>\u00a02020-2.1.1-ED-2024-00291<\/p>\n<p style=\"text-align: justify\"><strong>Projekt c\u00edme:<\/strong>\u00a0VR-alap\u00fa Avatar ter\u00e1pia akusztikus hallucin\u00e1ci\u00f3kt\u00f3l szenved\u0151 skizofr\u00e9n betegek kezel\u00e9s\u00e9re 2023-SUD-3446<\/p>\n<p style=\"text-align: justify\"><strong>Projekt megval\u00f3s\u00edt\u00e1s\u00e1nak kezdete:<\/strong>\u00a02024.02.01.<\/p>\n<p style=\"text-align: justify\"><strong>Projekt fizikai befejez\u00e9s\u00e9nek hat\u00e1rideje:<\/strong>\u00a02025.12.31.<\/p>\n<p style=\"text-align: justify\"><strong>T\u00e1mogat\u00e1s \u00f6sszege:<\/strong>\u00a032.591.808 Ft<\/p>\n<p style=\"text-align: justify\"><strong>T\u00e1mogat\u00e1s intenzit\u00e1sa:<\/strong>\u00a0100%<\/p>\n<p style=\"text-align: justify\">\u00a0<\/p>\n<p style=\"text-align: justify\"><strong>Projektr\u0151l:\u00a0<\/strong><\/p>\n<p style=\"text-align: justify\">A projekt, a d\u00e1n Challenge Aps koordin\u00e1l\u00e1sa \u00e9s vezet\u00e9se mellett egy innovat\u00edv Virtu\u00e1lis Val\u00f3s\u00e1g (VR) ter\u00e1pi\u00e1s program fejleszt\u00e9s\u00e9re \u00e9s bevezet\u00e9s\u00e9re ir\u00e1nyul, melyet a gy\u00f3gyszeres kezel\u00e9s mellett \u00e9s ellen\u00e9re akusztikus hallucin\u00e1ci\u00f3kt\u00f3l szenved\u0151 szkizofr\u00e9n betegek sz\u00e1m\u00e1ra fejlesztettek. A projekt keret\u00e9n bel\u00fcl a d\u00e1n, magyar, lengyel \u00e9s spanyol eg\u00e9szs\u00e9g\u00fcgyi int\u00e9zm\u00e9nyek \u00e9s egyetemek k\u00f6z\u00f6tt kialak\u00edtott szakmai egy\u00fcttm\u0171k\u00f6d\u00e9s jelent\u0151s szerepet j\u00e1tszik a ter\u00e1pi\u00e1s m\u00f3dszer hat\u00e9konys\u00e1g\u00e1nak al\u00e1t\u00e1maszt\u00e1s\u00e1ban, egy er\u0151s szoftverplatform l\u00e9trehoz\u00e1s\u00e1ban, a m\u00f3dszer elsaj\u00e1t\u00edt\u00e1s\u00e1t seg\u00edt\u0151 oktat\u00f3 anyagok l\u00e9trehoz\u00e1s\u00e1ban, valamint a gazdas\u00e1gi szempontb\u00f3l fenntarthat\u00f3 megval\u00f3s\u00edt\u00e1sban \u00e9s a m\u00f3dszer piaci hasznos\u00edt\u00e1s\u00e1ban.<br \/>\nA projekt alapvet\u0151en a nemzetk\u00f6zi szakirodalomb\u00f3l m\u00e1r ismert \u00fagynevezett AVATAR ter\u00e1pi\u00e1s technol\u00f3gia tov\u00e1bbfejlesztett v\u00e1ltozat\u00e1nak vizsg\u00e1lat\u00e1ra \u00e9s bevezet\u00e9s\u00e9re ir\u00e1nyul. Klinikai alkalmazhat\u00f3s\u00e1gi \u00e9s hat\u00e1svizsg\u00e1lat\u00e1ra 3 orsz\u00e1g (Magyarorsz\u00e1g, Lengyelorsz\u00e1g, Spanyolorsz\u00e1g) eg\u00e9szs\u00e9g\u00fcgyi int\u00e9zm\u00e9nyeiben p\u00e1rhuzamosan ker\u00fcl sor, valamennyi orsz\u00e1gban 30-30 beteg bevon\u00e1s\u00e1val. A klinikai vizsg\u00e1lat mellett illetve azzal p\u00e1rhuzamosan a r\u00e9sztvev\u0151 szakemberek visszajelz\u00e9seire \u00e9p\u00edtve a hat\u00e9konys\u00e1g \u00e9s a felhaszn\u00e1l\u00f3i \u00e9lm\u00e9ny jav\u00edt\u00e1sa \u00e9rdek\u00e9ben a Challenge Aps munkat\u00e1rsai folyamatos fejleszt\u00e9seket v\u00e9geznek, valamint a m\u00f3dszer alkalmaz\u00e1s\u00e1nak elsaj\u00e1t\u00edt\u00e1s\u00e1t seg\u00edt\u0151 oktat\u00f3 anyagok kidolgoz\u00e1s\u00e1ra is sor ker\u00fcl. A projekt fontos elem\u00e9t k\u00e9pezi a m\u00f3dszer piaci hasznos\u00edt\u00e1s\u00e1nak el\u0151seg\u00edt\u00e9se. Ennek \u00e9rdek\u00e9ben alapos eg\u00e9szs\u00e9g\u00fcgyi-gazdas\u00e1gi elemz\u00e9st v\u00e9gz\u00fcnk, \u00e9s a szakmai kapcsolatok folyamatos b\u0151v\u00edt\u00e9s\u00e9re t\u00f6reksz\u00fcnk.<\/p>\n<blockquote class=\"wp-embedded-content\" data-secret=\"kbfatZmkbS\"><p><a href=\"https:\/\/semmelweis.hu\/pszichiatria\/kutatasi-teruletek\/virtualis-valosag-es-emocio-kutatocsoport\/vr-alapu-avatar-terapia\/\">VR-alap\u00fa Avatar Ter\u00e1pia<\/a><\/p><\/blockquote>\n<p><iframe loading=\"lazy\" class=\"wp-embedded-content\" sandbox=\"allow-scripts\" security=\"restricted\" style=\"position: absolute; visibility: hidden;\" title=\"&#8220;VR-alap\u00fa Avatar Ter\u00e1pia&#8221; &#8212; Pszichi\u00e1triai \u00e9s Pszichoter\u00e1pi\u00e1s Klinika\" src=\"https:\/\/semmelweis.hu\/pszichiatria\/kutatasi-teruletek\/virtualis-valosag-es-emocio-kutatocsoport\/vr-alapu-avatar-terapia\/embed\/#?secret=EsG5tGU5Ig#?secret=kbfatZmkbS\" data-secret=\"kbfatZmkbS\" width=\"600\" height=\"338\" frameborder=\"0\" marginwidth=\"0\" marginheight=\"0\" scrolling=\"no\"><\/iframe><\/p>\n<p><img loading=\"lazy\" decoding=\"async\" class=\"alignright\" src=\"https:\/\/semmelweis.hu\/kfipalyazat\/files\/2025\/07\/NKFIA_infoblokk_kerettel_program_fekvo_2019_HU.jpg\" width=\"550\" height=\"233\" \/><\/p>\n","protected":false},"excerpt":{"rendered":"<p>Projekt azonos\u00edt\u00f3 sz\u00e1ma:\u00a02020-2.1.1-ED-2024-00291 Projekt c\u00edme:\u00a0VR-alap\u00fa Avatar ter\u00e1pia akusztikus hallucin\u00e1ci\u00f3kt\u00f3l szenved\u0151 skizofr\u00e9n betegek kezel\u00e9s\u00e9re 2023-SUD-3446 Projekt megval\u00f3s\u00edt\u00e1s\u00e1nak kezdete:\u00a02024.02.01. Projekt fizikai befejez\u00e9s\u00e9nek hat\u00e1rideje:\u00a02025.12.31. T\u00e1mogat\u00e1s \u00f6sszege:\u00a032.591.808 Ft T\u00e1mogat\u00e1s intenzit\u00e1sa:\u00a0100% \u00a0 Projektr\u0151l:\u00a0 A projekt, a d\u00e1n Challenge Aps koordin\u00e1l\u00e1sa \u00e9s vezet\u00e9se mellett egy innovat\u00edv Virtu\u00e1lis Val\u00f3s\u00e1g (VR) ter\u00e1pi\u00e1s program fejleszt\u00e9s\u00e9re \u00e9s bevezet\u00e9s\u00e9re ir\u00e1nyul, melyet a gy\u00f3gyszeres kezel\u00e9s mellett \u00e9s &hellip;<\/p>\n","protected":false},"author":102410,"featured_media":0,"parent":229,"menu_order":12,"comment_status":"closed","ping_status":"closed","template":"","meta":{"_acf_changed":false,"footnotes":""},"categories":[],"tags":[],"class_list":["post-255","page","type-page","status-publish","hentry"],"acf":[],"_links":{"self":[{"href":"https:\/\/semmelweis.hu\/kfipalyazat\/wp-json\/wp\/v2\/pages\/255","targetHints":{"allow":["GET"]}}],"collection":[{"href":"https:\/\/semmelweis.hu\/kfipalyazat\/wp-json\/wp\/v2\/pages"}],"about":[{"href":"https:\/\/semmelweis.hu\/kfipalyazat\/wp-json\/wp\/v2\/types\/page"}],"author":[{"embeddable":true,"href":"https:\/\/semmelweis.hu\/kfipalyazat\/wp-json\/wp\/v2\/users\/102410"}],"replies":[{"embeddable":true,"href":"https:\/\/semmelweis.hu\/kfipalyazat\/wp-json\/wp\/v2\/comments?post=255"}],"version-history":[{"count":4,"href":"https:\/\/semmelweis.hu\/kfipalyazat\/wp-json\/wp\/v2\/pages\/255\/revisions"}],"predecessor-version":[{"id":951,"href":"https:\/\/semmelweis.hu\/kfipalyazat\/wp-json\/wp\/v2\/pages\/255\/revisions\/951"}],"up":[{"embeddable":true,"href":"https:\/\/semmelweis.hu\/kfipalyazat\/wp-json\/wp\/v2\/pages\/229"}],"wp:attachment":[{"href":"https:\/\/semmelweis.hu\/kfipalyazat\/wp-json\/wp\/v2\/media?parent=255"}],"wp:term":[{"taxonomy":"category","embeddable":true,"href":"https:\/\/semmelweis.hu\/kfipalyazat\/wp-json\/wp\/v2\/categories?post=255"},{"taxonomy":"post_tag","embeddable":true,"href":"https:\/\/semmelweis.hu\/kfipalyazat\/wp-json\/wp\/v2\/tags?post=255"}],"curies":[{"name":"wp","href":"https:\/\/api.w.org\/{rel}","templated":true}]}}