{"id":253,"date":"2025-07-03T13:43:42","date_gmt":"2025-07-03T11:43:42","guid":{"rendered":"https:\/\/semmelweis.hu\/kfipalyazat\/?page_id=253"},"modified":"2025-08-14T09:53:48","modified_gmt":"2025-08-14T07:53:48","slug":"2020-2-1-1-ed-2023-00288","status":"publish","type":"page","link":"https:\/\/semmelweis.hu\/kfipalyazat\/palyazatok\/hazai-palyazatok\/nkfih\/kormanyzati-onero-alap\/2020-2-1-1-ed-2023-00288\/","title":{"rendered":"2020-2.1.1-ED-2023-00288"},"content":{"rendered":"<p style=\"text-align: justify\"><strong>Projekt azonos\u00edt\u00f3sz\u00e1ma:\u00a0<\/strong>2020-2.1.1-ED-2023-00288<\/p>\n<p style=\"text-align: justify\"><strong>Projekt c\u00edme:<\/strong>\u00a0Genetikailag m\u00f3dos\u00edtott hum\u00e1n organot\u00edpusos teny\u00e9szt\u00e9si rendszer kifejleszt\u00e9se epilepszia kutat\u00e1s\u00e1ra<\/p>\n<p style=\"text-align: justify\"><strong>Megval\u00f3s\u00edt\u00e1s id\u0151tartama:\u00a0<\/strong>2024.06.01.-2028.05.31.<\/p>\n<p style=\"text-align: justify\"><strong>Kedvezm\u00e9nyezett:\u00a0<\/strong>Semmelweis Egyetem<\/p>\n<p style=\"text-align: justify\"><strong>Meg\u00edt\u00e9lt t\u00e1mogat\u00e1s:\u00a0<\/strong>\u00a0250 000\u00a0000 Ft<\/p>\n<p style=\"text-align: justify\"><strong>\u00d6sszk\u00f6lts\u00e9g:<\/strong>\u00a0250 000\u00a0000 Ft<\/p>\n<p style=\"text-align: justify\"><strong>T\u00e1mogat\u00e1s m\u00e9rt\u00e9ke:\u00a0<\/strong>100%<\/p>\n<p style=\"text-align: justify\">\u00a0<\/p>\n<p style=\"text-align: justify\"><strong>Projekt r\u00f6vid \u00f6sszefoglal\u00f3ja<\/strong><\/p>\n<p style=\"text-align: justify\"><strong>\u00a0<\/strong>Az epilepszi\u00e1s megbeteged\u00e9sek \u00f6sszef\u00fcgg\u00e9sbe hozhat\u00f3k a t\u00falzott idegi szinkronit\u00e1ssal, amelynek eredm\u00e9nye a rohamok, \u00e9s a rohamok k\u00f6z\u00f6tti \u00fagynevezett interikt\u00e1lis aktivit\u00e1s. Adataink az epilepszi\u00e1s aktivit\u00e1s kialakul\u00e1s\u00e1ra vonatkoz\u00f3an f\u0151k\u00e9nt \u00e1llatmodellekb\u0151l sz\u00e1rmaznak, holott az emberi agy \u00e9s az emberi betegs\u00e9g egy\u00e9rtelm\u0171en k\u00fcl\u00f6nb\u00f6zik az \u00e1llatok\u00e9t\u00f3l. Jelen projekt keret\u00e9n bel\u00fcl egy hum\u00e1n organotipikus szeletteny\u00e9szet kifejleszt\u00e9s\u00e9t t\u0171zt\u00fck ki c\u00e9lul, amelyet optogenetikai vizsg\u00e1latokra szeretn\u00e9nk haszn\u00e1lni.<\/p>\n<p style=\"text-align: justify\">V\u00edrus vektorokkal f\u00e9ny\u00e9rz\u00e9keny ioncsatorn\u00e1k \u00e9s Ca2+-szenzor molekul\u00e1k g\u00e9nj\u00e9t juttatjuk be meghat\u00e1rozott (serkent\u0151 \u00e9s g\u00e1tl\u00f3) sejtt\u00edpusokba. Ez\u00e1ltal lehet\u0151v\u00e9 v\u00e1lik e neuroncsoportok f\u00e9nnyel t\u00f6rt\u00e9n\u0151 aktiv\u00e1l\u00e1sa vagy deaktiv\u00e1l\u00e1sa, \u00e9s \u00edgy be is tudunk avatkozni a spont\u00e1n vagy kiv\u00e1ltott epilepszi\u00e1s aktivit\u00e1s kialakul\u00e1s\u00e1ba. Ezzel egyidej\u0171leg intrakortik\u00e1lis elvezet\u00e9seket tervez\u00fcnk v\u00e9gezni epilepszi\u00e1s p\u00e1ciensekb\u0151l kr\u00f3nikusan be\u00fcltetett mikroelektr\u00f3d\u00e1kkal, valamint in vitro szeletprepar\u00e1tumokban, hogy felt\u00e1rjuk az emberi agyban kialakul\u00f3 epilepszi\u00e1s aktivit\u00e1sok sejtes mechanizmusait. Rem\u00e9lj\u00fck, hogy eredm\u00e9nyeinkkel k\u00f6zelebb ker\u00fclhet\u00fcnk az emberi betegs\u00e9g meg\u00e9rt\u00e9s\u00e9hez, \u00e9s esetleg \u00faj ir\u00e1nyvonalat azonos\u00edthatunk a j\u00f6v\u0151beli ter\u00e1pi\u00e1k sz\u00e1m\u00e1ra is. Projekt\u00fcnk tudom\u00e1nyos r\u00e9sze szakmailag megalapozott, hiszen t\u00e1mogat\u00e1st nyert a NKFI OTKA keret\u00e9ben.<\/p>\n<p style=\"text-align: justify\">Az egyedi t\u00e1mogat\u00e1si k\u00e9relm\u00fcnket annak \u00e9rdek\u00e9ben ny\u00fajtjuk be, hogy a beszerzend\u0151 neuronavig\u00e1ci\u00f3s k\u00e9sz\u00fcl\u00e9kkel meg tudjuk \u00e1llap\u00edtani a kr\u00f3nikusan be\u00fcltetett elektr\u00f3dok pontos anat\u00f3miai elhelyezked\u00e9s\u00e9t. Ez az inform\u00e1ci\u00f3 rendk\u00edv\u00fcl fontos az epilepszi\u00e1s mechanizmus meg\u00e9rt\u00e9se szempontj\u00e1b\u00f3l, \u00e9s l\u00e9nyeges t\u00f6bbletinform\u00e1ci\u00f3t ad a k\u00e9s\u0151bbi ter\u00e1pi\u00e1k kifejleszt\u00e9s\u00e9ben is.<\/p>\n<p><img loading=\"lazy\" decoding=\"async\" class=\"alignright\" src=\"https:\/\/semmelweis.hu\/kfipalyazat\/files\/2025\/07\/NKFIA_infoblokk_kerettel_program_fekvo_2019_HU.jpg\" width=\"548\" height=\"232\" \/><\/p>\n","protected":false},"excerpt":{"rendered":"<p>Projekt azonos\u00edt\u00f3sz\u00e1ma:\u00a02020-2.1.1-ED-2023-00288 Projekt c\u00edme:\u00a0Genetikailag m\u00f3dos\u00edtott hum\u00e1n organot\u00edpusos teny\u00e9szt\u00e9si rendszer kifejleszt\u00e9se epilepszia kutat\u00e1s\u00e1ra Megval\u00f3s\u00edt\u00e1s id\u0151tartama:\u00a02024.06.01.-2028.05.31. Kedvezm\u00e9nyezett:\u00a0Semmelweis Egyetem Meg\u00edt\u00e9lt t\u00e1mogat\u00e1s:\u00a0\u00a0250 000\u00a0000 Ft \u00d6sszk\u00f6lts\u00e9g:\u00a0250 000\u00a0000 Ft T\u00e1mogat\u00e1s m\u00e9rt\u00e9ke:\u00a0100% \u00a0 Projekt r\u00f6vid \u00f6sszefoglal\u00f3ja \u00a0Az epilepszi\u00e1s megbeteged\u00e9sek \u00f6sszef\u00fcgg\u00e9sbe hozhat\u00f3k a t\u00falzott idegi szinkronit\u00e1ssal, amelynek eredm\u00e9nye a rohamok, \u00e9s a rohamok k\u00f6z\u00f6tti \u00fagynevezett interikt\u00e1lis aktivit\u00e1s. Adataink az epilepszi\u00e1s aktivit\u00e1s kialakul\u00e1s\u00e1ra vonatkoz\u00f3an &hellip;<\/p>\n","protected":false},"author":102410,"featured_media":0,"parent":229,"menu_order":11,"comment_status":"closed","ping_status":"closed","template":"","meta":{"_acf_changed":false,"footnotes":""},"categories":[],"tags":[],"class_list":["post-253","page","type-page","status-publish","hentry"],"acf":[],"_links":{"self":[{"href":"https:\/\/semmelweis.hu\/kfipalyazat\/wp-json\/wp\/v2\/pages\/253","targetHints":{"allow":["GET"]}}],"collection":[{"href":"https:\/\/semmelweis.hu\/kfipalyazat\/wp-json\/wp\/v2\/pages"}],"about":[{"href":"https:\/\/semmelweis.hu\/kfipalyazat\/wp-json\/wp\/v2\/types\/page"}],"author":[{"embeddable":true,"href":"https:\/\/semmelweis.hu\/kfipalyazat\/wp-json\/wp\/v2\/users\/102410"}],"replies":[{"embeddable":true,"href":"https:\/\/semmelweis.hu\/kfipalyazat\/wp-json\/wp\/v2\/comments?post=253"}],"version-history":[{"count":2,"href":"https:\/\/semmelweis.hu\/kfipalyazat\/wp-json\/wp\/v2\/pages\/253\/revisions"}],"predecessor-version":[{"id":635,"href":"https:\/\/semmelweis.hu\/kfipalyazat\/wp-json\/wp\/v2\/pages\/253\/revisions\/635"}],"up":[{"embeddable":true,"href":"https:\/\/semmelweis.hu\/kfipalyazat\/wp-json\/wp\/v2\/pages\/229"}],"wp:attachment":[{"href":"https:\/\/semmelweis.hu\/kfipalyazat\/wp-json\/wp\/v2\/media?parent=253"}],"wp:term":[{"taxonomy":"category","embeddable":true,"href":"https:\/\/semmelweis.hu\/kfipalyazat\/wp-json\/wp\/v2\/categories?post=253"},{"taxonomy":"post_tag","embeddable":true,"href":"https:\/\/semmelweis.hu\/kfipalyazat\/wp-json\/wp\/v2\/tags?post=253"}],"curies":[{"name":"wp","href":"https:\/\/api.w.org\/{rel}","templated":true}]}}