{"id":251,"date":"2025-07-03T13:41:45","date_gmt":"2025-07-03T11:41:45","guid":{"rendered":"https:\/\/semmelweis.hu\/kfipalyazat\/?page_id=251"},"modified":"2025-08-14T09:53:32","modified_gmt":"2025-08-14T07:53:32","slug":"2020-2-1-1-ed-2023-00284","status":"publish","type":"page","link":"https:\/\/semmelweis.hu\/kfipalyazat\/palyazatok\/hazai-palyazatok\/nkfih\/kormanyzati-onero-alap\/2020-2-1-1-ed-2023-00284\/","title":{"rendered":"2020-2.1.1-ED-2023-00284"},"content":{"rendered":"<p style=\"text-align: justify\"><strong>Projekt azonos\u00edt\u00f3 sz\u00e1ma:<\/strong>\u00a02020-2.1.1-ED-2023-00284<\/p>\n<p style=\"text-align: justify\"><strong>Projekt c\u00edme:<\/strong>\u00a0Megb\u00edzhat\u00f3 mesters\u00e9ges intelligencia alap\u00fa eszk\u00f6z\u00f6k az elh\u00edz\u00e1ssal \u00f6sszef\u00fcgg\u0151 \u00e9rbetegs\u00e9gek el\u0151rejelz\u00e9s\u00e9re (AI-POD)<\/p>\n<p style=\"text-align: justify\"><strong>Projekt megval\u00f3s\u00edt\u00e1s\u00e1nak kezdete:<\/strong>\u00a02023.05.01.<\/p>\n<p style=\"text-align: justify\"><strong>Projekt fizikai befejez\u00e9s\u00e9nek hat\u00e1rideje:<\/strong>\u00a02027.04.30.<\/p>\n<p style=\"text-align: justify\"><strong>T\u00e1mogat\u00e1s \u00f6sszege:<\/strong>\u00a0118.830.375 Ft<\/p>\n<p style=\"text-align: justify\"><strong>T\u00e1mogat\u00e1s intenzit\u00e1sa:<\/strong>\u00a0100%<\/p>\n<p style=\"text-align: justify\">\u00a0<\/p>\n<p style=\"text-align: justify\"><strong>Projektr\u0151l:\u00a0<\/strong><\/p>\n<p style=\"text-align: justify\">Az elh\u00edz\u00e1s el\u0151fordul\u00e1si gyakoris\u00e1ga gyorsul\u00f3 \u00fctemben n\u00f6vekszik, jelenleg t\u00f6bb, mint 436 milli\u00f3 embert \u00e9rint az eur\u00f3pai orsz\u00e1gokban. Az elh\u00edzottak k\u00f6r\u00e9ben 50%-kal magasabb a kardiovaszkul\u00e1ris betegs\u00e9gek hal\u00e1loz\u00e1si kock\u00e1zata, a kezel\u00e9si k\u00f6lts\u00e9gek pedig \u00e9vente t\u00f6bb, mint 210 milli\u00e1rd eur\u00f3s gazdas\u00e1gi terhet jelentenek. A mai napig kih\u00edv\u00e1st okoz az elh\u00edzott betegcsoportban a s\u00falyos nemk\u00edv\u00e1natos kardiovaszkul\u00e1ris esem\u00e9nyek egy\u00e9ni kock\u00e1zat\u00e1nak becsl\u00e9se. Jelenleg nincsenek kell\u0151en pontos \u00e9s felhaszn\u00e1l\u00f3bar\u00e1t rizik\u00f3becsl\u0151 pontrendszerek. Az AI-POD projekt c\u00e9lja a kardiovaszkul\u00e1ris betegs\u00e9gekkel \u00f6sszef\u00fcgg\u0151 hal\u00e1loz\u00e1sok sz\u00e1m\u00e1nak cs\u00f6kkent\u00e9se Eur\u00f3p\u00e1ban az\u00e1ltal, hogy egy mesters\u00e9ges intelligencia (AI) alap\u00fa kock\u00e1zatbecsl\u0151 pontrendszert dolgoz ki a klinikai d\u00f6nt\u00e9shozatal t\u00e1mogat\u00e1sa \u00e9rdek\u00e9ben, valamint az elh\u00edzottakat ell\u00e1tja megb\u00edzhat\u00f3, AI alap\u00fa eszk\u00f6z\u00f6kkel. Az AI alap\u00fa eszk\u00f6z\u00f6k integr\u00e1lj\u00e1k a klinikai, laborat\u00f3riumi \u00e9s k\u00e9palkot\u00e1sb\u00f3l sz\u00e1rmaz\u00f3 adatokat. A sz\u00e1m\u00edtott kardiovaszkul\u00e1ris kock\u00e1zatot a gyakorlatban hasznos\u00edthat\u00f3 eg\u00e9szs\u00e9g\u00fcgyi inform\u00e1ci\u00f3v\u00e1 alak\u00edtja, ez\u00e1ltal \u00fatmutat\u00e1st ad a diagnosztikai \u00e9s a ter\u00e1pi\u00e1s l\u00e9p\u00e9sekhez. Az AI alap\u00fa eszk\u00f6z\u00f6ket hat klinikai helysz\u00ednen fogj\u00e1k valid\u00e1lni, \u00e9s egy tart\u00f3san fenn\u00e1ll\u00f3 interdiszciplin\u00e1ris platform alapj\u00e1ul szolg\u00e1lnak majd. Az AI-POD sz\u00e9les\u00edteni fogja az elh\u00edzott betegek kardiovaszkul\u00e1ris rizik\u00f3cs\u00f6kkent\u00e9s\u00e9nek \u00e9s ter\u00e1pi\u00e1j\u00e1nak lehet\u0151s\u00e9geit. Az AI-POD f\u0151 eredm\u00e9nyei v\u00e1rhat\u00f3n a k\u00f6vetkez\u0151k lesznek: (1) egy \u00faj, k\u00e9palkot\u00e1s \u00e9s mesters\u00e9ges intelligencia alap\u00fa kock\u00e1zati pontoz\u00e1s \u00e9s klinikai d\u00f6nt\u00e9st\u00e1mogat\u00f3 rendszer (Clinical Decision Support System, CDSS) az elh\u00edz\u00e1ssal \u00f6sszef\u00fcgg\u0151 kardiovaszkul\u00e1ris betegs\u00e9gek \u00e9s sz\u00f6v\u0151dm\u00e9nyeik kock\u00e1zatbecsl\u00e9s\u00e9re \u00e9s el\u0151rejelz\u00e9s\u00e9re, amely a tov\u00e1bbi mesters\u00e9ges intelligencia alap\u00fa megel\u0151z\u00e9s \u00e9s kezel\u00e9s menedzsment el\u0151felt\u00e9tele; (2) egy innovat\u00edv, k\u00f6nnyen kezelhet\u0151 mobilalkalmaz\u00e1s a lakoss\u00e1g sz\u00e1m\u00e1ra (Citizen App), amely kapcsolatban \u00e1ll a klinikai d\u00f6nt\u00e9shoz\u00e1s t\u00e1mogat\u00f3 rendszerrel, \u00e9s lehet\u0151v\u00e9 teszi sz\u00e1mukra, hogy jobban nyomon k\u00f6vess\u00e9k eg\u00e9szs\u00e9gi \u00e1llapotukat \u00e9s eg\u00e9szs\u00e9gesek maradjanak. Az orvosok sz\u00e1m\u00e1ra hat\u00e9konyabb munkafolyamatot biztos\u00edt majd, \u00e9s az eg\u00e9szs\u00e9g\u00fcgyi kiad\u00e1sok cs\u00f6kken\u00e9se v\u00e1rhat\u00f3 az elh\u00edzottak alacsonyabb morbidit\u00e1s\u00e1nak \u00e9s mortalit\u00e1s\u00e1nak k\u00f6sz\u00f6nhet\u0151en.<\/p>\n<p style=\"text-align: justify\"><a href=\"https:\/\/semmelweis.hu\/kfipalyazat\/files\/2025\/07\/AI_POD_sajtokozlemeny.pdf\" target=\"_blank\" rel=\"noopener\">Sajt\u00f3k\u00f6zlem\u00e9ny<\/a><\/p>\n<p><img loading=\"lazy\" decoding=\"async\" class=\"alignright\" src=\"https:\/\/semmelweis.hu\/kfipalyazat\/files\/2025\/07\/NKFIA_infoblokk_kerettel_program_fekvo_2019_HU.jpg\" width=\"555\" height=\"235\" \/><\/p>\n","protected":false},"excerpt":{"rendered":"<p>Projekt azonos\u00edt\u00f3 sz\u00e1ma:\u00a02020-2.1.1-ED-2023-00284 Projekt c\u00edme:\u00a0Megb\u00edzhat\u00f3 mesters\u00e9ges intelligencia alap\u00fa eszk\u00f6z\u00f6k az elh\u00edz\u00e1ssal \u00f6sszef\u00fcgg\u0151 \u00e9rbetegs\u00e9gek el\u0151rejelz\u00e9s\u00e9re (AI-POD) Projekt megval\u00f3s\u00edt\u00e1s\u00e1nak kezdete:\u00a02023.05.01. Projekt fizikai befejez\u00e9s\u00e9nek hat\u00e1rideje:\u00a02027.04.30. T\u00e1mogat\u00e1s \u00f6sszege:\u00a0118.830.375 Ft T\u00e1mogat\u00e1s intenzit\u00e1sa:\u00a0100% \u00a0 Projektr\u0151l:\u00a0 Az elh\u00edz\u00e1s el\u0151fordul\u00e1si gyakoris\u00e1ga gyorsul\u00f3 \u00fctemben n\u00f6vekszik, jelenleg t\u00f6bb, mint 436 milli\u00f3 embert \u00e9rint az eur\u00f3pai orsz\u00e1gokban. Az elh\u00edzottak k\u00f6r\u00e9ben 50%-kal magasabb a kardiovaszkul\u00e1ris betegs\u00e9gek hal\u00e1loz\u00e1si &hellip;<\/p>\n","protected":false},"author":102410,"featured_media":0,"parent":229,"menu_order":10,"comment_status":"closed","ping_status":"closed","template":"","meta":{"_acf_changed":false,"footnotes":""},"categories":[],"tags":[],"class_list":["post-251","page","type-page","status-publish","hentry"],"acf":[],"_links":{"self":[{"href":"https:\/\/semmelweis.hu\/kfipalyazat\/wp-json\/wp\/v2\/pages\/251","targetHints":{"allow":["GET"]}}],"collection":[{"href":"https:\/\/semmelweis.hu\/kfipalyazat\/wp-json\/wp\/v2\/pages"}],"about":[{"href":"https:\/\/semmelweis.hu\/kfipalyazat\/wp-json\/wp\/v2\/types\/page"}],"author":[{"embeddable":true,"href":"https:\/\/semmelweis.hu\/kfipalyazat\/wp-json\/wp\/v2\/users\/102410"}],"replies":[{"embeddable":true,"href":"https:\/\/semmelweis.hu\/kfipalyazat\/wp-json\/wp\/v2\/comments?post=251"}],"version-history":[{"count":4,"href":"https:\/\/semmelweis.hu\/kfipalyazat\/wp-json\/wp\/v2\/pages\/251\/revisions"}],"predecessor-version":[{"id":634,"href":"https:\/\/semmelweis.hu\/kfipalyazat\/wp-json\/wp\/v2\/pages\/251\/revisions\/634"}],"up":[{"embeddable":true,"href":"https:\/\/semmelweis.hu\/kfipalyazat\/wp-json\/wp\/v2\/pages\/229"}],"wp:attachment":[{"href":"https:\/\/semmelweis.hu\/kfipalyazat\/wp-json\/wp\/v2\/media?parent=251"}],"wp:term":[{"taxonomy":"category","embeddable":true,"href":"https:\/\/semmelweis.hu\/kfipalyazat\/wp-json\/wp\/v2\/categories?post=251"},{"taxonomy":"post_tag","embeddable":true,"href":"https:\/\/semmelweis.hu\/kfipalyazat\/wp-json\/wp\/v2\/tags?post=251"}],"curies":[{"name":"wp","href":"https:\/\/api.w.org\/{rel}","templated":true}]}}