{"id":247,"date":"2025-07-03T13:38:56","date_gmt":"2025-07-03T11:38:56","guid":{"rendered":"https:\/\/semmelweis.hu\/kfipalyazat\/?page_id=247"},"modified":"2025-08-14T09:53:15","modified_gmt":"2025-08-14T07:53:15","slug":"2020-2-1-1-ed-2023-00282","status":"publish","type":"page","link":"https:\/\/semmelweis.hu\/kfipalyazat\/palyazatok\/hazai-palyazatok\/nkfih\/kormanyzati-onero-alap\/2020-2-1-1-ed-2023-00282\/","title":{"rendered":"2020-2.1.1-ED-2023-00282"},"content":{"rendered":"<p style=\"text-align: justify\"><strong>Projekt azonos\u00edt\u00f3 sz\u00e1ma:<\/strong>\u00a02020-2.1.1-ED-2023-00282<\/p>\n<p style=\"text-align: justify\"><strong>Projekt c\u00edme:<\/strong>\u00a0HoloSurge \u2013 Multimod\u00e1lis 3D holografikus eszk\u00f6z \u00e9s val\u00f3s idej\u0171 ir\u00e1ny\u00edt\u00f3 rendszer ell\u00e1t\u00f3helyi diagnosztik\u00e1val a m\u00e1j- \u00e9s hasny\u00e1lmirigyr\u00e1k seb\u00e9szeti tervez\u00e9s\u00e9hez \u00e9s beavatkoz\u00e1s\u00e1hoz<\/p>\n<p style=\"text-align: justify\"><strong>Projekt megval\u00f3s\u00edt\u00e1s\u00e1nak kezdete:<\/strong>\u00a02024.01.01.<\/p>\n<p style=\"text-align: justify\"><strong>Projekt fizikai befejez\u00e9s\u00e9nek hat\u00e1rideje:<\/strong>\u00a02027.12.31.<\/p>\n<p style=\"text-align: justify\"><strong>T\u00e1mogat\u00e1s \u00f6sszege:<\/strong>\u00a0170.824.688 Ft<\/p>\n<p style=\"text-align: justify\"><strong>T\u00e1mogat\u00e1s intenzit\u00e1sa:<\/strong>\u00a0100%<\/p>\n<p style=\"text-align: justify\">\u00a0<\/p>\n<p style=\"text-align: justify\"><strong>Projektr\u0151l:\u00a0<\/strong><\/p>\n<p style=\"text-align: justify\">A perioperat\u00edv ell\u00e1t\u00e1s bonyolult folyamat, amely h\u00e1rom f\u0151 l\u00e9p\u00e9st foglal mag\u00e1ban: 1) preoperat\u00edv \u00e9rt\u00e9kel\u00e9s, m\u0171t\u00e9ti tervez\u00e9s \u00e9s el\u0151k\u00e9sz\u00edt\u00e9s; 2) intraoperat\u00edv elj\u00e1r\u00e1s; \u00e9s 3) posztoperat\u00edv kezel\u00e9s. A perioperat\u00edv ell\u00e1t\u00e1s k\u00f6z\u00e9ppontj\u00e1ban a klinikai d\u00f6nt\u00e9shozatal \u00e1ll, amely egy \u00f6sszetett \u00e9s folyamatos folyamat, amelyben eg\u00e9szs\u00e9g\u00fcgyi szakemberek (t\u00f6bbek k\u00f6z\u00f6tt radiol\u00f3gusok, seb\u00e9szek, aneszteziol\u00f3gusok, \u00e1pol\u00f3k \u00e9s m\u00e1sok) \u00e1tfog\u00f3 csoportja vesz r\u00e9szt, akik \u2013 a rendelkez\u00e9sre \u00e1ll\u00f3 legjobb bizony\u00edt\u00e9kok, a klinikai tapasztalat \u00e9s a beteg egy\u00e9ni k\u00f6r\u00fclm\u00e9nyei alapj\u00e1n \u2013 megalapozott d\u00f6nt\u00e9seket hoznak a beteg sz\u00e1m\u00e1ra legjobb elj\u00e1r\u00e1sr\u00f3l. B\u00e1r az orvosi k\u00e9palkot\u00f3 elj\u00e1r\u00e1sok, nevezetesen a sz\u00e1m\u00edt\u00f3g\u00e9pes tomogr\u00e1fia (CT), a m\u00e1gneses magrezonancia k\u00e9palkot\u00e1s (MRI) \u00e9s az ultrahang (UH) fejl\u0151d\u00e9se nagym\u00e9rt\u00e9kben jav\u00edtotta a m\u0171t\u00e9ti eredm\u00e9nyeket, ezek \u00e9rtelmez\u00e9se a konkr\u00e9t beavatkoz\u00e1s eld\u00f6nt\u00e9se \u00e9rdek\u00e9ben tov\u00e1bbra is er\u0151sen szubjekt\u00edv. Ezen t\u00falmen\u0151en ezek a m\u00f3dszerek \u00f6nmagukban haszn\u00e1lva sz\u00e1mos korl\u00e1toz\u00e1st mutatnak (pl. nem veszik \u00e9szre az elv\u00e1ltoz\u00e1sokat; nem k\u00e9pesek a kulcsfontoss\u00e1g\u00fa strukt\u00far\u00e1k, p\u00e9ld\u00e1ul az erek 3D-s \u00e1br\u00e1zol\u00e1s\u00e1ra), \u00e9s v\u00e9g\u00fcl nem tudnak \u00e1tfog\u00f3 k\u00e9pet ny\u00fajtani a beteg anat\u00f3mi\u00e1j\u00e1r\u00f3l, amelyet a kijel\u00f6lt csapat minden tagja megoszt \u00e9s egy\u00e9rtelm\u0171en meg\u00e9rt. E korl\u00e1tok miatt a jelenlegi munkafolyamatok sor\u00e1n gyakran nem optim\u00e1lis d\u00f6nt\u00e9sek sz\u00fcletnek, amelyek a perioperat\u00edv folyamat sor\u00e1n a seb\u00e9szeti komplik\u00e1ci\u00f3k kumulat\u00edv kock\u00e1zat\u00e1t n\u00f6velik. A seb\u00e9szeti komplik\u00e1ci\u00f3k sz\u00e1mos k\u00fcl\u00f6nb\u00f6z\u0151 t\u00e9nyez\u0151b\u0151l eredhetnek, p\u00e9ld\u00e1ul: szubjekt\u00edv \u00e9s pontatlan m\u0171t\u00e9t el\u0151tti \u00e9rt\u00e9kel\u00e9s; az \u00f6sszes tal\u00e1lt elv\u00e1ltoz\u00e1s hi\u00e1nyos ment\u00e1lis felt\u00e9rk\u00e9pez\u00e9se; elt\u00e9r\u0151 v\u00e9lem\u00e9nyek a multidiszciplin\u00e1ris csoportok \u00fcl\u00e9sein; val\u00f3s idej\u0171 klinikai d\u00f6nt\u00e9sek sz\u00fcks\u00e9gess\u00e9ge a m\u0171t\u00e9t sor\u00e1n, val\u00f3s idej\u0171 adatokhoz val\u00f3 hozz\u00e1f\u00e9r\u00e9s n\u00e9lk\u00fcl, t\u00f6bbek k\u00f6z\u00f6tt. A HoloSurge egy olyan k\u00f6z\u00f6s v\u00e1llalkoz\u00e1s, amely eur\u00f3pai kutat\u00f3kat \u00e9s klinikusokat t\u00f6m\u00f6r\u00edt neves cs\u00facstechnol\u00f3giai v\u00e1llalatok, a vil\u00e1g vezet\u0151 klinikai k\u00f6zpontjai \u00e9s els\u0151rang\u00fa kutat\u00f3int\u00e9zetek konzorcium\u00e1ban, hogy egy olyan innovat\u00edv, mesters\u00e9ges intelligencia alap\u00fa orvosi rendszert alkalmazzon, amely: i) lehet\u0151v\u00e9 teszi a legmodernebb k\u00e9palkot\u00e1si m\u00f3dok automatikus f\u00fazi\u00f3j\u00e1t \u00e9s szegment\u00e1l\u00e1s\u00e1t a betegek szerveinek interakt\u00edv 3D holografikus vizualiz\u00e1ci\u00f3ja \u00e9rdek\u00e9ben; ii) val\u00f3s idej\u0171 seb\u00e9szeti navig\u00e1ci\u00f3t biztos\u00edt a betegre a m\u0171t\u0151\u00e1gyon elhelyezett hologram seg\u00edts\u00e9g\u00e9vel; \u00e9s iii) lehet\u0151v\u00e9 teszi a val\u00f3s idej\u0171 sejtszint\u0171 r\u00e1kdiagnosztik\u00e1t. A megold\u00e1s a seb\u00e9szeti csapatok sz\u00e1m\u00e1ra p\u00e1ratlan holisztikus k\u00e9pet ny\u00fajt a beteg anat\u00f3mi\u00e1j\u00e1r\u00f3l \u00e9s patol\u00f3gi\u00e1j\u00e1r\u00f3l val\u00f3s id\u0151ben, az ell\u00e1t\u00e1s hely\u00e9n, a m\u0171t\u00e9t el\u0151tt \u00e9s alatt. Ezt az innov\u00e1ci\u00f3t m\u00e1j- \u00e9s hasny\u00e1lmirigyr\u00e1kos beavatkoz\u00e1sokn\u00e1l fogj\u00e1k valid\u00e1lni, azzal a c\u00e9llal, hogy moderniz\u00e1lja ezeket az elj\u00e1r\u00e1sokat, mik\u00f6zben a jobban t\u00e1j\u00e9kozott perioperat\u00edv d\u00f6nt\u00e9shozatal nyomvonal\u00e1t hozza l\u00e9tre, amely sz\u00e1mtalan \u00e9letet menthet meg.<\/p>\n<p><img loading=\"lazy\" decoding=\"async\" class=\"alignright\" src=\"https:\/\/semmelweis.hu\/kfipalyazat\/files\/2025\/07\/NKFIA_infoblokk_kerettel_program_fekvo_2019_HU.jpg\" width=\"550\" height=\"233\" \/><\/p>\n","protected":false},"excerpt":{"rendered":"<p>Projekt azonos\u00edt\u00f3 sz\u00e1ma:\u00a02020-2.1.1-ED-2023-00282 Projekt c\u00edme:\u00a0HoloSurge \u2013 Multimod\u00e1lis 3D holografikus eszk\u00f6z \u00e9s val\u00f3s idej\u0171 ir\u00e1ny\u00edt\u00f3 rendszer ell\u00e1t\u00f3helyi diagnosztik\u00e1val a m\u00e1j- \u00e9s hasny\u00e1lmirigyr\u00e1k seb\u00e9szeti tervez\u00e9s\u00e9hez \u00e9s beavatkoz\u00e1s\u00e1hoz Projekt megval\u00f3s\u00edt\u00e1s\u00e1nak kezdete:\u00a02024.01.01. Projekt fizikai befejez\u00e9s\u00e9nek hat\u00e1rideje:\u00a02027.12.31. T\u00e1mogat\u00e1s \u00f6sszege:\u00a0170.824.688 Ft T\u00e1mogat\u00e1s intenzit\u00e1sa:\u00a0100% \u00a0 Projektr\u0151l:\u00a0 A perioperat\u00edv ell\u00e1t\u00e1s bonyolult folyamat, amely h\u00e1rom f\u0151 l\u00e9p\u00e9st foglal mag\u00e1ban: 1) preoperat\u00edv \u00e9rt\u00e9kel\u00e9s, m\u0171t\u00e9ti tervez\u00e9s &hellip;<\/p>\n","protected":false},"author":102410,"featured_media":0,"parent":229,"menu_order":9,"comment_status":"closed","ping_status":"closed","template":"","meta":{"_acf_changed":false,"footnotes":""},"categories":[],"tags":[],"class_list":["post-247","page","type-page","status-publish","hentry"],"acf":[],"_links":{"self":[{"href":"https:\/\/semmelweis.hu\/kfipalyazat\/wp-json\/wp\/v2\/pages\/247","targetHints":{"allow":["GET"]}}],"collection":[{"href":"https:\/\/semmelweis.hu\/kfipalyazat\/wp-json\/wp\/v2\/pages"}],"about":[{"href":"https:\/\/semmelweis.hu\/kfipalyazat\/wp-json\/wp\/v2\/types\/page"}],"author":[{"embeddable":true,"href":"https:\/\/semmelweis.hu\/kfipalyazat\/wp-json\/wp\/v2\/users\/102410"}],"replies":[{"embeddable":true,"href":"https:\/\/semmelweis.hu\/kfipalyazat\/wp-json\/wp\/v2\/comments?post=247"}],"version-history":[{"count":2,"href":"https:\/\/semmelweis.hu\/kfipalyazat\/wp-json\/wp\/v2\/pages\/247\/revisions"}],"predecessor-version":[{"id":633,"href":"https:\/\/semmelweis.hu\/kfipalyazat\/wp-json\/wp\/v2\/pages\/247\/revisions\/633"}],"up":[{"embeddable":true,"href":"https:\/\/semmelweis.hu\/kfipalyazat\/wp-json\/wp\/v2\/pages\/229"}],"wp:attachment":[{"href":"https:\/\/semmelweis.hu\/kfipalyazat\/wp-json\/wp\/v2\/media?parent=247"}],"wp:term":[{"taxonomy":"category","embeddable":true,"href":"https:\/\/semmelweis.hu\/kfipalyazat\/wp-json\/wp\/v2\/categories?post=247"},{"taxonomy":"post_tag","embeddable":true,"href":"https:\/\/semmelweis.hu\/kfipalyazat\/wp-json\/wp\/v2\/tags?post=247"}],"curies":[{"name":"wp","href":"https:\/\/api.w.org\/{rel}","templated":true}]}}