{"id":245,"date":"2025-07-03T13:37:49","date_gmt":"2025-07-03T11:37:49","guid":{"rendered":"https:\/\/semmelweis.hu\/kfipalyazat\/?page_id=245"},"modified":"2025-08-14T09:52:58","modified_gmt":"2025-08-14T07:52:58","slug":"2020-2-1-1-ed-2023-00276","status":"publish","type":"page","link":"https:\/\/semmelweis.hu\/kfipalyazat\/palyazatok\/hazai-palyazatok\/nkfih\/kormanyzati-onero-alap\/2020-2-1-1-ed-2023-00276\/","title":{"rendered":"2020-2.1.1-ED-2023-00276"},"content":{"rendered":"<p style=\"text-align: justify\"><strong>Projekt azonos\u00edt\u00f3 sz\u00e1ma:<\/strong>\u00a02020-2.1.1-ED-2023-00276<\/p>\n<p style=\"text-align: justify\"><strong>Projekt c\u00edme:<\/strong>\u00a0Bizalom\u00e9p\u00edt\u00e9s a roma \u00e9s bels\u0151 menek\u00fclt (IDP) k\u00f6z\u00f6ss\u00e9gekben a nem fert\u0151z\u0151 betegs\u00e9gek (NCD) megel\u0151z\u00e9se \u00e9rdek\u00e9ben: Integr\u00e1lt szoci\u00e1lis eg\u00e9szs\u00e9g\u00fcgyi fejleszt\u00e9si m\u00f3dszertan kidolgoz\u00e1sa \u00e9s tesztel\u00e9se a s\u00e9r\u00fcl\u00e9keny csoportok sz\u00e1m\u00e1ra K\u00f6z\u00e9p- \u00e9s Kelet-Eur\u00f3p\u00e1ban<\/p>\n<p style=\"text-align: justify\"><strong>Projekt megval\u00f3s\u00edt\u00e1s\u00e1nak kezdete:<\/strong>\u00a02023.11.23.<\/p>\n<p style=\"text-align: justify\"><strong>Projekt fizikai befejez\u00e9s\u00e9nek hat\u00e1rideje:<\/strong>\u00a02026.11.30.<\/p>\n<p style=\"text-align: justify\"><strong>T\u00e1mogat\u00e1s \u00f6sszege:<\/strong>\u00a088.616.224 Ft<\/p>\n<p style=\"text-align: justify\"><strong>T\u00e1mogat\u00e1s intenzit\u00e1sa:<\/strong>\u00a0100%<\/p>\n<p style=\"text-align: justify\">\u00a0<\/p>\n<p style=\"text-align: justify\"><strong>Projektr\u0151l:\u00a0<\/strong><\/p>\n<p style=\"text-align: justify\">A t\u00e1rsadalmi \u00e9s k\u00f6rnyezeti eg\u00e9szs\u00e9gmeghat\u00e1roz\u00f3 t\u00e9nyez\u0151k hat\u00e1ssal vannak a vesz\u00e9lyeztetett csoportok eg\u00e9szs\u00e9g\u00fcgyi \u00f6kosziszt\u00e9m\u00e1j\u00e1ra. K\u00f6z\u00e9p- \u00e9s Kelet-Eur\u00f3p\u00e1ban a roma k\u00f6z\u00f6ss\u00e9gek a legink\u00e1bb kiszolg\u00e1ltatott \u00e9s szegreg\u00e1lt csoportok k\u00f6z\u00e9 tartoznak. A kultur\u00e1lis saj\u00e1toss\u00e1gok, a szeg\u00e9nys\u00e9g \u00e9s a rendszerszint\u0171 strukt\u00far\u00e1kkal szembeni bizalmatlans\u00e1g miatt a roma csoportok sz\u00e9les k\u00f6r\u0171 eg\u00e9szs\u00e9g\u00fcgyi egyenl\u0151tlens\u00e9gekkel szembes\u00fclnek, p\u00e9ld\u00e1ul alacsony eg\u00e9szs\u00e9gtudatos\u00e1ggal \u00e9s az orvosi protokollok betart\u00e1s\u00e1nak alacsony hajland\u00f3s\u00e1g\u00e1val. Ezek az eg\u00e9szs\u00e9get meghat\u00e1roz\u00f3 t\u00e9nyez\u0151k k\u00f6zvetlen\u00fcl hozz\u00e1j\u00e1rulnak a roma k\u00f6z\u00f6ss\u00e9g nem fert\u0151z\u0151 betegs\u00e9gek \u2013 noncommunicable diseases (NCD-k) kialakul\u00e1s\u00e1nak fokozott kock\u00e1zat\u00e1hoz.<br \/>\nA ShowUp4Health \u00fagy v\u00e9li, hogy az eg\u00e9szs\u00e9g\u00fcgyi \u00e9s szoci\u00e1lis beavatkoz\u00e1sokat szinergikusan \u00f6sszekapcsol\u00f3 k\u00f6z\u00f6ss\u00e9gek ezt eszk\u00f6zk\u00e9nt haszn\u00e1lhatj\u00e1k a bizalom ki\u00e9p\u00edt\u00e9s\u00e9re \u00e9s a vesz\u00e9lyeztetett csoportok, p\u00e9ld\u00e1ul a rom\u00e1k magasabb szint\u0171 eg\u00e9szs\u00e9gtudatoss\u00e1g\u00e1nak el\u0151seg\u00edt\u00e9s\u00e9re. A vesz\u00e9lyeztetett k\u00f6z\u00f6ss\u00e9geket t\u00e1mogat\u00f3 \u00e9rdekelt felek \u00e1gazatk\u00f6zi partners\u00e9gei szint\u00e9n szak\u00e9rtelmet, egy\u00fcttm\u0171k\u00f6d\u00e9st \u00e9s er\u0151forr\u00e1sokat biztos\u00edthatnak a nem fert\u0151z\u0151 betegs\u00e9gek \u00f6sszetett ter\u00fcleteinek kezel\u00e9s\u00e9hez. A ShowUp4Health c\u00e9lja, hogy a vesz\u00e9lyeztetett csoportok (els\u0151sorban a roma k\u00f6z\u00f6ss\u00e9gek \u00e9s m\u00e1sodsorban az orsz\u00e1gon bel\u00fcl lak\u00f3hely\u00fcket elhagyni k\u00e9nyszer\u00fclt szem\u00e9lyek) k\u00f6r\u00e9ben a nem fert\u0151z\u0151 betegs\u00e9gek fokozott kock\u00e1zat\u00e1hoz hozz\u00e1j\u00e1rul\u00f3 t\u00e1rsadalmi \u00e9s k\u00f6rnyezeti eg\u00e9szs\u00e9gmeghat\u00e1roz\u00f3 t\u00e9nyez\u0151kkel foglalkozzon. Ezt egy integr\u00e1lt szoci\u00e1lis-eg\u00e9szs\u00e9g\u00fcgyi fejleszt\u00e9si m\u00f3dszertan kidolgoz\u00e1s\u00e1val \u00e9rik el a vesz\u00e9lyeztetett emberekkel foglalkoz\u00f3 szervezetek sz\u00e1m\u00e1ra. A m\u00f3dszertan k\u00fcl\u00f6nb\u00f6z\u0151 elemeit 4 tag\u00e1llam (HU, RO, BG, SI) roma k\u00f6z\u00f6ss\u00e9geiben fogj\u00e1k k\u00eds\u00e9rleti jelleggel alkalmazni, hogy tesztelj\u00e9k az eg\u00e9szs\u00e9get meghat\u00e1roz\u00f3 t\u00e9nyez\u0151kre \u00e9s a nem fert\u0151z\u0151 betegs\u00e9gekre (sz\u00edv- \u00e9s \u00e9rrendszeri betegs\u00e9gek, cukorbetegs\u00e9g \u00e9s kr\u00f3nikus l\u00e9gz\u0151szervi betegs\u00e9gek) gyakorolt hat\u00e1sukat. Ezut\u00e1n a m\u00f3dszertant m\u00e1s vesz\u00e9lyeztetett csoportokra val\u00f3 alkalmazhat\u00f3s\u00e1g\u00e1nak meger\u0151s\u00edt\u00e9se \u00e9rdek\u00e9ben az elj\u00e1r\u00e1sokat k\u00eds\u00e9rleti jelleggel alkalmazz\u00e1k a lak\u00f3hely\u00fcket elhagyni k\u00e9nyszer\u00fclt emberek t\u00e1bor\u00e1ban, ahol a fenti nem fert\u0151z\u0151 betegs\u00e9gek sz\u0171r\u00e9s\u00e9t ment\u00e1lis eg\u00e9szs\u00e9g\u00fcgyi sz\u0171r\u00e9ssel eg\u00e9sz\u00edtik ki.<br \/>\nV\u00e9gs\u0151 soron a ShowUp4Health a rom\u00e1k \u00e9s a bels\u0151 menek\u00fcltek k\u00f6z\u00f6ss\u00e9geiben az eg\u00e9szs\u00e9g\u00fcgyi m\u0171velts\u00e9g \u00e9s az orvosi kezel\u00e9shez val\u00f3 jobb ragaszkod\u00e1s javul\u00e1s\u00e1hoz, az eg\u00e9szs\u00e9g\u00fcgyi rendszerekbe vetett nagyobb bizalomhoz, valamint a projekt eredm\u00e9nyein alapul\u00f3 nemzeti szakpolitikai ir\u00e1nymutat\u00e1sok kialak\u00edt\u00e1s\u00e1hoz vezet.<\/p>\n<p><img loading=\"lazy\" decoding=\"async\" class=\"alignright\" src=\"https:\/\/semmelweis.hu\/kfipalyazat\/files\/2025\/07\/NKFIA_infoblokk_kerettel_program_fekvo_2019_HU.jpg\" width=\"550\" height=\"233\" \/><\/p>\n","protected":false},"excerpt":{"rendered":"<p>Projekt azonos\u00edt\u00f3 sz\u00e1ma:\u00a02020-2.1.1-ED-2023-00276 Projekt c\u00edme:\u00a0Bizalom\u00e9p\u00edt\u00e9s a roma \u00e9s bels\u0151 menek\u00fclt (IDP) k\u00f6z\u00f6ss\u00e9gekben a nem fert\u0151z\u0151 betegs\u00e9gek (NCD) megel\u0151z\u00e9se \u00e9rdek\u00e9ben: Integr\u00e1lt szoci\u00e1lis eg\u00e9szs\u00e9g\u00fcgyi fejleszt\u00e9si m\u00f3dszertan kidolgoz\u00e1sa \u00e9s tesztel\u00e9se a s\u00e9r\u00fcl\u00e9keny csoportok sz\u00e1m\u00e1ra K\u00f6z\u00e9p- \u00e9s Kelet-Eur\u00f3p\u00e1ban Projekt megval\u00f3s\u00edt\u00e1s\u00e1nak kezdete:\u00a02023.11.23. Projekt fizikai befejez\u00e9s\u00e9nek hat\u00e1rideje:\u00a02026.11.30. T\u00e1mogat\u00e1s \u00f6sszege:\u00a088.616.224 Ft T\u00e1mogat\u00e1s intenzit\u00e1sa:\u00a0100% \u00a0 Projektr\u0151l:\u00a0 A t\u00e1rsadalmi \u00e9s k\u00f6rnyezeti eg\u00e9szs\u00e9gmeghat\u00e1roz\u00f3 t\u00e9nyez\u0151k hat\u00e1ssal &hellip;<\/p>\n","protected":false},"author":102410,"featured_media":0,"parent":229,"menu_order":8,"comment_status":"closed","ping_status":"closed","template":"","meta":{"_acf_changed":false,"footnotes":""},"categories":[],"tags":[],"class_list":["post-245","page","type-page","status-publish","hentry"],"acf":[],"_links":{"self":[{"href":"https:\/\/semmelweis.hu\/kfipalyazat\/wp-json\/wp\/v2\/pages\/245","targetHints":{"allow":["GET"]}}],"collection":[{"href":"https:\/\/semmelweis.hu\/kfipalyazat\/wp-json\/wp\/v2\/pages"}],"about":[{"href":"https:\/\/semmelweis.hu\/kfipalyazat\/wp-json\/wp\/v2\/types\/page"}],"author":[{"embeddable":true,"href":"https:\/\/semmelweis.hu\/kfipalyazat\/wp-json\/wp\/v2\/users\/102410"}],"replies":[{"embeddable":true,"href":"https:\/\/semmelweis.hu\/kfipalyazat\/wp-json\/wp\/v2\/comments?post=245"}],"version-history":[{"count":3,"href":"https:\/\/semmelweis.hu\/kfipalyazat\/wp-json\/wp\/v2\/pages\/245\/revisions"}],"predecessor-version":[{"id":632,"href":"https:\/\/semmelweis.hu\/kfipalyazat\/wp-json\/wp\/v2\/pages\/245\/revisions\/632"}],"up":[{"embeddable":true,"href":"https:\/\/semmelweis.hu\/kfipalyazat\/wp-json\/wp\/v2\/pages\/229"}],"wp:attachment":[{"href":"https:\/\/semmelweis.hu\/kfipalyazat\/wp-json\/wp\/v2\/media?parent=245"}],"wp:term":[{"taxonomy":"category","embeddable":true,"href":"https:\/\/semmelweis.hu\/kfipalyazat\/wp-json\/wp\/v2\/categories?post=245"},{"taxonomy":"post_tag","embeddable":true,"href":"https:\/\/semmelweis.hu\/kfipalyazat\/wp-json\/wp\/v2\/tags?post=245"}],"curies":[{"name":"wp","href":"https:\/\/api.w.org\/{rel}","templated":true}]}}