{"id":241,"date":"2025-07-03T13:36:03","date_gmt":"2025-07-03T11:36:03","guid":{"rendered":"https:\/\/semmelweis.hu\/kfipalyazat\/?page_id=241"},"modified":"2025-08-14T09:52:23","modified_gmt":"2025-08-14T07:52:23","slug":"2020-2-1-1-ed-2023-00255","status":"publish","type":"page","link":"https:\/\/semmelweis.hu\/kfipalyazat\/palyazatok\/hazai-palyazatok\/nkfih\/kormanyzati-onero-alap\/2020-2-1-1-ed-2023-00255\/","title":{"rendered":"2020-2.1.1-ED-2023-00255"},"content":{"rendered":"<p style=\"text-align: justify\"><strong>Projekt azonos\u00edt\u00f3 sz\u00e1ma:<\/strong>\u00a02020-2.1.1-ED-2023-00255<\/p>\n<p style=\"text-align: justify\"><strong>Projekt c\u00edme:<\/strong>\u00a0Feder\u00e1lt virtu\u00e1lis ikrek kialak\u00edt\u00e1sa szem\u00e9lyre szabott 2-es t\u00edpus\u00fa cukorbetegs\u00e9g kimenetel\u00e9nek predikci\u00f3j\u00e1ra<\/p>\n<p style=\"text-align: justify\"><strong>Projekt megval\u00f3s\u00edt\u00e1s\u00e1nak kezdete:<\/strong>\u00a02024.01.01.<\/p>\n<p style=\"text-align: justify\"><strong>Projekt fizikai befejez\u00e9s\u00e9nek hat\u00e1rideje:<\/strong>\u00a02028.12.31.<\/p>\n<p style=\"text-align: justify\"><strong>T\u00e1mogat\u00e1s \u00f6sszege:<\/strong>\u00a0226.373.000 Ft<\/p>\n<p style=\"text-align: justify\"><strong>T\u00e1mogat\u00e1s intenzit\u00e1sa:<\/strong>\u00a0100%<\/p>\n<p style=\"text-align: justify\">\u00a0<\/p>\n<p style=\"text-align: justify\"><strong>Projektr\u0151l:\u00a0<\/strong><\/p>\n<p style=\"text-align: justify\">\u201eA virtu\u00e1lis ikrek prognosztikai eszk\u00f6zk\u00e9nt haszn\u00e1lhat\u00f3k a szem\u00e9lyre szabott orvosl\u00e9sban. Kialak\u00edt\u00e1suk azonban nagy mennyiss\u00e9g\u0171 adatot ig\u00e9nyel, amely megk\u00f6veteli a k\u00fcl\u00f6nb\u00f6z\u0151 BIG DATA forr\u00e1sok integr\u00e1l\u00e1s\u00e1t, amit viszont akad\u00e1lyoznak az adatv\u00e9delmi jogszab\u00e1lyok<br \/>\nmint p\u00e9ld\u00e1ul GDPR rendelet. A k\u00f6zelm\u00faltban megjelentek az adatv\u00e9delmi t\u00f6rekv\u00e9seket figyelembe v\u00e9v\u0151 m\u00f3dszerek, mint p\u00e9ld\u00e1ul az feder\u00e1lt tanul\u00e1s. Ez a m\u00f3dszer lehet\u0151v\u00e9 teszi az elosztott BIG DATA adatb\u00e1zisok hat\u00e9kony felhaszn\u00e1l\u00e1s\u00e1t, mik\u00f6zben megv\u00e9di a betegek \u00e9rz\u00e9keny adatait. A cukorbetegs\u00e9g kutat\u00e1s\u00e1ban erre a technol\u00f3gi\u00e1ra \u00e9p\u00edt\u00fcnk \u00e9s egy egyes\u00edtett eg\u00e9szs\u00e9g\u00fcgyi adatplatform kifejleszt\u00e9s\u00e9vel az ezen alapul\u00f3 virtu\u00e1lis ikermodellek kialak\u00edt\u00e1sa a c\u00e9lunk. Els\u0151dleges orvosi c\u00e9lunk a 2-es t\u00edpus\u00fa cukorbetegs\u00e9g kezel\u00e9si eredm\u00e9nyeinek szem\u00e9lyre szabott el\u0151rejelz\u00e9se. Ez a k\u00f3rk\u00e9p y 10 feln\u0151ttb\u0151l 1-et \u00e9rint vil\u00e1gszerte, \u00e9s \u00e9vente kb. 893 milli\u00e1rd eur\u00f3 k\u00f6lts\u00e9get jelent. M\u00edg az eg\u00e9szs\u00e9g\u00fcgyi szolg\u00e1ltat\u00f3k egyre hat\u00e9konyabb m\u00f3dszereket dolgoznak ki a cukorbetegs\u00e9g kock\u00e1zati t\u00e9nyez\u0151inek (pl. elh\u00edz\u00e1s vagy testmozg\u00e1s hi\u00e1nya) befoly\u00e1sol\u00e1s\u00e1ban, nincs megfelel\u0151 m\u00f3dszer a v\u00e1rhat\u00f3 kimenetelre becsl\u00e9s\u00e9re egy adott beteg sz\u00e1m\u00e1ra a k\u00fcl\u00f6nnb\u00f6z\u0151 kezel\u00e9sek mellett. Ezt a ig\u00e9nyt fogja kiel\u00e9g\u00edteni a dAIbetes technol\u00f3gia, amely egyes\u00edteni fogja kb 800 000 2-es t\u00edpus\u00fa cukorbetegs\u00e9gben szenved\u0151 beteg 4 kohorszb\u00f3l sz\u00e1rmaz\u00f3 adatait \u00e9s virtu\u00e1lis prognosztikai iker modelleket alak\u00edt ki ezeken. Ezeket klinikai szempontb\u00f3l valid\u00e1lni fogjuk \u00fagy, hogy egy erre a c\u00e9lra szolg\u00e1l\u00f3 szoftveren kereszt\u00fcl alkalmazzuk a klinikai gyakorlatban.<br \/>\nC\u00e9lunk annak bizony\u00edt\u00e1sa, hogy az \u00e1ltalunk fejlesztett szem\u00e9lyre szabott el\u0151rejelz\u00e9seink hib\u00e1ja legal\u00e1bb 10%-kal alacsonyabb, mint a jelenlegi popul\u00e1ci\u00f3s modelleken alapul\u00f3 megold\u00e1sok\u00e9. Ez az egyes\u00edtett virtu\u00e1lis ikertechnol\u00f3gia szem\u00e9lyre szabott kezel\u00e9st tesz lehet\u0151v\u00e9, \u00e9s mintak\u00e9nt szolg\u00e1l m\u00e1s szakter\u00fcletek sz\u00e1m\u00e1ra. Konzorciumunk egyes\u00edti a mesters\u00e9ges intelligencia, a szoftverfejleszt\u00e9s, az adatv\u00e9delem \u00e9s a kiberbiztons\u00e1g, valamint a cukorbetegs\u00e9g \u00e9s annak kezel\u00e9s\u00e9ben j\u00e1rtas kutat\u00f3k, tud\u00f3sok szak\u00e9rtelm\u00e9t. T\u00e1vlati c\u00e9lunk, hogy feloldjuk az adatv\u00e9telem \u00e9s a big data ellent\u00e9t\u00e9t egy hat\u00e1rokon \u00e1tny\u00fal\u00f3 feder\u00e1lt kutat\u00e1si m\u00f3dszertan kialak\u00edt\u00e1s\u00e1val.\u201d<\/p>\n<p><img loading=\"lazy\" decoding=\"async\" class=\"alignright\" src=\"https:\/\/semmelweis.hu\/kfipalyazat\/files\/2025\/07\/NKFIA_infoblokk_kerettel_program_fekvo_2019_HU.jpg\" width=\"555\" height=\"235\" \/><\/p>\n","protected":false},"excerpt":{"rendered":"<p>Projekt azonos\u00edt\u00f3 sz\u00e1ma:\u00a02020-2.1.1-ED-2023-00255 Projekt c\u00edme:\u00a0Feder\u00e1lt virtu\u00e1lis ikrek kialak\u00edt\u00e1sa szem\u00e9lyre szabott 2-es t\u00edpus\u00fa cukorbetegs\u00e9g kimenetel\u00e9nek predikci\u00f3j\u00e1ra Projekt megval\u00f3s\u00edt\u00e1s\u00e1nak kezdete:\u00a02024.01.01. Projekt fizikai befejez\u00e9s\u00e9nek hat\u00e1rideje:\u00a02028.12.31. T\u00e1mogat\u00e1s \u00f6sszege:\u00a0226.373.000 Ft T\u00e1mogat\u00e1s intenzit\u00e1sa:\u00a0100% \u00a0 Projektr\u0151l:\u00a0 \u201eA virtu\u00e1lis ikrek prognosztikai eszk\u00f6zk\u00e9nt haszn\u00e1lhat\u00f3k a szem\u00e9lyre szabott orvosl\u00e9sban. Kialak\u00edt\u00e1suk azonban nagy mennyiss\u00e9g\u0171 adatot ig\u00e9nyel, amely megk\u00f6veteli a k\u00fcl\u00f6nb\u00f6z\u0151 BIG DATA forr\u00e1sok integr\u00e1l\u00e1s\u00e1t, amit viszont &hellip;<\/p>\n","protected":false},"author":102410,"featured_media":0,"parent":229,"menu_order":6,"comment_status":"closed","ping_status":"closed","template":"","meta":{"_acf_changed":false,"footnotes":""},"categories":[],"tags":[],"class_list":["post-241","page","type-page","status-publish","hentry"],"acf":[],"_links":{"self":[{"href":"https:\/\/semmelweis.hu\/kfipalyazat\/wp-json\/wp\/v2\/pages\/241","targetHints":{"allow":["GET"]}}],"collection":[{"href":"https:\/\/semmelweis.hu\/kfipalyazat\/wp-json\/wp\/v2\/pages"}],"about":[{"href":"https:\/\/semmelweis.hu\/kfipalyazat\/wp-json\/wp\/v2\/types\/page"}],"author":[{"embeddable":true,"href":"https:\/\/semmelweis.hu\/kfipalyazat\/wp-json\/wp\/v2\/users\/102410"}],"replies":[{"embeddable":true,"href":"https:\/\/semmelweis.hu\/kfipalyazat\/wp-json\/wp\/v2\/comments?post=241"}],"version-history":[{"count":2,"href":"https:\/\/semmelweis.hu\/kfipalyazat\/wp-json\/wp\/v2\/pages\/241\/revisions"}],"predecessor-version":[{"id":630,"href":"https:\/\/semmelweis.hu\/kfipalyazat\/wp-json\/wp\/v2\/pages\/241\/revisions\/630"}],"up":[{"embeddable":true,"href":"https:\/\/semmelweis.hu\/kfipalyazat\/wp-json\/wp\/v2\/pages\/229"}],"wp:attachment":[{"href":"https:\/\/semmelweis.hu\/kfipalyazat\/wp-json\/wp\/v2\/media?parent=241"}],"wp:term":[{"taxonomy":"category","embeddable":true,"href":"https:\/\/semmelweis.hu\/kfipalyazat\/wp-json\/wp\/v2\/categories?post=241"},{"taxonomy":"post_tag","embeddable":true,"href":"https:\/\/semmelweis.hu\/kfipalyazat\/wp-json\/wp\/v2\/tags?post=241"}],"curies":[{"name":"wp","href":"https:\/\/api.w.org\/{rel}","templated":true}]}}