{"id":234,"date":"2025-07-03T13:29:36","date_gmt":"2025-07-03T11:29:36","guid":{"rendered":"https:\/\/semmelweis.hu\/kfipalyazat\/?page_id=234"},"modified":"2025-08-14T09:51:15","modified_gmt":"2025-08-14T07:51:15","slug":"2020-2-1-1-ed-2020-00108","status":"publish","type":"page","link":"https:\/\/semmelweis.hu\/kfipalyazat\/palyazatok\/hazai-palyazatok\/nkfih\/kormanyzati-onero-alap\/2020-2-1-1-ed-2020-00108\/","title":{"rendered":"2020-2.1.1-ED-2020-00108"},"content":{"rendered":"<p style=\"text-align: justify\"><strong>T\u00e1mogat\u00f3:<\/strong>\u00a0Nemzeti Kutat\u00e1si, Fejleszt\u00e9si \u00e9s Innov\u00e1ci\u00f3s Hivatal\u00a0<\/p>\n<p style=\"text-align: justify\"><strong>Keret program:<\/strong>\u00a0Nemzeti Kutat\u00e1si, Fejleszt\u00e9si \u00e9s Innov\u00e1ci\u00f3s Alap, 1. Kutat\u00e1si alapr\u00e9sze<\/p>\n<p style=\"text-align: justify\"><strong>P\u00e1ly\u00e1zat c\u00edme:<\/strong>\u00a0Epidemiol\u00f3gia \u00e9s surveillance kutat\u00f3csoport l\u00e9trehoz\u00e1sa a Semmelweis Egyetemen<\/p>\n<p style=\"text-align: justify\"><strong>Projekt azonos\u00edt\u00f3:\u00a0<\/strong>2020-2.1.1-ED-2020-00108<\/p>\n<p style=\"text-align: justify\"><strong>Id\u0151szak:\u00a0<\/strong>2020.10.01-2022.01.31.<\/p>\n<p style=\"text-align: justify\"><strong>Elnyert \u00f6sszeg:<\/strong>\u00a0 96\u00a0907 500 Ft<\/p>\n<p style=\"text-align: justify\"><strong>A projekt t\u00e1rgya az Epidemiol\u00f3giai \u00e9s Surveillance K\u00f6zpont l\u00e9trehoz\u00e1sa a Semmelweis Egyetemen.<\/strong><\/p>\n<p style=\"text-align: justify\">A hat\u00e9kony, c\u00e9lzott n\u00e9peg\u00e9szs\u00e9g\u00fcgyi int\u00e9zked\u00e9sek alapja a n\u00e9pess\u00e9g eg\u00e9szs\u00e9gi \u00e1llapot\u00e1nak szisztematikus \u00e9rt\u00e9kel\u00e9se \u00e9s monitoroz\u00e1sa, tov\u00e1bb\u00e1 azoknak a (potenci\u00e1lisan v\u00e9d\u0151 \u00e9s \u00e1rt\u00f3) kock\u00e1zati faktoroknak az azonos\u00edt\u00e1sa, melyek az eg\u00e9szs\u00e9get \u00f6sszt\u00e1rsadalmi szinten is meghat\u00e1rozz\u00e1k. A pontos, n\u00e9peg\u00e9szs\u00e9g\u00fcgyi szint\u0171 helyzet\u00e9rt\u00e9kel\u00e9s, a k\u00f6z\u00f6ss\u00e9gi eg\u00e9szs\u00e9g-sz\u00fcks\u00e9gletek \u00e9s er\u0151forr\u00e1sok pontos meghat\u00e1roz\u00e1sa a fert\u0151z\u0151 \u00e9s a nemfert\u0151z\u0151 betegs\u00e9gek okozta t\u00e1rsadalmi terhek lek\u00fczd\u00e9s\u00e9hez elengedhetetlen, hiszen ez k\u00e9pezi a n\u00e9peg\u00e9szs\u00e9g\u00fcgyi szint\u0171 int\u00e9zked\u00e9sek alapj\u00e1t. A COVID-19 vil\u00e1gj\u00e1rv\u00e1ny \u00fajra r\u00e1ir\u00e1ny\u00edtotta a figyelmet a hat\u00e1rokon \u00e1tny\u00fal\u00f3 j\u00e1rv\u00e1ny\u00fcgyi vesz\u00e9lyhelyzetek komplex hat\u00e1saira, melyek egy sokkal \u00e1tfog\u00f3bb \u00e9s sz\u00e9lesk\u00f6r\u0171bb elemz\u00e9si \u00e9s beavatkoz\u00e1si keretrendszert ig\u00e9nyelnek, mint amelyek kor\u00e1bban a j\u00e1rv\u00e1ny\u00fcgyi rendszereink rendelkez\u00e9s\u00e9re \u00e1lltak.<\/p>\n<p style=\"text-align: justify\">Az Epidemiol\u00f3giai \u00e9s Surveillance K\u00f6zpont l\u00e9trehoz\u00e1sa biztos\u00edtja annak a m\u00f3dszertani m\u0171helynek a kialak\u00edt\u00e1s\u00e1t, ami sz\u00fcks\u00e9ges a n\u00e9peg\u00e9szs\u00e9g\u00fcgyi szempontb\u00f3l kritikus betegs\u00e9gteher c\u00e9lzott, t\u00e1rsadalmi szint\u0171 cs\u00f6kkent\u00e9s\u00e9hez, illetve a beavatkoz\u00e1sok hat\u00e1sainak \u00e9rt\u00e9kel\u00e9s\u00e9hez. Az elemz\u00e9si k\u00f6zpontnak k\u00e9pesnek kell lennie arra, hogy az orsz\u00e1gos szintr\u0151l a k\u00f6z\u00f6ss\u00e9gek szintj\u00e9re lebontsa az adatfeldolgoz\u00e1st \u00e9s az elemz\u00e9st, ez\u00e1ltal el\u0151seg\u00edtve a lak\u00f3helyk\u00f6zeli eg\u00e9szs\u00e9gszolg\u00e1ltat\u00e1sok meger\u0151s\u00edt\u00e9s\u00e9t is.<\/p>\n<p style=\"text-align: justify\"><strong>Az Epidemiol\u00f3giai \u00e9s Surveillance K\u00f6zpont SZMSZ-ben foglalt alapfeladatai<\/strong><\/p>\n<ol style=\"text-align: justify\">\n<li><strong>Monitoroz\u00e1s \u00e9s surveillance<\/strong><\/li>\n<\/ol>\n<p style=\"text-align: justify\">Meglev\u0151 relev\u00e1ns hazai adatgy\u0171jt\u00e9sek, surveillance-ok \u00e1ttekint\u00e9se, egys\u00e9ges\u00edt\u00e9se, k\u00fcl\u00f6nb\u00f6z\u0151 adatforr\u00e1sokb\u00f3l sz\u00e1rmaz\u00f3 adatok \u00f6sszegy\u0171jt\u00e9se, adatmodellek k\u00e9sz\u00edt\u00e9se, adatok elemz\u00e9se, \u00e9rt\u00e9kel\u00e9se, riport\u00e1l\u00e1sa, a k\u00fcl\u00f6nb\u00f6z\u0151 eredm\u00e9ny param\u00e9terek becsatorn\u00e1z\u00e1sa modellekbe.<\/p>\n<p style=\"text-align: justify\">A lakoss\u00e1g eg\u00e9szs\u00e9gi \u00e1llapot\u00e1nak monitoroz\u00e1sa, \u00faj t\u00edpus\u00fa surveillance rendszerek kifejleszt\u00e9se, tesztel\u00e9se, \u00e9rt\u00e9kel\u00e9se. N\u00e9peg\u00e9szs\u00e9g\u00fcgyi szakmai inform\u00e1ci\u00f3s rendszer, korai \u00e9szlel\u00e9si-riaszt\u00e1si rendszer kidolgoz\u00e1sa, el\u00e9rhet\u0151v\u00e9 t\u00e9tele.<\/p>\n<ol style=\"text-align: justify\" start=\"2\">\n<li><strong>Epidemiol\u00f3giai felder\u00edt\u00e9s, kock\u00e1zat\u00e9rt\u00e9kel\u00e9s<\/strong><\/li>\n<\/ol>\n<p style=\"text-align: justify\">Felk\u00e9r\u00e9sre megbeteged\u00e9s halmoz\u00f3d\u00e1sok, j\u00e1rv\u00e1nyok felder\u00edt\u00e9se, a terjed\u00e9s mozgat\u00f3rug\u00f3inak \u00e9s a megbeteged\u00e9sek kock\u00e1zati t\u00e9nyez\u0151inek azonos\u00edt\u00e1sa. Fenn\u00e1ll\u00f3 \u00e9s fenyeget\u0151 j\u00e1rv\u00e1ny\u00fcgyi vesz\u00e9lyhelyzetek azonos\u00edt\u00e1sa, \u00e9rt\u00e9kel\u00e9se \u00e9s kommunik\u00e1l\u00e1sa a d\u00f6nt\u00e9shoz\u00f3k fel\u00e9. Ennek \u00e9rdek\u00e9ben a lehet\u0151 legsz\u00e9lesebb k\u00f6rb\u0151l t\u00f6rt\u00e9n\u0151 inform\u00e1ci\u00f3gy\u0171jt\u00e9s, elemz\u00e9s \u00e9s \u00e9rt\u00e9kel\u00e9s.<\/p>\n<ol style=\"text-align: justify\" start=\"3\">\n<li><strong>N\u00e9peg\u00e9szs\u00e9g\u00fcgyi evidenci\u00e1k gener\u00e1l\u00e1sa, \u00e9rt\u00e9kel\u00e9se, kock\u00e1zat\u00e9rt\u00e9kel\u00e9s k\u00e9sz\u00edt\u00e9se<\/strong><\/li>\n<\/ol>\n<p style=\"text-align: justify\">Az \u00faj hazai \u00e9s nemzetk\u00f6zi, n\u00e9peg\u00e9szs\u00e9g\u00fcgyi jelent\u0151s\u00e9g\u0171 tudom\u00e1nyos evidenci\u00e1k \u00e9rt\u00e9kel\u00e9se, szintetiz\u00e1l\u00e1sa, jelent\u00e9sek k\u00e9sz\u00edt\u00e9se. Adatok elemz\u00e9se \u00e9s \u00e9rt\u00e9kel\u00e9se, ezek alapj\u00e1n evidenci\u00e1k gener\u00e1l\u00e1sa, becsatorn\u00e1z\u00e1sa matematikai modellez\u00e9sbe, (n\u00e9p)eg\u00e9szs\u00e9g\u00fcgyi k\u00e9pz\u00e9sekbe, valamint a napi gyakorlatba. R\u00e9szv\u00e9tel a d\u00f6nt\u00e9sel\u0151k\u00e9sz\u00edt\u00e9sben \u00e9s a szakmai eredm\u00e9nyek d\u00f6nt\u00e9shoz\u00f3k fel\u00e9 t\u00f6rt\u00e9n\u0151 kommunik\u00e1l\u00e1s\u00e1ban.<\/p>\n<ol style=\"text-align: justify\" start=\"4\">\n<li><strong>N\u00e9peg\u00e9szs\u00e9g\u00fcgyi beavatkoz\u00e1sok, int\u00e9zked\u00e9sek tervez\u00e9se<\/strong><\/li>\n<\/ol>\n<p style=\"text-align: justify\">Felk\u00e9r\u00e9sre evidenci\u00e1kon alapul\u00f3, c\u00e9lzott, kock\u00e1zat\u00e9rt\u00e9kel\u00e9sen alapul\u00f3 int\u00e9zked\u00e9si tervek kidolgoz\u00e1sa, javaslatt\u00e9tel, valamint int\u00e9zked\u00e9sek eredm\u00e9nyess\u00e9g\u00e9nek, hat\u00e9konys\u00e1g\u00e1nak \u00e9rt\u00e9kel\u00e9se.<\/p>\n<ol style=\"text-align: justify\" start=\"5\">\n<li><strong>Eg\u00e9szs\u00e9gkommunik\u00e1ci\u00f3<\/strong><\/li>\n<\/ol>\n<p style=\"text-align: justify\">A megfelel\u0151 eg\u00e9szs\u00e9gkommunik\u00e1ci\u00f3 az alapvet\u0151 n\u00e9peg\u00e9szs\u00e9g\u00fcgyi funkci\u00f3k egyike, mely \u00f6n\u00e1ll\u00f3an is k\u00e9pes bizonyos eg\u00e9szs\u00e9g kock\u00e1zatokat cs\u00f6kkenteni. Az evidenci\u00e1kon alapul\u00f3, c\u00e9lzott lakoss\u00e1gi \u00e9s szakmai kommunik\u00e1ci\u00f3hoz megfelel\u0151 kommunik\u00e1ci\u00f3s \u00fczenetek kidolgoz\u00e1sa, felk\u00e9r\u00e9sre a kommunik\u00e1ci\u00f3ban val\u00f3 r\u00e9szv\u00e9tel is a csoport feladat\u00e1t k\u00e9pezi.<\/p>\n<ol style=\"text-align: justify\" start=\"6\">\n<li><strong>Strat\u00e9giai partners\u00e9gek kialak\u00edt\u00e1sa<\/strong><\/li>\n<\/ol>\n<p style=\"text-align: justify\">Strat\u00e9giai partners\u00e9gek kialak\u00edt\u00e1sa \u00e9s m\u0171k\u00f6dtet\u00e9se els\u0151sorban az Innov\u00e1ci\u00f3s \u00e9s Technol\u00f3giai Miniszt\u00e9rium \u00e1ltal a COVID-19 pand\u00e9mi\u00e1s v\u00e9dekez\u00e9s szakmai b\u00e1zis\u00e1t k\u00e9pez\u0151 17 tudom\u00e1nyos projekttel, k\u00f6z\u00fcl\u00fck is kiemelten a J\u00e1rv\u00e1nymatematikai \u00e9s epidemiol\u00f3gia projekttel, Magyarorsz\u00e1g j\u00e1rv\u00e1nymatematikai modellez\u00e9si \u00e9s epidemiol\u00f3giai kapacit\u00e1sainak b\u0151v\u00edt\u00e9se, min\u00e9l pontosabb j\u00e1rv\u00e1ny\u00fcgyi el\u0151rejelz\u00e9sek k\u00e9sz\u00edt\u00e9se \u00e9rdek\u00e9ben.<\/p>\n<p><img loading=\"lazy\" decoding=\"async\" class=\"alignright\" src=\"https:\/\/semmelweis.hu\/kfipalyazat\/files\/2025\/07\/NKFIA_infoblokk_kerettel_program_fekvo_2019_HU.jpg\" width=\"550\" height=\"233\" \/><\/p>\n","protected":false},"excerpt":{"rendered":"<p>T\u00e1mogat\u00f3:\u00a0Nemzeti Kutat\u00e1si, Fejleszt\u00e9si \u00e9s Innov\u00e1ci\u00f3s Hivatal\u00a0 Keret program:\u00a0Nemzeti Kutat\u00e1si, Fejleszt\u00e9si \u00e9s Innov\u00e1ci\u00f3s Alap, 1. Kutat\u00e1si alapr\u00e9sze P\u00e1ly\u00e1zat c\u00edme:\u00a0Epidemiol\u00f3gia \u00e9s surveillance kutat\u00f3csoport l\u00e9trehoz\u00e1sa a Semmelweis Egyetemen Projekt azonos\u00edt\u00f3:\u00a02020-2.1.1-ED-2020-00108 Id\u0151szak:\u00a02020.10.01-2022.01.31. Elnyert \u00f6sszeg:\u00a0 96\u00a0907 500 Ft A projekt t\u00e1rgya az Epidemiol\u00f3giai \u00e9s Surveillance K\u00f6zpont l\u00e9trehoz\u00e1sa a Semmelweis Egyetemen. A hat\u00e9kony, c\u00e9lzott n\u00e9peg\u00e9szs\u00e9g\u00fcgyi int\u00e9zked\u00e9sek alapja a n\u00e9pess\u00e9g eg\u00e9szs\u00e9gi \u00e1llapot\u00e1nak &hellip;<\/p>\n","protected":false},"author":102410,"featured_media":0,"parent":229,"menu_order":2,"comment_status":"closed","ping_status":"closed","template":"","meta":{"_acf_changed":false,"footnotes":""},"categories":[],"tags":[],"class_list":["post-234","page","type-page","status-publish","hentry"],"acf":[],"_links":{"self":[{"href":"https:\/\/semmelweis.hu\/kfipalyazat\/wp-json\/wp\/v2\/pages\/234","targetHints":{"allow":["GET"]}}],"collection":[{"href":"https:\/\/semmelweis.hu\/kfipalyazat\/wp-json\/wp\/v2\/pages"}],"about":[{"href":"https:\/\/semmelweis.hu\/kfipalyazat\/wp-json\/wp\/v2\/types\/page"}],"author":[{"embeddable":true,"href":"https:\/\/semmelweis.hu\/kfipalyazat\/wp-json\/wp\/v2\/users\/102410"}],"replies":[{"embeddable":true,"href":"https:\/\/semmelweis.hu\/kfipalyazat\/wp-json\/wp\/v2\/comments?post=234"}],"version-history":[{"count":2,"href":"https:\/\/semmelweis.hu\/kfipalyazat\/wp-json\/wp\/v2\/pages\/234\/revisions"}],"predecessor-version":[{"id":626,"href":"https:\/\/semmelweis.hu\/kfipalyazat\/wp-json\/wp\/v2\/pages\/234\/revisions\/626"}],"up":[{"embeddable":true,"href":"https:\/\/semmelweis.hu\/kfipalyazat\/wp-json\/wp\/v2\/pages\/229"}],"wp:attachment":[{"href":"https:\/\/semmelweis.hu\/kfipalyazat\/wp-json\/wp\/v2\/media?parent=234"}],"wp:term":[{"taxonomy":"category","embeddable":true,"href":"https:\/\/semmelweis.hu\/kfipalyazat\/wp-json\/wp\/v2\/categories?post=234"},{"taxonomy":"post_tag","embeddable":true,"href":"https:\/\/semmelweis.hu\/kfipalyazat\/wp-json\/wp\/v2\/tags?post=234"}],"curies":[{"name":"wp","href":"https:\/\/api.w.org\/{rel}","templated":true}]}}