{"id":227,"date":"2025-07-03T11:52:15","date_gmt":"2025-07-03T09:52:15","guid":{"rendered":"https:\/\/semmelweis.hu\/kfipalyazat\/?page_id=227"},"modified":"2025-08-14T09:50:37","modified_gmt":"2025-08-14T07:50:37","slug":"tkp-2021-nemzetvedelem-nemzetbiztonsag-alprogram-mind-memoria-es-kognitiv-zavarokat-javito-indukalt-neuronalis-drug-screening-platform-kutatasa-es-fejlesztese","status":"publish","type":"page","link":"https:\/\/semmelweis.hu\/kfipalyazat\/palyazatok\/hazai-palyazatok\/nkfih\/temateruleti-kivalosagi-program-2020-tkp2020\/temateruleti-kivalosagi-program-2021\/tkp-2021-nemzetvedelem-nemzetbiztonsag-alprogram-mind-memoria-es-kognitiv-zavarokat-javito-indukalt-neuronalis-drug-screening-platform-kutatasa-es-fejlesztese\/","title":{"rendered":"TKP 2021 \u2013 Nemzetv\u00e9delem, nemzetbiztons\u00e1g alprogram \/ MiND+ : Mem\u00f3ria \u00e9s kognit\u00edv zavarokat jav\u00edt\u00f3 Induk\u00e1lt Neuron\u00e1lis Drug-screening platform kutat\u00e1sa \u00e9s fejleszt\u00e9se"},"content":{"rendered":"<p style=\"text-align: justify\">MiND+ : Mem\u00f3ria \u00e9s kognit\u00edv zavarokat jav\u00edt\u00f3 Induk\u00e1lt Neuron\u00e1lis Drug-screening platform kutat\u00e1sa \u00e9s fejleszt\u00e9se<\/p>\n<p style=\"text-align: justify\">T\u00e9mater\u00fcleti kutat\u00e1s vezet\u0151je: Dr. Pircs Karolina Milena<\/p>\n<p style=\"text-align: justify\">T\u00e1mogat\u00e1si \u00f6sszeg: 600\u00a0000 000 HUF<\/p>\n<p style=\"text-align: justify\">Projekt azonos\u00edt\u00f3ja: TKP2021-NVA-20<\/p>\n<p style=\"text-align: justify\">A vil\u00e1g n\u00e9pess\u00e9ge rendk\u00edv\u00fcl gyorsan \u00f6regszik, 2050-re a 60 \u00e9v felettiek sz\u00e1ma v\u00e1rhat\u00f3an 900 milli\u00f3r\u00f3l 2 milli\u00e1rdra n\u00f6vekszik. A kognit\u00edv rendelleness\u00e9gek sokf\u00e9le ment\u00e1lis rendelleness\u00e9get jelentenek, amelyek befoly\u00e1solj\u00e1k a kognit\u00edv funkci\u00f3kat, bele\u00e9rtve a tanul\u00e1st, a mem\u00f3ri\u00e1t, az \u00e9szlel\u00e9st \u00e9s a probl\u00e9mamegold\u00e1st. A kognit\u00edv rendelleness\u00e9gek legismertebb form\u00e1ja a demencia, amely vil\u00e1gszerte jelenleg t\u00f6bb mint 50 milli\u00f3 embert \u00e9rint. A v\u00e1rhat\u00f3 \u00e9lettartam n\u00f6veked\u00e9s\u00e9vel ez a sz\u00e1m \u00e9vente legal\u00e1bb 10 milli\u00f3 \u00faj esettel n\u00f6vekszik. Fontos kiemelni, hogy b\u00e1r a demencia f\u0151leg az id\u0151sebb embereket \u00e9rinti, nem r\u00e9sze a fiziol\u00f3gi\u00e1s, \u201enorm\u00e1l\u201d \u00f6reged\u00e9snek. A demencia sz\u00e1mos k\u00f3rk\u00e9p \u00e9s s\u00e9r\u00fcl\u00e9s k\u00f6vetkezm\u00e9nye, p\u00e9ld\u00e1ul Alzheimer-k\u00f3r (AD), Parkinson-k\u00f3r (PD), Huntington-k\u00f3r (HD) vagy stroke. A demencia \u00e9s a kognit\u00edv rendelleness\u00e9gek a XXI. sz\u00e1zad legnagyobb eg\u00e9szs\u00e9g\u00fcgyi, t\u00e1rsadalmi \u00e9s szoci\u00e1lis kih\u00edv\u00e1sa mind Eur\u00f3p\u00e1ban, mind Magyarorsz\u00e1gon. Jelenleg az orsz\u00e1g id\u0151skor\u00fa lakosai a \u2018sikertelen\u2019 (az eg\u00e9szs\u00e9gtelen \u00e9letm\u00f3d hat\u00e1s\u00e1ra felgyorsult) biol\u00f3giai \u00f6reged\u00e9s\u00fck miatt fokozottan s\u00fajtottak a kognit\u00edv rendelleness\u00e9gek\u00a0 molekul\u00e1ris \u00e9s sejtes mechanizmusai miatt kialakul\u00f3, a k\u00f6zponti idegrendszert \u00e9rint\u0151 betegs\u00e9gek \u00e1ltal. Kiemelt fontoss\u00e1g\u00fa ezen k\u00f3r\u00e1llapotok \u00faj diagnosztikus \u00e9s innovat\u00edv ter\u00e1pi\u00e1s lehet\u0151ss\u00e9geink kutat\u00e1sa.<\/p>\n<p style=\"text-align: justify\">A kognit\u00edv rendelleness\u00e9gek vizsg\u00e1lat\u00e1ra, rejuvin\u00e1l\u00e1sra \u00e9s ez\u00e1ltal \u00faj gy\u00f3gyszertargetek azonos\u00edt\u00e1s\u00e1ra egyed\u00fcl\u00e1ll\u00f3 lehet\u0151s\u00e9get ny\u00fajt az induk\u00e1lt neuron\u00e1lis (iN) modell, amely hum\u00e1n eredet\u0171 fibroblaszt sejtek vir\u00e1lis vektorokkal t\u00f6rt\u00e9n\u0151 direkt \u00e1tprogramoz\u00e1s\u00e1val hoz l\u00e9tre \u201e\u00f6reg\u201d idegsejteket, melyek megtartj\u00e1k a donorra jellemz\u0151 \u00e9letkori \u00e9s epigenetikai saj\u00e1ts\u00e1gokat (1. \u00e1bra). A k\u00fcl\u00f6nb\u00f6z\u0151 kor\u00fa donorokb\u00f3l sz\u00e1rmaz\u00f3 induk\u00e1lt neuronok \u00f6sszehasonl\u00edt\u00e1s\u00e1val teljesen \u00faj \u00e9s hum\u00e1n relev\u00e1ns inform\u00e1ci\u00f3kat nyerhet\u00fcnk az \u00f6reged\u00e9s sor\u00e1n bek\u00f6vetkez\u0151 v\u00e1ltoz\u00e1sokr\u00f3l. Ez a direkt \u00e1tprogramoz\u00e1si technika \u00e9s az induk\u00e1lt neuron\u00e1lis modell Magyarorsz\u00e1gon els\u0151k\u00e9nt \u00e9s egyed\u00fcl\u00e1ll\u00f3 m\u00f3don az \u00fajonnan alakult HCEMM-SE Neurobiol\u00f3giai \u00e9s Neurodegenerat\u00edv betegs\u00e9gek kutat\u00f3csoportban alkalmazott m\u00f3dszertan, amely eg\u00e9szen \u00faj t\u00e1vlatokat nyit meg az idegtudom\u00e1nyi kutat\u00e1sok \u00e9s fejleszt\u00e9sek ter\u00fclet\u00e9n.<\/p>\n<p style=\"text-align: justify\">A p\u00e1ly\u00e1zat c\u00e9lja egy \u00faj, hum\u00e1n relev\u00e1ns\u00a0<em>in vitro<\/em>\u00a0modell optim\u00e1liz\u00e1l\u00e1sa, standardiz\u00e1l\u00e1sa \u00e9s preklinikai haszn\u00e1lata, a kognit\u00edv rendelleness\u00e9gekben szenved\u0151 betegekb\u0151l sz\u00e1rmaz\u00f3 hum\u00e1n idegsejtek gy\u00f3gyszertesztel\u00e9s\u00e9re.<\/p>\n<p style=\"text-align: justify\">A p\u00e1ly\u00e1zat a sejtek \u00e1tprogramoz\u00e1si technol\u00f3gi\u00e1inak leg\u00fajabb fejlem\u00e9nyein alapul, amelyek lehet\u0151v\u00e9 teszik az iN-ok el\u0151\u00e1ll\u00edt\u00e1s\u00e1t feln\u0151tt hum\u00e1n fibroblasztokb\u00f3l transzkripci\u00f3s faktorok overexpressz\u00e1ltat\u00e1s\u00e1n kereszt\u00fcl. Az iN-ok fibroblasztokb\u00f3l t\u00f6rt\u00e9n\u0151 direkt \u00e1tprogramoz\u00e1sa egy teljesen \u00faj modellrendszert biztos\u00edt a kognit\u00edv rendelleness\u00e9gek vizsg\u00e1lat\u00e1ra. J\u00f3l ismert \u00e9s dokument\u00e1lt, klinikai el\u0151zm\u00e9nyekkel rendelkez\u0151 betegek sejtjeinek felhaszn\u00e1l\u00e1s\u00e1val az \u00e1tprogramozott sejtek rendk\u00edv\u00fcl jelent\u0151s potenci\u00e1llal rendelkeznek a kognit\u00edv rendelleness\u00e9gek kutat\u00e1s\u00e1ban. Az iN-ok direkt \u00e1tprogramoz\u00e1si technol\u00f3gi\u00e1ja sz\u00e1mos el\u0151nyt k\u00edn\u00e1l az induk\u00e1lt pluripotens \u0151ssejtekkel (iPS) szemben. Az iN-ok nem egyetlen kl\u00f3nb\u00f3l sz\u00e1rmaz\u00f3 sejtek, donor specifikus, \u00fagymond \u201eid\u0151s\u201d sejtek, amelyek hordozz\u00e1k a donor epigenetikai kor\u00e1t. Ez a modellrendszer lehet a kulcsa a kognit\u00edv rendelleness\u00e9ghez vezet\u0151, donorspecifikus molekul\u00e1ris mechanizmusok jobb meg\u00e9rt\u00e9s\u00e9hez. Mivel az \u00f6reged\u00e9s kulcsfontoss\u00e1g\u00fa a kognit\u00edv rendelleness\u00e9gek \u00e9s a demencia szempontj\u00e1b\u00f3l, jelenleg az iN sejtek jelentik az els\u0151 lehet\u0151s\u00e9get a molekul\u00e1ris mechanizmusok tanulm\u00e1nyoz\u00e1s\u00e1ra egy olyan modellben, amelyben \u201eid\u0151s\u201d sejteket vizsg\u00e1lhatunk.<\/p>\n<p style=\"text-align: justify\"><strong>Szignifikancia<\/strong><\/p>\n<p style=\"text-align: justify\">Ez a projekt egyed\u00fcl\u00e1ll\u00f3 m\u00f3don direkt \u00e1tprogramozott iN technol\u00f3gia seg\u00edts\u00e9g\u00e9vel ad lehet\u0151s\u00e9get kognit\u00edv rendelleness\u00e9gek tanulm\u00e1nyoz\u00e1s\u00e1ra. Ez a javasolt projekt unik\u00e1lisan, egyed\u00fcli m\u00f3don, egy kifinomultabb \u00e9s bonyolultabb\u00a0<em>in vitro<\/em>\u00a0sejtteny\u00e9szt\u00e9si rendszer felhaszn\u00e1l\u00e1s\u00e1val teszi lehet\u0151v\u00e9 a gy\u00f3gyszer-sz\u0171r\u00e9st, betegspecifikus m\u00f3don. A projekt elengedhetetlen inform\u00e1ci\u00f3kkal b\u00edr a kognit\u00edv rendelleness\u00e9gek folyamat\u00e1nak meg\u00e9rt\u00e9s\u00e9ben, valamint a gy\u00f3gyszertargetek felfedez\u00e9s\u00e9ben \u00e9s a szem\u00e9lyes orvosl\u00e1s fejleszt\u00e9s\u00e9ben. A leghat\u00e9konyabb c\u00e9lzott gy\u00f3gyszeres targetek r\u00e9szletes preklinikai valid\u00e1l\u00e1sa ut\u00e1n ez a technika \u00f3ri\u00e1si lehet\u0151s\u00e9geket k\u00edn\u00e1l \u00faj \u00e9s jobb gy\u00f3gyszerek kifejleszt\u00e9s\u00e9re.<\/p>\n<p style=\"text-align: justify\">A p\u00e1ly\u00e1zatban javasolt kutat\u00e1si program egyszerre \u00e9lvonalbeli \u00e9s egyed\u00fcl\u00e1ll\u00f3, \u00e9s ennek eredm\u00e9nyek\u00e9nt hozz\u00e1j\u00e1rulna Magyarorsz\u00e1g \u00e9s a Semmelweis Egyetem nemzetk\u00f6zi vezet\u00e9s\u00e9hez a kognit\u00edv rendelleness\u00e9gek ter\u00fclet\u00e9n, egy \u00faj, korszer\u0171 technol\u00f3gi\u00e1t alkalmazva.<\/p>\n<p style=\"text-align: justify\">\u00a0<\/p>\n<p><img loading=\"lazy\" decoding=\"async\" class=\"alignright\" src=\"https:\/\/semmelweis.hu\/kfipalyazat\/files\/2025\/07\/NKFIA_infoblokk_kerettel_program_fekvo_2019_HU.jpg\" width=\"550\" height=\"233\" \/><\/p>\n","protected":false},"excerpt":{"rendered":"<p>MiND+ : Mem\u00f3ria \u00e9s kognit\u00edv zavarokat jav\u00edt\u00f3 Induk\u00e1lt Neuron\u00e1lis Drug-screening platform kutat\u00e1sa \u00e9s fejleszt\u00e9se T\u00e9mater\u00fcleti kutat\u00e1s vezet\u0151je: Dr. Pircs Karolina Milena T\u00e1mogat\u00e1si \u00f6sszeg: 600\u00a0000 000 HUF Projekt azonos\u00edt\u00f3ja: TKP2021-NVA-20 A vil\u00e1g n\u00e9pess\u00e9ge rendk\u00edv\u00fcl gyorsan \u00f6regszik, 2050-re a 60 \u00e9v felettiek sz\u00e1ma v\u00e1rhat\u00f3an 900 milli\u00f3r\u00f3l 2 milli\u00e1rdra n\u00f6vekszik. A kognit\u00edv rendelleness\u00e9gek sokf\u00e9le ment\u00e1lis rendelleness\u00e9get jelentenek, amelyek &hellip;<\/p>\n","protected":false},"author":102410,"featured_media":0,"parent":165,"menu_order":11,"comment_status":"closed","ping_status":"closed","template":"","meta":{"_acf_changed":false,"footnotes":""},"categories":[],"tags":[],"class_list":["post-227","page","type-page","status-publish","hentry"],"acf":[],"_links":{"self":[{"href":"https:\/\/semmelweis.hu\/kfipalyazat\/wp-json\/wp\/v2\/pages\/227","targetHints":{"allow":["GET"]}}],"collection":[{"href":"https:\/\/semmelweis.hu\/kfipalyazat\/wp-json\/wp\/v2\/pages"}],"about":[{"href":"https:\/\/semmelweis.hu\/kfipalyazat\/wp-json\/wp\/v2\/types\/page"}],"author":[{"embeddable":true,"href":"https:\/\/semmelweis.hu\/kfipalyazat\/wp-json\/wp\/v2\/users\/102410"}],"replies":[{"embeddable":true,"href":"https:\/\/semmelweis.hu\/kfipalyazat\/wp-json\/wp\/v2\/comments?post=227"}],"version-history":[{"count":2,"href":"https:\/\/semmelweis.hu\/kfipalyazat\/wp-json\/wp\/v2\/pages\/227\/revisions"}],"predecessor-version":[{"id":624,"href":"https:\/\/semmelweis.hu\/kfipalyazat\/wp-json\/wp\/v2\/pages\/227\/revisions\/624"}],"up":[{"embeddable":true,"href":"https:\/\/semmelweis.hu\/kfipalyazat\/wp-json\/wp\/v2\/pages\/165"}],"wp:attachment":[{"href":"https:\/\/semmelweis.hu\/kfipalyazat\/wp-json\/wp\/v2\/media?parent=227"}],"wp:term":[{"taxonomy":"category","embeddable":true,"href":"https:\/\/semmelweis.hu\/kfipalyazat\/wp-json\/wp\/v2\/categories?post=227"},{"taxonomy":"post_tag","embeddable":true,"href":"https:\/\/semmelweis.hu\/kfipalyazat\/wp-json\/wp\/v2\/tags?post=227"}],"curies":[{"name":"wp","href":"https:\/\/api.w.org\/{rel}","templated":true}]}}