{"id":223,"date":"2025-07-03T11:48:57","date_gmt":"2025-07-03T09:48:57","guid":{"rendered":"https:\/\/semmelweis.hu\/kfipalyazat\/?page_id=223"},"modified":"2025-08-14T09:49:55","modified_gmt":"2025-08-14T07:49:55","slug":"tkp-2021-nemzetvedelem-nemzetbiztonsag-alprogram-betegut-kutatas-es-dashboard-kritikus-infrastruktura-vedelmere-jarvanyugyi-valsaghelyzetben","status":"publish","type":"page","link":"https:\/\/semmelweis.hu\/kfipalyazat\/palyazatok\/hazai-palyazatok\/nkfih\/temateruleti-kivalosagi-program-2020-tkp2020\/temateruleti-kivalosagi-program-2021\/tkp-2021-nemzetvedelem-nemzetbiztonsag-alprogram-betegut-kutatas-es-dashboard-kritikus-infrastruktura-vedelmere-jarvanyugyi-valsaghelyzetben\/","title":{"rendered":"TKP 2021 \u2013 Nemzetv\u00e9delem, nemzetbiztons\u00e1g alprogram \/ Beteg\u00fat kutat\u00e1s \u00e9s dashboard kritikus infrastrukt\u00fara v\u00e9delm\u00e9re j\u00e1rv\u00e1ny\u00fcgyi v\u00e1ls\u00e1ghelyzetben"},"content":{"rendered":"<p style=\"text-align: justify\">Beteg\u00fat kutat\u00e1s \u00e9s dashboard kritikus infrastrukt\u00fara v\u00e9delm\u00e9re j\u00e1rv\u00e1ny\u00fcgyi v\u00e1ls\u00e1ghelyzetben<\/p>\n<p style=\"text-align: justify\">T\u00e9mater\u00fcleti kutat\u00e1s vezet\u0151je: Prof. Dr. Sz\u00f3cska Mikl\u00f3s \u00e9s Dr. habil Belicza \u00c9va<\/p>\n<p style=\"text-align: justify\">T\u00e1mogat\u00e1si \u00f6sszeg: 298 616 750 HUF<\/p>\n<p style=\"text-align: justify\">Projekt azonos\u00edt\u00f3ja: TKP2021-NVA-11<\/p>\n<p style=\"text-align: justify\">A COVID-19 r\u00e1mutatott arra, hogy az eg\u00e9szs\u00e9g\u00fcgyi infrastrukt\u00fara, mint kritikus infrastrukt\u00fara v\u00e9delm\u00e9t c\u00e9lz\u00f3 adatalap\u00fa kutat\u00e1sok kiemelt fontoss\u00e1g\u00faak egy \u00fajabb j\u00e1rv\u00e1nyhelyzet, vagy ak\u00e1r katasztr\u00f3fav\u00e9delmi helyet eset\u00e9n katasztr\u00f3fav\u00e9delmi elj\u00e1r\u00e1sok \u00e9s biztons\u00e1gos megold\u00e1sok fejleszt\u00e9s\u00e9hez a polg\u00e1ri lakoss\u00e1g v\u00e9delm\u00e9ben.<\/p>\n<p style=\"text-align: justify\">Jelen projekt az eg\u00e9szs\u00e9g\u00fcgyi ell\u00e1t\u00f3rendszer, mint kritikus infrastrukt\u00fara v\u00e9delm\u00e9t \u00e9s rezilienci\u00e1j\u00e1t er\u0151s\u00edti meg bigdata alap\u00fa elemz\u00e9sekre alapozva, szem el\u0151tt tartva a kiberbiztons\u00e1gi t\u00e9nyez\u0151ket is. A tervezett kutat\u00e1s keret\u00e9ben \u00f6sszehasonl\u00edt\u00e1sra ker\u00fcl a j\u00e1rv\u00e1nyhelyzet el\u0151tti \u00e9s azt k\u00f6vet\u0151 gyakorlatok v\u00e1ltoz\u00e1sa: 2010-2019 \u00e9s 2020-21 k\u00f6z\u00f6tt, \u00edgy a szakmai aj\u00e1nl\u00e1sok ismeret\u00e9t felhaszn\u00e1lva a pand\u00e9mia n\u00e9lk\u00fcli \u201eszok\u00e1sos\u201d gyakorlat \u00fctk\u00f6ztethet\u0151 a j\u00e1rv\u00e1nyhelyzeti id\u0151szak gyakorlat\u00e1val.<\/p>\n<p style=\"text-align: justify\">A kutat\u00e1s legal\u00e1bb \u00f6t kiemelt magas kock\u00e1zat\u00fa betegcsoportra terjed ki: megt\u00f6rt\u00e9nik annak felt\u00e9rk\u00e9pez\u00e9se, hogy az adott betegs\u00e9gcsoportban hogyan alakul a betegek ig\u00e9nybev\u00e9teli gyakorlata, melyek azok a betegcsoportok (kor, nem, diagn\u00f3zis, f\u00f6ldrajzi ter\u00fclet, szoci\u00e1lis k\u00f6rnyezet, stb.) \u00e9s tev\u00e9kenys\u00e9gek, ahol siker\u00fclt a k\u00edv\u00e1nt ell\u00e1t\u00e1st fenntartani \u00e9s felt\u00e9telezhet\u0151en hol s\u00e9r\u00fclt a betegell\u00e1t\u00e1s biztons\u00e1ga. C\u00e9l, hogy az aktu\u00e1lis eredm\u00e9nyek \u00e9s az \u00e9szlelt v\u00e1ltoz\u00e1sok megjelenjenek egy dashboard fel\u00fcleten, \u00edgy egyr\u00e9szt tov\u00e1bbi kutat\u00e1sok kiindul\u00f3pontj\u00e1t jelenthetik, m\u00e1sr\u00e9szt a d\u00f6nt\u00e9shoz\u00f3k gyors \u00e9s hiteles t\u00e1j\u00e9koztat\u00e1s\u00e1t seg\u00edtik. Tov\u00e1bbi c\u00e9l annak felm\u00e9r\u00e9se, hogy ezek h\u00e1tter\u00e9ben milyen t\u00e9nyez\u0151k \u00e1llhatnak, \u00e9s ezen t\u00e9nyez\u0151knek mik lehetnek az eredm\u00e9nyes \u00e9s hat\u00e9kony kezel\u00e9si m\u00f3dszerei.A j\u00e1rv\u00e1ny\u00fcgyi helyzetekben megn\u0151 annak a vesz\u00e9lye, hogy a kr\u00f3nikus betegs\u00e9gek k\u00e9sve ker\u00fclnek felismer\u00e9sre, elmaradnak vagy k\u00e9snek a sz\u00fcks\u00e9ges ell\u00e1t\u00e1sok, vagy azok nem az elv\u00e1rt m\u00f3don val\u00f3sulnak meg. A kr\u00f3nikus betegek\u00e9rt t\u00f6bb ell\u00e1t\u00f3 felel, betegell\u00e1t\u00e1si folyamatban \u2013 beteg\u00faton -vesznek r\u00e9szt. Ide\u00e1lis esetben az \u00e9rintett beteg az ell\u00e1t\u00e1s egyes l\u00e9p\u00e9seit az evidenci\u00e1knak, illetve a szakmai aj\u00e1nl\u00e1soknak megfelel\u0151 helyen \u00e9s id\u0151ben tudja ig\u00e9nybe venni, azaz a sz\u00fcks\u00e9ges ell\u00e1t\u00e1sok az aj\u00e1nlott ell\u00e1t\u00e1si szinten val\u00f3sulnak meg, nem k\u00e9snek, \u00e9s nem maradnak el, illetve nem t\u00f6rt\u00e9nik indokolatlan ell\u00e1t\u00e1s.<\/p>\n<p style=\"text-align: justify\">Magas kock\u00e1zat\u00fa betegcsoportok (pl. daganatos, diabeteszes) eset\u00e9ben a k\u00e9sleked\u00e9s, vagy a sz\u00fcks\u00e9ges ell\u00e1t\u00e1sok elmarad\u00e1sa, nem megfelel\u0151 alkalmaz\u00e1sa vesz\u00e9lyezteti a beteg eg\u00e9szs\u00e9gi \u00e1llapot\u00e1t, n\u00f6velik az ell\u00e1t\u00e1si k\u00f6lts\u00e9geket, az eg\u00e9szs\u00e9g\u00fcgy, a csal\u00e1dra \u00e9s a t\u00e1rsadalmi terheket.<\/p>\n<p style=\"text-align: justify\">A SE Eg\u00e9szs\u00e9g\u00fcgyi Menedzserk\u00e9pz\u0151 K\u00f6zpont munkat\u00e1rsai \u00e9vtizedek \u00f3ta foglalkoznak az adminisztrat\u00edv adatok elemz\u00e9s\u00e9vel hazai \u00e9s nemzetk\u00f6zi projektek keret\u00e9ben, illetve a WHO felk\u00e9r\u00e9s\u00e9re. Kutat\u00e1sokat v\u00e9gezt\u00fcnk az adatok min\u0151s\u00e9g\u00e9vel kapcsolatban, min\u0151s\u00e9gi indik\u00e1torokat fejlesztett\u00fcnk \u00e9s elemezt\u00fcnk, vizsg\u00e1ltuk az ig\u00e9nybev\u00e9teli egyenl\u0151tlens\u00e9geket, vizsg\u00e1ltuk a kiv\u00e1lt\u00f3 okokat \u00e9s megval\u00f3s\u00edthat\u00f3 megold\u00e1sokat.<\/p>\n<p style=\"text-align: justify\">2020-ban az Operat\u00edv T\u00f6rzs szak\u00e9rt\u0151k\u00e9nt bevonta az EMK igazgat\u00f3j\u00e1t a munk\u00e1latokba. A j\u00e1rv\u00e1nyhelyzet naprak\u00e9sz k\u00f6vet\u00e9s\u00e9re nyilv\u00e1nosan nem el\u00e9rhet\u0151 PowerBI fel\u00fcletet hoztunk l\u00e9tre, ami vezet\u0151i dashboardk\u00e9nt szolg\u00e1l a relev\u00e1ns d\u00f6nt\u00e9shoz\u00f3k sz\u00e1m\u00e1ra.<\/p>\n<p style=\"text-align: justify\">A pand\u00e9mia betegell\u00e1t\u00e1sra vonatkoz\u00f3 k\u00f6vetkezm\u00e9nyeinek elemz\u00e9s\u00e9hez az Operat\u00edv T\u00f6rzs d\u00f6nt\u00e9se alapj\u00e1n k\u00fcl\u00f6nb\u00f6z\u0151 adatgazd\u00e1k adminisztrat\u00edv adat\u00e1llom\u00e1nyaihoz kapunk hozz\u00e1f\u00e9r\u00e9st, \u00e9s az \u00e1llom\u00e1nyok \u00f6sszekapcsol\u00e1si lehet\u0151s\u00e9g\u00e9nek megteremt\u00e9s\u00e9vel lehet\u0151v\u00e9 v\u00e1lik a magas kock\u00e1zat\u00fa betegek ell\u00e1t\u00e1s\u00e1nak elemz\u00e9se \u00e9s a k\u00edv\u00e1natost\u00f3l val\u00f3 elt\u00e9r\u00e9sek meghat\u00e1roz\u00e1sa.<\/p>\n<p style=\"text-align: justify\">C\u00e9l legal\u00e1bb \u00f6t kiemelt magas kock\u00e1zat\u00fa betegcsoport eset\u00e9n annak felt\u00e9rk\u00e9pez\u00e9se, hogy az adott betegs\u00e9gcsoportban hogyan alakul a betegek ig\u00e9nybev\u00e9teli gyakorlata, melyek azok a betegcsoportok \u00e9s tev\u00e9kenys\u00e9gek, ahol siker\u00fclt a k\u00edv\u00e1nt ell\u00e1t\u00e1st fenntartani \u00e9s felt\u00e9telezhet\u0151en hol s\u00e9r\u00fclt a betegell\u00e1t\u00e1s biztons\u00e1ga. Dashboard fel\u00fcletet hozunk l\u00e9tre a d\u00f6nt\u00e9shoz\u00f3k t\u00e1j\u00e9koz\u00f3d\u00e1s\u00e1nak seg\u00edts\u00e9g\u00e9re. Felm\u00e9rj\u00fck, hogy ezek h\u00e1tter\u00e9ben milyen t\u00e9nyez\u0151k \u00e1llhatnak, \u00e9s ezeknek mik lehetnek az eredm\u00e9nyes \u00e9s hat\u00e9kony kezel\u00e9si m\u00f3dszerei.<\/p>\n<p style=\"text-align: justify\">Fontosabb v\u00e1rhat\u00f3 eredm\u00e9nyek:<\/p>\n<ol style=\"text-align: justify\">\n<li>Azonos\u00edthat\u00f3v\u00e1 v\u00e1lnak azok az ell\u00e1t\u00e1si pontok, amelyek katasztr\u00f3fa\/j\u00e1rv\u00e1ny\u00fcgyi helyzetben azonnali int\u00e9zked\u00e9st ig\u00e9nyelnek a betegell\u00e1t\u00e1s biztons\u00e1ga \u00e9rdek\u00e9ben. Azonos\u00edt\u00e1sra ker\u00fclnek a legfontosabb okok, \u00e9s aj\u00e1nl\u00e1sok sz\u00fcletnek megold\u00e1sukra.<\/li>\n<li>Dashboard k\u00e9sz\u00fcl, ami tartalmazza az indik\u00e1torok eredm\u00e9nyeit al\u00e1bonthat\u00f3 form\u00e1ban. A fel\u00fclet j\u00e1rv\u00e1ny\u00fcgyi \u00e9s egy\u00e9b katasztr\u00f3fahelyzetben a d\u00f6nt\u00e9shoz\u00f3k munk\u00e1j\u00e1t t\u00e1mogatja, \u00e9s tov\u00e1bbi kutat\u00e1shoz ad kiindul\u00f3 inform\u00e1ci\u00f3kat.<\/li>\n<li>Olyan int\u00e9zked\u00e9sek fogalmazhat\u00f3k meg, amik t\u00e1rsadalmi szint\u0171 pozit\u00edv hat\u00e1ssal b\u00edrnak.<\/li>\n<li>Er\u0151s\u00f6dik a hazai \u00e9s nemzetk\u00f6zi kutat\u00f3i potenci\u00e1l.\u00a0<\/li>\n<\/ol>\n<p style=\"text-align: justify\">\u00a0<\/p>\n<p style=\"text-align: justify\"><strong>PUBLIK\u00c1CI\u00d3K<\/strong><\/p>\n<p style=\"text-align: justify\"><a href=\"https:\/\/semmelweis.hu\/kfipalyazat\/files\/2025\/07\/Adatvezerelt-egeszseg-mint-rendszerkepesseg.pdf\" target=\"_blank\" rel=\"noopener\">Adatvez\u00e9relt eg\u00e9szs\u00e9g mint rendszerk\u00e9pess\u00e9g<\/a><\/p>\n<p style=\"text-align: justify\"><a href=\"https:\/\/semmelweis.hu\/kfipalyazat\/files\/2025\/07\/A-korai-emlorakban-alkalmazott-terapias-modalitasok-betegutjainak-elemzese-a-NEAK-2010-2021-kozti-igenybeveteli-adatai-alapjan.pdf\" target=\"_blank\" rel=\"noopener\">A korai eml\u0151r\u00e1kban alkalmazott ter\u00e1pi\u00e1s modalit\u00e1sok beteg\u00fatjainak elemz\u00e9se a NEAK 2010-2021 k\u00f6zti ig\u00e9nybev\u00e9teli adatai alapj\u00e1n<\/a><\/p>\n<p style=\"text-align: justify\"><a href=\"https:\/\/semmelweis.hu\/kfipalyazat\/files\/2025\/07\/Emlodaganatos-betegek-betegut-elemzese-adminisztrativ-adatok-alapjan-2010-2021-kozott.pdf\" target=\"_blank\" rel=\"noopener\">Eml\u0151daganatos betegek beteg\u00fat elemz\u00e9se adminisztrat\u00edv adatok alapj\u00e1n 2010-2021 k\u00f6z\u00f6tt<\/a><\/p>\n<p style=\"text-align: justify\"><a href=\"https:\/\/semmelweis.hu\/kfipalyazat\/files\/2025\/07\/Emlodaganatos-betegek-betegutelemzesehez-szukseges-mintavalasztas-problemai.pdf\" target=\"_blank\" rel=\"noopener\">Eml\u0151daganatos betegek beteg\u00fatelemz\u00e9s\u00e9hez sz\u00fcks\u00e9ges mintav\u00e1laszt\u00e1s probl\u00e9m\u00e1i<\/a><\/p>\n<p style=\"text-align: justify\"><a href=\"https:\/\/semmelweis.hu\/kfipalyazat\/files\/2025\/07\/Betegut_hogyan-mi-es-mi-alapjan-ertekelheto.pdf\" target=\"_blank\" rel=\"noopener\">Beteg\u00fat \u2013 Hogyan, mi \u00e9s mi alapj\u00e1n \u00e9rt\u00e9kelhet\u0151?<\/a><\/p>\n<p style=\"text-align: justify\"><a href=\"https:\/\/semmelweis.hu\/kfipalyazat\/files\/2025\/07\/Betegutak-ertekelese-es-javitasa.pdf\" target=\"_blank\" rel=\"noopener\">Betegutak \u00e9rt\u00e9kel\u00e9se \u00e9s jav\u00edt\u00e1sa \u2013 Nemzetk\u00f6zi kutat\u00e1sok \u00e9s projektek<\/a><\/p>\n<p style=\"text-align: justify\"><a href=\"https:\/\/semmelweis.hu\/kfipalyazat\/files\/2025\/07\/Betegutak-ertekelese-es-javitasa-\u2013-Modszertani-megfontolasok.pdf\" target=\"_blank\" rel=\"noopener\">Betegutak \u00e9rt\u00e9kel\u00e9se \u00e9s jav\u00edt\u00e1sa \u2013 M\u00f3dszertani megfontol\u00e1sok<\/a><\/p>\n<p style=\"text-align: justify\"><a href=\"https:\/\/semmelweis.hu\/kfipalyazat\/files\/2025\/07\/Trends-and-contributing-factors-of-short-term-hip-fracture-mortality-in-Hungary.pdf\" target=\"_blank\" rel=\"noopener\">Trends and contributing factors of short term hip fracture mortality in Hungary<\/a><\/p>\n<p style=\"text-align: justify\"><a href=\"https:\/\/semmelweis.hu\/kfipalyazat\/files\/2025\/07\/Az-adatok-szerepe-a-betegbiztonsag-fejleszteseben.pdf\" target=\"_blank\" rel=\"noopener\">Az adatok szerepe a betegbiztons\u00e1g fejleszt\u00e9s\u00e9ben<\/a><\/p>\n<p style=\"text-align: justify\"><a href=\"https:\/\/semmelweis.hu\/kfipalyazat\/files\/2025\/07\/A-Magyarorszagon-csipotaji-torest-elszenvedett-betegek-rovidtavu-tulelesenek-es-az-ezt-befolyasolo-tenyezoknek-a-vizsgalata.pdf\" target=\"_blank\" rel=\"noopener\">A Magyarorsz\u00e1gon cs\u00edp\u0151t\u00e1ji t\u00f6r\u00e9st elszenvedett betegek r\u00f6vidt\u00e1v\u00fa t\u00fal\u00e9l\u00e9s\u00e9nek \u00e9s az ezt befoly\u00e1sol\u00f3 t\u00e9nyez\u0151knek a vizsg\u00e1lata<\/a><\/p>\n<p style=\"text-align: justify\"><a href=\"https:\/\/semmelweis.hu\/kfipalyazat\/files\/2025\/07\/Global-fertility-in-204-countries-and-territories-1950\u20132021-with-forecasts-to-2100.pdf\" target=\"_blank\" rel=\"noopener\">Global fertility in 204 countries and territories, 1950\u20132021, with forecasts to 2100: a comprehensive demographic analysis for the Global Burden of Disease Study 2021<\/a><\/p>\n<p style=\"text-align: justify\"><a href=\"https:\/\/semmelweis.hu\/kfipalyazat\/files\/2025\/07\/Global-age-sex-specific-mortality-1.pdf\" target=\"_blank\" rel=\"noopener\">Global age-sex-specific mortality, life expectancy, and population estimates in 204 countries and territories and 811 subnational locations, 1950\u20132021, and the impact of the COVID-19 pandemic: a comprehensive demographic analysis for the Global Burden of Disease Study 2021<\/a><\/p>\n<p style=\"text-align: justify\">\u00a0<\/p>\n<p style=\"text-align: justify\"><strong>PROJEKT KERET\u00c9BEN MEGVAL\u00d3SUL\u00d3 PROGRAMOK<\/strong><\/p>\n<p style=\"text-align: justify\"><a href=\"https:\/\/info.nevesforum.hu\/2023\/02\/59-neves-betegbiztonsagi-forum\/\" target=\"_blank\" rel=\"noopener\">59. NEVES F\u00f3rum \u00f6sszefoglal\u00f3<\/a><\/p>\n<p>&nbsp;<\/p>\n<p>&nbsp;<\/p>\n<p><img loading=\"lazy\" decoding=\"async\" class=\"alignright\" src=\"https:\/\/semmelweis.hu\/kfipalyazat\/files\/2025\/07\/NKFIA_infoblokk_kerettel_program_fekvo_2019_HU.jpg\" width=\"550\" height=\"233\" \/><\/p>\n","protected":false},"excerpt":{"rendered":"<p>Beteg\u00fat kutat\u00e1s \u00e9s dashboard kritikus infrastrukt\u00fara v\u00e9delm\u00e9re j\u00e1rv\u00e1ny\u00fcgyi v\u00e1ls\u00e1ghelyzetben T\u00e9mater\u00fcleti kutat\u00e1s vezet\u0151je: Prof. Dr. Sz\u00f3cska Mikl\u00f3s \u00e9s Dr. habil Belicza \u00c9va T\u00e1mogat\u00e1si \u00f6sszeg: 298 616 750 HUF Projekt azonos\u00edt\u00f3ja: TKP2021-NVA-11 A COVID-19 r\u00e1mutatott arra, hogy az eg\u00e9szs\u00e9g\u00fcgyi infrastrukt\u00fara, mint kritikus infrastrukt\u00fara v\u00e9delm\u00e9t c\u00e9lz\u00f3 adatalap\u00fa kutat\u00e1sok kiemelt fontoss\u00e1g\u00faak egy \u00fajabb j\u00e1rv\u00e1nyhelyzet, vagy ak\u00e1r katasztr\u00f3fav\u00e9delmi helyet eset\u00e9n &hellip;<\/p>\n","protected":false},"author":102410,"featured_media":0,"parent":165,"menu_order":9,"comment_status":"closed","ping_status":"closed","template":"","meta":{"_acf_changed":false,"footnotes":""},"categories":[],"tags":[],"class_list":["post-223","page","type-page","status-publish","hentry"],"acf":[],"_links":{"self":[{"href":"https:\/\/semmelweis.hu\/kfipalyazat\/wp-json\/wp\/v2\/pages\/223","targetHints":{"allow":["GET"]}}],"collection":[{"href":"https:\/\/semmelweis.hu\/kfipalyazat\/wp-json\/wp\/v2\/pages"}],"about":[{"href":"https:\/\/semmelweis.hu\/kfipalyazat\/wp-json\/wp\/v2\/types\/page"}],"author":[{"embeddable":true,"href":"https:\/\/semmelweis.hu\/kfipalyazat\/wp-json\/wp\/v2\/users\/102410"}],"replies":[{"embeddable":true,"href":"https:\/\/semmelweis.hu\/kfipalyazat\/wp-json\/wp\/v2\/comments?post=223"}],"version-history":[{"count":5,"href":"https:\/\/semmelweis.hu\/kfipalyazat\/wp-json\/wp\/v2\/pages\/223\/revisions"}],"predecessor-version":[{"id":622,"href":"https:\/\/semmelweis.hu\/kfipalyazat\/wp-json\/wp\/v2\/pages\/223\/revisions\/622"}],"up":[{"embeddable":true,"href":"https:\/\/semmelweis.hu\/kfipalyazat\/wp-json\/wp\/v2\/pages\/165"}],"wp:attachment":[{"href":"https:\/\/semmelweis.hu\/kfipalyazat\/wp-json\/wp\/v2\/media?parent=223"}],"wp:term":[{"taxonomy":"category","embeddable":true,"href":"https:\/\/semmelweis.hu\/kfipalyazat\/wp-json\/wp\/v2\/categories?post=223"},{"taxonomy":"post_tag","embeddable":true,"href":"https:\/\/semmelweis.hu\/kfipalyazat\/wp-json\/wp\/v2\/tags?post=223"}],"curies":[{"name":"wp","href":"https:\/\/api.w.org\/{rel}","templated":true}]}}