{"id":221,"date":"2025-07-03T11:46:16","date_gmt":"2025-07-03T09:46:16","guid":{"rendered":"https:\/\/semmelweis.hu\/kfipalyazat\/?page_id=221"},"modified":"2025-08-14T09:49:33","modified_gmt":"2025-08-14T07:49:33","slug":"tkp-2021-nemzetvedelem-nemzetbiztonsag-alprogram-pacemakerrel-es-beultetett-defibrillator-eszkozzel-rendelkezo-betegek-biztonsagos-telemetrias-utankovetese-es-gondozasa","status":"publish","type":"page","link":"https:\/\/semmelweis.hu\/kfipalyazat\/palyazatok\/hazai-palyazatok\/nkfih\/temateruleti-kivalosagi-program-2020-tkp2020\/temateruleti-kivalosagi-program-2021\/tkp-2021-nemzetvedelem-nemzetbiztonsag-alprogram-pacemakerrel-es-beultetett-defibrillator-eszkozzel-rendelkezo-betegek-biztonsagos-telemetrias-utankovetese-es-gondozasa\/","title":{"rendered":"TKP 2021 \u2013 Nemzetv\u00e9delem, nemzetbiztons\u00e1g alprogram \/ Pacemakerrel \u00e9s be\u00fcltetett defibrill\u00e1tor eszk\u00f6zzel rendelkez\u0151 betegek biztons\u00e1gos telemetri\u00e1s ut\u00e1nk\u00f6vet\u00e9se \u00e9s gondoz\u00e1sa"},"content":{"rendered":"<p style=\"text-align: justify\">Pacemakerrel \u00e9s be\u00fcltetett defibrill\u00e1tor eszk\u00f6zzel rendelkez\u0151 betegek biztons\u00e1gos telemetri\u00e1s ut\u00e1nk\u00f6vet\u00e9se \u00e9s gondoz\u00e1sa<\/p>\n<p style=\"text-align: justify\">T\u00e9mater\u00fcleti kutat\u00e1s vezet\u0151je: Prof. Dr. Merkely B\u00e9la P\u00e9ter<\/p>\n<p style=\"text-align: justify\">T\u00e1mogat\u00e1si \u00f6sszeg: 653\u00a0762 000 HUF<\/p>\n<p style=\"text-align: justify\">Projekt azonos\u00edt\u00f3ja: TKP2021-NVA-12<\/p>\n<p style=\"text-align: justify\">A projekt a Nemzetv\u00e9delem, nemzetbiztons\u00e1g alprogram kiberv\u00e9delem, inform\u00e1ci\u00f3biztons\u00e1g, \u201ebig-data\u201d kezel\u00e9s, \u00e9rt\u00e9kel\u00e9s, elemz\u00e9s, mesters\u00e9ges intelligencia ter\u00fclet\u00e9n eg\u00e9szs\u00e9g\u00fcgyi fejleszt\u00e9st val\u00f3s\u00edt meg. C\u00e9lja, hogy egy orsz\u00e1gos telemetri\u00e1s k\u00f6zpont l\u00e9trehoz\u00e1sa, amely d\u00f6nt\u00e9sel\u0151k\u00e9sz\u00edt\u0151 inform\u00e1ci\u00f3kkal \u00e9s fel\u00fcgyeleti funkci\u00f3kkal t\u00e1mogatja a pacemakerrel \u00e9s be\u00fcltetett defibrill\u00e1torral (CIED eszk\u00f6z\u00f6kkel) rendelkez\u0151 sz\u00edvel\u00e9gtelens\u00e9gben szenved\u0151 betegeket ell\u00e1t\u00f3 centrumok tev\u00e9kenys\u00e9g\u00e9t. A projekt c\u00e9lja, hogy olyan telemonitoring rendszert hozzon l\u00e9tre, amely mind orvosszakmai, mind informatikai szempontb\u00f3l magas sz\u00ednvonal\u00fa, biztons\u00e1gos \u00e9s k\u00e9pes ell\u00e1tni e betegek t\u00e1vmonitoroz\u00e1s\u00e1t, illetve mesters\u00e9ges intelligencia alkalmaz\u00e1s\u00e1val folyamatosan fejleszti az ell\u00e1t\u00e1si protokollt.<\/p>\n<p style=\"text-align: justify\">A projekt keret\u00e9ben a Semmelweis Egyetemhez integr\u00e1lt orsz\u00e1gos hat\u00f3k\u00f6r\u0171 Telemetri\u00e1s K\u00f6zpont j\u00f6n l\u00e9tre, amely k\u00e9pes fogadni \u00e9s feldolgozni a k\u00fcl\u00f6nb\u00f6z\u0151 gy\u00e1rt\u00f3k be\u00fcltetett pacemakereib\u0151l \u00e9s defibrill\u00e1toraib\u00f3l be\u00e9rkez\u0151 adatokat, illetve a klinikai rendszerekb\u0151l klinikai adatokat. A tervek szerint a projektben 800 betegeket k\u00f6vetnek folyamatosan \u00e9s az \u00e9rt\u00e9kelt adatok alapj\u00e1n a Telemetri\u00e1s K\u00f6zpont azonnali inform\u00e1ci\u00f3val l\u00e1tja el a beteg ell\u00e1t\u00e1s\u00e1ban r\u00e9sztvev\u0151 valamennyi szolg\u00e1ltat\u00f3t, els\u0151sorban a Pacemaker \u00e9s ICD centrumokat, de k\u00e9pes az alapell\u00e1t\u00e1s szerepl\u0151it is bekapcsolni a folyamatba. A h\u00e1ziorvosok, illetve a ter\u00fcleti pacemaker centrumok v\u00e9gzik el a sz\u00fcks\u00e9ges beavatkoz\u00e1sokat. Az integr\u00e1lt rendszer folyamatosan k\u00f6veti a diagnosztikai \u00e9s ter\u00e1pi\u00e1s indik\u00e1torokra vonatkoz\u00f3 standard ell\u00e1t\u00e1si folyamat teljes\u00fcl\u00e9s\u00e9t \u00e9s a a g\u00e9pi tanul\u00e1s m\u00f3dszer\u00e9t alkalmazva folyamatosan fejleszti a kiindul\u00e1si ell\u00e1t\u00e1si protokollt. A kor\u00e1bbi betegadatokat felhaszn\u00e1lva \u00e9rt\u00e9kelik a rendszer eredm\u00e9nyess\u00e9g\u00e9t, hogy mennyiben k\u00e9pes n\u00f6velni a t\u00fal\u00e9l\u00e9st, illetve cs\u00f6kkenteni az akut kering\u00e9si sz\u00f6v\u0151dm\u00e9nyek miatti k\u00f3rh\u00e1zi felv\u00e9teleket, illetve a j\u00e1r\u00f3beteg ell\u00e1t\u00e1s ig\u00e9nybev\u00e9tel\u00e9t.<\/p>\n<p style=\"text-align: justify\">A projekt eredm\u00e9nyek\u00e9nt egy, a magyarorsz\u00e1gi eg\u00e9szs\u00e9g\u00fcgyi rendszerben unik\u00e1lis, de nemzetk\u00f6zi szinten is kimagasl\u00f3 inform\u00e1ci\u00f3biztons\u00e1g\u00fa \u00e9s elemz\u00e9si kapacit\u00e1s\u00fa telemetri\u00e1n alapul\u00f3 beteggondoz\u00e1si rendszer j\u00f6n l\u00e9tre, amely v\u00e1rhat\u00f3an jelent\u0151sen jav\u00edtja a be\u00fcltetett eszk\u00f6z\u00f6kkel rendelkez\u0151 sz\u00edvel\u00e9gtelen betegek progn\u00f3zis\u00e1t.<\/p>\n<p><img loading=\"lazy\" decoding=\"async\" class=\"alignright\" src=\"https:\/\/semmelweis.hu\/kfipalyazat\/files\/2025\/07\/NKFIA_infoblokk_kerettel_program_fekvo_2019_HU.jpg\" width=\"550\" height=\"233\" \/><\/p>\n","protected":false},"excerpt":{"rendered":"<p>Pacemakerrel \u00e9s be\u00fcltetett defibrill\u00e1tor eszk\u00f6zzel rendelkez\u0151 betegek biztons\u00e1gos telemetri\u00e1s ut\u00e1nk\u00f6vet\u00e9se \u00e9s gondoz\u00e1sa T\u00e9mater\u00fcleti kutat\u00e1s vezet\u0151je: Prof. Dr. Merkely B\u00e9la P\u00e9ter T\u00e1mogat\u00e1si \u00f6sszeg: 653\u00a0762 000 HUF Projekt azonos\u00edt\u00f3ja: TKP2021-NVA-12 A projekt a Nemzetv\u00e9delem, nemzetbiztons\u00e1g alprogram kiberv\u00e9delem, inform\u00e1ci\u00f3biztons\u00e1g, \u201ebig-data\u201d kezel\u00e9s, \u00e9rt\u00e9kel\u00e9s, elemz\u00e9s, mesters\u00e9ges intelligencia ter\u00fclet\u00e9n eg\u00e9szs\u00e9g\u00fcgyi fejleszt\u00e9st val\u00f3s\u00edt meg. C\u00e9lja, hogy egy orsz\u00e1gos telemetri\u00e1s k\u00f6zpont l\u00e9trehoz\u00e1sa, amely &hellip;<\/p>\n","protected":false},"author":102410,"featured_media":0,"parent":165,"menu_order":8,"comment_status":"closed","ping_status":"closed","template":"","meta":{"_acf_changed":false,"footnotes":""},"categories":[],"tags":[],"class_list":["post-221","page","type-page","status-publish","hentry"],"acf":[],"_links":{"self":[{"href":"https:\/\/semmelweis.hu\/kfipalyazat\/wp-json\/wp\/v2\/pages\/221","targetHints":{"allow":["GET"]}}],"collection":[{"href":"https:\/\/semmelweis.hu\/kfipalyazat\/wp-json\/wp\/v2\/pages"}],"about":[{"href":"https:\/\/semmelweis.hu\/kfipalyazat\/wp-json\/wp\/v2\/types\/page"}],"author":[{"embeddable":true,"href":"https:\/\/semmelweis.hu\/kfipalyazat\/wp-json\/wp\/v2\/users\/102410"}],"replies":[{"embeddable":true,"href":"https:\/\/semmelweis.hu\/kfipalyazat\/wp-json\/wp\/v2\/comments?post=221"}],"version-history":[{"count":2,"href":"https:\/\/semmelweis.hu\/kfipalyazat\/wp-json\/wp\/v2\/pages\/221\/revisions"}],"predecessor-version":[{"id":621,"href":"https:\/\/semmelweis.hu\/kfipalyazat\/wp-json\/wp\/v2\/pages\/221\/revisions\/621"}],"up":[{"embeddable":true,"href":"https:\/\/semmelweis.hu\/kfipalyazat\/wp-json\/wp\/v2\/pages\/165"}],"wp:attachment":[{"href":"https:\/\/semmelweis.hu\/kfipalyazat\/wp-json\/wp\/v2\/media?parent=221"}],"wp:term":[{"taxonomy":"category","embeddable":true,"href":"https:\/\/semmelweis.hu\/kfipalyazat\/wp-json\/wp\/v2\/categories?post=221"},{"taxonomy":"post_tag","embeddable":true,"href":"https:\/\/semmelweis.hu\/kfipalyazat\/wp-json\/wp\/v2\/tags?post=221"}],"curies":[{"name":"wp","href":"https:\/\/api.w.org\/{rel}","templated":true}]}}