{"id":219,"date":"2025-07-03T11:44:52","date_gmt":"2025-07-03T09:44:52","guid":{"rendered":"https:\/\/semmelweis.hu\/kfipalyazat\/?page_id=219"},"modified":"2025-08-14T09:49:15","modified_gmt":"2025-08-14T07:49:15","slug":"tkp-2021-nemzeti-kutatasok-alprogram-interdiszciplinaris-oregedestudomanyi-kutatasok-a-semmelweis-egyetemen","status":"publish","type":"page","link":"https:\/\/semmelweis.hu\/kfipalyazat\/palyazatok\/hazai-palyazatok\/nkfih\/temateruleti-kivalosagi-program-2020-tkp2020\/temateruleti-kivalosagi-program-2021\/tkp-2021-nemzeti-kutatasok-alprogram-interdiszciplinaris-oregedestudomanyi-kutatasok-a-semmelweis-egyetemen\/","title":{"rendered":"TKP 2021 \u2013 Nemzeti kutat\u00e1sok alprogram \/ Interdiszciplin\u00e1ris \u00f6reged\u00e9studom\u00e1nyi kutat\u00e1sok a Semmelweis Egyetemen"},"content":{"rendered":"<p style=\"text-align: justify\">Interdiszciplin\u00e1ris \u00f6reged\u00e9studom\u00e1nyi kutat\u00e1sok a Semmelweis Egyetemen<\/p>\n<p style=\"text-align: justify\">T\u00e9mater\u00fcleti kutat\u00e1s vezet\u0151je: Dr. Tab\u00e1k Gyula \u00c1d\u00e1m<\/p>\n<p style=\"text-align: justify\">T\u00e1mogat\u00e1si \u00f6sszeg: 1 000 000 000 HUF<\/p>\n<p style=\"text-align: justify\">Projekt azonos\u00edt\u00f3ja: TKP2021-NKTA-47<\/p>\n<p style=\"text-align: justify\">A fentarthat\u00f3 fejl\u0151d\u00e9si c\u00e9lok teljes\u00fcl\u00e9s\u00e9nek alapvet\u0151 felt\u00e9tele a biztons\u00e1gos \u00e9s reziliens t\u00e1rsadalom megteremt\u00e9se. A biztons\u00e1gos t\u00e1rsadalom per definitionem reziliens egy\u00e9nek\/k\u00f6z\u00f6ss\u00e9gek \u00f6sszess\u00e9ge, mely k\u00e9pes megfelel\u0151en reag\u00e1lni a t\u00e1rsadalmat \u00e9r\u0151 sz\u00e9les k\u00f6r\u0171 k\u00f6rnyezeti, biol\u00f3giai\/eg\u00e9szs\u00e9g\u00fcgyi (pl. COVID-19 pand\u00e9mia), term\u00e9szeti, gazdas\u00e1gi \u00e9s szoci\u00e1lis kih\u00edv\u00e1sokra, sokkhat\u00e1sokra. Ennek a c\u00e9lnak az el\u00e9r\u00e9s\u00e9hez kulcsfontoss\u00e1g\u00fa a t\u00e1rsadalmi ellen\u00e1ll\u00f3k\u00e9pess\u00e9g fokoz\u00e1sa, mely az egy\u00e9nek \u00e9s k\u00f6z\u00f6ss\u00e9gek rezilienci\u00e1j\u00e1nak fejleszt\u00e9s\u00e9n kereszt\u00fcl val\u00f3s\u00edthat\u00f3 meg.\u00a0<\/p>\n<p style=\"text-align: justify\">\u00a0\u00a0\u00a0\u00a0\u00a0\u00a0\u00a0\u00a0\u00a0\u00a0\u00a0 A magyar t\u00e1rsadalom rohamosan \u00f6regszik, a 65 \u00e9ven fel\u00fcliek ar\u00e1nya az \u00e9vsz\u00e1zad k\u00f6zep\u00e9re el fogja \u00e9rni a 30%-ot. A magyar n\u00e9pess\u00e9g jellemz\u0151en \u2018sikertelen\u00fcl\u2019 \u00f6regszik, melyet t\u00fckr\u00f6z az eg\u00e9szs\u00e9gben elt\u00f6lt\u00f6tt \u00e9let\u00e9vek (m\u00e9g a v\u00e1rhat\u00f3 \u00e9lettartamhoz k\u00e9pest is) alacsony volta. Az magyar t\u00e1rsadalom sikertelen \u00f6reged\u00e9se az orsz\u00e1g els\u0151 sz\u00e1m\u00fa t\u00e1rsadalmi \u00e9s gazdas\u00e1gi kih\u00edv\u00e1sa \u00e9s a t\u00e1rsadalmi reziliencia meggyeng\u00fcl\u00e9s\u00e9nek vezet\u0151 oka (l. a COVID-19 pand\u00e9mia t\u00e1rsadalmi-gazdas\u00e1gi hat\u00e1sainak \u00f6sszef\u00fcgg\u00e9s\u00e9t az id\u0151skor\u00faak fokozott morbidit\u00e1s\u00e1val \u00e9s mortalit\u00e1s\u00e1val), mely alapjaiban vesz\u00e9lyezteti a j\u00f6v\u0151 biztons\u00e1gos t\u00e1rsadalm\u00e1nak megteremt\u00e9s\u00e9t. Az orsz\u00e1g id\u0151skor\u00fa polg\u00e1rai a \u2018sikertelen\u2019 \u00f6reged\u00e9s\u00fck folyt\u00e1n fokozott kock\u00e1zat\u00faak az id\u0151s korral kapcsolatos pszichol\u00f3giai, szoci\u00e1lis, gazdas\u00e1gi \u00e9s orvosbiol\u00f3giai probl\u00e9m\u00e1kra, ami a biztons\u00e1gos t\u00e1rsadalom megteremt\u00e9s\u00e9nek \u00e9s a gazdass\u00e1gi n\u00f6veked\u00e9s fenntarthat\u00f3s\u00e1g\u00e1nak egy kiemelked\u0151en s\u00falyos akad\u00e1lya. A sikertelen\u00fcl \u00f6reged\u0151 , de m\u00e9g munkak\u00e9pes, illetve nyugd\u00edjas kor\u00fa n\u00e9pess\u00e9g gazdas\u00e1gi inaktivit\u00e1sa s\u00falyos nemzetgazdas\u00e1gi kih\u00edv\u00e1s.<\/p>\n<p style=\"text-align: justify\">\u00a0\u00a0\u00a0\u00a0\u00a0\u00a0\u00a0\u00a0\u00a0\u00a0\u00a0 A javasolt interdiszciplin\u00e1ris kutat\u00e1sok a Semmelweis Egyetem \u00e9s a korm\u00e1nyzat egy\u00fcttm\u0171k\u00f6d\u00e9s\u00e9nek keret\u00e9ben kidolgozand\u00f3, a korm\u00e1nyzat id\u0151s\u00fcgyi politik\u00e1j\u00e1nak strat\u00e9giai b\u00e1zisak\u00e9nt szolg\u00e1l\u00f3 \u00e1tfog\u00f3 Nemzeti \u201eSikeres \u00d6reged\u00e9s\u00e9rt\u201d Program kidolgoz\u00e1s\u00e1hoz k\u00edv\u00e1nj\u00e1k a szakmai alapokat biztos\u00edtani.<\/p>\n<p style=\"text-align: justify\">\u00a0\u00a0\u00a0\u00a0\u00a0\u00a0\u00a0\u00a0\u00a0\u00a0\u00a0 A jelen p\u00e1ly\u00e1zat c\u00e9lja, hogy a fent v\u00e1zolt strat\u00e9giai c\u00e9l el\u00e9r\u00e9s\u00e9hez a szakmai alapokat kialak\u00edtsa \u00e9s ehhez kapcsol\u00f3d\u00f3an innovat\u00edv interdiszciplin\u00e1ris \u201ccutting-edge\u201d kutat\u00e1sokat ind\u00edtson el. A javasolt kutat\u00e1sok vizsg\u00e1lj\u00e1k a magyar lakoss\u00e1g sikertelen \u00f6reged\u00e9s\u00e9nek okait \u00e9s a felt\u00e1rt probl\u00e9m\u00e1k kezel\u00e9s\u00e9re j\u00f3 gyakorlatok azonos\u00edt\u00e1s\u00e1t \u00e9s kifejleszt\u00e9s\u00e9t c\u00e9lozz\u00e1k. A kutat\u00e1sok c\u00e9lkeresztj\u00e9ben a Semmelweis Egyetem saj\u00e1t id\u0151s\u00f6d\u0151 dolgoz\u00f3i \u00e1llnak, mint a magyar, m\u00e9g akt\u00edv, id\u0151s\u00f6d\u0151 n\u00e9pess\u00e9g munkahelyi modell-kohorsza . A sikertelen \u00f6reged\u00e9s okainak vizsg\u00e1lat\u00e1ra a SE munkav\u00e1llal\u00f3inak (&gt;9000 f\u0151) r\u00e9szv\u00e9tel\u00e9vel prospekt\u00edv kohorsz vizsg\u00e1latot szervez\u00fcnk (\u201eSemmelweis Study\u201d).\u00a0\u00a0\u00a0\u00a0 A vizsg\u00e1lat hossz\u00fat\u00e1v\u00fa c\u00e9lkit\u0171z\u00e9se a (1) k\u00f6rnyezeti (\u00e9p\u00edtett k\u00f6rnyezet, munkahely, id\u0151j\u00e1r\u00e1s, l\u00e9gszennyezetts\u00e9g), (2) szocioekonomikus (pl.: j\u00f6vedelem, v\u00e9gzetts\u00e9g), (3) pszichol\u00f3giai (pl. stressz, depressz\u00edv t\u00fcnetek) \u00e9s (4) \u00e9letm\u00f3di faktorok hat\u00e1s\u00e1nak vizsg\u00e1lata az egy\u00e9n \u00e9s ez\u00e1ktal a t\u00e1rsadalom rezilienci\u00e1j\u00e1t meghat\u00e1roz\u00f3 t\u00e9nyez\u0151kre, a biol\u00f3giai \u00f6reged\u00e9sre, a kardiometabolikus, k\u00f6zponti idenregndszert \u00e9rint\u0151 \u00e9s daganatos betegs\u00e9gek, az esend\u0151s\u00e9g kialakul\u00e1s\u00e1ra, \u00e9s az oki hal\u00e1loz\u00e1sra.<\/p>\n<p style=\"text-align: justify\">\u00a0\u00a0\u00a0\u00a0\u00a0\u00a0\u00a0\u00a0\u00a0\u00a0\u00a0 Jelen p\u00e1ly\u00e1zat keret\u00e9ben a magyar lakoss\u00e1g sikertelen \u00f6reged\u00e9s\u00e9nek beazonos\u00edtott rizik\u00f3faktorai alapj\u00e1n a sikeres \u00f6reged\u00e9s el\u0151mozd\u00edt\u00e1s\u00e1ra \u00e9s a reziliencia fejleszt\u00e9s\u00e9re c\u00e9lzott intervenci\u00f3kat fogunk kidolgozni a f\u0151bb \u00e9letm\u00f3dbeli rizik\u00f3\u00e1llapotok ment\u00e9n. A kidolgozott intervenci\u00f3knak a hat\u00e1s\u00e1t illesztett tudom\u00e1nyos eszk\u00f6z\u00f6kkel fogjuk m\u00e9rni \u00e9s az intervenci\u00f3k k\u00f6lts\u00e9ghat\u00e9konys\u00e1g\u00e1t is meg fogjuk hat\u00e1rozni.<\/p>\n<p style=\"text-align: justify\">\u00a0\u00a0\u00a0\u00a0\u00a0\u00a0\u00a0\u00a0\u00a0\u00a0\u00a0 V\u00e1rhat\u00f3 eredm\u00e9nyek: A project kutat\u00e1si eredm\u00e9nyei d\u00f6nt\u0151 m\u00e9rt\u00e9kben hozz\u00e1 fognak j\u00e1rulni az evidenci\u00e1kon alapul\u00f3 reziliencia-\u00e9s eg\u00e9szs\u00e9gfejleszt\u00e9si programok kidolgoz\u00e1s\u00e1hoz, seg\u00edtve azon c\u00e9l el\u00e9r\u00e9s\u00e9t, hogy az orsz\u00e1g lakoss\u00e1ga hosszabb \u00e9s \u00e9s id\u0151s korban is eg\u00e9szs\u00e9ges \u00e9letet \u00e9lhessen. A program interdisziplin\u00e1ris \u00e9s transzl\u00e1ci\u00f3s jellege garant\u00e1lja, hogy sikeresen val\u00f3s\u00edtja meg bizony\u00edt\u00e9kokon alapul\u00f3, a sikeres \u00f6reged\u00e9st el\u0151seg\u00edt\u0151, a n\u00e9pbetegs\u00e9gek el\u0151fordul\u00e1si \u00e9s hal\u00e1loz\u00e1si gyakoris\u00e1g\u00e1nak cs\u00f6kkent\u00e9s\u00e9re \u00e9s a t\u00e1rsadalmi reziliencia n\u00f6vel\u00e9s\u00e9re alkalmas innovat\u00edv intervenci\u00f3k kidolgoz\u00e1s\u00e1t \u00e9s azok t\u00e1rsadalmias\u00edt\u00e1s\u00e1nak m\u00f3dszertani t\u00e1mogat\u00e1s\u00e1t. A program eredm\u00e9nyei hozz\u00e1j\u00e1rulnak egy innovat\u00edv munkahelyi rezilienciafejleszt\u00e9si program kommercializ\u00e1l\u00e1s\u00e1hoz \u00e9s seg\u00edteni fogj\u00e1k a hazai longevity biotechnol\u00f3giai ipar\u00e1g fejl\u0151d\u00e9s\u00e9t.<\/p>\n<p><img loading=\"lazy\" decoding=\"async\" class=\"alignright\" src=\"https:\/\/semmelweis.hu\/kfipalyazat\/files\/2025\/07\/NKFIA_infoblokk_kerettel_program_fekvo_2019_HU.jpg\" width=\"550\" height=\"233\" \/><\/p>\n","protected":false},"excerpt":{"rendered":"<p>Interdiszciplin\u00e1ris \u00f6reged\u00e9studom\u00e1nyi kutat\u00e1sok a Semmelweis Egyetemen T\u00e9mater\u00fcleti kutat\u00e1s vezet\u0151je: Dr. Tab\u00e1k Gyula \u00c1d\u00e1m T\u00e1mogat\u00e1si \u00f6sszeg: 1 000 000 000 HUF Projekt azonos\u00edt\u00f3ja: TKP2021-NKTA-47 A fentarthat\u00f3 fejl\u0151d\u00e9si c\u00e9lok teljes\u00fcl\u00e9s\u00e9nek alapvet\u0151 felt\u00e9tele a biztons\u00e1gos \u00e9s reziliens t\u00e1rsadalom megteremt\u00e9se. A biztons\u00e1gos t\u00e1rsadalom per definitionem reziliens egy\u00e9nek\/k\u00f6z\u00f6ss\u00e9gek \u00f6sszess\u00e9ge, mely k\u00e9pes megfelel\u0151en reag\u00e1lni a t\u00e1rsadalmat \u00e9r\u0151 sz\u00e9les k\u00f6r\u0171 k\u00f6rnyezeti, biol\u00f3giai\/eg\u00e9szs\u00e9g\u00fcgyi &hellip;<\/p>\n","protected":false},"author":102410,"featured_media":0,"parent":165,"menu_order":7,"comment_status":"closed","ping_status":"closed","template":"","meta":{"_acf_changed":false,"footnotes":""},"categories":[],"tags":[],"class_list":["post-219","page","type-page","status-publish","hentry"],"acf":[],"_links":{"self":[{"href":"https:\/\/semmelweis.hu\/kfipalyazat\/wp-json\/wp\/v2\/pages\/219","targetHints":{"allow":["GET"]}}],"collection":[{"href":"https:\/\/semmelweis.hu\/kfipalyazat\/wp-json\/wp\/v2\/pages"}],"about":[{"href":"https:\/\/semmelweis.hu\/kfipalyazat\/wp-json\/wp\/v2\/types\/page"}],"author":[{"embeddable":true,"href":"https:\/\/semmelweis.hu\/kfipalyazat\/wp-json\/wp\/v2\/users\/102410"}],"replies":[{"embeddable":true,"href":"https:\/\/semmelweis.hu\/kfipalyazat\/wp-json\/wp\/v2\/comments?post=219"}],"version-history":[{"count":2,"href":"https:\/\/semmelweis.hu\/kfipalyazat\/wp-json\/wp\/v2\/pages\/219\/revisions"}],"predecessor-version":[{"id":620,"href":"https:\/\/semmelweis.hu\/kfipalyazat\/wp-json\/wp\/v2\/pages\/219\/revisions\/620"}],"up":[{"embeddable":true,"href":"https:\/\/semmelweis.hu\/kfipalyazat\/wp-json\/wp\/v2\/pages\/165"}],"wp:attachment":[{"href":"https:\/\/semmelweis.hu\/kfipalyazat\/wp-json\/wp\/v2\/media?parent=219"}],"wp:term":[{"taxonomy":"category","embeddable":true,"href":"https:\/\/semmelweis.hu\/kfipalyazat\/wp-json\/wp\/v2\/categories?post=219"},{"taxonomy":"post_tag","embeddable":true,"href":"https:\/\/semmelweis.hu\/kfipalyazat\/wp-json\/wp\/v2\/tags?post=219"}],"curies":[{"name":"wp","href":"https:\/\/api.w.org\/{rel}","templated":true}]}}